{"id":2,"date":"2009-07-06T19:40:07","date_gmt":"2009-07-06T17:40:07","guid":{"rendered":"http:\/\/www.turismoudima.com\/?page_id=2"},"modified":"2026-04-29T06:18:40","modified_gmt":"2026-04-29T06:18:40","slug":"acerca-de-udima","status":"publish","type":"page","link":"https:\/\/blogs.udima.es\/turismo\/acerca-de-udima\/","title":{"rendered":"Acerca de UDIMA"},"content":{"rendered":"<p>\u00a1Hola! Bienvenido al Blog de Turismo de la <a title=\"Udima\" href=\"http:\/\/www.udima.es\" target=\"_blank\">Universidad a Distancia de Madrid<\/a> (UDIMA)<\/p>\n<p>Somos una Universidad flexible y cercana a pesar de ser una Universidad a distancia. Y es que gracias a las nuevas tecnolog\u00edas con nosotros puedes compaginar tu vida laboral y personal con el estudio de <a href=\"https:\/\/www.udima.es\/grados\" target=\"_blank\">Grados<\/a> oficiales superiores adaptados al Espacio Europeo de Educaci\u00f3n Superior, <a href=\"https:\/\/www.udima.es\/masteres\" target=\"_blank\">M\u00e1sters Oficiales<\/a> y <a href=\"https:\/\/www.udima.es\/titulos-propios\" target=\"_blank\">T\u00edtulos Propios<\/a>. En la Universidad a Distancia de Madrid (UDIMA) contar\u00e1s siempre con <a href=\"https:\/\/www.udima.es\/claustro\" target=\"_blank\">profesores<\/a> que te ayudar\u00e1n en el estudio y estar\u00e1n siempre a tu lado para resolver tus dudas. Si, esto es posible, la universidad entra en tu casa porque t\u00fa no vas a la universidad, la universidad viene a ti.<\/p>\n<p><a href=\"https:\/\/www.udima.es\/grado-turismo-empresas-turisticas\" target=\"_blank\" rel=\"noopener\">M\u00e1s informaci\u00f3n<\/a> sobre el Grado en Turismo y Empresas Tur\u00edsticas.<\/p>\n","protected":false},"excerpt":{"rendered":"<p>\u00a1Hola! Bienvenido al Blog de Turismo de la Universidad a Distancia de Madrid (UDIMA) Somos una Universidad flexible y cercana a pesar de ser una Universidad a distancia. Y es que gracias a las nuevas tecnolog\u00edas con nosotros puedes compaginar tu vida laboral y personal con el estudio de Grados oficiales superiores adaptados al Espacio&#8230;<\/p>\n","protected":false},"author":2,"featured_media":0,"parent":0,"menu_order":0,"comment_status":"closed","ping_status":"closed","template":"","meta":{"_kad_post_transparent":"","_kad_post_title":"","_kad_post_layout":"","_kad_post_sidebar_id":"","_kad_post_content_style":"","_kad_post_vertical_padding":"","_kad_post_feature":"","_kad_post_feature_position":"","_kad_post_header":false,"_kad_post_footer":false,"_kad_post_classname":"","footnotes":""},"class_list":["post-2","page","type-page","status-publish","hentry"],"_links":{"self":[{"href":"https:\/\/blogs.udima.es\/turismo\/wp-json\/wp\/v2\/pages\/2","targetHints":{"allow":["GET"]}}],"collection":[{"href":"https:\/\/blogs.udima.es\/turismo\/wp-json\/wp\/v2\/pages"}],"about":[{"href":"https:\/\/blogs.udima.es\/turismo\/wp-json\/wp\/v2\/types\/page"}],"author":[{"embeddable":true,"href":"https:\/\/blogs.udima.es\/turismo\/wp-json\/wp\/v2\/users\/2"}],"replies":[{"embeddable":true,"href":"https:\/\/blogs.udima.es\/turismo\/wp-json\/wp\/v2\/comments?post=2"}],"version-history":[{"count":3,"href":"https:\/\/blogs.udima.es\/turismo\/wp-json\/wp\/v2\/pages\/2\/revisions"}],"predecessor-version":[{"id":2639,"href":"https:\/\/blogs.udima.es\/turismo\/wp-json\/wp\/v2\/pages\/2\/revisions\/2639"}],"wp:attachment":[{"href":"https:\/\/blogs.udima.es\/turismo\/wp-json\/wp\/v2\/media?parent=2"}],"curies":[{"name":"wp","href":"https:\/\/api.w.org\/{rel}","templated":true}]}}