{"id":98,"date":"2008-03-11T11:31:12","date_gmt":"2008-03-11T05:31:12","guid":{"rendered":"http:\/\/psicologiaudima.com\/?page_id=98"},"modified":"2008-03-11T11:31:12","modified_gmt":"2008-03-11T05:31:12","slug":"about","status":"publish","type":"page","link":"https:\/\/blogs.udima.es\/psicologia\/about\/","title":{"rendered":"Acerca de UDIMA"},"content":{"rendered":"<p>\u00a1Hola! Bienvenido al Blog de Psicolog\u00eda de la <a href=\"http:\/\/www.udima.es\" target=\"_blank\">Universidad a Distancia de Madrid<\/a> (UDIMA)<\/p>\n<p>Somos una Universidad flexible y cercana a pesar de ser una Universidad a distancia. Y es que gracias a las nuevas tecnolog\u00edas con nosotros puedes compaginar tu vida laboral y personal con el estudio de <a href=\"http:\/\/www.udima.es\/es\/informacion-general.html\" target=\"_blank\">Grados <\/a> oficiales superiores adaptados al Espacio Europeo de Educaci\u00f3n Superior, <a href=\"http:\/\/www.udima.es\/es\/informacion-general-master.html\" target=\"_blank\">M\u00e1sters<\/a> Oficiales y\u00a0<a href=\"http:\/\/www.udima.es\/es\/informacion-titulos-propios.html\" target=\"_blank\">T\u00edtulos<\/a> Propios. En la Universidad a Distancia de Madrid (UDIMA) contar\u00e1s siempre con <a href=\"http:\/\/www.udima.es\/es\/claustro.html\" target=\"_blank\">profesores<\/a> que te ayudar\u00e1n en el estudio y estar\u00e1n siempre a tu lado para resolver tus dudas. S\u00ed, esto es posible, la universidad entra en tu casa porque t\u00fa no vas a la universidad, la universidad viene a ti.<\/p>\n<p><a href=\"http:\/\/www.udima.es\/es\/grado-psicologia.html\" target=\"_blank\">M\u00e1s informaci\u00f3n<\/a> sobre el Grado en Psicolog\u00eda.<\/p>\n","protected":false},"excerpt":{"rendered":"<p>\u00a1Hola! Bienvenido al Blog de Psicolog\u00eda de la Universidad a Distancia de Madrid (UDIMA) Somos una Universidad flexible y cercana a pesar de ser una Universidad a distancia. Y es que gracias a las nuevas tecnolog\u00edas con nosotros puedes compaginar tu vida laboral y personal con el estudio de Grados oficiales superiores adaptados al Espacio [&hellip;]<\/p>\n","protected":false},"author":2,"featured_media":0,"parent":0,"menu_order":0,"comment_status":"open","ping_status":"open","template":"","meta":{"footnotes":""},"_links":{"self":[{"href":"https:\/\/blogs.udima.es\/psicologia\/wp-json\/wp\/v2\/pages\/98"}],"collection":[{"href":"https:\/\/blogs.udima.es\/psicologia\/wp-json\/wp\/v2\/pages"}],"about":[{"href":"https:\/\/blogs.udima.es\/psicologia\/wp-json\/wp\/v2\/types\/page"}],"author":[{"embeddable":true,"href":"https:\/\/blogs.udima.es\/psicologia\/wp-json\/wp\/v2\/users\/2"}],"replies":[{"embeddable":true,"href":"https:\/\/blogs.udima.es\/psicologia\/wp-json\/wp\/v2\/comments?post=98"}],"version-history":[{"count":0,"href":"https:\/\/blogs.udima.es\/psicologia\/wp-json\/wp\/v2\/pages\/98\/revisions"}],"wp:attachment":[{"href":"https:\/\/blogs.udima.es\/psicologia\/wp-json\/wp\/v2\/media?parent=98"}],"curies":[{"name":"wp","href":"https:\/\/api.w.org\/{rel}","templated":true}]}}