{"id":1466,"date":"2019-10-18T12:56:10","date_gmt":"2019-10-18T12:56:10","guid":{"rendered":"https:\/\/blogs.udima.es\/psicologia\/?page_id=1466"},"modified":"2019-10-18T12:56:10","modified_gmt":"2019-10-18T12:56:10","slug":"abogacia-importancia-psicologia-carrera-abogado","status":"publish","type":"page","link":"https:\/\/blogs.udima.es\/psicologia\/abogacia-importancia-psicologia-carrera-abogado\/","title":{"rendered":"Abogac\u00eda: la importancia de la psicolog\u00eda en la carrera del abogado"},"content":{"rendered":"<p><img loading=\"lazy\" decoding=\"async\" class=\"size-large wp-image-2046 aligncenter\" src=\"https:\/\/blogs.udima.es\/psicologia\/wp-content\/uploads\/2019\/10\/justitia-300x225.jpg\" alt=\"Imagen de la estatua de la Justicia\" width=\"1024\" height=\"682\" \/><\/p>\n<h2>\u00bfQu\u00e9 conocimientos necesita tener un abogado sobre Psicolog\u00eda?<\/h2>\n<p>Para poder ejercer la <strong>abogac\u00eda<\/strong> con excelencia, es necesario ir m\u00e1s all\u00e1 de los conocimientos de las leyes y que apliques otro tipo de habilidades te\u00f3ricas y pr\u00e1cticas que no se adquieren en la universidad, sino con la experiencia en el desarrollo de la profesi\u00f3n.<\/p>\n<h2>Habilidades clave para un buen ejercicio de la abogac\u00eda<\/h2>\n<p>Un buen <strong>abogado<\/strong> es el que no solo es capaz de interpretar las leyes y comprender su funcionamiento, sino que puede ir un paso m\u00e1s all\u00e1, y sabe adaptar esos conocimientos a las circunstancias. Gracias a sus habilidades consigue una relaci\u00f3n de confianza s\u00f3lida con su cliente que le permitir\u00e1 entender el caso en su totalidad. A continuaci\u00f3n, destacamos\u00a0las habilidades que te ayudan a marcar la diferencia:<\/p>\n<ul>\n<li><strong>Conocimientos t\u00e9cnicos.<\/strong> Son la base que te permite una relaci\u00f3n con el cliente seria y rigurosa fundamentada en el conocimiento. Para manejar a la perfecci\u00f3n los conocimientos t\u00e9cnicos, debes basarte exclusivamente en conocer bien las leyes, sino en saber desenvolverte utilizando todos los recursos. Conocer c\u00f3mo consultar la bibliograf\u00eda, las bases de datos y la jurisprudencia es fundamental para desarrollar las tareas con \u00e9xito.<\/li>\n<li><strong>Aptitudes comerciales.<\/strong> Este tipo de herramientas son imprescindibles para que sepas diferenciarte de la competencia y captar clientes.<\/li>\n<li><strong>Capacidad de trabajo en equipo.<\/strong> Nos gusta destacar esta habilidad, puesto que, en la mayor\u00eda de casos, es necesaria la colaboraci\u00f3n de otros profesionales como procuradores, peritos, m\u00e9dicos, detectives, etc. para resolver con \u00e9xito el caso. Saber coordinar a todas las partes implicadas y orquestar con maestr\u00eda su participaci\u00f3n en el proceso es una habilidad determinante para tu \u00e9xito.<\/li>\n<li><strong>Empat\u00eda y comunicaci\u00f3n.<\/strong> Estas dos habilidades son fundamentales tanto para comunicarte con los clientes como para hacerlo con un jurado o con las otras partes. Con respecto al cliente, te ayudar\u00e1 a entablar una relaci\u00f3n s\u00f3lida y, adem\u00e1s, te permitir\u00e1 tener una mejor comprensi\u00f3n de todas las partes implicadas en el resto del proceso.<\/li>\n<li><strong>Negociaci\u00f3n.<\/strong> No en todos los casos las circunstancias iniciales ayudan a ganar un juicio. Un buen abogado es el que sabe encontrar la mejor soluci\u00f3n a un problema, resuelve conflictos y es capaz de encontrar la v\u00eda adecuada para conseguir a su cliente el mejor acuerdo posible.<\/li>\n<\/ul>\n<h2>\u00bfPara qu\u00e9 le sirve la psicolog\u00eda a un abogado?<\/h2>\n<p>Para poder desarrollar todas las habilidades que hemos citado anteriormente, la psicolog\u00eda es la respuesta. Bien con a\u00f1os de experiencia o bien con un <strong>m\u00e1ster en abogac\u00eda,<\/strong> la psicolog\u00eda interviene en el mundo jur\u00eddico:<\/p>\n<p><strong>La psicolog\u00eda estudia la conducta humana y la mayor\u00eda de las leyes se crean en base a las especificidades del comportamiento.<\/strong><\/p>\n<p><strong>El uso de la psicolog\u00eda es fundamental para entender los fundamentos de la organizaci\u00f3n social y la resoluci\u00f3n de conflictos.<\/strong><\/p>\n<p><strong>Aplicar la psicolog\u00eda es fundamental para evaluar el grado de funcionalidad de una ley.<\/strong><\/p>\n<p>M\u00e1s all\u00e1 de la aplicaci\u00f3n del estudio del comportamiento en la creaci\u00f3n de leyes que regulan la conducta humana, la psicolog\u00eda, como ciencia social, tiene una aplicaci\u00f3n muy \u00fatil de cara a <strong>crear conexiones y v\u00ednculos,<\/strong> as\u00ed como para saber gestionar y reconducir emociones.<\/p>\n<h2>Las funciones de un abogado<\/h2>\n<p>Si entendemos el abogado como un enlace entre su representado y la justicia, vemos claramente c\u00f3mo su responsabilidad va m\u00e1s all\u00e1 de crear una estrategia legal y ser la voz de su cliente. Desde el punto de vista de la psicolog\u00eda, el abogado puede <strong>influir tanto en la percepci\u00f3n de su cliente como en el propio sistema judicial.<\/strong><\/p>\n<p>Esta labor de conector no termina con el juicio, sino que puede<strong> ayudar a su representado<\/strong> a sentirse aliviado pese a haber sufrido una derrota o a no sentirse satisfecho pese a haber obtenido una victoria.<\/p>\n<p>Otro aspecto en los que la psicolog\u00eda es necesaria en el mundo legal es cuando nos encontramos ante <strong>informaci\u00f3n delicada,<\/strong> ya que es fundamental tener una buena base para saber gestionarla y respetarla. Situaciones dram\u00e1ticas, dif\u00edciles e incluso c\u00f3micas pueden suponer informaci\u00f3n de alta sensibilidad que requieran un esfuerzo adicional para no reaccionar de manera emocional.<\/p>\n<h2>Las habilidades que se aprenden en un m\u00e1ster de abogac\u00eda<\/h2>\n<p>Contar con una formaci\u00f3n espec\u00edfica de un <a href=\"https:\/\/www.cef.es\/es\/masters\/master-profesional-en-practica-de-abogacia.html\" target=\"_blank\" rel=\"noopener\"><strong>m\u00e1ster en abogac\u00eda<\/strong><\/a> que te permita conocer y desarrollar algunas de las herramientas de la psicolog\u00eda como la gesti\u00f3n personal, la persuasi\u00f3n, la escucha activa, etc. te servir\u00e1 de <strong>gran ayuda para superar los posibles retos profesionales<\/strong> a los que te enfrentes como abogado. Estas habilidades ser\u00e1n recursos muy valiosos para exponer un buen alegato, plantear un interrogatorio eficaz, conseguir una buena relaci\u00f3n y comunicaci\u00f3n con el cliente o llevar las riendas de la negociaci\u00f3n con soluciones que defiendan de la manera m\u00e1s eficaz los intereses de tu cliente.<\/p>\n<p>En el <strong>\u00e1mbito personal,<\/strong> conocer ciertas t\u00e9cnicas te ayudar\u00e1n a crear distancia de los casos con los que est\u00e9s trabajando y te permitir\u00e1 mejorar la conciliaci\u00f3n. Podr\u00e1s establecer prioridades y tendr\u00e1s las herramientas adecuadas para gestionar emocionalmente \u00e9xitos y fracasos.<\/p>\n<p>En consecuencia, aplicar a la <strong>abogac\u00eda<\/strong> ciertos conocimientos psicol\u00f3gicos te ayudar\u00e1 a desempe\u00f1ar tu profesi\u00f3n en los par\u00e1metros correctos, ofreci\u00e9ndote herramientas valiosas no solo para el desempe\u00f1o de tus labores estrictamente profesionales, sino tambi\u00e9n enriqueciendo tu vida personal.<\/p>\n","protected":false},"excerpt":{"rendered":"<p>\u00bfQu\u00e9 conocimientos necesita tener un abogado sobre Psicolog\u00eda? Para poder ejercer la abogac\u00eda con excelencia, es necesario ir m\u00e1s all\u00e1 de los conocimientos de las leyes y que apliques otro tipo de habilidades te\u00f3ricas y pr\u00e1cticas que no se adquieren en la universidad, sino con la experiencia en el desarrollo de la profesi\u00f3n. Habilidades clave [&hellip;]<\/p>\n","protected":false},"author":25,"featured_media":1471,"parent":0,"menu_order":0,"comment_status":"closed","ping_status":"closed","template":"","meta":{"footnotes":""},"_links":{"self":[{"href":"https:\/\/blogs.udima.es\/psicologia\/wp-json\/wp\/v2\/pages\/1466"}],"collection":[{"href":"https:\/\/blogs.udima.es\/psicologia\/wp-json\/wp\/v2\/pages"}],"about":[{"href":"https:\/\/blogs.udima.es\/psicologia\/wp-json\/wp\/v2\/types\/page"}],"author":[{"embeddable":true,"href":"https:\/\/blogs.udima.es\/psicologia\/wp-json\/wp\/v2\/users\/25"}],"replies":[{"embeddable":true,"href":"https:\/\/blogs.udima.es\/psicologia\/wp-json\/wp\/v2\/comments?post=1466"}],"version-history":[{"count":9,"href":"https:\/\/blogs.udima.es\/psicologia\/wp-json\/wp\/v2\/pages\/1466\/revisions"}],"predecessor-version":[{"id":1477,"href":"https:\/\/blogs.udima.es\/psicologia\/wp-json\/wp\/v2\/pages\/1466\/revisions\/1477"}],"wp:featuredmedia":[{"embeddable":true,"href":"https:\/\/blogs.udima.es\/psicologia\/wp-json\/wp\/v2\/media\/1471"}],"wp:attachment":[{"href":"https:\/\/blogs.udima.es\/psicologia\/wp-json\/wp\/v2\/media?parent=1466"}],"curies":[{"name":"wp","href":"https:\/\/api.w.org\/{rel}","templated":true}]}}