{"id":1111,"date":"2016-11-21T12:57:06","date_gmt":"2016-11-21T12:57:06","guid":{"rendered":"http:\/\/blogs.udima.es\/psicologia\/?page_id=1111"},"modified":"2016-11-23T11:54:22","modified_gmt":"2016-11-23T11:54:22","slug":"tests-clasificacion-archivado-html","status":"publish","type":"page","link":"https:\/\/blogs.udima.es\/psicologia\/tests-clasificacion-archivado-html\/","title":{"rendered":"Pruebas Psicot\u00e9cnicas \u2013 Cap\u00edtulo 2. Aptitudes \u2013 Clasificaci\u00f3n-Archivado (CA)"},"content":{"rendered":"<p>Los tests de clasificaci\u00f3n-archivado forman parte de las pruebas de aptitud administrativa. Concretamente, eval\u00faan la capacidad para realizar clasificaciones y para archivar datos con correcci\u00f3n y rapidez.<\/p>\n<p>El trabajo del lector consiste en clasificar o en archivar cierto n\u00famero de datos en las condiciones que cada test plantea.<\/p>\n<p>A t\u00edtulo de ejemplo, puede descargar gratuitamente y despues de suscribirse en nuestro bolet\u00edn mensual un fichero con 10 tests gratuitos entre los que se incluye un ejemplo de estos tipos de tests:<\/p>\n<p align=\"center\"><a href=\"http:\/\/tienda.cef.udima.es\/libros\/PRUEBAS-PSICOTECNICAS.html\" target=\"_blank\">Comprar libro Pruebas Psicot\u00e9cnicas<\/a><\/p>\n<p style=\"text-align: right;\">&raquo; <a href=\"https:\/\/blogs.udima.es\/psicologia\/tests-personalidad-html\">Pruebas Psicot\u00e9cnicas \u2013 Cap\u00edtulo 3. Personalidad<\/a><\/p>\n<p style=\"text-align: left;\"><a href=\"https:\/\/blogs.udima.es\/psicologia\/tests-aptitudes-administrativas-html\/\">Pruebas Psicot\u00e9cnicas \u2013 Cap\u00edtulo 2. Aptitudes &#8211; Aptitudes Administrativas (APAD)<\/a> &laquo;<\/p>\n","protected":false},"excerpt":{"rendered":"<p>Los tests de clasificaci\u00f3n-archivado forman parte de las pruebas de aptitud administrativa. Concretamente, eval\u00faan la capacidad para realizar clasificaciones y para archivar datos con correcci\u00f3n y rapidez. El trabajo del lector consiste en clasificar o en archivar cierto n\u00famero de datos en las condiciones que cada test plantea. A t\u00edtulo de ejemplo, puede descargar gratuitamente [&hellip;]<\/p>\n","protected":false},"author":25,"featured_media":0,"parent":0,"menu_order":0,"comment_status":"closed","ping_status":"open","template":"","meta":{"footnotes":""},"_links":{"self":[{"href":"https:\/\/blogs.udima.es\/psicologia\/wp-json\/wp\/v2\/pages\/1111"}],"collection":[{"href":"https:\/\/blogs.udima.es\/psicologia\/wp-json\/wp\/v2\/pages"}],"about":[{"href":"https:\/\/blogs.udima.es\/psicologia\/wp-json\/wp\/v2\/types\/page"}],"author":[{"embeddable":true,"href":"https:\/\/blogs.udima.es\/psicologia\/wp-json\/wp\/v2\/users\/25"}],"replies":[{"embeddable":true,"href":"https:\/\/blogs.udima.es\/psicologia\/wp-json\/wp\/v2\/comments?post=1111"}],"version-history":[{"count":3,"href":"https:\/\/blogs.udima.es\/psicologia\/wp-json\/wp\/v2\/pages\/1111\/revisions"}],"predecessor-version":[{"id":1165,"href":"https:\/\/blogs.udima.es\/psicologia\/wp-json\/wp\/v2\/pages\/1111\/revisions\/1165"}],"wp:attachment":[{"href":"https:\/\/blogs.udima.es\/psicologia\/wp-json\/wp\/v2\/media?parent=1111"}],"curies":[{"name":"wp","href":"https:\/\/api.w.org\/{rel}","templated":true}]}}