{"id":1107,"date":"2016-11-21T12:53:51","date_gmt":"2016-11-21T12:53:51","guid":{"rendered":"http:\/\/blogs.udima.es\/psicologia\/?page_id=1107"},"modified":"2016-11-23T11:50:10","modified_gmt":"2016-11-23T11:50:10","slug":"tests-atencion-html","status":"publish","type":"page","link":"https:\/\/blogs.udima.es\/psicologia\/tests-atencion-html\/","title":{"rendered":"Pruebas Psicot\u00e9cnicas \u2013 Cap\u00edtulo 2. Aptitudes \u2013 Atenci\u00f3n (AT)"},"content":{"rendered":"<p>Suele definirse la atenci\u00f3n como la capacidad para concentrarse sobre un objeto determinado. Estas pruebas se basan en la percepci\u00f3n visual; por eso, los tests de atenci\u00f3n utilizan est\u00edmulos visuales, pidiendo al aspirante que detecte las semejanzas o las diferencias entre los elementos que se le presentan.<\/p>\n<p>A t\u00edtulo de ejemplo, puede descargar gratuitamente y despues de suscribirse en nuestro bolet\u00edn mensual un fichero con 10 tests gratuitos entre los que se incluye un ejemplo de estos tipos de tests:<\/p>\n<p align=\"center\"><a href=\"http:\/\/tienda.cef.udima.es\/libros\/PRUEBAS-PSICOTECNICAS.html\" target=\"_blank\">Comprar libro Pruebas Psicot\u00e9cnicas<\/a><\/p>\n<p style=\"text-align: right;\">&raquo; <a href=\"https:\/\/blogs.udima.es\/psicologia\/tests-aptitudes-administrativas-html\">Pruebas Psicot\u00e9cnicas \u2013 Cap\u00edtulo 2. Aptitudes &#8211; Aptitudes Administrativas (APAD)<\/a><\/p>\n<p style=\"text-align: left;\"><a href=\"https:\/\/blogs.udima.es\/psicologia\/tests-aptitud-mecanica-html\/\">Pruebas Psicot\u00e9cnicas \u2013 Cap\u00edtulo 2. Aptitudes &#8211; Aptitud Mec\u00e1nica (AM)<\/a> &laquo;<\/p>\n","protected":false},"excerpt":{"rendered":"<p>Suele definirse la atenci\u00f3n como la capacidad para concentrarse sobre un objeto determinado. Estas pruebas se basan en la percepci\u00f3n visual; por eso, los tests de atenci\u00f3n utilizan est\u00edmulos visuales, pidiendo al aspirante que detecte las semejanzas o las diferencias entre los elementos que se le presentan. A t\u00edtulo de ejemplo, puede descargar gratuitamente y [&hellip;]<\/p>\n","protected":false},"author":25,"featured_media":0,"parent":0,"menu_order":0,"comment_status":"closed","ping_status":"open","template":"","meta":{"footnotes":""},"_links":{"self":[{"href":"https:\/\/blogs.udima.es\/psicologia\/wp-json\/wp\/v2\/pages\/1107"}],"collection":[{"href":"https:\/\/blogs.udima.es\/psicologia\/wp-json\/wp\/v2\/pages"}],"about":[{"href":"https:\/\/blogs.udima.es\/psicologia\/wp-json\/wp\/v2\/types\/page"}],"author":[{"embeddable":true,"href":"https:\/\/blogs.udima.es\/psicologia\/wp-json\/wp\/v2\/users\/25"}],"replies":[{"embeddable":true,"href":"https:\/\/blogs.udima.es\/psicologia\/wp-json\/wp\/v2\/comments?post=1107"}],"version-history":[{"count":3,"href":"https:\/\/blogs.udima.es\/psicologia\/wp-json\/wp\/v2\/pages\/1107\/revisions"}],"predecessor-version":[{"id":1161,"href":"https:\/\/blogs.udima.es\/psicologia\/wp-json\/wp\/v2\/pages\/1107\/revisions\/1161"}],"wp:attachment":[{"href":"https:\/\/blogs.udima.es\/psicologia\/wp-json\/wp\/v2\/media?parent=1107"}],"curies":[{"name":"wp","href":"https:\/\/api.w.org\/{rel}","templated":true}]}}