{"id":1104,"date":"2016-11-21T12:52:17","date_gmt":"2016-11-21T12:52:17","guid":{"rendered":"http:\/\/blogs.udima.es\/psicologia\/?page_id=1104"},"modified":"2016-11-23T11:48:17","modified_gmt":"2016-11-23T11:48:17","slug":"tests-aptitud-mecanica-html","status":"publish","type":"page","link":"https:\/\/blogs.udima.es\/psicologia\/tests-aptitud-mecanica-html\/","title":{"rendered":"Pruebas Psicot\u00e9cnicas \u2013 Cap\u00edtulo 2. Aptitudes \u2013 Aptitud Mec\u00e1nica (AM)"},"content":{"rendered":"<p>Las pruebas psicot\u00e9cnicas de aptitud mec\u00e1nica eval\u00faan la capacidad para manejar objetos y para comprender mecanismos. Esta aptitud se compone de un amplio abanico de capacidades, cuyo com\u00fan denominador es el conocimiento y manejo de los conceptos propios de la Mec\u00e1nica.<\/p>\n<p>La aptitud mec\u00e1nica eval\u00faa la comprensi\u00f3n de los principios mec\u00e1nicos aplicados a una gran variedad de situaciones de la vida diaria. El DAT (Test de Aptitudes Diferenciales) incluye una prueba, que denomina \u201crazonamiento mec\u00e1nico\u201d, que es equivalente a las pruebas psicot\u00e9cnicas de aptitud mec\u00e1nica.<\/p>\n<p>El trabajo del alumno consiste en estudiar atentamente la figura que se le presenta y en responder despu\u00e9s a la cuesti\u00f3n que sobre ella se le plantea.<\/p>\n<p>A t\u00edtulo de ejemplo, puede descargar gratuitamente y despues de suscribirse en nuestro bolet\u00edn mensual un fichero con 10 tests gratuitos entre los que se incluye un ejemplo de estos tipos de tests:<\/p>\n<p align=\"center\"><a href=\"http:\/\/tienda.cef.udima.es\/libros\/PRUEBAS-PSICOTECNICAS.html\" target=\"_blank\">Comprar libro Pruebas Psicot\u00e9cnicas<\/a><\/p>\n<p style=\"text-align: right;\">&raquo; <a href=\"https:\/\/blogs.udima.es\/psicologia\/tests-atencion-html\">Pruebas Psicot\u00e9cnicas \u2013 Cap\u00edtulo 2. Aptitudes &#8211; Atenci\u00f3n (AT)<\/a><\/p>\n<p style=\"text-align: left;\"><a href=\"https:\/\/blogs.udima.es\/psicologia\/tests-aptitud-espacial-html\/\">Pruebas Psicot\u00e9cnicas \u2013 Cap\u00edtulo 2. Aptitudes &#8211; Aptitud Espacial (AE)<\/a> &laquo;<\/p>\n","protected":false},"excerpt":{"rendered":"<p>Las pruebas psicot\u00e9cnicas de aptitud mec\u00e1nica eval\u00faan la capacidad para manejar objetos y para comprender mecanismos. Esta aptitud se compone de un amplio abanico de capacidades, cuyo com\u00fan denominador es el conocimiento y manejo de los conceptos propios de la Mec\u00e1nica. La aptitud mec\u00e1nica eval\u00faa la comprensi\u00f3n de los principios mec\u00e1nicos aplicados a una gran [&hellip;]<\/p>\n","protected":false},"author":25,"featured_media":0,"parent":0,"menu_order":0,"comment_status":"closed","ping_status":"open","template":"","meta":{"footnotes":""},"_links":{"self":[{"href":"https:\/\/blogs.udima.es\/psicologia\/wp-json\/wp\/v2\/pages\/1104"}],"collection":[{"href":"https:\/\/blogs.udima.es\/psicologia\/wp-json\/wp\/v2\/pages"}],"about":[{"href":"https:\/\/blogs.udima.es\/psicologia\/wp-json\/wp\/v2\/types\/page"}],"author":[{"embeddable":true,"href":"https:\/\/blogs.udima.es\/psicologia\/wp-json\/wp\/v2\/users\/25"}],"replies":[{"embeddable":true,"href":"https:\/\/blogs.udima.es\/psicologia\/wp-json\/wp\/v2\/comments?post=1104"}],"version-history":[{"count":2,"href":"https:\/\/blogs.udima.es\/psicologia\/wp-json\/wp\/v2\/pages\/1104\/revisions"}],"predecessor-version":[{"id":1159,"href":"https:\/\/blogs.udima.es\/psicologia\/wp-json\/wp\/v2\/pages\/1104\/revisions\/1159"}],"wp:attachment":[{"href":"https:\/\/blogs.udima.es\/psicologia\/wp-json\/wp\/v2\/media?parent=1104"}],"curies":[{"name":"wp","href":"https:\/\/api.w.org\/{rel}","templated":true}]}}