{"id":1102,"date":"2016-11-21T12:50:43","date_gmt":"2016-11-21T12:50:43","guid":{"rendered":"http:\/\/blogs.udima.es\/psicologia\/?page_id=1102"},"modified":"2016-11-23T11:44:48","modified_gmt":"2016-11-23T11:44:48","slug":"tests-aptitud-espacial-html","status":"publish","type":"page","link":"https:\/\/blogs.udima.es\/psicologia\/tests-aptitud-espacial-html\/","title":{"rendered":"Pruebas Psicot\u00e9cnicas \u2013 Cap\u00edtulo 2. Aptitudes \u2013 Aptitud Espacial (AE)"},"content":{"rendered":"<p>Las pruebas psicot\u00e9cnicas de aptitud espacial eval\u00faan la capacidad de concebir, relacionar e imaginar figuran en el espacio.<\/p>\n<p>Son muy utilizadas en la selecci\u00f3n de personal para ocupar puestos de trabajo que exigen imaginar o dise\u00f1ar figuras en movimiento, como es el caso de delineantes, top\u00f3grafos, dise\u00f1adores, ingenieros, etc.<\/p>\n<p>La aptitud espacial se eval\u00faa profusamente en la selecci\u00f3n de personal para puestos de trabajo burocr\u00e1ticos y manuales (tornero, ajustador, fontanero, etc.).<\/p>\n<p>A t\u00edtulo de ejemplo, puede descargar gratuitamente y despues de suscribirse en nuestro bolet\u00edn mensual un fichero con 10 tests gratuitos entre los que se incluye un ejemplo de estos tipos de tests:<\/p>\n<p align=\"center\"><a href=\"http:\/\/tienda.cef.udima.es\/libros\/PRUEBAS-PSICOTECNICAS.html\" target=\"_blank\">Comprar libro Pruebas Psicot\u00e9cnicas<\/a><\/p>\n<p style=\"text-align: right;\">&raquo; <a href=\"https:\/\/blogs.udima.es\/psicologia\/tests-aptitud-mecanica-html\">Pruebas Psicot\u00e9cnicas \u2013 Cap\u00edtulo 2. Aptitudes &#8211; Aptitud Mec\u00e1nica (AM)<\/a><\/p>\n<p style=\"text-align: left;\"><a href=\"https:\/\/blogs.udima.es\/psicologia\/tests-aptitudes-perceptivas-html\/\">Pruebas Psicot\u00e9cnicas \u2013 Cap\u00edtulo 2. Aptitudes &#8211; Aptitudes Perceptivas (AP)<\/a> &laquo;<\/p>\n","protected":false},"excerpt":{"rendered":"<p>Las pruebas psicot\u00e9cnicas de aptitud espacial eval\u00faan la capacidad de concebir, relacionar e imaginar figuran en el espacio. Son muy utilizadas en la selecci\u00f3n de personal para ocupar puestos de trabajo que exigen imaginar o dise\u00f1ar figuras en movimiento, como es el caso de delineantes, top\u00f3grafos, dise\u00f1adores, ingenieros, etc. La aptitud espacial se eval\u00faa profusamente [&hellip;]<\/p>\n","protected":false},"author":25,"featured_media":0,"parent":0,"menu_order":0,"comment_status":"closed","ping_status":"open","template":"","meta":{"footnotes":""},"_links":{"self":[{"href":"https:\/\/blogs.udima.es\/psicologia\/wp-json\/wp\/v2\/pages\/1102"}],"collection":[{"href":"https:\/\/blogs.udima.es\/psicologia\/wp-json\/wp\/v2\/pages"}],"about":[{"href":"https:\/\/blogs.udima.es\/psicologia\/wp-json\/wp\/v2\/types\/page"}],"author":[{"embeddable":true,"href":"https:\/\/blogs.udima.es\/psicologia\/wp-json\/wp\/v2\/users\/25"}],"replies":[{"embeddable":true,"href":"https:\/\/blogs.udima.es\/psicologia\/wp-json\/wp\/v2\/comments?post=1102"}],"version-history":[{"count":3,"href":"https:\/\/blogs.udima.es\/psicologia\/wp-json\/wp\/v2\/pages\/1102\/revisions"}],"predecessor-version":[{"id":1157,"href":"https:\/\/blogs.udima.es\/psicologia\/wp-json\/wp\/v2\/pages\/1102\/revisions\/1157"}],"wp:attachment":[{"href":"https:\/\/blogs.udima.es\/psicologia\/wp-json\/wp\/v2\/media?parent=1102"}],"curies":[{"name":"wp","href":"https:\/\/api.w.org\/{rel}","templated":true}]}}