{"id":1100,"date":"2016-11-21T12:48:59","date_gmt":"2016-11-21T12:48:59","guid":{"rendered":"http:\/\/blogs.udima.es\/psicologia\/?page_id=1100"},"modified":"2016-11-23T11:43:00","modified_gmt":"2016-11-23T11:43:00","slug":"tests-aptitudes-perceptivas-html","status":"publish","type":"page","link":"https:\/\/blogs.udima.es\/psicologia\/tests-aptitudes-perceptivas-html\/","title":{"rendered":"Pruebas Psicot\u00e9cnicas \u2013 Cap\u00edtulo 2. Aptitudes \u2013 Aptitudes Perceptivas (AP)"},"content":{"rendered":"<p>Las aptitudes perceptivas eval\u00faan la rapidez de percepci\u00f3n, es decir, la habilidad para identificar elementos semejantes, as\u00ed como para discriminar elementos diferentes. Y ello, con la mayor rapidez y acierto. \u201cPercepci\u00f3n\u201d es el retrato que cada uno nosotros hace de la realidad.<\/p>\n<p>El trabajo del aspirante consiste en responder con la mayor rapidez y seguridad posibles.<\/p>\n<p>Algunas pruebas psicot\u00e9cnicas de aptitudes perceptivas ofrecen una serie de signos (letras, n\u00fameros y combinaciones de ambos); otras, consisten en figuras (una de las cuales contiene a la figura modelo); unas terceras presentan una figura dada y, a su derecha, varias semejantes, pero s\u00f3lo una exactamente igual a aqu\u00e9lla; otras pruebas psicot\u00e9cnicas de aptitudes perceptivas consisten en comparar unos s\u00edmbolos siguiendo ciertos c\u00f3digos o claves.<\/p>\n<p>Las pruebas psicot\u00e9cnicas de aptitudes perceptivas no faltan nunca en las oposiciones para ingreso en las Fuerzas y Cuerpos de Seguridad del Estado (Polic\u00eda Nacional y Guardia Civil), en las pruebas de acceso a las Polic\u00edas Locales, ni en la selecci\u00f3n de personal para Vigilantes Jurados.<\/p>\n<p>A t\u00edtulo de ejemplo, puede descargar gratuitamente y despues de suscribirse en nuestro bolet\u00edn mensual un fichero con 10 tests gratuitos entre los que se incluye un ejemplo de estos tipos de tests:<\/p>\n<p align=\"center\"><a href=\"http:\/\/tienda.cef.udima.es\/libros\/PRUEBAS-PSICOTECNICAS.html\" target=\"_blank\">Comprar libro Pruebas Psicot\u00e9cnicas<\/a><\/p>\n<p style=\"text-align: right;\">&raquo; <a href=\"https:\/\/blogs.udima.es\/psicologia\/tests-aptitud-espacial-html\">Pruebas Psicot\u00e9cnicas \u2013 Cap\u00edtulo 2. Aptitudes &#8211; Aptitud Espacial (AE)<\/a><\/p>\n<p style=\"text-align: left;\"><a href=\"https:\/\/blogs.udima.es\/psicologia\/tests-ortografia-html\/\">Pruebas Psicot\u00e9cnicas \u2013 Cap\u00edtulo 2. Aptitudes &#8211; Ortograf\u00eda (O)<\/a> &laquo;<\/p>\n","protected":false},"excerpt":{"rendered":"<p>Las aptitudes perceptivas eval\u00faan la rapidez de percepci\u00f3n, es decir, la habilidad para identificar elementos semejantes, as\u00ed como para discriminar elementos diferentes. Y ello, con la mayor rapidez y acierto. \u201cPercepci\u00f3n\u201d es el retrato que cada uno nosotros hace de la realidad. El trabajo del aspirante consiste en responder con la mayor rapidez y seguridad [&hellip;]<\/p>\n","protected":false},"author":25,"featured_media":0,"parent":0,"menu_order":0,"comment_status":"closed","ping_status":"open","template":"","meta":{"footnotes":""},"_links":{"self":[{"href":"https:\/\/blogs.udima.es\/psicologia\/wp-json\/wp\/v2\/pages\/1100"}],"collection":[{"href":"https:\/\/blogs.udima.es\/psicologia\/wp-json\/wp\/v2\/pages"}],"about":[{"href":"https:\/\/blogs.udima.es\/psicologia\/wp-json\/wp\/v2\/types\/page"}],"author":[{"embeddable":true,"href":"https:\/\/blogs.udima.es\/psicologia\/wp-json\/wp\/v2\/users\/25"}],"replies":[{"embeddable":true,"href":"https:\/\/blogs.udima.es\/psicologia\/wp-json\/wp\/v2\/comments?post=1100"}],"version-history":[{"count":3,"href":"https:\/\/blogs.udima.es\/psicologia\/wp-json\/wp\/v2\/pages\/1100\/revisions"}],"predecessor-version":[{"id":1156,"href":"https:\/\/blogs.udima.es\/psicologia\/wp-json\/wp\/v2\/pages\/1100\/revisions\/1156"}],"wp:attachment":[{"href":"https:\/\/blogs.udima.es\/psicologia\/wp-json\/wp\/v2\/media?parent=1100"}],"curies":[{"name":"wp","href":"https:\/\/api.w.org\/{rel}","templated":true}]}}