{"id":1098,"date":"2016-11-21T12:46:42","date_gmt":"2016-11-21T12:46:42","guid":{"rendered":"http:\/\/blogs.udima.es\/psicologia\/?page_id=1098"},"modified":"2016-11-23T11:40:51","modified_gmt":"2016-11-23T11:40:51","slug":"tests-ortografia-html","status":"publish","type":"page","link":"https:\/\/blogs.udima.es\/psicologia\/tests-ortografia-html\/","title":{"rendered":"Pruebas Psicot\u00e9cnicas \u2013 Cap\u00edtulo 2. Aptitudes \u2013 Ortograf\u00eda (O)"},"content":{"rendered":"<p>Los tests de ortograf\u00eda forman parte de los de capacidad verbal. Concretamente, eval\u00faan el conocimiento pr\u00e1ctico de las reglas de ortograf\u00eda. Como sabemos, la ortograf\u00eda es aquella \u201cparte de la gram\u00e1tica que ense\u00f1a a escribir correctamente por el acertado empleo de las letras y de los signos auxiliares de la escritura\u201d (Diccionario de la Real Academia Espa\u00f1ola de la Lengua).<\/p>\n<p>En las pruebas psicot\u00e9cnicas de ortograf\u00eda alumno debe demostrar dicho conocimiento respondiendo con acierto a las cuestiones planteadas.<br \/>\nLas pruebas de ortograf\u00eda son de las m\u00e1s cl\u00e1sicas y utilizadas en cualquier proceso de selecci\u00f3n, especialmente para cubrir puestos de contenido administrativo. Y ello, tanto en las oposiciones como en la selecci\u00f3n de personal para la empresa privada. La raz\u00f3n es obvia: todos, en cualquier \u00e1mbito laboral, nos enfrentamos frecuentemente con diferentes tareas en las que hemos de escribir nuestras ideas, proyectos, expectativas, etc. En efecto, precisamos aplicar la ortograf\u00eda para redactar res\u00famenes, exponer trabajos, hacer ex\u00e1menes, escribir correspondencia comercial, etc. etc.<\/p>\n<p>A t\u00edtulo de ejemplo, puede descargar gratuitamente y despues de suscribirse en nuestro bolet\u00edn mensual un fichero con 10 tests gratuitos entre los que se incluye un ejemplo de estos tipos de tests:<\/p>\n<p align=\"center\"><a href=\"http:\/\/tienda.cef.udima.es\/libros\/PRUEBAS-PSICOTECNICAS.html\" target=\"_blank\">Comprar libro Pruebas Psicot\u00e9cnicas<\/a><\/p>\n<p style=\"text-align: right;\">&raquo; <a href=\"https:\/\/blogs.udima.es\/psicologia\/tests-aptitudes-perceptivas-html\">Pruebas Psicot\u00e9cnicas \u2013 Cap\u00edtulo 2. Aptitudes &#8211; Aptitudes Perceptivas (AP)<\/a><\/p>\n<p style=\"text-align: left;\"><a href=\"https:\/\/blogs.udima.es\/psicologia\/tests-comprension-lectora-html\/\">Pruebas Psicot\u00e9cnicas \u2013 Cap\u00edtulo 2. Aptitudes &#8211; Comprensi\u00f3n Lectora (CL)<\/a> &laquo;<\/p>\n","protected":false},"excerpt":{"rendered":"<p>Los tests de ortograf\u00eda forman parte de los de capacidad verbal. Concretamente, eval\u00faan el conocimiento pr\u00e1ctico de las reglas de ortograf\u00eda. Como sabemos, la ortograf\u00eda es aquella \u201cparte de la gram\u00e1tica que ense\u00f1a a escribir correctamente por el acertado empleo de las letras y de los signos auxiliares de la escritura\u201d (Diccionario de la Real [&hellip;]<\/p>\n","protected":false},"author":25,"featured_media":0,"parent":0,"menu_order":0,"comment_status":"closed","ping_status":"open","template":"","meta":{"footnotes":""},"_links":{"self":[{"href":"https:\/\/blogs.udima.es\/psicologia\/wp-json\/wp\/v2\/pages\/1098"}],"collection":[{"href":"https:\/\/blogs.udima.es\/psicologia\/wp-json\/wp\/v2\/pages"}],"about":[{"href":"https:\/\/blogs.udima.es\/psicologia\/wp-json\/wp\/v2\/types\/page"}],"author":[{"embeddable":true,"href":"https:\/\/blogs.udima.es\/psicologia\/wp-json\/wp\/v2\/users\/25"}],"replies":[{"embeddable":true,"href":"https:\/\/blogs.udima.es\/psicologia\/wp-json\/wp\/v2\/comments?post=1098"}],"version-history":[{"count":3,"href":"https:\/\/blogs.udima.es\/psicologia\/wp-json\/wp\/v2\/pages\/1098\/revisions"}],"predecessor-version":[{"id":1154,"href":"https:\/\/blogs.udima.es\/psicologia\/wp-json\/wp\/v2\/pages\/1098\/revisions\/1154"}],"wp:attachment":[{"href":"https:\/\/blogs.udima.es\/psicologia\/wp-json\/wp\/v2\/media?parent=1098"}],"curies":[{"name":"wp","href":"https:\/\/api.w.org\/{rel}","templated":true}]}}