{"id":1095,"date":"2016-11-21T12:43:56","date_gmt":"2016-11-21T12:43:56","guid":{"rendered":"http:\/\/blogs.udima.es\/psicologia\/?page_id=1095"},"modified":"2016-11-23T11:38:23","modified_gmt":"2016-11-23T11:38:23","slug":"tests-comprension-lectora-html","status":"publish","type":"page","link":"https:\/\/blogs.udima.es\/psicologia\/tests-comprension-lectora-html\/","title":{"rendered":"Pruebas Psicot\u00e9cnicas \u2013 Cap\u00edtulo 2. Aptitudes \u2013 Comprensi\u00f3n Lectora (CL)"},"content":{"rendered":"<p>Las pruebas de comprensi\u00f3n lectora forman parte de los tests de aptitud verbal. Concretamente, eval\u00faan la capacidad para asimilar el contenido de determinados textos. Su objetivo, pues, es determinar el nivel de comprensi\u00f3n lectora del aspirante a un puesto de trabajo, ya sea en las Administraciones P\u00fablicas, ya en la empresa privada.<\/p>\n<p>El trabajo del lector consiste en leer con la m\u00e1xima atenci\u00f3n y concentraci\u00f3n los textos escritos que se le ofrecen y, despu\u00e9s, responder a varias cuestiones sobre su contenido.<\/p>\n<p>Las pruebas psicot\u00e9cnicas de comprensi\u00f3n lectora van conquistando cada vez mayor espacio en las pruebas psicot\u00e9cnicas, sobre todo para cubrir puestos de trabajo de car\u00e1cter administrativo. Por ello, suelen formar parte de las pruebas psicot\u00e9cnicas de las oposiciones; del mismo modo, cada d\u00eda son m\u00e1s las empresas que incluyen, en sus procesos de selecci\u00f3n de personal, pruebas de comprensi\u00f3n lectora.<\/p>\n<p>A t\u00edtulo de ejemplo, puede descargar gratuitamente y despues de suscribirse en nuestro bolet\u00edn mensual un fichero con 10 tests gratuitos entre los que se incluye un ejemplo de estos tipos de tests:<\/p>\n<p align=\"center\"><a href=\"http:\/\/tienda.cef.udima.es\/libros\/PRUEBAS-PSICOTECNICAS.html\" target=\"_blank\">Comprar libro Pruebas Psicot\u00e9cnicas<\/a><\/p>\n<p style=\"text-align: right;\">&raquo; <a href=\"https:\/\/blogs.udima.es\/psicologia\/tests-ortografia-html\">Pruebas Psicot\u00e9cnicas \u2013 Cap\u00edtulo 2. Aptitudes &#8211; Ortograf\u00eda (O)<\/a><\/p>\n<p style=\"text-align: left;\"><a href=\"https:\/\/blogs.udima.es\/psicologia\/tests-definiciones-html\/\">Pruebas Psicot\u00e9cnicas \u2013 Cap\u00edtulo 2. Aptitudes &#8211; Definiciones (DEF)<\/a> &laquo;<\/p>\n","protected":false},"excerpt":{"rendered":"<p>Las pruebas de comprensi\u00f3n lectora forman parte de los tests de aptitud verbal. Concretamente, eval\u00faan la capacidad para asimilar el contenido de determinados textos. Su objetivo, pues, es determinar el nivel de comprensi\u00f3n lectora del aspirante a un puesto de trabajo, ya sea en las Administraciones P\u00fablicas, ya en la empresa privada. El trabajo del [&hellip;]<\/p>\n","protected":false},"author":25,"featured_media":0,"parent":0,"menu_order":0,"comment_status":"closed","ping_status":"open","template":"","meta":{"footnotes":""},"_links":{"self":[{"href":"https:\/\/blogs.udima.es\/psicologia\/wp-json\/wp\/v2\/pages\/1095"}],"collection":[{"href":"https:\/\/blogs.udima.es\/psicologia\/wp-json\/wp\/v2\/pages"}],"about":[{"href":"https:\/\/blogs.udima.es\/psicologia\/wp-json\/wp\/v2\/types\/page"}],"author":[{"embeddable":true,"href":"https:\/\/blogs.udima.es\/psicologia\/wp-json\/wp\/v2\/users\/25"}],"replies":[{"embeddable":true,"href":"https:\/\/blogs.udima.es\/psicologia\/wp-json\/wp\/v2\/comments?post=1095"}],"version-history":[{"count":3,"href":"https:\/\/blogs.udima.es\/psicologia\/wp-json\/wp\/v2\/pages\/1095\/revisions"}],"predecessor-version":[{"id":1152,"href":"https:\/\/blogs.udima.es\/psicologia\/wp-json\/wp\/v2\/pages\/1095\/revisions\/1152"}],"wp:attachment":[{"href":"https:\/\/blogs.udima.es\/psicologia\/wp-json\/wp\/v2\/media?parent=1095"}],"curies":[{"name":"wp","href":"https:\/\/api.w.org\/{rel}","templated":true}]}}