{"id":1091,"date":"2016-11-21T12:34:17","date_gmt":"2016-11-21T12:34:17","guid":{"rendered":"http:\/\/blogs.udima.es\/psicologia\/?page_id=1091"},"modified":"2016-11-23T11:33:25","modified_gmt":"2016-11-23T11:33:25","slug":"tests-antonimos-html","status":"publish","type":"page","link":"https:\/\/blogs.udima.es\/psicologia\/tests-antonimos-html\/","title":{"rendered":"Pruebas Psicot\u00e9cnicas \u2013 Cap\u00edtulo 2. Aptitudes \u2013 Ant\u00f3nimos (A)"},"content":{"rendered":"<p>Las pruebas psicot\u00e9cnicas de ant\u00f3nimos forman parte de las de capacidad verbal. Al igual que los de sin\u00f3nimos, eval\u00faan el conocimiento del significado de las palabras y, por tanto, la capacidad para pensar y razonar en t\u00e9rminos verbales.<\/p>\n<p>En las pruebas de ant\u00f3nimos alumno debe descubrir la palabra que significa lo contrario de la primera en cada pregunta.<br \/>\nPocas pruebas hay m\u00e1s utilizadas en los procesos de selecci\u00f3n de personal, tanto de las Administraciones P\u00fablicas como de la empresa privada.<\/p>\n<p>A t\u00edtulo de ejemplo, puede descargar gratuitamente y despues de suscribirse en nuestro bolet\u00edn mensual un fichero con 10 tests gratuitos entre los que se incluye un ejemplo de estos tipos de tests:<\/p>\n<p align=\"center\"><a href=\"http:\/\/tienda.cef.udima.es\/libros\/PRUEBAS-PSICOTECNICAS.html\" target=\"_blank\">Comprar libro Pruebas Psicot\u00e9cnicas<\/a><\/p>\n<p style=\"text-align: right;\">&raquo; <a href=\"https:\/\/blogs.udima.es\/psicologia\/tests-definiciones-html\/\">Pruebas Psicot\u00e9cnicas \u2013 Cap\u00edtulo 2. Aptitudes &#8211; Definiciones (DEF)<\/a><\/p>\n<p style=\"text-align: left;\"><a href=\"https:\/\/blogs.udima.es\/psicologia\/tests-sinonimos-html\/\">Pruebas Psicot\u00e9cnicas \u2013 Cap\u00edtulo 2. Aptitudes &#8211; Sin\u00f3nimos (S)<\/a> &laquo;<\/p>\n","protected":false},"excerpt":{"rendered":"<p>Las pruebas psicot\u00e9cnicas de ant\u00f3nimos forman parte de las de capacidad verbal. Al igual que los de sin\u00f3nimos, eval\u00faan el conocimiento del significado de las palabras y, por tanto, la capacidad para pensar y razonar en t\u00e9rminos verbales. En las pruebas de ant\u00f3nimos alumno debe descubrir la palabra que significa lo contrario de la primera [&hellip;]<\/p>\n","protected":false},"author":25,"featured_media":0,"parent":0,"menu_order":0,"comment_status":"closed","ping_status":"open","template":"","meta":{"footnotes":""},"_links":{"self":[{"href":"https:\/\/blogs.udima.es\/psicologia\/wp-json\/wp\/v2\/pages\/1091"}],"collection":[{"href":"https:\/\/blogs.udima.es\/psicologia\/wp-json\/wp\/v2\/pages"}],"about":[{"href":"https:\/\/blogs.udima.es\/psicologia\/wp-json\/wp\/v2\/types\/page"}],"author":[{"embeddable":true,"href":"https:\/\/blogs.udima.es\/psicologia\/wp-json\/wp\/v2\/users\/25"}],"replies":[{"embeddable":true,"href":"https:\/\/blogs.udima.es\/psicologia\/wp-json\/wp\/v2\/comments?post=1091"}],"version-history":[{"count":2,"href":"https:\/\/blogs.udima.es\/psicologia\/wp-json\/wp\/v2\/pages\/1091\/revisions"}],"predecessor-version":[{"id":1148,"href":"https:\/\/blogs.udima.es\/psicologia\/wp-json\/wp\/v2\/pages\/1091\/revisions\/1148"}],"wp:attachment":[{"href":"https:\/\/blogs.udima.es\/psicologia\/wp-json\/wp\/v2\/media?parent=1091"}],"curies":[{"name":"wp","href":"https:\/\/api.w.org\/{rel}","templated":true}]}}