{"id":1089,"date":"2016-11-21T12:32:37","date_gmt":"2016-11-21T12:32:37","guid":{"rendered":"http:\/\/blogs.udima.es\/psicologia\/?page_id=1089"},"modified":"2016-11-23T11:30:53","modified_gmt":"2016-11-23T11:30:53","slug":"tests-sinonimos-html","status":"publish","type":"page","link":"https:\/\/blogs.udima.es\/psicologia\/tests-sinonimos-html\/","title":{"rendered":"Pruebas Psicot\u00e9cnicas \u2013 Cap\u00edtulo 2. Aptitudes \u2013 Sin\u00f3nimos (S)"},"content":{"rendered":"<p>Los tests o pruebas de sin\u00f3nimos forman parte de los de capacidad o aptitud verbal. Eval\u00faan, concretamente, el conocimiento del significado de palabras, factor clave para pensar y razonar en t\u00e9rminos verbales.<\/p>\n<p>Estos tests eval\u00faan el denominado \u201cfactor v\u201d, que aparece en todos los an\u00e1lisis factoriales de las pruebas de inteligencia. Esta factor satura altamente a las pruebas cuyas tareas exigen comprensi\u00f3n verbal. Las pruebas psicot\u00e9cnicas que mejor eval\u00faan este factor son las de vocabulario: sin\u00f3nimos, ant\u00f3nimos, definiciones, comprensi\u00f3n lectora, etc.<\/p>\n<p>En las pruebas psicot\u00e9cnicas de sin\u00f3nimos el trabajo consiste en descubrir, de entre las opciones que se le presentan, la palabra que significa lo mismo que la primera de cada \u00edtem.<\/p>\n<p>Las pruebas de sin\u00f3nimos son, sin duda, de las m\u00e1s empleadas en toda clase de procesos de selecci\u00f3n.<br \/>\nLas cinco clases de pruebas verbales de la obra sirven para detectar la <strong>anomia<\/strong> (trastorno que se caracteriza por la dificultad para recuperar las palabras al hablar).<\/p>\n<p>A t\u00edtulo de ejemplo, puede descargar gratuitamente y despues de suscribirse en nuestro bolet\u00edn mensual un fichero con 10 tests gratuitos entre los que se incluye un ejemplo de estos tipos de tests:<\/p>\n<p align=\"center\"><a href=\"http:\/\/tienda.cef.udima.es\/libros\/PRUEBAS-PSICOTECNICAS.html\" target=\"_blank\">Comprar libro Pruebas Psicot\u00e9cnicas<\/a><\/p>\n<p style=\"text-align: right;\">&raquo; <a href=\"https:\/\/blogs.udima.es\/psicologia\/tests-antonimos-html\/\">Pruebas Psicot\u00e9cnicas \u2013 Cap\u00edtulo 2. Aptitudes &#8211; Ant\u00f3nimos (A)<\/a><\/p>\n<p style=\"text-align: left;\"><a href=\"https:\/\/blogs.udima.es\/psicologia\/tests-aptitud-numerica-html\/\">Pruebas Psicot\u00e9cnicas \u2013 Cap\u00edtulo 2. Aptitudes &#8211; Aptitud Num\u00e9rica (AN)<\/a> &laquo;<\/p>\n","protected":false},"excerpt":{"rendered":"<p>Los tests o pruebas de sin\u00f3nimos forman parte de los de capacidad o aptitud verbal. Eval\u00faan, concretamente, el conocimiento del significado de palabras, factor clave para pensar y razonar en t\u00e9rminos verbales. Estos tests eval\u00faan el denominado \u201cfactor v\u201d, que aparece en todos los an\u00e1lisis factoriales de las pruebas de inteligencia. Esta factor satura altamente [&hellip;]<\/p>\n","protected":false},"author":25,"featured_media":0,"parent":0,"menu_order":0,"comment_status":"closed","ping_status":"open","template":"","meta":{"footnotes":""},"_links":{"self":[{"href":"https:\/\/blogs.udima.es\/psicologia\/wp-json\/wp\/v2\/pages\/1089"}],"collection":[{"href":"https:\/\/blogs.udima.es\/psicologia\/wp-json\/wp\/v2\/pages"}],"about":[{"href":"https:\/\/blogs.udima.es\/psicologia\/wp-json\/wp\/v2\/types\/page"}],"author":[{"embeddable":true,"href":"https:\/\/blogs.udima.es\/psicologia\/wp-json\/wp\/v2\/users\/25"}],"replies":[{"embeddable":true,"href":"https:\/\/blogs.udima.es\/psicologia\/wp-json\/wp\/v2\/comments?post=1089"}],"version-history":[{"count":3,"href":"https:\/\/blogs.udima.es\/psicologia\/wp-json\/wp\/v2\/pages\/1089\/revisions"}],"predecessor-version":[{"id":1146,"href":"https:\/\/blogs.udima.es\/psicologia\/wp-json\/wp\/v2\/pages\/1089\/revisions\/1146"}],"wp:attachment":[{"href":"https:\/\/blogs.udima.es\/psicologia\/wp-json\/wp\/v2\/media?parent=1089"}],"curies":[{"name":"wp","href":"https:\/\/api.w.org\/{rel}","templated":true}]}}