{"id":1085,"date":"2016-11-21T12:30:07","date_gmt":"2016-11-21T12:30:07","guid":{"rendered":"http:\/\/blogs.udima.es\/psicologia\/?page_id=1085"},"modified":"2016-11-23T11:28:33","modified_gmt":"2016-11-23T11:28:33","slug":"tests-aptitud-numerica-html","status":"publish","type":"page","link":"https:\/\/blogs.udima.es\/psicologia\/tests-aptitud-numerica-html\/","title":{"rendered":"Pruebas Psicot\u00e9cnicas \u2013 Cap\u00edtulo 2. Aptitudes &#8211; Aptitud Num\u00e9rica (AN)"},"content":{"rendered":"<p>La aptitud num\u00e9rica o capacidad num\u00e9rica es la habilidad para manejar y utilizar n\u00fameros y relaciones matem\u00e1ticas. Estas pruebas eval\u00faan esa habilidad, en su doble versi\u00f3n de rapidez en su manejo y de resoluci\u00f3n de problemas.<\/p>\n<p>Los tests de aptitud num\u00e9rica, tambi\u00e9n denominados pruebas de \u201cfactor N\u201d eval\u00faan la capacidad de c\u00e1lculo num\u00e9rico. Esta capacidad satura todas las actividades que exigen realizar, lo m\u00e1s r\u00e1pidamente posible, una serie de operaciones matem\u00e1ticas.<\/p>\n<p>Estos tests son de los m\u00e1s utilizados en la fase de selecci\u00f3n de personal.<br \/>\nEl c\u00e1lculo mental es imprescindible para las Matem\u00e1ticas. Antes de comenzar a utilizar la calculadora o la inform\u00e1tica, los alumnos tienen que saber de memoria las tablas de multiplicar. Algunos centros de ense\u00f1anza autorizan a sus alumnos a utilizar la calculadora s\u00f3lo cuando obtienen el carnet de calculista; este carnet lo consiguen cuando saben hacer, sin ayuda de m\u00e1quinas, sumas y restas con decimales, divisiones enteras con la prueba de multiplicar, y operaciones con fracciones con y sin par\u00e9ntesis; y todo ello (cinco pruebas), sin cometer ni un solo fallo.<\/p>\n<p>A t\u00edtulo de ejemplo, puede descargar gratuitamente y despues de suscribirse en nuestro bolet\u00edn mensual un fichero con 10 tests gratuitos entre los que se incluye un ejemplo de estos tipos de tests:<\/p>\n<p align=\"center\"><a href=\"http:\/\/tienda.cef.udima.es\/libros\/PRUEBAS-PSICOTECNICAS.html\" target=\"_blank\">Comprar libro Pruebas Psicot\u00e9cnicas<\/a><\/p>\n<p style=\"text-align: right;\">&raquo; <a href=\"https:\/\/blogs.udima.es\/psicologia\/tests-sinonimos-html\/\">Pruebas Psicot\u00e9cnicas \u2013 Cap\u00edtulo 2. Aptitudes &#8211; Sin\u00f3nimos (S)<\/a><\/p>\n<p style=\"text-align: left;\"><a href=\"https:\/\/blogs.udima.es\/psicologia\/tests-aptitudes-html\/\">Pruebas Psicot\u00e9cnicas \u2013 Cap\u00edtulo 2. Aptitudes<\/a> &laquo;<\/p>\n","protected":false},"excerpt":{"rendered":"<p>La aptitud num\u00e9rica o capacidad num\u00e9rica es la habilidad para manejar y utilizar n\u00fameros y relaciones matem\u00e1ticas. Estas pruebas eval\u00faan esa habilidad, en su doble versi\u00f3n de rapidez en su manejo y de resoluci\u00f3n de problemas. Los tests de aptitud num\u00e9rica, tambi\u00e9n denominados pruebas de \u201cfactor N\u201d eval\u00faan la capacidad de c\u00e1lculo num\u00e9rico. Esta capacidad [&hellip;]<\/p>\n","protected":false},"author":25,"featured_media":0,"parent":0,"menu_order":0,"comment_status":"closed","ping_status":"open","template":"","meta":{"footnotes":""},"_links":{"self":[{"href":"https:\/\/blogs.udima.es\/psicologia\/wp-json\/wp\/v2\/pages\/1085"}],"collection":[{"href":"https:\/\/blogs.udima.es\/psicologia\/wp-json\/wp\/v2\/pages"}],"about":[{"href":"https:\/\/blogs.udima.es\/psicologia\/wp-json\/wp\/v2\/types\/page"}],"author":[{"embeddable":true,"href":"https:\/\/blogs.udima.es\/psicologia\/wp-json\/wp\/v2\/users\/25"}],"replies":[{"embeddable":true,"href":"https:\/\/blogs.udima.es\/psicologia\/wp-json\/wp\/v2\/comments?post=1085"}],"version-history":[{"count":3,"href":"https:\/\/blogs.udima.es\/psicologia\/wp-json\/wp\/v2\/pages\/1085\/revisions"}],"predecessor-version":[{"id":1145,"href":"https:\/\/blogs.udima.es\/psicologia\/wp-json\/wp\/v2\/pages\/1085\/revisions\/1145"}],"wp:attachment":[{"href":"https:\/\/blogs.udima.es\/psicologia\/wp-json\/wp\/v2\/media?parent=1085"}],"curies":[{"name":"wp","href":"https:\/\/api.w.org\/{rel}","templated":true}]}}