{"id":1083,"date":"2016-11-21T11:53:40","date_gmt":"2016-11-21T11:53:40","guid":{"rendered":"http:\/\/blogs.udima.es\/psicologia\/?page_id=1083"},"modified":"2016-11-23T11:24:49","modified_gmt":"2016-11-23T11:24:49","slug":"tests-aptitudes-html","status":"publish","type":"page","link":"https:\/\/blogs.udima.es\/psicologia\/tests-aptitudes-html\/","title":{"rendered":"Pruebas Psicot\u00e9cnicas \u2013 Cap\u00edtulo 2. Aptitudes"},"content":{"rendered":"<p>Es el m\u00e1s extenso de <strong>Pruebas Psicot\u00e9cnicas<\/strong>, ocupa las p\u00e1ginas 173 a 674. \u00abAptitud\u00bb es la capacidad o habilidad potencial para realizar una tarea o acci\u00f3n todav\u00eda no aprendida, pero que se puede llegar a aprender; es el potencial que tiene una persona. Puede tomarse como sin\u00f3nimo de \u00abcapacidad\u00bb y de \u00abtalento\u00bb. Cuando aseveramos que una persona tiene una determinada aptitud, lo que estamos diciendo es que tiene capacidad o potencial. Obviamente, la aptitud est\u00e1 muy relacionada con el rendimiento: para lograr algo hay que tener la aptitud necesaria (\u00e9sta es la condici\u00f3n <em>sine qua non<\/em>).<\/p>\n<p>Por lo tanto, una aptitud es un rasgo intelectual, un factor de la inteligencia. Un factor, como rasgo intelectual es:<\/p>\n<ul>\n<li type=\"a\">Cuantificable, es decir, es posible conocer en qu\u00e9 grado lo poseen diferentes personas.<\/li>\n<li type=\"a\">Relativamente estable, aunque puede variar en cualquier persona con el paso del tiempo.<\/li>\n<li type=\"a\">Relativamente generalizable, ya que ese potencial puede manifestarse independientemente del tipo de rendimiento, a condici\u00f3n de que el logro implique la actualizaci\u00f3n de dicho potencial.<\/li>\n<\/ul>\n<p>Las aptitudes pueden clasificarse seg\u00fan su nivel de generalidad en: aptitud general (por ejemplo, factor <em>g<\/em>, inteligencia general), aptitudes generales (por ejemplo, inteligencia cristalizada, capacidad visoespacial, capacidad de rapidez visocognitiva, capacidad visomotriz, etc.) y aptitudes espec\u00edficas (por ejemplo, amplitud de l\u00e9xico, aptitud para la visualizaci\u00f3n, facilidad num\u00e9rica, etc.).<\/p>\n<p>Pues bien, <strong>Pruebas Psicot\u00e9cnicas,<\/strong> en su cap\u00edtulo 2, expone doce tipos de pruebas. En conjunto, estos tests de Inteligencia General y los de Aptitudes, son semejantes a los que utiliza y comercializa Mensa Internacional.<\/p>\n<p style=\"text-align: right;\">&raquo; <a href=\"https:\/\/blogs.udima.es\/psicologia\/tests-aptitud-numerica-html\/\">Pruebas Psicot\u00e9cnicas \u2013 Cap\u00edtulo 2. Aptitudes &#8211; Aptitud Num\u00e9rica (AN)<\/a><\/p>\n<p style=\"text-align: left;\"><a href=\"https:\/\/blogs.udima.es\/psicologia\/tests-series-letras-html\/\"> Pruebas Psicot\u00e9cnicas \u2013 Cap\u00edtulo 1. Inteligencia general &#8211; Series de Letras (SL)<\/a> &laquo;<\/p>\n","protected":false},"excerpt":{"rendered":"<p>Es el m\u00e1s extenso de Pruebas Psicot\u00e9cnicas, ocupa las p\u00e1ginas 173 a 674. \u00abAptitud\u00bb es la capacidad o habilidad potencial para realizar una tarea o acci\u00f3n todav\u00eda no aprendida, pero que se puede llegar a aprender; es el potencial que tiene una persona. Puede tomarse como sin\u00f3nimo de \u00abcapacidad\u00bb y de \u00abtalento\u00bb. Cuando aseveramos que [&hellip;]<\/p>\n","protected":false},"author":25,"featured_media":0,"parent":0,"menu_order":0,"comment_status":"closed","ping_status":"open","template":"","meta":{"footnotes":""},"_links":{"self":[{"href":"https:\/\/blogs.udima.es\/psicologia\/wp-json\/wp\/v2\/pages\/1083"}],"collection":[{"href":"https:\/\/blogs.udima.es\/psicologia\/wp-json\/wp\/v2\/pages"}],"about":[{"href":"https:\/\/blogs.udima.es\/psicologia\/wp-json\/wp\/v2\/types\/page"}],"author":[{"embeddable":true,"href":"https:\/\/blogs.udima.es\/psicologia\/wp-json\/wp\/v2\/users\/25"}],"replies":[{"embeddable":true,"href":"https:\/\/blogs.udima.es\/psicologia\/wp-json\/wp\/v2\/comments?post=1083"}],"version-history":[{"count":5,"href":"https:\/\/blogs.udima.es\/psicologia\/wp-json\/wp\/v2\/pages\/1083\/revisions"}],"predecessor-version":[{"id":1143,"href":"https:\/\/blogs.udima.es\/psicologia\/wp-json\/wp\/v2\/pages\/1083\/revisions\/1143"}],"wp:attachment":[{"href":"https:\/\/blogs.udima.es\/psicologia\/wp-json\/wp\/v2\/media?parent=1083"}],"curies":[{"name":"wp","href":"https:\/\/api.w.org\/{rel}","templated":true}]}}