{"id":1080,"date":"2016-11-21T11:42:49","date_gmt":"2016-11-21T11:42:49","guid":{"rendered":"http:\/\/blogs.udima.es\/psicologia\/?page_id=1080"},"modified":"2016-11-23T10:13:03","modified_gmt":"2016-11-23T10:13:03","slug":"tests-series-letras-html","status":"publish","type":"page","link":"https:\/\/blogs.udima.es\/psicologia\/tests-series-letras-html\/","title":{"rendered":"Pruebas Psicot\u00e9cnicas \u2013 Cap\u00edtulo 1. Inteligencia general \u2013 Series de Letras (SL)"},"content":{"rendered":"<p>Estas pruebas son de razonamiento. Eval\u00faan la capacidad para resolver problemas l\u00f3gicos, es decir, la aptitud para deducir consecuencias de determinadas situaciones dadas. Esta capacidad de razonamiento y de an\u00e1lisis est\u00e1 muy vinculada a la inteligencia general.<\/p>\n<p>El trabajo del aspirante consiste en descubrir la regla l\u00f3gica de composici\u00f3n y en averiguar la letra o letras que completar\u00edan cada serie.<\/p>\n<p>A t\u00edtulo de ejemplo, puede descargar gratuitamente y despues de suscribirse en nuestro bolet\u00edn mensual un fichero con 10 tests gratuitos entre los que se incluye un ejemplo de estos tipos de tests:<\/p>\n<p align=\"center\"><a href=\"http:\/\/tienda.cef.udima.es\/libros\/PRUEBAS-PSICOTECNICAS.html\" target=\"_blank\">Comprar libro Pruebas Psicot\u00e9cnicas<\/a><\/p>\n<p style=\"text-align: right;\">&raquo; <a href=\"https:\/\/blogs.udima.es\/psicologia\/tests-aptitudes-html\/\">Pruebas Psicot\u00e9cnicas \u2013 Cap\u00edtulo 2. Aptitudes<\/a><\/p>\n<p style=\"text-align: left;\"><a href=\"https:\/\/blogs.udima.es\/psicologia\/tests-series-numeros-html\/\"> Pruebas Psicot\u00e9cnicas \u2013 Cap\u00edtulo 1. Inteligencia general &#8211; Series de N\u00fameros (SN)<\/a> &laquo;<\/p>\n","protected":false},"excerpt":{"rendered":"<p>Estas pruebas son de razonamiento. Eval\u00faan la capacidad para resolver problemas l\u00f3gicos, es decir, la aptitud para deducir consecuencias de determinadas situaciones dadas. Esta capacidad de razonamiento y de an\u00e1lisis est\u00e1 muy vinculada a la inteligencia general. El trabajo del aspirante consiste en descubrir la regla l\u00f3gica de composici\u00f3n y en averiguar la letra o [&hellip;]<\/p>\n","protected":false},"author":25,"featured_media":0,"parent":0,"menu_order":0,"comment_status":"closed","ping_status":"open","template":"","meta":{"footnotes":""},"_links":{"self":[{"href":"https:\/\/blogs.udima.es\/psicologia\/wp-json\/wp\/v2\/pages\/1080"}],"collection":[{"href":"https:\/\/blogs.udima.es\/psicologia\/wp-json\/wp\/v2\/pages"}],"about":[{"href":"https:\/\/blogs.udima.es\/psicologia\/wp-json\/wp\/v2\/types\/page"}],"author":[{"embeddable":true,"href":"https:\/\/blogs.udima.es\/psicologia\/wp-json\/wp\/v2\/users\/25"}],"replies":[{"embeddable":true,"href":"https:\/\/blogs.udima.es\/psicologia\/wp-json\/wp\/v2\/comments?post=1080"}],"version-history":[{"count":2,"href":"https:\/\/blogs.udima.es\/psicologia\/wp-json\/wp\/v2\/pages\/1080\/revisions"}],"predecessor-version":[{"id":1138,"href":"https:\/\/blogs.udima.es\/psicologia\/wp-json\/wp\/v2\/pages\/1080\/revisions\/1138"}],"wp:attachment":[{"href":"https:\/\/blogs.udima.es\/psicologia\/wp-json\/wp\/v2\/media?parent=1080"}],"curies":[{"name":"wp","href":"https:\/\/api.w.org\/{rel}","templated":true}]}}