{"id":1078,"date":"2016-11-21T11:40:42","date_gmt":"2016-11-21T11:40:42","guid":{"rendered":"http:\/\/blogs.udima.es\/psicologia\/?page_id=1078"},"modified":"2016-11-23T10:10:22","modified_gmt":"2016-11-23T10:10:22","slug":"tests-series-numeros-html","status":"publish","type":"page","link":"https:\/\/blogs.udima.es\/psicologia\/tests-series-numeros-html\/","title":{"rendered":"Pruebas Psicot\u00e9cnicas \u2013 Cap\u00edtulo 1. Inteligencia general \u2013 Series de N\u00fameros (SN)"},"content":{"rendered":"<p>Las series de n\u00fameros forman parte de los tests o pruebas de razonamiento. Eval\u00faan la capacidad para resolver problemas l\u00f3gicos, muy relacionados con la inteligencia general.<\/p>\n<p>Las pruebas psicot\u00e9cnicas de series de n\u00fameros est\u00e1n emparentadas con los tests de razonamiento de Thurstone.<\/p>\n<p>Consisten en n\u00fameros que siguen un orden l\u00f3gico, es decir, que forman una serie de n\u00fameros ordenados conforme a una l\u00f3gica.<\/p>\n<p>El trabajo del lector consiste en descubrir cu\u00e1l es el criterio de ordenaci\u00f3n de cada serie y en escribir el n\u00famero o n\u00fameros que seguir\u00edan en cada una.<\/p>\n<p>A t\u00edtulo de ejemplo, puede descargar gratuitamente y despues de suscribirse en nuestro bolet\u00edn mensual un fichero con 10 tests gratuitos entre los que se incluye un ejemplo de estos tipos de tests:<\/p>\n<p align=\"center\"><a href=\"http:\/\/tienda.cef.udima.es\/libros\/PRUEBAS-PSICOTECNICAS.html\" target=\"_blank\">Comprar libro Pruebas Psicot\u00e9cnicas<\/a><\/p>\n<p style=\"text-align: right;\">&raquo; <a href=\"https:\/\/blogs.udima.es\/psicologia\/tests-series-letras-html\/\">Pruebas Psicot\u00e9cnicas \u2013 Cap\u00edtulo 1. Inteligencia general &#8211; Series de Letras (SL)<\/a><\/p>\n<p style=\"text-align: left;\"><a href=\"https:\/\/blogs.udima.es\/psicologia\/tests-razonamiento-abstracto-html\/\"> Pruebas Psicot\u00e9cnicas \u2013 Cap\u00edtulo 1. Inteligencia general &#8211; Razonamiento Abstracto (RA)<\/a> &laquo;<\/p>\n","protected":false},"excerpt":{"rendered":"<p>Las series de n\u00fameros forman parte de los tests o pruebas de razonamiento. Eval\u00faan la capacidad para resolver problemas l\u00f3gicos, muy relacionados con la inteligencia general. Las pruebas psicot\u00e9cnicas de series de n\u00fameros est\u00e1n emparentadas con los tests de razonamiento de Thurstone. Consisten en n\u00fameros que siguen un orden l\u00f3gico, es decir, que forman una [&hellip;]<\/p>\n","protected":false},"author":25,"featured_media":0,"parent":0,"menu_order":0,"comment_status":"closed","ping_status":"open","template":"","meta":{"footnotes":""},"_links":{"self":[{"href":"https:\/\/blogs.udima.es\/psicologia\/wp-json\/wp\/v2\/pages\/1078"}],"collection":[{"href":"https:\/\/blogs.udima.es\/psicologia\/wp-json\/wp\/v2\/pages"}],"about":[{"href":"https:\/\/blogs.udima.es\/psicologia\/wp-json\/wp\/v2\/types\/page"}],"author":[{"embeddable":true,"href":"https:\/\/blogs.udima.es\/psicologia\/wp-json\/wp\/v2\/users\/25"}],"replies":[{"embeddable":true,"href":"https:\/\/blogs.udima.es\/psicologia\/wp-json\/wp\/v2\/comments?post=1078"}],"version-history":[{"count":3,"href":"https:\/\/blogs.udima.es\/psicologia\/wp-json\/wp\/v2\/pages\/1078\/revisions"}],"predecessor-version":[{"id":1136,"href":"https:\/\/blogs.udima.es\/psicologia\/wp-json\/wp\/v2\/pages\/1078\/revisions\/1136"}],"wp:attachment":[{"href":"https:\/\/blogs.udima.es\/psicologia\/wp-json\/wp\/v2\/media?parent=1078"}],"curies":[{"name":"wp","href":"https:\/\/api.w.org\/{rel}","templated":true}]}}