{"id":1076,"date":"2016-11-21T11:37:14","date_gmt":"2016-11-21T11:37:14","guid":{"rendered":"http:\/\/blogs.udima.es\/psicologia\/?page_id=1076"},"modified":"2016-11-23T10:04:53","modified_gmt":"2016-11-23T10:04:53","slug":"tests-razonamiento-abstracto-html","status":"publish","type":"page","link":"https:\/\/blogs.udima.es\/psicologia\/tests-razonamiento-abstracto-html\/","title":{"rendered":"Pruebas Psicot\u00e9cnicas \u2013 Cap\u00edtulo 1. Inteligencia general \u2013 Razonamiento Abstracto (RA)"},"content":{"rendered":"<p>Las pruebas psicot\u00e9cnicas de razonamiento abstracto eval\u00faan la capacidad o aptitud para resolver problemas l\u00f3gicos, deduciendo ciertas consecuencias de la situaci\u00f3n planteada. O sea, intentan descubrir la capacidad de razonamiento y an\u00e1lisis, factores mentales ambos muy vinculados a la inteligencia general. El razonamiento es una de las aptitudes mentales primarias, es decir, uno de los componentes de la inteligencia general. El razonamiento abstracto, junto con el razonamiento verbal, son los ingredientes de las habilidades cognitivas.<\/p>\n<p>En los \u00faltimos a\u00f1os estos tests de razonamiento abstracto est\u00e1n siendo cada vez m\u00e1s utilizados, tanto en selecci\u00f3n de personal como en psicolog\u00eda escolar.<\/p>\n<p>Los tests de razonamiento abstracto est\u00e1n muy saturados de \u201cfactor g\u201d. Pertenecen al grupo de tests de series gr\u00e1ficas, cuyos \u00edtems est\u00e1n colocados de tal manera que el lector ha de descubrir una ley interna que relaciona a los elementos gr\u00e1ficos (fase inductiva) para, despu\u00e9s, encontrar el correlato correspondiente (fase deductiva).<\/p>\n<p>Las pruebas de razonamiento abstracto que presenta <strong>Pruebas Psicot\u00e9cnicas<\/strong> se basan en hacer sustituciones de los signos o letras dados por su valor num\u00e9rico.<\/p>\n<p>A t\u00edtulo de ejemplo, puede descargar gratuitamente y despues de suscribirse en nuestro bolet\u00edn mensual un fichero con 10 tests gratuitos entre los que se incluye un ejemplo de estos tipos de tests:<\/p>\n<p align=\"center\"><a href=\"http:\/\/tienda.cef.udima.es\/libros\/PRUEBAS-PSICOTECNICAS.html\" target=\"_blank\">Comprar libro Pruebas Psicot\u00e9cnicas<\/a><\/p>\n<p style=\"text-align: right;\">&raquo; <a href=\"https:\/\/blogs.udima.es\/psicologia\/tests-series-numeros-html\/\">Pruebas Psicot\u00e9cnicas \u2013 Cap\u00edtulo 1. Inteligencia general &#8211; Series de N\u00fameros (SN)<\/a><\/p>\n<p style=\"text-align: left;\"><a href=\"https:\/\/blogs.udima.es\/psicologia\/tests-series-domino.html\/\"> Pruebas Psicot\u00e9cnicas \u2013 Cap\u00edtulo 1. Inteligencia general &#8211; Series de Domin\u00f3 (SD)<\/a> &laquo;<\/p>\n","protected":false},"excerpt":{"rendered":"<p>Las pruebas psicot\u00e9cnicas de razonamiento abstracto eval\u00faan la capacidad o aptitud para resolver problemas l\u00f3gicos, deduciendo ciertas consecuencias de la situaci\u00f3n planteada. O sea, intentan descubrir la capacidad de razonamiento y an\u00e1lisis, factores mentales ambos muy vinculados a la inteligencia general. El razonamiento es una de las aptitudes mentales primarias, es decir, uno de los [&hellip;]<\/p>\n","protected":false},"author":25,"featured_media":0,"parent":0,"menu_order":0,"comment_status":"closed","ping_status":"open","template":"","meta":{"footnotes":""},"_links":{"self":[{"href":"https:\/\/blogs.udima.es\/psicologia\/wp-json\/wp\/v2\/pages\/1076"}],"collection":[{"href":"https:\/\/blogs.udima.es\/psicologia\/wp-json\/wp\/v2\/pages"}],"about":[{"href":"https:\/\/blogs.udima.es\/psicologia\/wp-json\/wp\/v2\/types\/page"}],"author":[{"embeddable":true,"href":"https:\/\/blogs.udima.es\/psicologia\/wp-json\/wp\/v2\/users\/25"}],"replies":[{"embeddable":true,"href":"https:\/\/blogs.udima.es\/psicologia\/wp-json\/wp\/v2\/comments?post=1076"}],"version-history":[{"count":4,"href":"https:\/\/blogs.udima.es\/psicologia\/wp-json\/wp\/v2\/pages\/1076\/revisions"}],"predecessor-version":[{"id":1133,"href":"https:\/\/blogs.udima.es\/psicologia\/wp-json\/wp\/v2\/pages\/1076\/revisions\/1133"}],"wp:attachment":[{"href":"https:\/\/blogs.udima.es\/psicologia\/wp-json\/wp\/v2\/media?parent=1076"}],"curies":[{"name":"wp","href":"https:\/\/api.w.org\/{rel}","templated":true}]}}