{"id":1073,"date":"2016-11-21T10:24:44","date_gmt":"2016-11-21T10:24:44","guid":{"rendered":"http:\/\/blogs.udima.es\/psicologia\/?page_id=1073"},"modified":"2016-11-23T10:08:49","modified_gmt":"2016-11-23T10:08:49","slug":"tests-series-domino-html","status":"publish","type":"page","link":"https:\/\/blogs.udima.es\/psicologia\/tests-series-domino-html\/","title":{"rendered":"Pruebas Psicot\u00e9cnicas \u2013 Cap\u00edtulo 1. Inteligencia general \u2013 Series de Domin\u00f3 (SD)"},"content":{"rendered":"<p>Las pruebas psicot\u00e9cnicas de series de fichas de domin\u00f3 eval\u00faan eval\u00faan la inteligencia general o abstracta, en base a una l\u00f3gica subyacente al orden que siguen dichas fichas, que guardan una relaci\u00f3n entre s\u00ed.<\/p>\n<p>Estas series permiten descubrir la capacidad para elaborar conceptos y aplicar el razonamiento sistem\u00e1tico a nuevos problemas; es decir, las series de fichas de domin\u00f3 eval\u00faan las funciones centrales de la inteligencia (abstracci\u00f3n y comprensi\u00f3n de relaciones). Por eso, aportan una excelente evaluaci\u00f3n del factor \u201cg\u201d.<\/p>\n<p>Las series de fichas de domin\u00f3 forman parte de los tests no-verbales, por lo que se pueden aplicar a personas que no conozcan una determinada lengua e incluso no sepan leer ni escribir.<\/p>\n<p>En el fondo, las series de fichas de domin\u00f3 son series de n\u00fameros, aunque simbolizadas en fichas, que est\u00e1n representadas gr\u00e1ficamente.<\/p>\n<p>Contrariamente a lo que pudiera intuirse, estar familiarizado con este juego tan popular no supone ninguna ventaja para resolver las series de fichas de domin\u00f3, debido al nivel de abstracci\u00f3n que supone cada \u00edtem.<\/p>\n<p>Son pruebas cl\u00e1sicas y de las m\u00e1s utilizadas en el \u00e1rea de la selecci\u00f3n de personal, aunque se aplican tambi\u00e9n en orientaci\u00f3n escolar.<\/p>\n<p>En las series de fichas de domin\u00f3 el trabajo del aspirante consiste en descubrir qu\u00e9 secuencia l\u00f3gica, es decir, qu\u00e9 orden llevan las fichas de domin\u00f3. De esta forma, podr\u00e1 averiguar qu\u00e9 ficha continuar\u00eda la serie dada.<\/p>\n<p>A t\u00edtulo de ejemplo, puede descargar gratuitamente y despues de suscribirse en nuestro bolet\u00edn mensual un fichero con 10 tests gratuitos entre los que se incluye un ejemplo de estos tipos de tests:<\/p>\n<p align=\"center\"><a href=\"http:\/\/tienda.cef.udima.es\/libros\/PRUEBAS-PSICOTECNICAS.html\" target=\"_blank\">Comprar libro Pruebas Psicot\u00e9cnicas<\/a><\/p>\n<p style=\"text-align: right;\">&raquo; <a href=\"https:\/\/blogs.udima.es\/psicologia\/tests-razonamiento-abstracto-html\/\">Pruebas Psicot\u00e9cnicas \u2013 Cap\u00edtulo 1. Inteligencia general &#8211; Razonamiento Abstracto (RA)<\/a><\/p>\n<p style=\"text-align: left;\"><a href=\"https:\/\/blogs.udima.es\/psicologia\/tests-series-figuras.html\/\"> Pruebas Psicot\u00e9cnicas \u2013 Cap\u00edtulo 1. Inteligencia general &#8211; Series de Figuras (SF)<\/a> &laquo;<\/p>\n","protected":false},"excerpt":{"rendered":"<p>Las pruebas psicot\u00e9cnicas de series de fichas de domin\u00f3 eval\u00faan eval\u00faan la inteligencia general o abstracta, en base a una l\u00f3gica subyacente al orden que siguen dichas fichas, que guardan una relaci\u00f3n entre s\u00ed. Estas series permiten descubrir la capacidad para elaborar conceptos y aplicar el razonamiento sistem\u00e1tico a nuevos problemas; es decir, las series [&hellip;]<\/p>\n","protected":false},"author":25,"featured_media":0,"parent":0,"menu_order":0,"comment_status":"closed","ping_status":"open","template":"","meta":{"footnotes":""},"_links":{"self":[{"href":"https:\/\/blogs.udima.es\/psicologia\/wp-json\/wp\/v2\/pages\/1073"}],"collection":[{"href":"https:\/\/blogs.udima.es\/psicologia\/wp-json\/wp\/v2\/pages"}],"about":[{"href":"https:\/\/blogs.udima.es\/psicologia\/wp-json\/wp\/v2\/types\/page"}],"author":[{"embeddable":true,"href":"https:\/\/blogs.udima.es\/psicologia\/wp-json\/wp\/v2\/users\/25"}],"replies":[{"embeddable":true,"href":"https:\/\/blogs.udima.es\/psicologia\/wp-json\/wp\/v2\/comments?post=1073"}],"version-history":[{"count":3,"href":"https:\/\/blogs.udima.es\/psicologia\/wp-json\/wp\/v2\/pages\/1073\/revisions"}],"predecessor-version":[{"id":1135,"href":"https:\/\/blogs.udima.es\/psicologia\/wp-json\/wp\/v2\/pages\/1073\/revisions\/1135"}],"wp:attachment":[{"href":"https:\/\/blogs.udima.es\/psicologia\/wp-json\/wp\/v2\/media?parent=1073"}],"curies":[{"name":"wp","href":"https:\/\/api.w.org\/{rel}","templated":true}]}}