{"id":1070,"date":"2016-11-21T09:09:04","date_gmt":"2016-11-21T09:09:04","guid":{"rendered":"http:\/\/blogs.udima.es\/psicologia\/?page_id=1070"},"modified":"2016-11-23T09:57:25","modified_gmt":"2016-11-23T09:57:25","slug":"tests-series-figuras-html","status":"publish","type":"page","link":"https:\/\/blogs.udima.es\/psicologia\/tests-series-figuras-html\/","title":{"rendered":"Pruebas Psicot\u00e9cnicas \u2013 Cap\u00edtulo 1. Inteligencia general &#8211; Series de Figuras (SF)"},"content":{"rendered":"<p><a href=\"https:\/\/blogs.udima.es\/psicologia\/wp-content\/uploads\/hoja-series-figuras.png\"><img loading=\"lazy\" decoding=\"async\" class=\" size-full wp-image-1071 alignleft\" src=\"https:\/\/blogs.udima.es\/psicologia\/wp-content\/uploads\/hoja-series-figuras.png\" alt=\"Libro Pruebas Psicot\u00e9cnicas\" width=\"214\" height=\"297\" \/><\/a>Los tests de Series de Figuras eval\u00faan la inteligencia general y, m\u00e1s concretamente, la capacidad de abstracci\u00f3n, que es la base de todo el proceso mental inteligente.<\/p>\n<p>Las series de figuras ponen en evidencia y eval\u00faan la capacidad para deducir los principios l\u00f3gicos en base a unas figuras que siguen un orden l\u00f3gico, es decir, que forman una verdadera serie, ya que van modific\u00e1ndose en determinado sentido.<\/p>\n<p>El lector o alumno deber\u00e1 descubrir en qu\u00e9 sentido va cambiando cada serie de figuras para as\u00ed deducir la que continuar\u00eda la serie dada.<\/p>\n<p>As\u00ed pues, se trata de completar o continuar series de figuras (geom\u00e9tricas o no), siguiendo la regla de ordenaci\u00f3n o de organizaci\u00f3n de cada una.<\/p>\n<p>Las series de figuras forman parte de las pruebas no-verbales, ya que no contienen palabras. Por eso mismo, se les denomina \u201clibres de cultura\u201d, ya que, para responder a sus preguntas no se requiere saber leer ni escribir.<\/p>\n<p>El primero que elabor\u00f3 pruebas psicot\u00e9cnicas libres de cultura fue el ej\u00e9rcito norteamericano (test Beta) durante la Primera Guerra Mundial para aplicarla a los individuo que no pod\u00edan responder al test Alfa (verbal) a causa de su lengua extranjera o de su analfabetismo. En efecto, el problema que se plante\u00f3 a dicho ej\u00e9rcito se puede resumir as\u00ed: cuando en 1917 los Estados Unidos decidieron participar en dicha guerra, la APA (American Psychological Association) nombr\u00f3 un comit\u00e9 para que estudiara de qu\u00e9 manera pod\u00eda la psicolog\u00eda colaborar en ella; este comit\u00e9 vio de inmediato la necesidad de clasificar r\u00e1pidamente en nivel intelectual general de mill\u00f3n y medio de reclutas; as\u00ed naci\u00f3 el primer test de inteligencia colectivo.<\/p>\n<p>A t\u00edtulo de ejemplo, puede descargar gratuitamente y despues de suscribirse en nuestro bolet\u00edn mensual un fichero con 10 tests gratuitos entre los que se incluye un ejemplo de estos tipos de tests:<\/p>\n<p style=\"text-align: center;\"><a href=\"http:\/\/tienda.cef.udima.es\/libros\/PRUEBAS-PSICOTECNICAS.html\" target=\"_blank\">Comprar libro Pruebas Psicot\u00e9cnicas<\/a><\/p>\n<p style=\"text-align: right;\">\u00bb <a href=\"https:\/\/blogs.udima.es\/psicologia\/tests-series-domino-html\/\">Pruebas Psicot\u00e9cnicas \u2013 Cap\u00edtulo 1. Inteligencia general \u2013 Series de Domin\u00f3 (SD)<\/a><\/p>\n<p style=\"text-align: left;\"><a href=\"https:\/\/blogs.udima.es\/psicologia\/tests-inteligencia-general-html\/\">Pruebas Psicot\u00e9cnicas \u2013 Cap\u00edtulo 1. Inteligencia general<\/a> \u00ab<\/p>\n","protected":false},"excerpt":{"rendered":"<p>Los tests de Series de Figuras eval\u00faan la inteligencia general y, m\u00e1s concretamente, la capacidad de abstracci\u00f3n, que es la base de todo el proceso mental inteligente. Las series de figuras ponen en evidencia y eval\u00faan la capacidad para deducir los principios l\u00f3gicos en base a unas figuras que siguen un orden l\u00f3gico, es decir, [&hellip;]<\/p>\n","protected":false},"author":25,"featured_media":0,"parent":0,"menu_order":0,"comment_status":"closed","ping_status":"open","template":"","meta":{"footnotes":""},"_links":{"self":[{"href":"https:\/\/blogs.udima.es\/psicologia\/wp-json\/wp\/v2\/pages\/1070"}],"collection":[{"href":"https:\/\/blogs.udima.es\/psicologia\/wp-json\/wp\/v2\/pages"}],"about":[{"href":"https:\/\/blogs.udima.es\/psicologia\/wp-json\/wp\/v2\/types\/page"}],"author":[{"embeddable":true,"href":"https:\/\/blogs.udima.es\/psicologia\/wp-json\/wp\/v2\/users\/25"}],"replies":[{"embeddable":true,"href":"https:\/\/blogs.udima.es\/psicologia\/wp-json\/wp\/v2\/comments?post=1070"}],"version-history":[{"count":5,"href":"https:\/\/blogs.udima.es\/psicologia\/wp-json\/wp\/v2\/pages\/1070\/revisions"}],"predecessor-version":[{"id":1128,"href":"https:\/\/blogs.udima.es\/psicologia\/wp-json\/wp\/v2\/pages\/1070\/revisions\/1128"}],"wp:attachment":[{"href":"https:\/\/blogs.udima.es\/psicologia\/wp-json\/wp\/v2\/media?parent=1070"}],"curies":[{"name":"wp","href":"https:\/\/api.w.org\/{rel}","templated":true}]}}