{"id":8874,"date":"2026-05-07T13:24:32","date_gmt":"2026-05-07T13:24:32","guid":{"rendered":"https:\/\/blogs.udima.es\/periodismo\/?page_id=8874"},"modified":"2026-05-07T13:43:50","modified_gmt":"2026-05-07T13:43:50","slug":"acerca-de-udima","status":"publish","type":"page","link":"https:\/\/blogs.udima.es\/periodismo\/acerca-de-udima\/","title":{"rendered":"Acerca de UDIMA"},"content":{"rendered":"\n<p>\u00a1Hola! Bienvenido al Blog de Comunicaci\u00f3n de la\u00a0<a href=\"https:\/\/www.udima.es\/\" target=\"_blank\" rel=\"noreferrer noopener\">Universidad a Distancia de Madrid<\/a>\u00a0(UDIMA)<\/p>\n\n\n\n<p>Somos una Universidad flexible y cercana a pesar de ser una Universidad a distancia. Y es que gracias a las nuevas tecnolog\u00edas con nosotros puedes compaginar tu vida laboral y personal con el estudio de&nbsp;<a href=\"https:\/\/www.udima.es\/grados\" target=\"_blank\" rel=\"noreferrer noopener\">Grados<\/a>&nbsp;oficiales superiores adaptados al Espacio Europeo de Educaci\u00f3n Superior,&nbsp;<a href=\"https:\/\/www.udima.es\/masteres\" target=\"_blank\" rel=\"noreferrer noopener\">M\u00e1sters Oficiales<\/a>&nbsp;y&nbsp;<a href=\"https:\/\/www.udima.es\/titulos-propios\" target=\"_blank\" rel=\"noreferrer noopener\">T\u00edtulos Propios<\/a>. En la Universidad a Distancia de Madrid (UDIMA) contar\u00e1s siempre con&nbsp;<a href=\"https:\/\/www.udima.es\/claustro\" target=\"_blank\" rel=\"noreferrer noopener\">profesores<\/a>&nbsp;que te ayudar\u00e1n en el estudio y estar\u00e1n siempre a tu lado para resolver tus dudas. Si, esto es posible, la universidad entra en tu casa porque t\u00fa no vas a la universidad, la universidad viene a ti.<\/p>\n\n\n\n<p><a href=\"https:\/\/www.udima.es\/grado-comunicacion-corporativa\" target=\"_blank\" rel=\"noreferrer noopener\">M\u00e1s informaci\u00f3n<\/a>\u00a0sobre el Grado en Comunicaci\u00f3n Corporativa.<\/p>\n\n\n\n<p><\/p>\n","protected":false},"excerpt":{"rendered":"<p>\u00a1Hola! Bienvenido al Blog de Comunicaci\u00f3n de la\u00a0Universidad a Distancia de Madrid\u00a0(UDIMA) Somos una Universidad flexible y cercana a pesar de ser una Universidad a distancia. Y es que gracias a las nuevas tecnolog\u00edas con nosotros puedes compaginar tu vida laboral y personal con el estudio de&nbsp;Grados&nbsp;oficiales superiores adaptados al Espacio Europeo de Educaci\u00f3n Superior,&nbsp;M\u00e1sters&#8230;<\/p>\n","protected":false},"author":1,"featured_media":0,"parent":0,"menu_order":0,"comment_status":"closed","ping_status":"closed","template":"","meta":{"_kad_post_transparent":"","_kad_post_title":"","_kad_post_layout":"","_kad_post_sidebar_id":"","_kad_post_content_style":"","_kad_post_vertical_padding":"","_kad_post_feature":"","_kad_post_feature_position":"","_kad_post_header":false,"_kad_post_footer":false,"_kad_post_classname":"","footnotes":""},"class_list":["post-8874","page","type-page","status-publish","hentry"],"_links":{"self":[{"href":"https:\/\/blogs.udima.es\/periodismo\/wp-json\/wp\/v2\/pages\/8874","targetHints":{"allow":["GET"]}}],"collection":[{"href":"https:\/\/blogs.udima.es\/periodismo\/wp-json\/wp\/v2\/pages"}],"about":[{"href":"https:\/\/blogs.udima.es\/periodismo\/wp-json\/wp\/v2\/types\/page"}],"author":[{"embeddable":true,"href":"https:\/\/blogs.udima.es\/periodismo\/wp-json\/wp\/v2\/users\/1"}],"replies":[{"embeddable":true,"href":"https:\/\/blogs.udima.es\/periodismo\/wp-json\/wp\/v2\/comments?post=8874"}],"version-history":[{"count":2,"href":"https:\/\/blogs.udima.es\/periodismo\/wp-json\/wp\/v2\/pages\/8874\/revisions"}],"predecessor-version":[{"id":8886,"href":"https:\/\/blogs.udima.es\/periodismo\/wp-json\/wp\/v2\/pages\/8874\/revisions\/8886"}],"wp:attachment":[{"href":"https:\/\/blogs.udima.es\/periodismo\/wp-json\/wp\/v2\/media?parent=8874"}],"curies":[{"name":"wp","href":"https:\/\/api.w.org\/{rel}","templated":true}]}}