{"id":2172,"date":"2008-03-11T11:31:12","date_gmt":"2008-03-11T05:31:12","guid":{"rendered":"http:\/\/blogs.udima.es\/educatic\/?page_id=2172"},"modified":"2008-03-11T11:31:12","modified_gmt":"2008-03-11T05:31:12","slug":"about","status":"publish","type":"page","link":"https:\/\/blogs.udima.es\/educatic\/about\/","title":{"rendered":"Acerca de UDIMA"},"content":{"rendered":"<p>\u00a1Hola! Bienvenido al Blog de Educaci\u00f3n y Nuevas Tecnolog\u00edas de la <a href=\"http:\/\/www.udima.es\" target=\"_blank\">Universidad a Distancia de Madrid<\/a> (UDIMA)<\/p>\n<p>Somos una Universidad flexible y cercana a pesar de ser una Universidad a distancia. Y es que gracias a las nuevas tecnolog\u00edas con nosotros puedes compaginar tu vida laboral y personal con el estudio de <a href=\"http:\/\/www.udima.es\/es\/informacion-general.html\" target=\"_blank\">Grados <\/a>oficiales superiores adaptados al Espacio Europeo de Educaci\u00f3n Superior, <a href=\"http:\/\/www.udima.es\/es\/informacion-general-master.html\" target=\"_blank\">M\u00e1sters Oficiales <\/a>y <a href=\"http:\/\/www.udima.es\/es\/informacion-titulos-propios.html\" target=\"_blank\">T\u00edtulos Propios<\/a>. En la Universidad a Distancia de Madrid (UDIMA) contar\u00e1s siempre con <a href=\"http:\/\/www.udima.es\/es\/claustro.html\" target=\"_blank\">profesores <\/a>que te ayudar\u00e1n en el estudio y estar\u00e1n siempre a tu lado para resolver tus dudas. Si, esto es posible, la universidad entra en tu casa porque t\u00fa no vas a la universidad, la universidad viene a ti. <\/p>\n<p><a href=\"http:\/\/www.udima.es\/es\/master-educacion-nuevas-tecnologias.html\" target=\"_blank\">M\u00e1s informaci\u00f3n<\/a> sobre el M\u00e1ster Universitario en Educaci\u00f3n y Nuevas Tecnolog\u00edas.<\/p>\n","protected":false},"excerpt":{"rendered":"<p>\u00a1Hola! Bienvenido al Blog de Educaci\u00f3n y Nuevas Tecnolog\u00edas de la Universidad a Distancia de Madrid (UDIMA) Somos una Universidad flexible y cercana a pesar de ser una Universidad a distancia. Y es que gracias a las nuevas tecnolog\u00edas con nosotros puedes compaginar tu vida laboral y personal con el estudio de Grados oficiales superiores [&hellip;]<\/p>\n","protected":false},"author":2,"featured_media":0,"parent":0,"menu_order":0,"comment_status":"open","ping_status":"open","template":"","meta":{"footnotes":""},"yoast_head":"<!-- This site is optimized with the Yoast SEO plugin v22.9 - https:\/\/yoast.com\/wordpress\/plugins\/seo\/ -->\n<title>Acerca de UDIMA - Blog Edutic - Educaci\u00f3n y Nuevas Tecnolog\u00edas | UDIMA<\/title>\n<meta name=\"robots\" content=\"index, follow, max-snippet:-1, max-image-preview:large, max-video-preview:-1\" \/>\n<link rel=\"canonical\" href=\"https:\/\/blogs.udima.es\/educatic\/about\/\" \/>\n<meta property=\"og:locale\" content=\"es_ES\" \/>\n<meta property=\"og:type\" content=\"article\" \/>\n<meta property=\"og:title\" content=\"Acerca de UDIMA - Blog Edutic - Educaci\u00f3n y Nuevas Tecnolog\u00edas | UDIMA\" \/>\n<meta property=\"og:description\" content=\"\u00a1Hola! Bienvenido al Blog de Educaci\u00f3n y Nuevas Tecnolog\u00edas de la Universidad a Distancia de Madrid (UDIMA) Somos una Universidad flexible y cercana a pesar de ser una Universidad a distancia. Y es que gracias a las nuevas tecnolog\u00edas con nosotros puedes compaginar tu vida laboral y personal con el estudio de Grados oficiales superiores [&hellip;]\" \/>\n<meta property=\"og:url\" content=\"https:\/\/blogs.udima.es\/educatic\/about\/\" \/>\n<meta property=\"og:site_name\" content=\"Blog Edutic - Educaci\u00f3n y Nuevas Tecnolog\u00edas | UDIMA\" \/>\n<meta name=\"twitter:card\" content=\"summary_large_image\" \/>\n<meta name=\"twitter:label1\" content=\"Tiempo de lectura\" \/>\n\t<meta name=\"twitter:data1\" content=\"1 minuto\" \/>\n<script type=\"application\/ld+json\" class=\"yoast-schema-graph\">{\"@context\":\"https:\/\/schema.org\",\"@graph\":[{\"@type\":\"WebPage\",\"@id\":\"https:\/\/blogs.udima.es\/educatic\/about\/\",\"url\":\"https:\/\/blogs.udima.es\/educatic\/about\/\",\"name\":\"Acerca de UDIMA - Blog Edutic - Educaci\u00f3n y Nuevas Tecnolog\u00edas | UDIMA\",\"isPartOf\":{\"@id\":\"https:\/\/blogs.udima.es\/educatic\/#website\"},\"datePublished\":\"2008-03-11T05:31:12+00:00\",\"dateModified\":\"2008-03-11T05:31:12+00:00\",\"breadcrumb\":{\"@id\":\"https:\/\/blogs.udima.es\/educatic\/about\/#breadcrumb\"},\"inLanguage\":\"es\",\"potentialAction\":[{\"@type\":\"ReadAction\",\"target\":[\"https:\/\/blogs.udima.es\/educatic\/about\/\"]}]},{\"@type\":\"BreadcrumbList\",\"@id\":\"https:\/\/blogs.udima.es\/educatic\/about\/#breadcrumb\",\"itemListElement\":[{\"@type\":\"ListItem\",\"position\":1,\"name\":\"Portada\",\"item\":\"https:\/\/blogs.udima.es\/educatic\/\"},{\"@type\":\"ListItem\",\"position\":2,\"name\":\"Acerca de UDIMA\"}]},{\"@type\":\"WebSite\",\"@id\":\"https:\/\/blogs.udima.es\/educatic\/#website\",\"url\":\"https:\/\/blogs.udima.es\/educatic\/\",\"name\":\"Blog Edutic - Educaci\u00f3n y Nuevas Tecnolog\u00edas | UDIMA\",\"description\":\"\",\"potentialAction\":[{\"@type\":\"SearchAction\",\"target\":{\"@type\":\"EntryPoint\",\"urlTemplate\":\"https:\/\/blogs.udima.es\/educatic\/?s={search_term_string}\"},\"query-input\":\"required name=search_term_string\"}],\"inLanguage\":\"es\"}]}<\/script>\n<!-- \/ Yoast SEO plugin. -->","yoast_head_json":{"title":"Acerca de UDIMA - Blog Edutic - Educaci\u00f3n y Nuevas Tecnolog\u00edas | UDIMA","robots":{"index":"index","follow":"follow","max-snippet":"max-snippet:-1","max-image-preview":"max-image-preview:large","max-video-preview":"max-video-preview:-1"},"canonical":"https:\/\/blogs.udima.es\/educatic\/about\/","og_locale":"es_ES","og_type":"article","og_title":"Acerca de UDIMA - Blog Edutic - Educaci\u00f3n y Nuevas Tecnolog\u00edas | UDIMA","og_description":"\u00a1Hola! Bienvenido al Blog de Educaci\u00f3n y Nuevas Tecnolog\u00edas de la Universidad a Distancia de Madrid (UDIMA) Somos una Universidad flexible y cercana a pesar de ser una Universidad a distancia. Y es que gracias a las nuevas tecnolog\u00edas con nosotros puedes compaginar tu vida laboral y personal con el estudio de Grados oficiales superiores [&hellip;]","og_url":"https:\/\/blogs.udima.es\/educatic\/about\/","og_site_name":"Blog Edutic - Educaci\u00f3n y Nuevas Tecnolog\u00edas | UDIMA","twitter_card":"summary_large_image","twitter_misc":{"Tiempo de lectura":"1 minuto"},"schema":{"@context":"https:\/\/schema.org","@graph":[{"@type":"WebPage","@id":"https:\/\/blogs.udima.es\/educatic\/about\/","url":"https:\/\/blogs.udima.es\/educatic\/about\/","name":"Acerca de UDIMA - Blog Edutic - Educaci\u00f3n y Nuevas Tecnolog\u00edas | UDIMA","isPartOf":{"@id":"https:\/\/blogs.udima.es\/educatic\/#website"},"datePublished":"2008-03-11T05:31:12+00:00","dateModified":"2008-03-11T05:31:12+00:00","breadcrumb":{"@id":"https:\/\/blogs.udima.es\/educatic\/about\/#breadcrumb"},"inLanguage":"es","potentialAction":[{"@type":"ReadAction","target":["https:\/\/blogs.udima.es\/educatic\/about\/"]}]},{"@type":"BreadcrumbList","@id":"https:\/\/blogs.udima.es\/educatic\/about\/#breadcrumb","itemListElement":[{"@type":"ListItem","position":1,"name":"Portada","item":"https:\/\/blogs.udima.es\/educatic\/"},{"@type":"ListItem","position":2,"name":"Acerca de UDIMA"}]},{"@type":"WebSite","@id":"https:\/\/blogs.udima.es\/educatic\/#website","url":"https:\/\/blogs.udima.es\/educatic\/","name":"Blog Edutic - Educaci\u00f3n y Nuevas Tecnolog\u00edas | UDIMA","description":"","potentialAction":[{"@type":"SearchAction","target":{"@type":"EntryPoint","urlTemplate":"https:\/\/blogs.udima.es\/educatic\/?s={search_term_string}"},"query-input":"required name=search_term_string"}],"inLanguage":"es"}]}},"_links":{"self":[{"href":"https:\/\/blogs.udima.es\/educatic\/wp-json\/wp\/v2\/pages\/2172"}],"collection":[{"href":"https:\/\/blogs.udima.es\/educatic\/wp-json\/wp\/v2\/pages"}],"about":[{"href":"https:\/\/blogs.udima.es\/educatic\/wp-json\/wp\/v2\/types\/page"}],"author":[{"embeddable":true,"href":"https:\/\/blogs.udima.es\/educatic\/wp-json\/wp\/v2\/users\/2"}],"replies":[{"embeddable":true,"href":"https:\/\/blogs.udima.es\/educatic\/wp-json\/wp\/v2\/comments?post=2172"}],"version-history":[{"count":0,"href":"https:\/\/blogs.udima.es\/educatic\/wp-json\/wp\/v2\/pages\/2172\/revisions"}],"wp:attachment":[{"href":"https:\/\/blogs.udima.es\/educatic\/wp-json\/wp\/v2\/media?parent=2172"}],"curies":[{"name":"wp","href":"https:\/\/api.w.org\/{rel}","templated":true}]}}