{"id":770,"date":"2010-07-27T12:27:15","date_gmt":"2010-07-27T12:27:15","guid":{"rendered":"http:\/\/www.derechoudima.com\/?page_id=2"},"modified":"2016-10-19T10:08:08","modified_gmt":"2016-10-19T10:08:08","slug":"acerca-de","status":"publish","type":"page","link":"https:\/\/blogs.udima.es\/derecho\/acerca-de\/","title":{"rendered":"Acerca de UDIMA"},"content":{"rendered":"<p>[vc_row][vc_column][vc_column_text]Bienvenido al Blog de Derecho de la <a href=\"http:\/\/www.udima.es\" target=\"_blank\">Universidad a Distancia de Madrid<\/a> (UDIMA)<\/p>\n<p>Somos una Universidad flexible y cercana a pesar de ser una Universidad a distancia. Y es que gracias a las nuevas tecnolog\u00edas con nosotros puedes compaginar tu vida laboral y personal con el estudio de <a href=\"http:\/\/www.udima.es\/es\/informacion-general.html\" target=\"_blank\">Grados<\/a> oficiales superiores adaptados al Espacio Europeo de Educaci\u00f3n Superior, <a href=\"http:\/\/www.udima.es\/es\/informacion-general-master.html\" target=\"_blank\">Masters Oficiales<\/a> y <a href=\"http:\/\/www.udima.es\/es\/informacion-titulos-propios.html\" target=\"_blank\">T\u00edtulos Propios<\/a>. En la Universidad a Distancia de Madrid (UDIMA) contar\u00e1s siempre con <a href=\"http:\/\/www.udima.es\/es\/claustro.html\" target=\"_blank\">profesores<\/a> que te ayudar\u00e1n en el estudio y estar\u00e1n siempre a tu lado para resolver tus dudas. Si, esto es posible, la universidad entra en tu casa porque t\u00fa no vas a la universidad, la universidad viene a ti.<\/p>\n<p><a href=\"http:\/\/www.udima.es\/es\/grado-derecho.html\" target=\"_blank\">M\u00e1s informaci\u00f3n<\/a> sobre el Grado en Derecho.<\/p>\n<p>[\/vc_column_text][\/vc_column][\/vc_row][vc_row][vc_column][vc_masonry_media_grid element_width=\u00bb6&#8243; item=\u00bbmasonryMedia_SolidBlurOut\u00bb grid_id=\u00bbvc_gid:1476871629014-afb79332-4204-7&#8243; include=\u00bb1689,1690,1691,1692,1693,1694,1695,1696,1697,1698,1699&#8243;][\/vc_column][\/vc_row]<\/p>\n","protected":false},"excerpt":{"rendered":"<p>[vc_row][vc_column][vc_column_text]Bienvenido al Blog de Derecho de la Universidad a Distancia de Madrid (UDIMA) Somos una Universidad flexible y cercana a pesar de ser una Universidad a distancia. Y es que gracias a las nuevas tecnolog\u00edas con nosotros puedes compaginar tu vida laboral y personal con el estudio de Grados oficiales superiores adaptados al Espacio Europeo [&hellip;]<\/p>\n","protected":false},"author":2,"featured_media":0,"parent":0,"menu_order":0,"comment_status":"open","ping_status":"open","template":"","meta":{"footnotes":""},"_links":{"self":[{"href":"https:\/\/blogs.udima.es\/derecho\/wp-json\/wp\/v2\/pages\/770"}],"collection":[{"href":"https:\/\/blogs.udima.es\/derecho\/wp-json\/wp\/v2\/pages"}],"about":[{"href":"https:\/\/blogs.udima.es\/derecho\/wp-json\/wp\/v2\/types\/page"}],"author":[{"embeddable":true,"href":"https:\/\/blogs.udima.es\/derecho\/wp-json\/wp\/v2\/users\/2"}],"replies":[{"embeddable":true,"href":"https:\/\/blogs.udima.es\/derecho\/wp-json\/wp\/v2\/comments?post=770"}],"version-history":[{"count":6,"href":"https:\/\/blogs.udima.es\/derecho\/wp-json\/wp\/v2\/pages\/770\/revisions"}],"predecessor-version":[{"id":1688,"href":"https:\/\/blogs.udima.es\/derecho\/wp-json\/wp\/v2\/pages\/770\/revisions\/1688"}],"wp:attachment":[{"href":"https:\/\/blogs.udima.es\/derecho\/wp-json\/wp\/v2\/media?parent=770"}],"curies":[{"name":"wp","href":"https:\/\/api.w.org\/{rel}","templated":true}]}}