{"id":963,"date":"2016-05-30T13:47:35","date_gmt":"2016-05-30T11:47:35","guid":{"rendered":"http:\/\/blogs.udima.es\/criminologia\/?page_id=963"},"modified":"2017-04-07T10:30:44","modified_gmt":"2017-04-07T08:30:44","slug":"criminologia-tv","status":"publish","type":"page","link":"https:\/\/blogs.udima.es\/criminologia\/criminologia-tv\/","title":{"rendered":""},"content":{"rendered":"<p>[vc_row][vc_column width=\u00bb1\/3&#8243;][vc_single_image image=\u00bb964&#8243; img_size=\u00bb250&#215;250&#8243; onclick=\u00bbcustom_link\u00bb css=\u00bb.vc_custom_1491553930344{padding-top: 15px !important;}\u00bb link=\u00bbhttps:\/\/blogs.udima.es\/criminologia\/seguridad-convivencia-escolar\/\u00bb][\/vc_column][vc_column width=\u00bb2\/3&#8243;][vc_column_text]<\/p>\n<h3><a href=\"https:\/\/blogs.udima.es\/criminologia\/seguridad-convivencia-escolar\/\">Seguridad y convivencia escolar<\/a><\/h3>\n<p>En esta serie de cap\u00edtulos guiada por Abel Gonz\u00e1lez, doctor en criminolog\u00eda y docente de la UDIMA, abordamos\u00a0la tem\u00e1tica del acoso a menores principalmente en centros escolares, de los que se exponen algunos casos. Haremos un repaso de los nuevos programas y m\u00e9todos que se est\u00e1n desarrollando para luchar contra este problema social. Adem\u00e1s, observaremos c\u00f3mo ha evolucionado esta problem\u00e1tica con el paso del tiempo, ahora m\u00e1s que nunca,\u00a0apoy\u00e1ndose\u00a0en las nuevas tecnolog\u00edas.[\/vc_column_text][\/vc_column][\/vc_row][vc_row][vc_column][vc_separator][\/vc_column][\/vc_row][vc_row][vc_column width=\u00bb1\/3&#8243;][vc_single_image image=\u00bb1077&#8243; img_size=\u00bb250&#215;250&#8243; onclick=\u00bbcustom_link\u00bb css=\u00bb.vc_custom_1491553947753{padding-top: 15px !important;}\u00bb link=\u00bbhttps:\/\/blogs.udima.es\/criminologia\/temporadas-se-ha-redactado-un-crimen\/\u00bb][\/vc_column][vc_column width=\u00bb2\/3&#8243;][vc_column_text]<\/p>\n<h3><a href=\"https:\/\/blogs.udima.es\/criminologia\/temporadas-se-ha-redactado-un-crimen\/\">Se ha redactado un crimen<\/a><\/h3>\n<p>De la uni\u00f3n de dos \u00e1reas como son el periodismo y la criminolog\u00eda nace la serie \u00abSe ha redactado un crimen\u00bb, un conjunto de cap\u00edtulos dirigidos por V\u00edctor N\u00fa\u00f1ez y Abel Gonz\u00e1lez, ambos docentes en la UDIMA\u00a0de los grados de periodismo y criminolog\u00eda respectivamente. El objetivo de esta serie en sus diferentes temporadas no es otro que el de analizar el tratamiento que realizan\u00a0los medios de comunicaci\u00f3n a las noticias de actualidad o\u00a0profundizar en tem\u00e1ticas como el acoso escolar y el maltrato entre otros.[\/vc_column_text][\/vc_column][\/vc_row][vc_row][vc_column][vc_separator][\/vc_column][\/vc_row][vc_row][vc_column width=\u00bb1\/3&#8243;][vc_single_image image=\u00bb1223&#8243; img_size=\u00bb250&#215;250&#8243; onclick=\u00bbcustom_link\u00bb link=\u00bbhttps:\/\/blogs.udima.es\/criminologia\/club-novela-negra\/\u00bb][\/vc_column][vc_column width=\u00bb2\/3&#8243;][vc_column_text]<\/p>\n<h3><a href=\"https:\/\/blogs.udima.es\/criminologia\/club-novela-negra\/\">Club de Novela Negra<\/a><\/h3>\n<p>Bienvenidos al Club de Novela Negra. Una serie de cap\u00edtulos dirigidos por los profesores de la UDIMA\u00a0Abel Gonz\u00e1lez y Carlos Emilio Segade, y que tienen como objetivos fomentar la lectura de este g\u00e9nero literario, adem\u00e1s de abrir un debate literario centrado en el an\u00e1lisis de la obra de g\u00e9nero negro y criminol\u00f3gico, basado en el an\u00e1lisis de la realidad compleja que se presenta en la novela criminal, polic\u00edaca.[\/vc_column_text][\/vc_column][\/vc_row]<\/p>\n","protected":false},"excerpt":{"rendered":"<p>[vc_row][vc_column width=\u00bb1\/3&#8243;][vc_single_image image=\u00bb964&#8243; img_size=\u00bb250&#215;250&#8243; onclick=\u00bbcustom_link\u00bb css=\u00bb.vc_custom_1491553930344{padding-top: 15px !important;}\u00bb link=\u00bbhttps:\/\/blogs.udima.es\/criminologia\/seguridad-convivencia-escolar\/\u00bb][\/vc_column][vc_column width=\u00bb2\/3&#8243;][vc_column_text] Seguridad y convivencia escolar En esta serie de cap\u00edtulos guiada por Abel Gonz\u00e1lez, doctor en criminolog\u00eda y docente de la UDIMA, abordamos\u00a0la tem\u00e1tica del acoso a menores principalmente en centros escolares, de los que se exponen algunos casos. Haremos un repaso de los nuevos programas [&hellip;]<\/p>\n","protected":false},"author":1,"featured_media":0,"parent":0,"menu_order":0,"comment_status":"closed","ping_status":"open","template":"","meta":{"footnotes":""},"yoast_head":"<!-- This site is optimized with the Yoast SEO plugin v22.9 - https:\/\/yoast.com\/wordpress\/plugins\/seo\/ -->\n<title>Criminolog\u00eda TV -Blog de Criminolog\u00eda<\/title>\n<meta name=\"description\" content=\"Descubre las series en v\u00eddeo donde expertos e investigadores exponen y llevan a debate diversos temas relacionados con el mundo de la criminolog\u00eda.\" \/>\n<meta name=\"robots\" content=\"index, follow, max-snippet:-1, max-image-preview:large, max-video-preview:-1\" \/>\n<link rel=\"canonical\" href=\"https:\/\/blogs.udima.es\/criminologia\/criminologia-tv\/\" \/>\n<meta property=\"og:locale\" content=\"es_ES\" \/>\n<meta property=\"og:type\" content=\"article\" \/>\n<meta property=\"og:title\" content=\"Criminolog\u00eda TV -Blog de Criminolog\u00eda\" \/>\n<meta property=\"og:description\" content=\"Descubre las series en v\u00eddeo donde expertos e investigadores exponen y llevan a debate diversos temas relacionados con el mundo de la criminolog\u00eda.\" \/>\n<meta property=\"og:url\" content=\"https:\/\/blogs.udima.es\/criminologia\/criminologia-tv\/\" \/>\n<meta property=\"og:site_name\" content=\"Blog de Criminolog\u00eda - Universidad a Distancia de Madrid | UDIMA\" \/>\n<meta property=\"article:modified_time\" content=\"2017-04-07T08:30:44+00:00\" \/>\n<meta name=\"twitter:card\" content=\"summary_large_image\" \/>\n<meta name=\"twitter:label1\" content=\"Tiempo de lectura\" \/>\n\t<meta name=\"twitter:data1\" content=\"2 minutos\" \/>\n<script type=\"application\/ld+json\" class=\"yoast-schema-graph\">{\"@context\":\"https:\/\/schema.org\",\"@graph\":[{\"@type\":\"WebPage\",\"@id\":\"https:\/\/blogs.udima.es\/criminologia\/criminologia-tv\/\",\"url\":\"https:\/\/blogs.udima.es\/criminologia\/criminologia-tv\/\",\"name\":\"Criminolog\u00eda TV -Blog de Criminolog\u00eda\",\"isPartOf\":{\"@id\":\"https:\/\/blogs.udima.es\/criminologia\/#website\"},\"datePublished\":\"2016-05-30T11:47:35+00:00\",\"dateModified\":\"2017-04-07T08:30:44+00:00\",\"description\":\"Descubre las series en v\u00eddeo donde expertos e investigadores exponen y llevan a debate diversos temas relacionados con el mundo de la criminolog\u00eda.\",\"inLanguage\":\"es\",\"potentialAction\":[{\"@type\":\"ReadAction\",\"target\":[\"https:\/\/blogs.udima.es\/criminologia\/criminologia-tv\/\"]}]},{\"@type\":\"WebSite\",\"@id\":\"https:\/\/blogs.udima.es\/criminologia\/#website\",\"url\":\"https:\/\/blogs.udima.es\/criminologia\/\",\"name\":\"Blog de Criminolog\u00eda - Universidad a Distancia de Madrid | UDIMA\",\"description\":\"\",\"potentialAction\":[{\"@type\":\"SearchAction\",\"target\":{\"@type\":\"EntryPoint\",\"urlTemplate\":\"https:\/\/blogs.udima.es\/criminologia\/?s={search_term_string}\"},\"query-input\":\"required name=search_term_string\"}],\"inLanguage\":\"es\"}]}<\/script>\n<!-- \/ Yoast SEO plugin. -->","yoast_head_json":{"title":"Criminolog\u00eda TV -Blog de Criminolog\u00eda","description":"Descubre las series en v\u00eddeo donde expertos e investigadores exponen y llevan a debate diversos temas relacionados con el mundo de la criminolog\u00eda.","robots":{"index":"index","follow":"follow","max-snippet":"max-snippet:-1","max-image-preview":"max-image-preview:large","max-video-preview":"max-video-preview:-1"},"canonical":"https:\/\/blogs.udima.es\/criminologia\/criminologia-tv\/","og_locale":"es_ES","og_type":"article","og_title":"Criminolog\u00eda TV -Blog de Criminolog\u00eda","og_description":"Descubre las series en v\u00eddeo donde expertos e investigadores exponen y llevan a debate diversos temas relacionados con el mundo de la criminolog\u00eda.","og_url":"https:\/\/blogs.udima.es\/criminologia\/criminologia-tv\/","og_site_name":"Blog de Criminolog\u00eda - Universidad a Distancia de Madrid | UDIMA","article_modified_time":"2017-04-07T08:30:44+00:00","twitter_card":"summary_large_image","twitter_misc":{"Tiempo de lectura":"2 minutos"},"schema":{"@context":"https:\/\/schema.org","@graph":[{"@type":"WebPage","@id":"https:\/\/blogs.udima.es\/criminologia\/criminologia-tv\/","url":"https:\/\/blogs.udima.es\/criminologia\/criminologia-tv\/","name":"Criminolog\u00eda TV -Blog de Criminolog\u00eda","isPartOf":{"@id":"https:\/\/blogs.udima.es\/criminologia\/#website"},"datePublished":"2016-05-30T11:47:35+00:00","dateModified":"2017-04-07T08:30:44+00:00","description":"Descubre las series en v\u00eddeo donde expertos e investigadores exponen y llevan a debate diversos temas relacionados con el mundo de la criminolog\u00eda.","inLanguage":"es","potentialAction":[{"@type":"ReadAction","target":["https:\/\/blogs.udima.es\/criminologia\/criminologia-tv\/"]}]},{"@type":"WebSite","@id":"https:\/\/blogs.udima.es\/criminologia\/#website","url":"https:\/\/blogs.udima.es\/criminologia\/","name":"Blog de Criminolog\u00eda - Universidad a Distancia de Madrid | UDIMA","description":"","potentialAction":[{"@type":"SearchAction","target":{"@type":"EntryPoint","urlTemplate":"https:\/\/blogs.udima.es\/criminologia\/?s={search_term_string}"},"query-input":"required name=search_term_string"}],"inLanguage":"es"}]}},"_links":{"self":[{"href":"https:\/\/blogs.udima.es\/criminologia\/wp-json\/wp\/v2\/pages\/963"}],"collection":[{"href":"https:\/\/blogs.udima.es\/criminologia\/wp-json\/wp\/v2\/pages"}],"about":[{"href":"https:\/\/blogs.udima.es\/criminologia\/wp-json\/wp\/v2\/types\/page"}],"author":[{"embeddable":true,"href":"https:\/\/blogs.udima.es\/criminologia\/wp-json\/wp\/v2\/users\/1"}],"replies":[{"embeddable":true,"href":"https:\/\/blogs.udima.es\/criminologia\/wp-json\/wp\/v2\/comments?post=963"}],"version-history":[{"count":16,"href":"https:\/\/blogs.udima.es\/criminologia\/wp-json\/wp\/v2\/pages\/963\/revisions"}],"predecessor-version":[{"id":1224,"href":"https:\/\/blogs.udima.es\/criminologia\/wp-json\/wp\/v2\/pages\/963\/revisions\/1224"}],"wp:attachment":[{"href":"https:\/\/blogs.udima.es\/criminologia\/wp-json\/wp\/v2\/media?parent=963"}],"curies":[{"name":"wp","href":"https:\/\/api.w.org\/{rel}","templated":true}]}}