{"id":652,"date":"2011-01-12T10:48:13","date_gmt":"2011-01-12T10:48:13","guid":{"rendered":"http:\/\/www.criminologia-udima.com\/?page_id=2"},"modified":"2026-05-07T09:43:07","modified_gmt":"2026-05-07T07:43:07","slug":"acerca-de","status":"publish","type":"page","link":"https:\/\/blogs.udima.es\/criminologia\/acerca-de\/","title":{"rendered":"Acerca de UDIMA"},"content":{"rendered":"<p>\u00a1Hola! Bienvenido al Blog de Criminolog\u00eda de la <a href=\"http:\/\/www.udima.es\" target=\"_blank\">Universidad a Distancia de Madrid<\/a> (UDIMA)<\/p>\n<p>Somos una Universidad flexible y cercana a pesar de ser una Universidad a distancia. Y es que gracias a las nuevas tecnolog\u00edas con nosotros puedes compaginar tu vida laboral y personal con el estudio de\u00a0<a href=\"https:\/\/www.udima.es\/grados\" target=\"_blank\" rel=\"noopener\">Grados<\/a>\u00a0oficiales superiores adaptados al Espacio Europeo de Educaci\u00f3n Superior,\u00a0<a href=\"https:\/\/www.udima.es\/masteres\" target=\"_blank\" rel=\"noopener\">M\u00e1sters Oficiales<\/a>\u00a0y\u00a0<a href=\"https:\/\/www.udima.es\/titulos-propios\" target=\"_blank\" rel=\"noopener\">T\u00edtulos Propios<\/a>. En la Universidad a Distancia de Madrid (UDIMA) contar\u00e1s siempre con\u00a0<a href=\"https:\/\/www.udima.es\/claustro\" target=\"_blank\" rel=\"noopener\">profesores<\/a>\u00a0que te ayudar\u00e1n en el estudio y estar\u00e1n siempre a tu lado para resolver tus dudas. Si, esto es posible, la universidad entra en tu casa porque t\u00fa no vas a la universidad, la universidad viene a ti.<\/p>\n<p><a href=\"http:\/\/www.udima.es\/es\/grado-criminologia.html\" target=\"_blank\">M\u00e1s informaci\u00f3n<\/a> sobre el Grado en Criminolog\u00eda.<\/p>\n","protected":false},"excerpt":{"rendered":"<p>\u00a1Hola! Bienvenido al Blog de Criminolog\u00eda de la Universidad a Distancia de Madrid (UDIMA) Somos una Universidad flexible y cercana a pesar de ser una Universidad a distancia. Y es que gracias a las nuevas tecnolog\u00edas con nosotros puedes compaginar tu vida laboral y personal con el estudio de\u00a0Grados\u00a0oficiales superiores adaptados al Espacio Europeo de&#8230;<\/p>\n","protected":false},"author":2,"featured_media":0,"parent":0,"menu_order":0,"comment_status":"open","ping_status":"open","template":"","meta":{"_kad_post_transparent":"","_kad_post_title":"","_kad_post_layout":"","_kad_post_sidebar_id":"","_kad_post_content_style":"","_kad_post_vertical_padding":"","_kad_post_feature":"","_kad_post_feature_position":"","_kad_post_header":false,"_kad_post_footer":false,"_kad_post_classname":"","footnotes":""},"class_list":["post-652","page","type-page","status-publish","hentry"],"yoast_head":"<!-- This site is optimized with the Yoast SEO plugin v27.5 - https:\/\/yoast.com\/product\/yoast-seo-wordpress\/ -->\n<title>Acerca de UDIMA - Blog de Criminolog\u00eda<\/title>\n<meta name=\"robots\" content=\"index, follow, max-snippet:-1, max-image-preview:large, max-video-preview:-1\" \/>\n<link rel=\"canonical\" href=\"https:\/\/blogs.udima.es\/criminologia\/acerca-de\/\" \/>\n<meta property=\"og:locale\" content=\"es_ES\" \/>\n<meta property=\"og:type\" content=\"article\" \/>\n<meta property=\"og:title\" content=\"Acerca de UDIMA - Blog de Criminolog\u00eda\" \/>\n<meta property=\"og:description\" content=\"\u00a1Hola! Bienvenido al Blog de Criminolog\u00eda de la Universidad a Distancia de Madrid (UDIMA) Somos una Universidad flexible y cercana a pesar de ser una Universidad a distancia. Y es que gracias a las nuevas tecnolog\u00edas con nosotros puedes compaginar tu vida laboral y personal con el estudio de\u00a0Grados\u00a0oficiales superiores adaptados al Espacio Europeo de...\" \/>\n<meta property=\"og:url\" content=\"https:\/\/blogs.udima.es\/criminologia\/acerca-de\/\" \/>\n<meta property=\"og:site_name\" content=\"Blog de Criminolog\u00eda - Universidad a Distancia de Madrid | UDIMA\" \/>\n<meta property=\"article:modified_time\" content=\"2026-05-07T07:43:07+00:00\" \/>\n<meta name=\"twitter:card\" content=\"summary_large_image\" \/>\n<meta name=\"twitter:label1\" content=\"Tiempo de lectura\" \/>\n\t<meta name=\"twitter:data1\" content=\"1 minuto\" \/>\n<script type=\"application\/ld+json\" class=\"yoast-schema-graph\">{\"@context\":\"https:\\\/\\\/schema.org\",\"@graph\":[{\"@type\":\"WebPage\",\"@id\":\"https:\\\/\\\/blogs.udima.es\\\/criminologia\\\/acerca-de\\\/\",\"url\":\"https:\\\/\\\/blogs.udima.es\\\/criminologia\\\/acerca-de\\\/\",\"name\":\"Acerca de UDIMA - Blog de Criminolog\u00eda\",\"isPartOf\":{\"@id\":\"https:\\\/\\\/blogs.udima.es\\\/criminologia\\\/#website\"},\"datePublished\":\"2011-01-12T10:48:13+00:00\",\"dateModified\":\"2026-05-07T07:43:07+00:00\",\"breadcrumb\":{\"@id\":\"https:\\\/\\\/blogs.udima.es\\\/criminologia\\\/acerca-de\\\/#breadcrumb\"},\"inLanguage\":\"es\",\"potentialAction\":[{\"@type\":\"ReadAction\",\"target\":[\"https:\\\/\\\/blogs.udima.es\\\/criminologia\\\/acerca-de\\\/\"]}]},{\"@type\":\"BreadcrumbList\",\"@id\":\"https:\\\/\\\/blogs.udima.es\\\/criminologia\\\/acerca-de\\\/#breadcrumb\",\"itemListElement\":[{\"@type\":\"ListItem\",\"position\":1,\"name\":\"Portada\",\"item\":\"https:\\\/\\\/blogs.udima.es\\\/criminologia\\\/\"},{\"@type\":\"ListItem\",\"position\":2,\"name\":\"Acerca de UDIMA\"}]},{\"@type\":\"WebSite\",\"@id\":\"https:\\\/\\\/blogs.udima.es\\\/criminologia\\\/#website\",\"url\":\"https:\\\/\\\/blogs.udima.es\\\/criminologia\\\/\",\"name\":\"Blog de Criminolog\u00eda - Universidad a Distancia de Madrid | UDIMA\",\"description\":\"\",\"publisher\":{\"@id\":\"https:\\\/\\\/blogs.udima.es\\\/criminologia\\\/#organization\"},\"potentialAction\":[{\"@type\":\"SearchAction\",\"target\":{\"@type\":\"EntryPoint\",\"urlTemplate\":\"https:\\\/\\\/blogs.udima.es\\\/criminologia\\\/?s={search_term_string}\"},\"query-input\":{\"@type\":\"PropertyValueSpecification\",\"valueRequired\":true,\"valueName\":\"search_term_string\"}}],\"inLanguage\":\"es\"},{\"@type\":\"Organization\",\"@id\":\"https:\\\/\\\/blogs.udima.es\\\/criminologia\\\/#organization\",\"name\":\"Blog de Criminolog\u00eda - Universidad a Distancia de Madrid | UDIMA\",\"url\":\"https:\\\/\\\/blogs.udima.es\\\/criminologia\\\/\",\"logo\":{\"@type\":\"ImageObject\",\"inLanguage\":\"es\",\"@id\":\"https:\\\/\\\/blogs.udima.es\\\/criminologia\\\/#\\\/schema\\\/logo\\\/image\\\/\",\"url\":\"https:\\\/\\\/blogs.udima.es\\\/criminologia\\\/wp-content\\\/uploads\\\/BANNER_CRIMINOLOGIA_1000.jpg\",\"contentUrl\":\"https:\\\/\\\/blogs.udima.es\\\/criminologia\\\/wp-content\\\/uploads\\\/BANNER_CRIMINOLOGIA_1000.jpg\",\"width\":1011,\"height\":114,\"caption\":\"Blog de Criminolog\u00eda - Universidad a Distancia de Madrid | UDIMA\"},\"image\":{\"@id\":\"https:\\\/\\\/blogs.udima.es\\\/criminologia\\\/#\\\/schema\\\/logo\\\/image\\\/\"}}]}<\/script>\n<!-- \/ Yoast SEO plugin. -->","yoast_head_json":{"title":"Acerca de UDIMA - Blog de Criminolog\u00eda","robots":{"index":"index","follow":"follow","max-snippet":"max-snippet:-1","max-image-preview":"max-image-preview:large","max-video-preview":"max-video-preview:-1"},"canonical":"https:\/\/blogs.udima.es\/criminologia\/acerca-de\/","og_locale":"es_ES","og_type":"article","og_title":"Acerca de UDIMA - Blog de Criminolog\u00eda","og_description":"\u00a1Hola! Bienvenido al Blog de Criminolog\u00eda de la Universidad a Distancia de Madrid (UDIMA) Somos una Universidad flexible y cercana a pesar de ser una Universidad a distancia. Y es que gracias a las nuevas tecnolog\u00edas con nosotros puedes compaginar tu vida laboral y personal con el estudio de\u00a0Grados\u00a0oficiales superiores adaptados al Espacio Europeo de...","og_url":"https:\/\/blogs.udima.es\/criminologia\/acerca-de\/","og_site_name":"Blog de Criminolog\u00eda - Universidad a Distancia de Madrid | UDIMA","article_modified_time":"2026-05-07T07:43:07+00:00","twitter_card":"summary_large_image","twitter_misc":{"Tiempo de lectura":"1 minuto"},"schema":{"@context":"https:\/\/schema.org","@graph":[{"@type":"WebPage","@id":"https:\/\/blogs.udima.es\/criminologia\/acerca-de\/","url":"https:\/\/blogs.udima.es\/criminologia\/acerca-de\/","name":"Acerca de UDIMA - Blog de Criminolog\u00eda","isPartOf":{"@id":"https:\/\/blogs.udima.es\/criminologia\/#website"},"datePublished":"2011-01-12T10:48:13+00:00","dateModified":"2026-05-07T07:43:07+00:00","breadcrumb":{"@id":"https:\/\/blogs.udima.es\/criminologia\/acerca-de\/#breadcrumb"},"inLanguage":"es","potentialAction":[{"@type":"ReadAction","target":["https:\/\/blogs.udima.es\/criminologia\/acerca-de\/"]}]},{"@type":"BreadcrumbList","@id":"https:\/\/blogs.udima.es\/criminologia\/acerca-de\/#breadcrumb","itemListElement":[{"@type":"ListItem","position":1,"name":"Portada","item":"https:\/\/blogs.udima.es\/criminologia\/"},{"@type":"ListItem","position":2,"name":"Acerca de UDIMA"}]},{"@type":"WebSite","@id":"https:\/\/blogs.udima.es\/criminologia\/#website","url":"https:\/\/blogs.udima.es\/criminologia\/","name":"Blog de Criminolog\u00eda - Universidad a Distancia de Madrid | UDIMA","description":"","publisher":{"@id":"https:\/\/blogs.udima.es\/criminologia\/#organization"},"potentialAction":[{"@type":"SearchAction","target":{"@type":"EntryPoint","urlTemplate":"https:\/\/blogs.udima.es\/criminologia\/?s={search_term_string}"},"query-input":{"@type":"PropertyValueSpecification","valueRequired":true,"valueName":"search_term_string"}}],"inLanguage":"es"},{"@type":"Organization","@id":"https:\/\/blogs.udima.es\/criminologia\/#organization","name":"Blog de Criminolog\u00eda - Universidad a Distancia de Madrid | UDIMA","url":"https:\/\/blogs.udima.es\/criminologia\/","logo":{"@type":"ImageObject","inLanguage":"es","@id":"https:\/\/blogs.udima.es\/criminologia\/#\/schema\/logo\/image\/","url":"https:\/\/blogs.udima.es\/criminologia\/wp-content\/uploads\/BANNER_CRIMINOLOGIA_1000.jpg","contentUrl":"https:\/\/blogs.udima.es\/criminologia\/wp-content\/uploads\/BANNER_CRIMINOLOGIA_1000.jpg","width":1011,"height":114,"caption":"Blog de Criminolog\u00eda - Universidad a Distancia de Madrid | UDIMA"},"image":{"@id":"https:\/\/blogs.udima.es\/criminologia\/#\/schema\/logo\/image\/"}}]}},"_links":{"self":[{"href":"https:\/\/blogs.udima.es\/criminologia\/wp-json\/wp\/v2\/pages\/652","targetHints":{"allow":["GET"]}}],"collection":[{"href":"https:\/\/blogs.udima.es\/criminologia\/wp-json\/wp\/v2\/pages"}],"about":[{"href":"https:\/\/blogs.udima.es\/criminologia\/wp-json\/wp\/v2\/types\/page"}],"author":[{"embeddable":true,"href":"https:\/\/blogs.udima.es\/criminologia\/wp-json\/wp\/v2\/users\/2"}],"replies":[{"embeddable":true,"href":"https:\/\/blogs.udima.es\/criminologia\/wp-json\/wp\/v2\/comments?post=652"}],"version-history":[{"count":1,"href":"https:\/\/blogs.udima.es\/criminologia\/wp-json\/wp\/v2\/pages\/652\/revisions"}],"predecessor-version":[{"id":1623,"href":"https:\/\/blogs.udima.es\/criminologia\/wp-json\/wp\/v2\/pages\/652\/revisions\/1623"}],"wp:attachment":[{"href":"https:\/\/blogs.udima.es\/criminologia\/wp-json\/wp\/v2\/media?parent=652"}],"curies":[{"name":"wp","href":"https:\/\/api.w.org\/{rel}","templated":true}]}}