{"id":1172,"date":"2016-12-23T12:36:59","date_gmt":"2016-12-23T10:36:59","guid":{"rendered":"http:\/\/blogs.udima.es\/criminologia\/?page_id=1172"},"modified":"2017-05-12T12:37:26","modified_gmt":"2017-05-12T10:37:26","slug":"temporada-4-se-ha-redactado-un-crimen","status":"publish","type":"page","link":"https:\/\/blogs.udima.es\/criminologia\/temporada-4-se-ha-redactado-un-crimen\/","title":{"rendered":"Temporada 4 &#8211; Se ha redactado un crimen"},"content":{"rendered":"<p>[vc_row][vc_column][vc_separator][\/vc_column][\/vc_row][vc_row][vc_column width=\u00bb1\/2&#8243; css=\u00bb.vc_custom_1464706669737{border-top-width: 10px !important;border-right-width: 10px !important;border-bottom-width: 10px !important;border-left-width: 10px !important;background-color: #dbdbdb !important;border-left-color: #ffffff !important;border-left-style: solid !important;border-right-color: #ffffff !important;border-right-style: solid !important;border-top-color: #ffffff !important;border-top-style: solid !important;border-bottom-color: #ffffff !important;border-bottom-style: solid !important;}\u00bb][vc_column_text css=\u00bb.vc_custom_1490627047103{margin-top: -10px !important;}\u00bb]<\/p>\n<h3 style=\"text-align: center;\">Cap\u00edtulo\u00a01<\/h3>\n<p>[\/vc_column_text][vc_video link=\u00bbhttps:\/\/www.youtube.com\/watch?v=-vgCyS4MJwA\u00bb align=\u00bbcenter\u00bb][vc_column_text]Hablamos del impacto social de las series televisivas en\u00a0los \u00faltimos a\u00f1os, de la imagen que se proyecta de las fuerzas y cuerpos de seguridad y el sistema penal, y la influencia en carreras como criminolog\u00eda o periodismo.[\/vc_column_text][\/vc_column][vc_column width=\u00bb1\/2&#8243; css=\u00bb.vc_custom_1494585575778{border-top-width: 10px !important;border-right-width: 10px !important;border-bottom-width: 10px !important;border-left-width: 10px !important;background-color: #dbdbdb !important;border-left-color: #ffffff !important;border-left-style: solid !important;border-right-color: #ffffff !important;border-right-style: solid !important;border-top-color: #ffffff !important;border-top-style: solid !important;border-bottom-color: #ffffff !important;border-bottom-style: solid !important;}\u00bb][vc_column_text css=\u00bb.vc_custom_1490627053768{margin-top: -10px !important;}\u00bb]<\/p>\n<h3 style=\"text-align: center;\">Cap\u00edtulo\u00a02<\/h3>\n<p>[\/vc_column_text][vc_video link=\u00bbhttps:\/\/www.youtube.com\/watch?v=psPG7nR6r4U\u00bb align=\u00bbcenter\u00bb][vc_column_text]Analizamos el caso de Nadia Nerea Blanco, que ha supuesto un esc\u00e1ndalo social de gran envergadura y hablamos del papel juegan los medios en este tipo de delitos y del\u00a0perfil tienen este tipo de delincuentes.[\/vc_column_text][\/vc_column][\/vc_row][vc_row][vc_column width=\u00bb1\/2&#8243; css=\u00bb.vc_custom_1464706669737{border-top-width: 10px !important;border-right-width: 10px !important;border-bottom-width: 10px !important;border-left-width: 10px !important;background-color: #dbdbdb !important;border-left-color: #ffffff !important;border-left-style: solid !important;border-right-color: #ffffff !important;border-right-style: solid !important;border-top-color: #ffffff !important;border-top-style: solid !important;border-bottom-color: #ffffff !important;border-bottom-style: solid !important;}\u00bb][vc_column_text css=\u00bb.vc_custom_1490627061256{margin-top: -10px !important;}\u00bb]<\/p>\n<h3 style=\"text-align: center;\">Cap\u00edtulo\u00a03<\/h3>\n<p>[\/vc_column_text][vc_video link=\u00bbhttps:\/\/www.youtube.com\/watch?v=Lkstn8bqR5c\u00bb align=\u00bbcenter\u00bb][vc_column_text]En esta ocasi\u00f3n hacemos hincapi\u00e9 en el caso de Diana Quer, \u00bfpor qu\u00e9 este caso ocupa tanto inter\u00e9s medi\u00e1tico? \u00bfQu\u00e9 caracter\u00edsticas tiene este caso para que sea m\u00e1s atractivo period\u00edsticamente hablando?[\/vc_column_text][\/vc_column][vc_column width=\u00bb1\/2&#8243; css=\u00bb.vc_custom_1494585593705{border-top-width: 10px !important;border-right-width: 10px !important;border-bottom-width: 10px !important;border-left-width: 10px !important;background-color: #dbdbdb !important;border-left-color: #ffffff !important;border-left-style: solid !important;border-right-color: #ffffff !important;border-right-style: solid !important;border-top-color: #ffffff !important;border-top-style: solid !important;border-bottom-color: #ffffff !important;border-bottom-style: solid !important;}\u00bb][vc_column_text css=\u00bb.vc_custom_1494585563842{margin-top: -10px !important;}\u00bb]<\/p>\n<h3 style=\"text-align: center;\">Cap\u00edtulo\u00a04<\/h3>\n<p>[\/vc_column_text][vc_video link=\u00bbhttps:\/\/www.youtube.com\/watch?v=IjyWUsgHh3w\u00bb align=\u00bbcenter\u00bb][vc_column_text]En este cap\u00edtulo analizamos c\u00f3mo en los \u00faltimos a\u00f1os, el acoso escolar ha pasado de ser un asunto marginal en los medios de comunicaci\u00f3n a estar permanentemente en la agenda informativa y qu\u00e9 tipo de estudios y cifras se manejan en torno a este tema.[\/vc_column_text][\/vc_column][\/vc_row][vc_row][vc_column width=\u00bb1\/2&#8243; css=\u00bb.vc_custom_1490627544584{margin-top: 20px !important;}\u00bb][vc_btn title=\u00bbTemporada 3 &#8211; Se ha redactado un crimen\u00bb style=\u00bbcustom\u00bb custom_background=\u00bb#ed0000&#8243; custom_text=\u00bb#ffffff\u00bb align=\u00bbright\u00bb i_icon_fontawesome=\u00bbfa fa-fast-backward\u00bb add_icon=\u00bbtrue\u00bb link=\u00bburl:http%3A%2F%2Fblogs.udima.es%2Fcriminologia%2Ftemporada-3-se-ha-redactado-un-crimen%2F||\u00bb][\/vc_column][vc_column width=\u00bb1\/2&#8243; css=\u00bb.vc_custom_1490627689961{margin-top: 20px !important;}\u00bb][vc_btn title=\u00bbTodas las temporadas\u00bb style=\u00bbcustom\u00bb custom_background=\u00bb#ed0000&#8243; custom_text=\u00bb#ffffff\u00bb align=\u00bbleft\u00bb i_icon_fontawesome=\u00bbfa fa-list\u00bb add_icon=\u00bbtrue\u00bb link=\u00bburl:http%3A%2F%2Fblogs.udima.es%2Fcriminologia%2Ftemporadas-se-ha-redactado-un-crimen%2F||\u00bb][\/vc_column][\/vc_row]<\/p>\n","protected":false},"excerpt":{"rendered":"<p>[vc_row][vc_column][vc_separator][\/vc_column][\/vc_row][vc_row][vc_column width=\u00bb1\/2&#8243; css=\u00bb.vc_custom_1464706669737{border-top-width: 10px !important;border-right-width: 10px !important;border-bottom-width: 10px !important;border-left-width: 10px !important;background-color: #dbdbdb !important;border-left-color: #ffffff !important;border-left-style: solid !important;border-right-color: #ffffff !important;border-right-style: solid !important;border-top-color: #ffffff !important;border-top-style: solid !important;border-bottom-color: #ffffff !important;border-bottom-style: solid !important;}\u00bb][vc_column_text css=\u00bb.vc_custom_1490627047103{margin-top: -10px !important;}\u00bb] Cap\u00edtulo\u00a01 [\/vc_column_text][vc_video link=\u00bbhttps:\/\/www.youtube.com\/watch?v=-vgCyS4MJwA\u00bb align=\u00bbcenter\u00bb][vc_column_text]Hablamos del impacto social de las series televisivas en\u00a0los \u00faltimos a\u00f1os, de la imagen que se proyecta de las fuerzas [&hellip;]<\/p>\n","protected":false},"author":25,"featured_media":0,"parent":0,"menu_order":0,"comment_status":"closed","ping_status":"open","template":"","meta":{"footnotes":""},"yoast_head":"<!-- This site is optimized with the Yoast SEO plugin v22.9 - https:\/\/yoast.com\/wordpress\/plugins\/seo\/ -->\n<title>Temporada 4 - Se Ha Redactado Un Crimen | Blog Criminolog\u00eda<\/title>\n<meta name=\"robots\" content=\"index, follow, max-snippet:-1, max-image-preview:large, max-video-preview:-1\" \/>\n<link rel=\"canonical\" href=\"https:\/\/blogs.udima.es\/criminologia\/temporada-4-se-ha-redactado-un-crimen\/\" \/>\n<meta property=\"og:locale\" content=\"es_ES\" \/>\n<meta property=\"og:type\" content=\"article\" \/>\n<meta property=\"og:title\" content=\"Temporada 4 - Se Ha Redactado Un Crimen | Blog Criminolog\u00eda\" \/>\n<meta property=\"og:description\" content=\"[vc_row][vc_column][vc_separator][\/vc_column][\/vc_row][vc_row][vc_column width=\u00bb1\/2&#8243; css=\u00bb.vc_custom_1464706669737{border-top-width: 10px !important;border-right-width: 10px !important;border-bottom-width: 10px !important;border-left-width: 10px !important;background-color: #dbdbdb !important;border-left-color: #ffffff !important;border-left-style: solid !important;border-right-color: #ffffff !important;border-right-style: solid !important;border-top-color: #ffffff !important;border-top-style: solid !important;border-bottom-color: #ffffff !important;border-bottom-style: solid !important;}\u00bb][vc_column_text css=\u00bb.vc_custom_1490627047103{margin-top: -10px !important;}\u00bb] Cap\u00edtulo\u00a01 [\/vc_column_text][vc_video link=\u00bbhttps:\/\/www.youtube.com\/watch?v=-vgCyS4MJwA\u00bb align=\u00bbcenter\u00bb][vc_column_text]Hablamos del impacto social de las series televisivas en\u00a0los \u00faltimos a\u00f1os, de la imagen que se proyecta de las fuerzas [&hellip;]\" \/>\n<meta property=\"og:url\" content=\"https:\/\/blogs.udima.es\/criminologia\/temporada-4-se-ha-redactado-un-crimen\/\" \/>\n<meta property=\"og:site_name\" content=\"Blog de Criminolog\u00eda - Universidad a Distancia de Madrid | UDIMA\" \/>\n<meta property=\"article:modified_time\" content=\"2017-05-12T10:37:26+00:00\" \/>\n<meta name=\"twitter:card\" content=\"summary_large_image\" \/>\n<meta name=\"twitter:label1\" content=\"Tiempo de lectura\" \/>\n\t<meta name=\"twitter:data1\" content=\"3 minutos\" \/>\n<script type=\"application\/ld+json\" class=\"yoast-schema-graph\">{\"@context\":\"https:\/\/schema.org\",\"@graph\":[{\"@type\":\"WebPage\",\"@id\":\"https:\/\/blogs.udima.es\/criminologia\/temporada-4-se-ha-redactado-un-crimen\/\",\"url\":\"https:\/\/blogs.udima.es\/criminologia\/temporada-4-se-ha-redactado-un-crimen\/\",\"name\":\"Temporada 4 - Se Ha Redactado Un Crimen | Blog Criminolog\u00eda\",\"isPartOf\":{\"@id\":\"https:\/\/blogs.udima.es\/criminologia\/#website\"},\"datePublished\":\"2016-12-23T10:36:59+00:00\",\"dateModified\":\"2017-05-12T10:37:26+00:00\",\"breadcrumb\":{\"@id\":\"https:\/\/blogs.udima.es\/criminologia\/temporada-4-se-ha-redactado-un-crimen\/#breadcrumb\"},\"inLanguage\":\"es\",\"potentialAction\":[{\"@type\":\"ReadAction\",\"target\":[\"https:\/\/blogs.udima.es\/criminologia\/temporada-4-se-ha-redactado-un-crimen\/\"]}]},{\"@type\":\"BreadcrumbList\",\"@id\":\"https:\/\/blogs.udima.es\/criminologia\/temporada-4-se-ha-redactado-un-crimen\/#breadcrumb\",\"itemListElement\":[{\"@type\":\"ListItem\",\"position\":1,\"name\":\"Portada\",\"item\":\"https:\/\/blogs.udima.es\/criminologia\/\"},{\"@type\":\"ListItem\",\"position\":2,\"name\":\"Temporada 4 &#8211; Se ha redactado un crimen\"}]},{\"@type\":\"WebSite\",\"@id\":\"https:\/\/blogs.udima.es\/criminologia\/#website\",\"url\":\"https:\/\/blogs.udima.es\/criminologia\/\",\"name\":\"Blog de Criminolog\u00eda - Universidad a Distancia de Madrid | UDIMA\",\"description\":\"\",\"potentialAction\":[{\"@type\":\"SearchAction\",\"target\":{\"@type\":\"EntryPoint\",\"urlTemplate\":\"https:\/\/blogs.udima.es\/criminologia\/?s={search_term_string}\"},\"query-input\":\"required name=search_term_string\"}],\"inLanguage\":\"es\"}]}<\/script>\n<!-- \/ Yoast SEO plugin. -->","yoast_head_json":{"title":"Temporada 4 - Se Ha Redactado Un Crimen | Blog Criminolog\u00eda","robots":{"index":"index","follow":"follow","max-snippet":"max-snippet:-1","max-image-preview":"max-image-preview:large","max-video-preview":"max-video-preview:-1"},"canonical":"https:\/\/blogs.udima.es\/criminologia\/temporada-4-se-ha-redactado-un-crimen\/","og_locale":"es_ES","og_type":"article","og_title":"Temporada 4 - Se Ha Redactado Un Crimen | Blog Criminolog\u00eda","og_description":"[vc_row][vc_column][vc_separator][\/vc_column][\/vc_row][vc_row][vc_column width=\u00bb1\/2&#8243; css=\u00bb.vc_custom_1464706669737{border-top-width: 10px !important;border-right-width: 10px !important;border-bottom-width: 10px !important;border-left-width: 10px !important;background-color: #dbdbdb !important;border-left-color: #ffffff !important;border-left-style: solid !important;border-right-color: #ffffff !important;border-right-style: solid !important;border-top-color: #ffffff !important;border-top-style: solid !important;border-bottom-color: #ffffff !important;border-bottom-style: solid !important;}\u00bb][vc_column_text css=\u00bb.vc_custom_1490627047103{margin-top: -10px !important;}\u00bb] Cap\u00edtulo\u00a01 [\/vc_column_text][vc_video link=\u00bbhttps:\/\/www.youtube.com\/watch?v=-vgCyS4MJwA\u00bb align=\u00bbcenter\u00bb][vc_column_text]Hablamos del impacto social de las series televisivas en\u00a0los \u00faltimos a\u00f1os, de la imagen que se proyecta de las fuerzas [&hellip;]","og_url":"https:\/\/blogs.udima.es\/criminologia\/temporada-4-se-ha-redactado-un-crimen\/","og_site_name":"Blog de Criminolog\u00eda - Universidad a Distancia de Madrid | UDIMA","article_modified_time":"2017-05-12T10:37:26+00:00","twitter_card":"summary_large_image","twitter_misc":{"Tiempo de lectura":"3 minutos"},"schema":{"@context":"https:\/\/schema.org","@graph":[{"@type":"WebPage","@id":"https:\/\/blogs.udima.es\/criminologia\/temporada-4-se-ha-redactado-un-crimen\/","url":"https:\/\/blogs.udima.es\/criminologia\/temporada-4-se-ha-redactado-un-crimen\/","name":"Temporada 4 - Se Ha Redactado Un Crimen | Blog Criminolog\u00eda","isPartOf":{"@id":"https:\/\/blogs.udima.es\/criminologia\/#website"},"datePublished":"2016-12-23T10:36:59+00:00","dateModified":"2017-05-12T10:37:26+00:00","breadcrumb":{"@id":"https:\/\/blogs.udima.es\/criminologia\/temporada-4-se-ha-redactado-un-crimen\/#breadcrumb"},"inLanguage":"es","potentialAction":[{"@type":"ReadAction","target":["https:\/\/blogs.udima.es\/criminologia\/temporada-4-se-ha-redactado-un-crimen\/"]}]},{"@type":"BreadcrumbList","@id":"https:\/\/blogs.udima.es\/criminologia\/temporada-4-se-ha-redactado-un-crimen\/#breadcrumb","itemListElement":[{"@type":"ListItem","position":1,"name":"Portada","item":"https:\/\/blogs.udima.es\/criminologia\/"},{"@type":"ListItem","position":2,"name":"Temporada 4 &#8211; Se ha redactado un crimen"}]},{"@type":"WebSite","@id":"https:\/\/blogs.udima.es\/criminologia\/#website","url":"https:\/\/blogs.udima.es\/criminologia\/","name":"Blog de Criminolog\u00eda - Universidad a Distancia de Madrid | UDIMA","description":"","potentialAction":[{"@type":"SearchAction","target":{"@type":"EntryPoint","urlTemplate":"https:\/\/blogs.udima.es\/criminologia\/?s={search_term_string}"},"query-input":"required name=search_term_string"}],"inLanguage":"es"}]}},"_links":{"self":[{"href":"https:\/\/blogs.udima.es\/criminologia\/wp-json\/wp\/v2\/pages\/1172"}],"collection":[{"href":"https:\/\/blogs.udima.es\/criminologia\/wp-json\/wp\/v2\/pages"}],"about":[{"href":"https:\/\/blogs.udima.es\/criminologia\/wp-json\/wp\/v2\/types\/page"}],"author":[{"embeddable":true,"href":"https:\/\/blogs.udima.es\/criminologia\/wp-json\/wp\/v2\/users\/25"}],"replies":[{"embeddable":true,"href":"https:\/\/blogs.udima.es\/criminologia\/wp-json\/wp\/v2\/comments?post=1172"}],"version-history":[{"count":11,"href":"https:\/\/blogs.udima.es\/criminologia\/wp-json\/wp\/v2\/pages\/1172\/revisions"}],"predecessor-version":[{"id":1254,"href":"https:\/\/blogs.udima.es\/criminologia\/wp-json\/wp\/v2\/pages\/1172\/revisions\/1254"}],"wp:attachment":[{"href":"https:\/\/blogs.udima.es\/criminologia\/wp-json\/wp\/v2\/media?parent=1172"}],"curies":[{"name":"wp","href":"https:\/\/api.w.org\/{rel}","templated":true}]}}