{"id":1048,"date":"2016-05-31T18:05:29","date_gmt":"2016-05-31T16:05:29","guid":{"rendered":"http:\/\/blogs.udima.es\/criminologia\/?page_id=1048"},"modified":"2017-03-27T17:19:00","modified_gmt":"2017-03-27T15:19:00","slug":"temporada-3-se-ha-redactado-un-crimen","status":"publish","type":"page","link":"https:\/\/blogs.udima.es\/criminologia\/temporada-3-se-ha-redactado-un-crimen\/","title":{"rendered":"Temporada 3 &#8211; Se ha redactado un crimen"},"content":{"rendered":"<p>[vc_row][vc_column][vc_separator][\/vc_column][\/vc_row][vc_row css=\u00bb.vc_custom_1464858718529{border-bottom-width: 10px !important;border-bottom-color: #ffffff !important;border-bottom-style: solid !important;}\u00bb][vc_column width=\u00bb1\/2&#8243; css=\u00bb.vc_custom_1464857435141{border-right-width: 5px !important;border-left-width: 5px !important;background-color: #dbdbdb !important;border-left-color: #ffffff !important;border-left-style: solid !important;border-right-color: #ffffff !important;border-right-style: solid !important;}\u00bb][vc_column_text css=\u00bb.vc_custom_1464857397025{margin-top: -10px !important;}\u00bb]<\/p>\n<h3 style=\"text-align: center;\">Cap\u00edtulo\u00a01<\/h3>\n<p>[\/vc_column_text][vc_video link=\u00bbhttps:\/\/www.youtube.com\/watch?v=Tfne-iVqk5A\u00bb align=\u00bbcenter\u00bb][vc_column_text]Hablamos sobre los abusos y violencia\u00a0a menores en el \u00e1mbito escolar\u00a0y c\u00f3mo afectan estos sucesos a la reputaci\u00f3n de los centros escolares.[\/vc_column_text][\/vc_column][vc_column width=\u00bb1\/2&#8243; css=\u00bb.vc_custom_1464857450037{border-right-width: 5px !important;border-left-width: 5px !important;background-color: #dbdbdb !important;border-left-color: #ffffff !important;border-left-style: solid !important;border-right-color: #ffffff !important;border-right-style: solid !important;}\u00bb][vc_column_text css=\u00bb.vc_custom_1464857408201{margin-top: -10px !important;}\u00bb]<\/p>\n<h3 style=\"text-align: center;\">Cap\u00edtulo\u00a02<\/h3>\n<p>[\/vc_column_text][vc_video link=\u00bbhttps:\/\/www.youtube.com\/watch?v=T3FXLkzv04g\u00bb align=\u00bbcenter\u00bb][vc_column_text]El objetivo principal de este cap\u00edtulo es el de analizar las entrevistas realizadas a\u00a0criminales y su influencia en la cultura criminal.[\/vc_column_text][\/vc_column][\/vc_row][vc_row css=\u00bb.vc_custom_1468400630102{border-bottom-width: 10px !important;border-bottom-color: #ffffff !important;border-bottom-style: solid !important;}\u00bb][vc_column width=\u00bb1\/2&#8243; css=\u00bb.vc_custom_1464857460113{border-right-width: 5px !important;border-left-width: 5px !important;background-color: #dbdbdb !important;border-left-color: #ffffff !important;border-left-style: solid !important;border-right-color: #ffffff !important;border-right-style: solid !important;}\u00bb][vc_column_text css=\u00bb.vc_custom_1464857414505{margin-top: -10px !important;}\u00bb]<\/p>\n<h3 style=\"text-align: center;\">Cap\u00edtulo\u00a03<\/h3>\n<p>[\/vc_column_text][vc_video link=\u00bbhttps:\/\/www.youtube.com\/watch?v=2OY_vCmbmeU\u00bb][vc_column_text]Profundizamos en el conocimiento de la corrupci\u00f3n y c\u00f3mo esta impacta en la sociedad a trav\u00e9s de los medios de comunicaci\u00f3n.[\/vc_column_text][\/vc_column][vc_column width=\u00bb1\/2&#8243; css=\u00bb.vc_custom_1464857473810{border-right-width: 5px !important;border-left-width: 5px !important;background-color: #dbdbdb !important;border-left-color: #ffffff !important;border-left-style: solid !important;border-right-color: #ffffff !important;border-right-style: solid !important;}\u00bb][vc_column_text css=\u00bb.vc_custom_1464857419872{margin-top: -10px !important;}\u00bb]<\/p>\n<h3 style=\"text-align: center;\">Cap\u00edtulo\u00a04<\/h3>\n<p>[\/vc_column_text][vc_video link=\u00bbhttps:\/\/www.youtube.com\/watch?v=LMhRBJaHQ10&#8243; align=\u00bbcenter\u00bb][vc_column_text]Observamos como los atentados terroristas sucedidos en los \u00faltimos tiempos suponen un desaf\u00edo para los periodistas.[\/vc_column_text][\/vc_column][\/vc_row][vc_row][vc_column css=\u00bb.vc_custom_1464857460113{border-right-width: 5px !important;border-left-width: 5px !important;background-color: #dbdbdb !important;border-left-color: #ffffff !important;border-left-style: solid !important;border-right-color: #ffffff !important;border-right-style: solid !important;}\u00bb][vc_column_text css=\u00bb.vc_custom_1468400181209{margin-top: -10px !important;}\u00bb]<\/p>\n<h3 style=\"text-align: center;\">Cap\u00edtulo 5<\/h3>\n<p>[\/vc_column_text][vc_video link=\u00bbhttps:\/\/www.youtube.com\/watch?v=4puiia115Bg\u00bb][vc_column_text]<\/p>\n<p style=\"text-align: center;\">La violencia en Latinoam\u00e9rica, \u00bfuna epidemia? Repasamos\u00a0los \u00faltimos casos de\u00a0homicidios y\u00a0violencia en estos pa\u00edses publicados en los medios de comunicaci\u00f3n a pocos d\u00edas de los Juegos Ol\u00edmpicos de 2016.<\/p>\n<p>[\/vc_column_text][\/vc_column][\/vc_row][vc_row css=\u00bb.vc_custom_1464858637333{margin-top: 15px !important;}\u00bb][vc_column width=\u00bb1\/2&#8243;][vc_btn title=\u00bbTemporada 2&#8243; style=\u00bbcustom\u00bb custom_background=\u00bb#d22925&#8243; custom_text=\u00bb#ffffff\u00bb align=\u00bbright\u00bb i_icon_fontawesome=\u00bbfa fa-fast-backward\u00bb add_icon=\u00bbtrue\u00bb link=\u00bburl:http%3A%2F%2Fblogs.udima.es%2Fcriminologia%2Ftemporada-2-se-ha-redactado-un-crimen%2F|title:Temporada%202%20-%20%22Se%20ha%20redactado%20un%20crimen%22|\u00bb][\/vc_column][vc_column width=\u00bb1\/2&#8243;][vc_btn title=\u00bbTemporada 4&#8243; style=\u00bbcustom\u00bb custom_background=\u00bb#d22925&#8243; custom_text=\u00bb#ffffff\u00bb align=\u00bbleft\u00bb i_align=\u00bbright\u00bb i_icon_fontawesome=\u00bbfa fa-fast-forward\u00bb add_icon=\u00bbtrue\u00bb link=\u00bburl:http%3A%2F%2Fblogs.udima.es%2Fcriminologia%2Ftemporada-4-se-ha-redactado-un-crimen%2F|title:Serie%20%22Se%20ha%20redactado%20un%20crimen%22|\u00bb][\/vc_column][\/vc_row]<\/p>\n","protected":false},"excerpt":{"rendered":"<p>[vc_row][vc_column][vc_separator][\/vc_column][\/vc_row][vc_row css=\u00bb.vc_custom_1464858718529{border-bottom-width: 10px !important;border-bottom-color: #ffffff !important;border-bottom-style: solid !important;}\u00bb][vc_column width=\u00bb1\/2&#8243; css=\u00bb.vc_custom_1464857435141{border-right-width: 5px !important;border-left-width: 5px !important;background-color: #dbdbdb !important;border-left-color: #ffffff !important;border-left-style: solid !important;border-right-color: #ffffff !important;border-right-style: solid !important;}\u00bb][vc_column_text css=\u00bb.vc_custom_1464857397025{margin-top: -10px !important;}\u00bb] Cap\u00edtulo\u00a01 [\/vc_column_text][vc_video link=\u00bbhttps:\/\/www.youtube.com\/watch?v=Tfne-iVqk5A\u00bb align=\u00bbcenter\u00bb][vc_column_text]Hablamos sobre los abusos y violencia\u00a0a menores en el \u00e1mbito escolar\u00a0y c\u00f3mo afectan estos sucesos a la reputaci\u00f3n de los centros escolares.[\/vc_column_text][\/vc_column][vc_column width=\u00bb1\/2&#8243; css=\u00bb.vc_custom_1464857450037{border-right-width: 5px [&hellip;]<\/p>\n","protected":false},"author":1,"featured_media":0,"parent":0,"menu_order":0,"comment_status":"closed","ping_status":"open","template":"","meta":{"footnotes":""},"yoast_head":"<!-- This site is optimized with the Yoast SEO plugin v22.9 - https:\/\/yoast.com\/wordpress\/plugins\/seo\/ -->\n<title>Temporada 3 - Se ha redactado un crimen - Blog Criminolog\u00eda<\/title>\n<meta name=\"description\" content=\"Cuatro nuevos cap\u00edtulos de la serie &quot;Se ha redactado un crimen&quot;, esta vez hablando sobre la reputaci\u00f3n educativa, narcotr\u00e1fico, terrorismo o la corrupci\u00f3n\" \/>\n<meta name=\"robots\" content=\"index, follow, max-snippet:-1, max-image-preview:large, max-video-preview:-1\" \/>\n<link rel=\"canonical\" href=\"https:\/\/blogs.udima.es\/criminologia\/temporada-3-se-ha-redactado-un-crimen\/\" \/>\n<meta property=\"og:locale\" content=\"es_ES\" \/>\n<meta property=\"og:type\" content=\"article\" \/>\n<meta property=\"og:title\" content=\"Temporada 3 - Se ha redactado un crimen - Blog Criminolog\u00eda\" \/>\n<meta property=\"og:description\" content=\"Cuatro nuevos cap\u00edtulos de la serie &quot;Se ha redactado un crimen&quot;, esta vez hablando sobre la reputaci\u00f3n educativa, narcotr\u00e1fico, terrorismo o la corrupci\u00f3n\" \/>\n<meta property=\"og:url\" content=\"https:\/\/blogs.udima.es\/criminologia\/temporada-3-se-ha-redactado-un-crimen\/\" \/>\n<meta property=\"og:site_name\" content=\"Blog de Criminolog\u00eda - Universidad a Distancia de Madrid | UDIMA\" \/>\n<meta property=\"article:modified_time\" content=\"2017-03-27T15:19:00+00:00\" \/>\n<meta name=\"twitter:card\" content=\"summary_large_image\" \/>\n<meta name=\"twitter:label1\" content=\"Tiempo de lectura\" \/>\n\t<meta name=\"twitter:data1\" content=\"3 minutos\" \/>\n<script type=\"application\/ld+json\" class=\"yoast-schema-graph\">{\"@context\":\"https:\/\/schema.org\",\"@graph\":[{\"@type\":\"WebPage\",\"@id\":\"https:\/\/blogs.udima.es\/criminologia\/temporada-3-se-ha-redactado-un-crimen\/\",\"url\":\"https:\/\/blogs.udima.es\/criminologia\/temporada-3-se-ha-redactado-un-crimen\/\",\"name\":\"Temporada 3 - Se ha redactado un crimen - Blog Criminolog\u00eda\",\"isPartOf\":{\"@id\":\"https:\/\/blogs.udima.es\/criminologia\/#website\"},\"datePublished\":\"2016-05-31T16:05:29+00:00\",\"dateModified\":\"2017-03-27T15:19:00+00:00\",\"description\":\"Cuatro nuevos cap\u00edtulos de la serie \\\"Se ha redactado un crimen\\\", esta vez hablando sobre la reputaci\u00f3n educativa, narcotr\u00e1fico, terrorismo o la corrupci\u00f3n\",\"breadcrumb\":{\"@id\":\"https:\/\/blogs.udima.es\/criminologia\/temporada-3-se-ha-redactado-un-crimen\/#breadcrumb\"},\"inLanguage\":\"es\",\"potentialAction\":[{\"@type\":\"ReadAction\",\"target\":[\"https:\/\/blogs.udima.es\/criminologia\/temporada-3-se-ha-redactado-un-crimen\/\"]}]},{\"@type\":\"BreadcrumbList\",\"@id\":\"https:\/\/blogs.udima.es\/criminologia\/temporada-3-se-ha-redactado-un-crimen\/#breadcrumb\",\"itemListElement\":[{\"@type\":\"ListItem\",\"position\":1,\"name\":\"Portada\",\"item\":\"https:\/\/blogs.udima.es\/criminologia\/\"},{\"@type\":\"ListItem\",\"position\":2,\"name\":\"Temporada 3 &#8211; Se ha redactado un crimen\"}]},{\"@type\":\"WebSite\",\"@id\":\"https:\/\/blogs.udima.es\/criminologia\/#website\",\"url\":\"https:\/\/blogs.udima.es\/criminologia\/\",\"name\":\"Blog de Criminolog\u00eda - Universidad a Distancia de Madrid | UDIMA\",\"description\":\"\",\"potentialAction\":[{\"@type\":\"SearchAction\",\"target\":{\"@type\":\"EntryPoint\",\"urlTemplate\":\"https:\/\/blogs.udima.es\/criminologia\/?s={search_term_string}\"},\"query-input\":\"required name=search_term_string\"}],\"inLanguage\":\"es\"}]}<\/script>\n<!-- \/ Yoast SEO plugin. -->","yoast_head_json":{"title":"Temporada 3 - Se ha redactado un crimen - Blog Criminolog\u00eda","description":"Cuatro nuevos cap\u00edtulos de la serie \"Se ha redactado un crimen\", esta vez hablando sobre la reputaci\u00f3n educativa, narcotr\u00e1fico, terrorismo o la corrupci\u00f3n","robots":{"index":"index","follow":"follow","max-snippet":"max-snippet:-1","max-image-preview":"max-image-preview:large","max-video-preview":"max-video-preview:-1"},"canonical":"https:\/\/blogs.udima.es\/criminologia\/temporada-3-se-ha-redactado-un-crimen\/","og_locale":"es_ES","og_type":"article","og_title":"Temporada 3 - Se ha redactado un crimen - Blog Criminolog\u00eda","og_description":"Cuatro nuevos cap\u00edtulos de la serie \"Se ha redactado un crimen\", esta vez hablando sobre la reputaci\u00f3n educativa, narcotr\u00e1fico, terrorismo o la corrupci\u00f3n","og_url":"https:\/\/blogs.udima.es\/criminologia\/temporada-3-se-ha-redactado-un-crimen\/","og_site_name":"Blog de Criminolog\u00eda - Universidad a Distancia de Madrid | UDIMA","article_modified_time":"2017-03-27T15:19:00+00:00","twitter_card":"summary_large_image","twitter_misc":{"Tiempo de lectura":"3 minutos"},"schema":{"@context":"https:\/\/schema.org","@graph":[{"@type":"WebPage","@id":"https:\/\/blogs.udima.es\/criminologia\/temporada-3-se-ha-redactado-un-crimen\/","url":"https:\/\/blogs.udima.es\/criminologia\/temporada-3-se-ha-redactado-un-crimen\/","name":"Temporada 3 - Se ha redactado un crimen - Blog Criminolog\u00eda","isPartOf":{"@id":"https:\/\/blogs.udima.es\/criminologia\/#website"},"datePublished":"2016-05-31T16:05:29+00:00","dateModified":"2017-03-27T15:19:00+00:00","description":"Cuatro nuevos cap\u00edtulos de la serie \"Se ha redactado un crimen\", esta vez hablando sobre la reputaci\u00f3n educativa, narcotr\u00e1fico, terrorismo o la corrupci\u00f3n","breadcrumb":{"@id":"https:\/\/blogs.udima.es\/criminologia\/temporada-3-se-ha-redactado-un-crimen\/#breadcrumb"},"inLanguage":"es","potentialAction":[{"@type":"ReadAction","target":["https:\/\/blogs.udima.es\/criminologia\/temporada-3-se-ha-redactado-un-crimen\/"]}]},{"@type":"BreadcrumbList","@id":"https:\/\/blogs.udima.es\/criminologia\/temporada-3-se-ha-redactado-un-crimen\/#breadcrumb","itemListElement":[{"@type":"ListItem","position":1,"name":"Portada","item":"https:\/\/blogs.udima.es\/criminologia\/"},{"@type":"ListItem","position":2,"name":"Temporada 3 &#8211; Se ha redactado un crimen"}]},{"@type":"WebSite","@id":"https:\/\/blogs.udima.es\/criminologia\/#website","url":"https:\/\/blogs.udima.es\/criminologia\/","name":"Blog de Criminolog\u00eda - Universidad a Distancia de Madrid | UDIMA","description":"","potentialAction":[{"@type":"SearchAction","target":{"@type":"EntryPoint","urlTemplate":"https:\/\/blogs.udima.es\/criminologia\/?s={search_term_string}"},"query-input":"required name=search_term_string"}],"inLanguage":"es"}]}},"_links":{"self":[{"href":"https:\/\/blogs.udima.es\/criminologia\/wp-json\/wp\/v2\/pages\/1048"}],"collection":[{"href":"https:\/\/blogs.udima.es\/criminologia\/wp-json\/wp\/v2\/pages"}],"about":[{"href":"https:\/\/blogs.udima.es\/criminologia\/wp-json\/wp\/v2\/types\/page"}],"author":[{"embeddable":true,"href":"https:\/\/blogs.udima.es\/criminologia\/wp-json\/wp\/v2\/users\/1"}],"replies":[{"embeddable":true,"href":"https:\/\/blogs.udima.es\/criminologia\/wp-json\/wp\/v2\/comments?post=1048"}],"version-history":[{"count":13,"href":"https:\/\/blogs.udima.es\/criminologia\/wp-json\/wp\/v2\/pages\/1048\/revisions"}],"predecessor-version":[{"id":1217,"href":"https:\/\/blogs.udima.es\/criminologia\/wp-json\/wp\/v2\/pages\/1048\/revisions\/1217"}],"wp:attachment":[{"href":"https:\/\/blogs.udima.es\/criminologia\/wp-json\/wp\/v2\/media?parent=1048"}],"curies":[{"name":"wp","href":"https:\/\/api.w.org\/{rel}","templated":true}]}}