{"id":1038,"date":"2016-05-31T17:58:55","date_gmt":"2016-05-31T15:58:55","guid":{"rendered":"http:\/\/blogs.udima.es\/criminologia\/?page_id=1038"},"modified":"2016-06-02T10:43:02","modified_gmt":"2016-06-02T08:43:02","slug":"temporada-2-se-ha-redactado-un-crimen","status":"publish","type":"page","link":"https:\/\/blogs.udima.es\/criminologia\/temporada-2-se-ha-redactado-un-crimen\/","title":{"rendered":"Temporada 2 \u2013 Se ha redactado un crimen"},"content":{"rendered":"<p>[vc_row][vc_column][vc_separator][\/vc_column][\/vc_row][vc_row css=\u00bb.vc_custom_1464855088835{border-bottom-width: 10px !important;border-bottom-color: #ffffff !important;border-bottom-style: solid !important;}\u00bb][vc_column width=\u00bb1\/2&#8243; css=\u00bb.vc_custom_1464856816287{border-right-width: 5px !important;border-left-width: 5px !important;background-color: #dbdbdb !important;border-left-color: #ffffff !important;border-left-style: solid !important;border-right-color: #ffffff !important;border-right-style: solid !important;}\u00bb][vc_column_text]<\/p>\n<h3 style=\"text-align: center;\">Cap\u00edtulo 1<\/h3>\n<p>[\/vc_column_text][vc_video link=\u00bbhttps:\/\/www.youtube.com\/watch?v=VEPUfmkMbjI\u00bb align=\u00bbcenter\u00bb][vc_column_text]\u00bfC\u00f3mo son nuestros j\u00f3venes? Profundizamos en esta ocasi\u00f3n en la tem\u00e1tica del acoso escolar, tambi\u00e9n conocido como <em>bullying. <\/em>Conocemos<em> c<\/em>\u00f3mo tratan los medios de comunicaci\u00f3n estos casos.[\/vc_column_text][\/vc_column][vc_column width=\u00bb1\/2&#8243; css=\u00bb.vc_custom_1464856822899{border-right-width: 5px !important;border-left-width: 5px !important;background-color: #dbdbdb !important;border-left-color: #ffffff !important;border-left-style: solid !important;border-right-color: #ffffff !important;border-right-style: solid !important;}\u00bb][vc_column_text]<\/p>\n<h3 style=\"text-align: center;\">Cap\u00edtulo 2<\/h3>\n<p>[\/vc_column_text][vc_video link=\u00bbhttps:\/\/www.youtube.com\/watch?v=LTwC94Tn-bY\u00bb][vc_column_text]Periodismo y peligrosidad, analizamos\u00a0esta<br \/>\nasociaci\u00f3n a trav\u00e9s de un\u00a0debate sobre los peligros a los que est\u00e1n expuestos los periodistas en determinados pa\u00edses.[\/vc_column_text][\/vc_column][\/vc_row][vc_row][vc_column width=\u00bb1\/2&#8243; css=\u00bb.vc_custom_1464856828951{border-right-width: 5px !important;border-left-width: 5px !important;background-color: #dbdbdb !important;border-left-color: #ffffff !important;border-left-style: solid !important;border-right-color: #ffffff !important;border-right-style: solid !important;}\u00bb][vc_column_text]<\/p>\n<h3 style=\"text-align: center;\">Entrevista a Pedro Campoy<\/h3>\n<p>[\/vc_column_text][vc_video link=\u00bbhttps:\/\/www.youtube.com\/watch?v=xX5b9jkp-f4&#8243; align=\u00bbcenter\u00bb][vc_column_text]Sobre la prevenci\u00f3n de la delincuencia juvenil conversamos con Pedro Campoy, socio de In Dubio Consultor\u00eda, docente en la Universidad Miguel Hern\u00e1ndez de Elche, uno de los m\u00e1s prestigioso crimin\u00f3logos del pa\u00eds.[\/vc_column_text][\/vc_column][vc_column width=\u00bb1\/2&#8243; css=\u00bb.vc_custom_1464856834554{border-right-width: 5px !important;border-left-width: 5px !important;background-color: #dbdbdb !important;border-left-color: #ffffff !important;border-left-style: solid !important;border-right-color: #ffffff !important;border-right-style: solid !important;}\u00bb][vc_column_text]<\/p>\n<div id=\"watch-headline-title\">\n<h3 class=\"watch-title-container\" style=\"text-align: center;\"><span id=\"eow-title\" class=\"watch-title\" dir=\"ltr\" title=\"Entrevista SHRUC a Mart\u00edn Barr\u00f3n (M\u00e9xico-INACIPE)\">Entrevista a Mart\u00edn Barr\u00f3n<\/span><\/h3>\n<\/div>\n<p>[\/vc_column_text][vc_video link=\u00bbhttps:\/\/www.youtube.com\/watch?v=5dqHg9lqM4w\u00bb align=\u00bbcenter\u00bb][vc_column_text]En los \u00faltimos a\u00f1os M\u00e9xico protagoniza las cabeceras con su creciente enfrentamiento social. En esta ocasi\u00f3n entrevistamos a Mart\u00edn Barr\u00f3n, investigador y profesor en el Instituto Nacional de Ciencias Penales.[\/vc_column_text][\/vc_column][\/vc_row][vc_row css=\u00bb.vc_custom_1464856781717{margin-top: 15px !important;}\u00bb][vc_column width=\u00bb1\/2&#8243;][vc_btn title=\u00bbTemporada 1&#8243; style=\u00bbcustom\u00bb custom_background=\u00bb#d22925&#8243; custom_text=\u00bb#ffffff\u00bb align=\u00bbright\u00bb i_icon_fontawesome=\u00bbfa fa-fast-backward\u00bb add_icon=\u00bbtrue\u00bb link=\u00bburl:http%3A%2F%2Fblogs.udima.es%2Fcriminologia%2Ftemporada-1-se-ha-redactado-un-crimen%2F|title:Temporada%201%20-%20Se%20ha%20redactado%20un%20crimen|\u00bb][\/vc_column][vc_column width=\u00bb1\/2&#8243;][vc_btn title=\u00bbTemporada 3&#8243; style=\u00bbcustom\u00bb custom_background=\u00bb#d22925&#8243; custom_text=\u00bb#ffffff\u00bb align=\u00bbleft\u00bb i_align=\u00bbright\u00bb i_icon_fontawesome=\u00bbfa fa-fast-forward\u00bb add_icon=\u00bbtrue\u00bb link=\u00bburl:http%3A%2F%2Fblogs.udima.es%2Fcriminologia%2Ftemporada-3-se-ha-redactado-un-crimen%2F|title:Temporada%203%20-%20Se%20ha%20redactado%20un%20crimen|\u00bb][\/vc_column][\/vc_row]<\/p>\n","protected":false},"excerpt":{"rendered":"<p>[vc_row][vc_column][vc_separator][\/vc_column][\/vc_row][vc_row css=\u00bb.vc_custom_1464855088835{border-bottom-width: 10px !important;border-bottom-color: #ffffff !important;border-bottom-style: solid !important;}\u00bb][vc_column width=\u00bb1\/2&#8243; css=\u00bb.vc_custom_1464856816287{border-right-width: 5px !important;border-left-width: 5px !important;background-color: #dbdbdb !important;border-left-color: #ffffff !important;border-left-style: solid !important;border-right-color: #ffffff !important;border-right-style: solid !important;}\u00bb][vc_column_text] Cap\u00edtulo 1 [\/vc_column_text][vc_video link=\u00bbhttps:\/\/www.youtube.com\/watch?v=VEPUfmkMbjI\u00bb align=\u00bbcenter\u00bb][vc_column_text]\u00bfC\u00f3mo son nuestros j\u00f3venes? Profundizamos en esta ocasi\u00f3n en la tem\u00e1tica del acoso escolar, tambi\u00e9n conocido como bullying. Conocemos c\u00f3mo tratan los medios de comunicaci\u00f3n estos casos.[\/vc_column_text][\/vc_column][vc_column [&hellip;]<\/p>\n","protected":false},"author":1,"featured_media":0,"parent":0,"menu_order":0,"comment_status":"closed","ping_status":"open","template":"","meta":{"footnotes":""},"yoast_head":"<!-- This site is optimized with the Yoast SEO plugin v22.9 - https:\/\/yoast.com\/wordpress\/plugins\/seo\/ -->\n<title>Temporada 2 \u2013 Se ha redactado un crimen - Blog Criminolog\u00eda<\/title>\n<meta name=\"description\" content=\"Una nueva temporada de la serie &quot;Se ha redactado un crimen&quot; rodada en la UDIMA, esta vez acompa\u00f1ada de entrevistas a Pedro Campoy y Mart\u00edn Barr\u00f3n.\" \/>\n<meta name=\"robots\" content=\"index, follow, max-snippet:-1, max-image-preview:large, max-video-preview:-1\" \/>\n<link rel=\"canonical\" href=\"https:\/\/blogs.udima.es\/criminologia\/temporada-2-se-ha-redactado-un-crimen\/\" \/>\n<meta property=\"og:locale\" content=\"es_ES\" \/>\n<meta property=\"og:type\" content=\"article\" \/>\n<meta property=\"og:title\" content=\"Temporada 2 \u2013 Se ha redactado un crimen - Blog Criminolog\u00eda\" \/>\n<meta property=\"og:description\" content=\"Una nueva temporada de la serie &quot;Se ha redactado un crimen&quot; rodada en la UDIMA, esta vez acompa\u00f1ada de entrevistas a Pedro Campoy y Mart\u00edn Barr\u00f3n.\" \/>\n<meta property=\"og:url\" content=\"https:\/\/blogs.udima.es\/criminologia\/temporada-2-se-ha-redactado-un-crimen\/\" \/>\n<meta property=\"og:site_name\" content=\"Blog de Criminolog\u00eda - Universidad a Distancia de Madrid | UDIMA\" \/>\n<meta property=\"article:modified_time\" content=\"2016-06-02T08:43:02+00:00\" \/>\n<meta name=\"twitter:card\" content=\"summary_large_image\" \/>\n<meta name=\"twitter:label1\" content=\"Tiempo de lectura\" \/>\n\t<meta name=\"twitter:data1\" content=\"3 minutos\" \/>\n<script type=\"application\/ld+json\" class=\"yoast-schema-graph\">{\"@context\":\"https:\/\/schema.org\",\"@graph\":[{\"@type\":\"WebPage\",\"@id\":\"https:\/\/blogs.udima.es\/criminologia\/temporada-2-se-ha-redactado-un-crimen\/\",\"url\":\"https:\/\/blogs.udima.es\/criminologia\/temporada-2-se-ha-redactado-un-crimen\/\",\"name\":\"Temporada 2 \u2013 Se ha redactado un crimen - Blog Criminolog\u00eda\",\"isPartOf\":{\"@id\":\"https:\/\/blogs.udima.es\/criminologia\/#website\"},\"datePublished\":\"2016-05-31T15:58:55+00:00\",\"dateModified\":\"2016-06-02T08:43:02+00:00\",\"description\":\"Una nueva temporada de la serie \\\"Se ha redactado un crimen\\\" rodada en la UDIMA, esta vez acompa\u00f1ada de entrevistas a Pedro Campoy y Mart\u00edn Barr\u00f3n.\",\"breadcrumb\":{\"@id\":\"https:\/\/blogs.udima.es\/criminologia\/temporada-2-se-ha-redactado-un-crimen\/#breadcrumb\"},\"inLanguage\":\"es\",\"potentialAction\":[{\"@type\":\"ReadAction\",\"target\":[\"https:\/\/blogs.udima.es\/criminologia\/temporada-2-se-ha-redactado-un-crimen\/\"]}]},{\"@type\":\"BreadcrumbList\",\"@id\":\"https:\/\/blogs.udima.es\/criminologia\/temporada-2-se-ha-redactado-un-crimen\/#breadcrumb\",\"itemListElement\":[{\"@type\":\"ListItem\",\"position\":1,\"name\":\"Portada\",\"item\":\"https:\/\/blogs.udima.es\/criminologia\/\"},{\"@type\":\"ListItem\",\"position\":2,\"name\":\"Temporada 2 \u2013 Se ha redactado un crimen\"}]},{\"@type\":\"WebSite\",\"@id\":\"https:\/\/blogs.udima.es\/criminologia\/#website\",\"url\":\"https:\/\/blogs.udima.es\/criminologia\/\",\"name\":\"Blog de Criminolog\u00eda - Universidad a Distancia de Madrid | UDIMA\",\"description\":\"\",\"potentialAction\":[{\"@type\":\"SearchAction\",\"target\":{\"@type\":\"EntryPoint\",\"urlTemplate\":\"https:\/\/blogs.udima.es\/criminologia\/?s={search_term_string}\"},\"query-input\":\"required name=search_term_string\"}],\"inLanguage\":\"es\"}]}<\/script>\n<!-- \/ Yoast SEO plugin. -->","yoast_head_json":{"title":"Temporada 2 \u2013 Se ha redactado un crimen - Blog Criminolog\u00eda","description":"Una nueva temporada de la serie \"Se ha redactado un crimen\" rodada en la UDIMA, esta vez acompa\u00f1ada de entrevistas a Pedro Campoy y Mart\u00edn Barr\u00f3n.","robots":{"index":"index","follow":"follow","max-snippet":"max-snippet:-1","max-image-preview":"max-image-preview:large","max-video-preview":"max-video-preview:-1"},"canonical":"https:\/\/blogs.udima.es\/criminologia\/temporada-2-se-ha-redactado-un-crimen\/","og_locale":"es_ES","og_type":"article","og_title":"Temporada 2 \u2013 Se ha redactado un crimen - Blog Criminolog\u00eda","og_description":"Una nueva temporada de la serie \"Se ha redactado un crimen\" rodada en la UDIMA, esta vez acompa\u00f1ada de entrevistas a Pedro Campoy y Mart\u00edn Barr\u00f3n.","og_url":"https:\/\/blogs.udima.es\/criminologia\/temporada-2-se-ha-redactado-un-crimen\/","og_site_name":"Blog de Criminolog\u00eda - Universidad a Distancia de Madrid | UDIMA","article_modified_time":"2016-06-02T08:43:02+00:00","twitter_card":"summary_large_image","twitter_misc":{"Tiempo de lectura":"3 minutos"},"schema":{"@context":"https:\/\/schema.org","@graph":[{"@type":"WebPage","@id":"https:\/\/blogs.udima.es\/criminologia\/temporada-2-se-ha-redactado-un-crimen\/","url":"https:\/\/blogs.udima.es\/criminologia\/temporada-2-se-ha-redactado-un-crimen\/","name":"Temporada 2 \u2013 Se ha redactado un crimen - Blog Criminolog\u00eda","isPartOf":{"@id":"https:\/\/blogs.udima.es\/criminologia\/#website"},"datePublished":"2016-05-31T15:58:55+00:00","dateModified":"2016-06-02T08:43:02+00:00","description":"Una nueva temporada de la serie \"Se ha redactado un crimen\" rodada en la UDIMA, esta vez acompa\u00f1ada de entrevistas a Pedro Campoy y Mart\u00edn Barr\u00f3n.","breadcrumb":{"@id":"https:\/\/blogs.udima.es\/criminologia\/temporada-2-se-ha-redactado-un-crimen\/#breadcrumb"},"inLanguage":"es","potentialAction":[{"@type":"ReadAction","target":["https:\/\/blogs.udima.es\/criminologia\/temporada-2-se-ha-redactado-un-crimen\/"]}]},{"@type":"BreadcrumbList","@id":"https:\/\/blogs.udima.es\/criminologia\/temporada-2-se-ha-redactado-un-crimen\/#breadcrumb","itemListElement":[{"@type":"ListItem","position":1,"name":"Portada","item":"https:\/\/blogs.udima.es\/criminologia\/"},{"@type":"ListItem","position":2,"name":"Temporada 2 \u2013 Se ha redactado un crimen"}]},{"@type":"WebSite","@id":"https:\/\/blogs.udima.es\/criminologia\/#website","url":"https:\/\/blogs.udima.es\/criminologia\/","name":"Blog de Criminolog\u00eda - Universidad a Distancia de Madrid | UDIMA","description":"","potentialAction":[{"@type":"SearchAction","target":{"@type":"EntryPoint","urlTemplate":"https:\/\/blogs.udima.es\/criminologia\/?s={search_term_string}"},"query-input":"required name=search_term_string"}],"inLanguage":"es"}]}},"_links":{"self":[{"href":"https:\/\/blogs.udima.es\/criminologia\/wp-json\/wp\/v2\/pages\/1038"}],"collection":[{"href":"https:\/\/blogs.udima.es\/criminologia\/wp-json\/wp\/v2\/pages"}],"about":[{"href":"https:\/\/blogs.udima.es\/criminologia\/wp-json\/wp\/v2\/types\/page"}],"author":[{"embeddable":true,"href":"https:\/\/blogs.udima.es\/criminologia\/wp-json\/wp\/v2\/users\/1"}],"replies":[{"embeddable":true,"href":"https:\/\/blogs.udima.es\/criminologia\/wp-json\/wp\/v2\/comments?post=1038"}],"version-history":[{"count":11,"href":"https:\/\/blogs.udima.es\/criminologia\/wp-json\/wp\/v2\/pages\/1038\/revisions"}],"predecessor-version":[{"id":1063,"href":"https:\/\/blogs.udima.es\/criminologia\/wp-json\/wp\/v2\/pages\/1038\/revisions\/1063"}],"wp:attachment":[{"href":"https:\/\/blogs.udima.es\/criminologia\/wp-json\/wp\/v2\/media?parent=1038"}],"curies":[{"name":"wp","href":"https:\/\/api.w.org\/{rel}","templated":true}]}}