{"id":658,"date":"2010-12-31T09:52:23","date_gmt":"2010-12-31T09:52:23","guid":{"rendered":"http:\/\/www.adeudima.com\/?page_id=658"},"modified":"2019-07-01T13:14:45","modified_gmt":"2019-07-01T13:14:45","slug":"referencias-bibliograficas","status":"publish","type":"page","link":"https:\/\/blogs.udima.es\/administracion-y-direccion-de-empresas\/libros\/introduccion-a-la-organizacion-de-empresas-2\/unidad-didactica-10-internacionalizacion-de-la-empresa\/referencias-bibliograficas\/","title":{"rendered":"REFERENCIAS BIBLIOGR\u00c1FICAS"},"content":{"rendered":"<p><strong>B\u00e1sica<\/strong><br \/>\nBueno, E.: <em>Curso b\u00e1sico de econom\u00eda de la empresa. Un enfoque de organizaci\u00f3n<\/em>, 5.\u00aa ed., Madrid: Pir\u00e1mide, 2004.<\/p>\n<p>Bueno, E., Cruz, I. y Dur\u00e1n, J.: <em>Econom\u00eda de la empresa. An\u00e1lisis de las decisiones empresariales<\/em>, 15.\u00aa ed., Madrid: Pir\u00e1mide, 2002.<\/p>\n<p><strong>En la red<\/strong><\/p>\n<p><a href=\"http:\/\/www.wikipedia.org\/\" target=\"_blank\" rel=\"nofollow\">www.wikipedia.org<\/a><\/p>\n<p><a href=\"http:\/\/www.reingex.com\/115spain.asp\" target=\"_blank\" rel=\"nofollow\">www.reingex.com\/115spain.asp <\/a><\/p>\n<p><a href=\"http:\/\/www.mondragon-corporation.com\/\" target=\"_blank\" rel=\"nofollow\">www.mcc.es<\/a><\/p>\n<p><a href=\"http:\/\/www.abengoa.es\/corp\/web\/es\/index2.html\" target=\"_blank\" rel=\"nofollow\">www.abengoa.es<\/a><\/p>\n<p><a href=\"http:\/\/www.inditex.es\/es\" target=\"_blank\" rel=\"nofollow\">www.inditex.es<\/a><\/p>\n<p><a href=\"http:\/\/www.telefonica.es\/portada\/index.html\" target=\"_blank\" rel=\"nofollow\">www.telefonica.es<\/a><\/p>\n<p><a href=\"http:\/\/www.borges.es\/\" target=\"_blank\" rel=\"nofollow\">www.borges.es<\/a><\/p>\n<p><a href=\"https:\/\/www.companias-de-luz.com\/endesa\/\" target=\"_blank\" rel=\"noopener nofollow\">www.endesa.es<\/a><\/p>\n<p><a href=\"http:\/\/www.mango.com\/paises.htm\" target=\"_blank\" rel=\"nofollow\">www.mango.com<\/a><\/p>\n<p><a href=\"http:\/\/www.es.roca.com\/\" target=\"_blank\" rel=\"nofollow\">www.roca.es<\/a><\/p>\n<p><a href=\"http:\/\/www.pacoherrero.es\/\" target=\"_blank\" rel=\"nofollow\">www.pacoherrero.es<\/a><\/p>\n<p><a href=\"http:\/\/www.chupachups.es\/\" target=\"_blank\" rel=\"nofollow\">www.chupachups.es<\/a><\/p>\n<p><a href=\"http:\/\/www.ausa.es\/es\/bienvenido\/\" target=\"_blank\" rel=\"nofollow\">www.ausa.es<\/a><\/p>\n<p><a href=\"http:\/\/www.indo.es\/home\/home.asp\" target=\"_blank\" rel=\"nofollow\">www.indo.es<\/a><\/p>\n<p><a href=\"http:\/\/www.grupocortefiel.com\/\" target=\"_blank\" rel=\"nofollow\">www.grupocortefiel.com<\/a><\/p>\n<p><a href=\"http:\/\/www.puig.com\/\" target=\"_blank\" rel=\"nofollow\">www.puig.com<\/a><\/p>\n<p><a href=\"http:\/\/es.solmelia.com\/home.htm\" target=\"_blank\" rel=\"nofollow\">www.solmelia.com<\/a><\/p>\n<p><a href=\"http:\/\/www.fanox.com\/\" target=\"_blank\" rel=\"nofollow\">www.fanox.com<\/a><\/p>\n<p><a href=\"https:\/\/www.bancosantander.es\/cssa\/Satellite?pagename=SantanderComercial\/Page\/SAN_Index\" target=\"_blank\" rel=\"nofollow\">www.gruposantander.es<\/a><\/p>\n<p><a href=\"https:\/\/www.bbva.es\/TLBS\/tlbs\/esp\/segmento\/particulares\/index.jsp\" target=\"_blank\" rel=\"nofollow\">www.bbva.es<\/a><\/p>\n<p><a href=\"http:\/\/www.lladro.com\/\" target=\"_blank\" rel=\"nofollow\">www.lladro.com<\/a><\/p>\n<p><a href=\"http:\/\/www.pandasecurity.com\/usa\/\" target=\"_blank\" rel=\"nofollow\">www.pandasecurity.com<\/a><\/p>\n<p><a href=\"http:\/\/www.almirall.com\/webcorp2\/\" target=\"_blank\" rel=\"nofollow\">www.admirall.com<\/a><\/p>\n<p><a href=\"http:\/\/www.neckandneck.com\/\" target=\"_blank\" rel=\"nofollow\">www.neckandneck.com<\/a><\/p>\n<p><a href=\"http:\/\/www.majorica.com\/\" target=\"_blank\" rel=\"nofollow\">www.majorica.com<\/a><\/p>\n<p><a href=\"http:\/\/www.grupogesfor.com\/web\/inicio\" target=\"_blank\" rel=\"nofollow\">www.gurpogesfor.com<\/a><\/p>\n<p><a href=\"http:\/\/www.tecnicasreunidas.es\/english\/index.asp\" target=\"_blank\" rel=\"nofollow\">www.tecnicasreunidas.es<\/a><\/p>\n<p><a href=\"http:\/\/www.tolsa.com\/seleccion.html\" target=\"_blank\" rel=\"nofollow\">www.tolsa.com<\/a><\/p>\n<p><a href=\"http:\/\/www.campofrio.es\/\" target=\"_blank\" rel=\"nofollow\">www.campofrio.es<\/a><\/p>\n<p><strong>Avanzada<\/strong><\/p>\n<p>ALONSO, J.A.: <em>El proceso de internacionalizaci\u00f3n de la empresa<\/em>, Madrid: ICE, 1994.<\/p>\n<p>CANALS, J.: <em>Competitividad internacional y estrategia de la empresa<\/em>, Barcelona: Ariel, SA, 1991.<\/p>\n<p>CANALS, J.: <em>La internacionalizaci\u00f3n de la empresa<\/em>, Madrid: Editorial McGraw-Hill \u2013 IESE, 1996.<\/p>\n<p>DUR\u00c1N, J.: <em>Estrategia y econom\u00eda de la empresa multinacional<\/em>, Madrid: Pir\u00e1mide, 2001.<\/p>\n<p>GONZ\u00c1LEZ, J., CABANELAS, J., FIGUEROA, P., FERN\u00c1NDEZ-JARD\u00d3N, C.M. y EST\u00c9VEZ, G.: <em>La internacionalizaci\u00f3n de la peque\u00f1a y mediana empresa gallega. An\u00e1lisis, diagn\u00f3stico y posibles estrategias<\/em>, Consorcio de la Zona Franca de Vigo, 2000.<\/p>\n<p>IBORRA, M., DAS\u00cd, A., DOLZ, C. y FERRER, C.: <em>Fundamentos de direcci\u00f3n de empresas. Conceptos y habilidades directivas<\/em>, Madrid: Thomson, 2007.<\/p>\n<p>JARILLO, J.C. y MART\u00cdNEZ, J.I.: <em>Estrategia internacional. M\u00e1s all\u00e1 de la exportaci\u00f3n<\/em>, Madrid: McGraw-Hill, 1991.<\/p>\n<p>JOHANSON J. y WIEDERSHEIN-PAUL, F.: \u00abThe internationalization of the firm: four swedish cases\u00bb, <em>Journal of Management Studies<\/em>, 12, 1975, p\u00e1gs. 305-322.<\/p>\n<p>KINDEBLERGER, C.P.: <em>American Business Abroad: Six Lectures on Direct Investment<\/em>, New Haven: Yale University Press, 1969.<\/p>\n<p>SWEEZY, P. y MAGDOF, H.: <em>Din\u00e1mica del capitalismo moderno<\/em>, M\u00e9xico: Nuestro Tiempo, 1972.<\/p>\n","protected":false},"excerpt":{"rendered":"<p>B\u00e1sica Bueno, E.: Curso b\u00e1sico de econom\u00eda de la empresa. Un enfoque de organizaci\u00f3n, 5.\u00aa ed., Madrid: Pir\u00e1mide, 2004. Bueno, E., Cruz, I. y Dur\u00e1n, J.: Econom\u00eda de la empresa. An\u00e1lisis de las decisiones empresariales, 15.\u00aa ed., Madrid: Pir\u00e1mide, 2002. En la red www.wikipedia.org www.reingex.com\/115spain.asp www.mcc.es www.abengoa.es www.inditex.es www.telefonica.es www.borges.es www.endesa.es www.mango.com www.roca.es www.pacoherrero.es www.chupachups.es [&hellip;]<\/p>\n","protected":false},"author":2,"featured_media":0,"parent":626,"menu_order":0,"comment_status":"open","ping_status":"open","template":"","meta":{"footnotes":""},"yoast_head":"<!-- This site is optimized with the Yoast SEO plugin v22.9 - https:\/\/yoast.com\/wordpress\/plugins\/seo\/ -->\n<title>REFERENCIAS BIBLIOGR\u00c1FICAS - Blog de ADE<\/title>\n<meta name=\"robots\" content=\"index, follow, max-snippet:-1, max-image-preview:large, max-video-preview:-1\" \/>\n<link rel=\"canonical\" href=\"https:\/\/blogs.udima.es\/administracion-y-direccion-de-empresas\/libros\/introduccion-a-la-organizacion-de-empresas-2\/unidad-didactica-10-internacionalizacion-de-la-empresa\/referencias-bibliograficas\/\" \/>\n<meta property=\"og:locale\" content=\"es_ES\" \/>\n<meta property=\"og:type\" content=\"article\" \/>\n<meta property=\"og:title\" content=\"REFERENCIAS BIBLIOGR\u00c1FICAS - Blog de ADE\" \/>\n<meta property=\"og:description\" content=\"B\u00e1sica Bueno, E.: Curso b\u00e1sico de econom\u00eda de la empresa. Un enfoque de organizaci\u00f3n, 5.\u00aa ed., Madrid: Pir\u00e1mide, 2004. Bueno, E., Cruz, I. y Dur\u00e1n, J.: Econom\u00eda de la empresa. An\u00e1lisis de las decisiones empresariales, 15.\u00aa ed., Madrid: Pir\u00e1mide, 2002. En la red www.wikipedia.org www.reingex.com\/115spain.asp www.mcc.es www.abengoa.es www.inditex.es www.telefonica.es www.borges.es www.endesa.es www.mango.com www.roca.es www.pacoherrero.es www.chupachups.es [&hellip;]\" \/>\n<meta property=\"og:url\" content=\"https:\/\/blogs.udima.es\/administracion-y-direccion-de-empresas\/libros\/introduccion-a-la-organizacion-de-empresas-2\/unidad-didactica-10-internacionalizacion-de-la-empresa\/referencias-bibliograficas\/\" \/>\n<meta property=\"og:site_name\" content=\"Blog de ADE - Universidad a Distancia de Madrid | UDIMA\" \/>\n<meta property=\"article:modified_time\" content=\"2019-07-01T13:14:45+00:00\" \/>\n<meta name=\"twitter:card\" content=\"summary_large_image\" \/>\n<meta name=\"twitter:label1\" content=\"Tiempo de lectura\" \/>\n\t<meta name=\"twitter:data1\" content=\"2 minutos\" \/>\n<script type=\"application\/ld+json\" class=\"yoast-schema-graph\">{\"@context\":\"https:\/\/schema.org\",\"@graph\":[{\"@type\":\"WebPage\",\"@id\":\"https:\/\/blogs.udima.es\/administracion-y-direccion-de-empresas\/libros\/introduccion-a-la-organizacion-de-empresas-2\/unidad-didactica-10-internacionalizacion-de-la-empresa\/referencias-bibliograficas\/\",\"url\":\"https:\/\/blogs.udima.es\/administracion-y-direccion-de-empresas\/libros\/introduccion-a-la-organizacion-de-empresas-2\/unidad-didactica-10-internacionalizacion-de-la-empresa\/referencias-bibliograficas\/\",\"name\":\"REFERENCIAS BIBLIOGR\u00c1FICAS - Blog de ADE\",\"isPartOf\":{\"@id\":\"https:\/\/blogs.udima.es\/administracion-y-direccion-de-empresas\/#website\"},\"datePublished\":\"2010-12-31T09:52:23+00:00\",\"dateModified\":\"2019-07-01T13:14:45+00:00\",\"breadcrumb\":{\"@id\":\"https:\/\/blogs.udima.es\/administracion-y-direccion-de-empresas\/libros\/introduccion-a-la-organizacion-de-empresas-2\/unidad-didactica-10-internacionalizacion-de-la-empresa\/referencias-bibliograficas\/#breadcrumb\"},\"inLanguage\":\"es\",\"potentialAction\":[{\"@type\":\"ReadAction\",\"target\":[\"https:\/\/blogs.udima.es\/administracion-y-direccion-de-empresas\/libros\/introduccion-a-la-organizacion-de-empresas-2\/unidad-didactica-10-internacionalizacion-de-la-empresa\/referencias-bibliograficas\/\"]}]},{\"@type\":\"BreadcrumbList\",\"@id\":\"https:\/\/blogs.udima.es\/administracion-y-direccion-de-empresas\/libros\/introduccion-a-la-organizacion-de-empresas-2\/unidad-didactica-10-internacionalizacion-de-la-empresa\/referencias-bibliograficas\/#breadcrumb\",\"itemListElement\":[{\"@type\":\"ListItem\",\"position\":1,\"name\":\"Portada\",\"item\":\"https:\/\/blogs.udima.es\/administracion-y-direccion-de-empresas\/\"},{\"@type\":\"ListItem\",\"position\":2,\"name\":\"Libros\",\"item\":\"https:\/\/blogs.udima.es\/administracion-y-direccion-de-empresas\/libros\/\"},{\"@type\":\"ListItem\",\"position\":3,\"name\":\"Introducci\u00f3n a la Organizaci\u00f3n de Empresas\",\"item\":\"https:\/\/blogs.udima.es\/administracion-y-direccion-de-empresas\/libros\/introduccion-a-la-organizacion-de-empresas-2\/\"},{\"@type\":\"ListItem\",\"position\":4,\"name\":\"Unidad did\u00e1ctica 10. Internacionalizaci\u00f3n de la empresa\",\"item\":\"https:\/\/blogs.udima.es\/administracion-y-direccion-de-empresas\/libros\/introduccion-a-la-organizacion-de-empresas-2\/unidad-didactica-10-internacionalizacion-de-la-empresa\/\"},{\"@type\":\"ListItem\",\"position\":5,\"name\":\"REFERENCIAS BIBLIOGR\u00c1FICAS\"}]},{\"@type\":\"WebSite\",\"@id\":\"https:\/\/blogs.udima.es\/administracion-y-direccion-de-empresas\/#website\",\"url\":\"https:\/\/blogs.udima.es\/administracion-y-direccion-de-empresas\/\",\"name\":\"Blog de ADE - Universidad a Distancia de Madrid | UDIMA\",\"description\":\"\",\"potentialAction\":[{\"@type\":\"SearchAction\",\"target\":{\"@type\":\"EntryPoint\",\"urlTemplate\":\"https:\/\/blogs.udima.es\/administracion-y-direccion-de-empresas\/?s={search_term_string}\"},\"query-input\":\"required name=search_term_string\"}],\"inLanguage\":\"es\"}]}<\/script>\n<!-- \/ Yoast SEO plugin. -->","yoast_head_json":{"title":"REFERENCIAS BIBLIOGR\u00c1FICAS - Blog de ADE","robots":{"index":"index","follow":"follow","max-snippet":"max-snippet:-1","max-image-preview":"max-image-preview:large","max-video-preview":"max-video-preview:-1"},"canonical":"https:\/\/blogs.udima.es\/administracion-y-direccion-de-empresas\/libros\/introduccion-a-la-organizacion-de-empresas-2\/unidad-didactica-10-internacionalizacion-de-la-empresa\/referencias-bibliograficas\/","og_locale":"es_ES","og_type":"article","og_title":"REFERENCIAS BIBLIOGR\u00c1FICAS - Blog de ADE","og_description":"B\u00e1sica Bueno, E.: Curso b\u00e1sico de econom\u00eda de la empresa. Un enfoque de organizaci\u00f3n, 5.\u00aa ed., Madrid: Pir\u00e1mide, 2004. Bueno, E., Cruz, I. y Dur\u00e1n, J.: Econom\u00eda de la empresa. An\u00e1lisis de las decisiones empresariales, 15.\u00aa ed., Madrid: Pir\u00e1mide, 2002. En la red www.wikipedia.org www.reingex.com\/115spain.asp www.mcc.es www.abengoa.es www.inditex.es www.telefonica.es www.borges.es www.endesa.es www.mango.com www.roca.es www.pacoherrero.es www.chupachups.es [&hellip;]","og_url":"https:\/\/blogs.udima.es\/administracion-y-direccion-de-empresas\/libros\/introduccion-a-la-organizacion-de-empresas-2\/unidad-didactica-10-internacionalizacion-de-la-empresa\/referencias-bibliograficas\/","og_site_name":"Blog de ADE - Universidad a Distancia de Madrid | UDIMA","article_modified_time":"2019-07-01T13:14:45+00:00","twitter_card":"summary_large_image","twitter_misc":{"Tiempo de lectura":"2 minutos"},"schema":{"@context":"https:\/\/schema.org","@graph":[{"@type":"WebPage","@id":"https:\/\/blogs.udima.es\/administracion-y-direccion-de-empresas\/libros\/introduccion-a-la-organizacion-de-empresas-2\/unidad-didactica-10-internacionalizacion-de-la-empresa\/referencias-bibliograficas\/","url":"https:\/\/blogs.udima.es\/administracion-y-direccion-de-empresas\/libros\/introduccion-a-la-organizacion-de-empresas-2\/unidad-didactica-10-internacionalizacion-de-la-empresa\/referencias-bibliograficas\/","name":"REFERENCIAS BIBLIOGR\u00c1FICAS - Blog de ADE","isPartOf":{"@id":"https:\/\/blogs.udima.es\/administracion-y-direccion-de-empresas\/#website"},"datePublished":"2010-12-31T09:52:23+00:00","dateModified":"2019-07-01T13:14:45+00:00","breadcrumb":{"@id":"https:\/\/blogs.udima.es\/administracion-y-direccion-de-empresas\/libros\/introduccion-a-la-organizacion-de-empresas-2\/unidad-didactica-10-internacionalizacion-de-la-empresa\/referencias-bibliograficas\/#breadcrumb"},"inLanguage":"es","potentialAction":[{"@type":"ReadAction","target":["https:\/\/blogs.udima.es\/administracion-y-direccion-de-empresas\/libros\/introduccion-a-la-organizacion-de-empresas-2\/unidad-didactica-10-internacionalizacion-de-la-empresa\/referencias-bibliograficas\/"]}]},{"@type":"BreadcrumbList","@id":"https:\/\/blogs.udima.es\/administracion-y-direccion-de-empresas\/libros\/introduccion-a-la-organizacion-de-empresas-2\/unidad-didactica-10-internacionalizacion-de-la-empresa\/referencias-bibliograficas\/#breadcrumb","itemListElement":[{"@type":"ListItem","position":1,"name":"Portada","item":"https:\/\/blogs.udima.es\/administracion-y-direccion-de-empresas\/"},{"@type":"ListItem","position":2,"name":"Libros","item":"https:\/\/blogs.udima.es\/administracion-y-direccion-de-empresas\/libros\/"},{"@type":"ListItem","position":3,"name":"Introducci\u00f3n a la Organizaci\u00f3n de Empresas","item":"https:\/\/blogs.udima.es\/administracion-y-direccion-de-empresas\/libros\/introduccion-a-la-organizacion-de-empresas-2\/"},{"@type":"ListItem","position":4,"name":"Unidad did\u00e1ctica 10. Internacionalizaci\u00f3n de la empresa","item":"https:\/\/blogs.udima.es\/administracion-y-direccion-de-empresas\/libros\/introduccion-a-la-organizacion-de-empresas-2\/unidad-didactica-10-internacionalizacion-de-la-empresa\/"},{"@type":"ListItem","position":5,"name":"REFERENCIAS BIBLIOGR\u00c1FICAS"}]},{"@type":"WebSite","@id":"https:\/\/blogs.udima.es\/administracion-y-direccion-de-empresas\/#website","url":"https:\/\/blogs.udima.es\/administracion-y-direccion-de-empresas\/","name":"Blog de ADE - Universidad a Distancia de Madrid | UDIMA","description":"","potentialAction":[{"@type":"SearchAction","target":{"@type":"EntryPoint","urlTemplate":"https:\/\/blogs.udima.es\/administracion-y-direccion-de-empresas\/?s={search_term_string}"},"query-input":"required name=search_term_string"}],"inLanguage":"es"}]}},"_links":{"self":[{"href":"https:\/\/blogs.udima.es\/administracion-y-direccion-de-empresas\/wp-json\/wp\/v2\/pages\/658"}],"collection":[{"href":"https:\/\/blogs.udima.es\/administracion-y-direccion-de-empresas\/wp-json\/wp\/v2\/pages"}],"about":[{"href":"https:\/\/blogs.udima.es\/administracion-y-direccion-de-empresas\/wp-json\/wp\/v2\/types\/page"}],"author":[{"embeddable":true,"href":"https:\/\/blogs.udima.es\/administracion-y-direccion-de-empresas\/wp-json\/wp\/v2\/users\/2"}],"replies":[{"embeddable":true,"href":"https:\/\/blogs.udima.es\/administracion-y-direccion-de-empresas\/wp-json\/wp\/v2\/comments?post=658"}],"version-history":[{"count":2,"href":"https:\/\/blogs.udima.es\/administracion-y-direccion-de-empresas\/wp-json\/wp\/v2\/pages\/658\/revisions"}],"predecessor-version":[{"id":2670,"href":"https:\/\/blogs.udima.es\/administracion-y-direccion-de-empresas\/wp-json\/wp\/v2\/pages\/658\/revisions\/2670"}],"up":[{"embeddable":true,"href":"https:\/\/blogs.udima.es\/administracion-y-direccion-de-empresas\/wp-json\/wp\/v2\/pages\/626"}],"wp:attachment":[{"href":"https:\/\/blogs.udima.es\/administracion-y-direccion-de-empresas\/wp-json\/wp\/v2\/media?parent=658"}],"curies":[{"name":"wp","href":"https:\/\/api.w.org\/{rel}","templated":true}]}}