{"id":652,"date":"2010-12-31T09:50:39","date_gmt":"2010-12-31T09:50:39","guid":{"rendered":"http:\/\/www.adeudima.com\/?page_id=652"},"modified":"2010-12-31T09:50:39","modified_gmt":"2010-12-31T09:50:39","slug":"conceptos-basicos-a-retener","status":"publish","type":"page","link":"https:\/\/blogs.udima.es\/administracion-y-direccion-de-empresas\/libros\/introduccion-a-la-organizacion-de-empresas-2\/unidad-didactica-10-internacionalizacion-de-la-empresa\/conceptos-basicos-a-retener\/","title":{"rendered":"CONCEPTOS B\u00c1SICOS A RETENER"},"content":{"rendered":"<p>De esta Unidad did\u00e1ctica es imprescindible retener los conceptos  b\u00e1sicos siguientes:<strong><\/strong><\/p>\n<ul>\n<li><strong>Exportaci\u00f3n.<\/strong> Es cualquier bien o servicio enviado  a otra parte del mundo con prop\u00f3sitos  comerciales. La exportaci\u00f3n es  el tr\u00e1fico leg\u00edtimo de bienes y servicios  nacionales de un pa\u00eds  pretendidos para su uso o consumo en el extranjero. Las  exportaciones  pueden ser cualquier producto enviado fuera de la frontera de un  pa\u00eds.  Las exportaciones son generalmente llevadas a cabo bajo condiciones   espec\u00edficas.<\/li>\n<\/ul>\n<ul>\n<li><strong>Filial.<\/strong> Empresa o entidad controlada  por otra mayor o empresa matriz.<\/li>\n<\/ul>\n<ul>\n<li><strong>Internacionalizaci\u00f3n.<\/strong> Proceso de  crecimiento o  expansi\u00f3n a nivel internacional de la empresa. Es el resultado de  la  caracter\u00edstica fundamental del capital, se lleva a cabo con la   descomposici\u00f3n y diseminaci\u00f3n internacional de los procesos productivos,  obra  de las grandes empresas multinacionales, o dicho de otra forma,  la divisi\u00f3n en  diferentes pa\u00edses de los procesos productivos de una  empresa para abaratar  costes, ganar mercado, tener mejor  aprovisionamiento o mejores pol\u00edticas  estatales a favor de las empresas  multinacionales. Este proceso ha tenido y  tiene una gran repercusi\u00f3n  en la econom\u00eda global y ha sido el que ha conseguido  estructurar, dicha  econom\u00eda, como la conocemos actualmente.<\/li>\n<\/ul>\n<ul>\n<li><strong>Inversi\u00f3n exterior directa.<\/strong> Un flujo  financiero  entre dos pa\u00edses se considera una inversi\u00f3n extranjera directa (IED)   cuando responde a una voluntad de permanencia por parte del inversor y  le  permite adquirir influencia en la gesti\u00f3n de una empresa situada en  otro pa\u00eds. La IED se considera beneficiosa  para el pa\u00eds receptor en la  medida que aporta recursos para el desarrollo de  nuevas empresas,  refuerza la actividad en empresas ya existentes, aumenta la   competitividad, impulsa el comercio, crea empleo y favorece la  transferencia de  tecnolog\u00eda. Sin embargo, de los flujos de capital que  satisfacen las  condiciones de IED, no resulta f\u00e1cil extraer aquellos  que representan una aportaci\u00f3n  genuina a la econom\u00eda del pa\u00eds receptor,  en el sentido de incidir  favorablemente en los aspectos anteriormente  citados.<\/li>\n<\/ul>\n<ul>\n<li><strong>Mercado.<\/strong> Es cualquier conjunto de  transacciones,  acuerdos o intercambios de bienes y servicios entre compradores  y  vendedores. En contraposici\u00f3n con una simple venta, el mercado implica  el  comercio regular y regulado, donde existe cierta competencia entre  los  participantes.<\/li>\n<\/ul>\n<ul>\n<li><strong>Multinacional.<\/strong> Son aquellas empresas  que no solo  est\u00e1n establecidas en su pa\u00eds de origen, sino que tambi\u00e9n se   constituyen en otros pa\u00edses, para realizar sus actividades mercantiles  tanto de  venta y compra como de producci\u00f3n en los pa\u00edses donde se han  establecido.<\/li>\n<\/ul>\n","protected":false},"excerpt":{"rendered":"<p>De esta Unidad did\u00e1ctica es imprescindible retener los conceptos b\u00e1sicos siguientes: Exportaci\u00f3n. Es cualquier bien o servicio enviado a otra parte del mundo con prop\u00f3sitos comerciales. La exportaci\u00f3n es el tr\u00e1fico leg\u00edtimo de bienes y servicios nacionales de un pa\u00eds pretendidos para su uso o consumo en el extranjero. Las exportaciones pueden ser cualquier producto [&hellip;]<\/p>\n","protected":false},"author":2,"featured_media":0,"parent":626,"menu_order":0,"comment_status":"open","ping_status":"open","template":"","meta":{"footnotes":""},"yoast_head":"<!-- This site is optimized with the Yoast SEO plugin v22.9 - https:\/\/yoast.com\/wordpress\/plugins\/seo\/ -->\n<title>CONCEPTOS B\u00c1SICOS A RETENER - Blog de ADE<\/title>\n<meta name=\"robots\" content=\"index, follow, max-snippet:-1, max-image-preview:large, max-video-preview:-1\" \/>\n<link rel=\"canonical\" href=\"https:\/\/blogs.udima.es\/administracion-y-direccion-de-empresas\/libros\/introduccion-a-la-organizacion-de-empresas-2\/unidad-didactica-10-internacionalizacion-de-la-empresa\/conceptos-basicos-a-retener\/\" \/>\n<meta property=\"og:locale\" content=\"es_ES\" \/>\n<meta property=\"og:type\" content=\"article\" \/>\n<meta property=\"og:title\" content=\"CONCEPTOS B\u00c1SICOS A RETENER - Blog de ADE\" \/>\n<meta property=\"og:description\" content=\"De esta Unidad did\u00e1ctica es imprescindible retener los conceptos b\u00e1sicos siguientes: Exportaci\u00f3n. Es cualquier bien o servicio enviado a otra parte del mundo con prop\u00f3sitos comerciales. La exportaci\u00f3n es el tr\u00e1fico leg\u00edtimo de bienes y servicios nacionales de un pa\u00eds pretendidos para su uso o consumo en el extranjero. Las exportaciones pueden ser cualquier producto [&hellip;]\" \/>\n<meta property=\"og:url\" content=\"https:\/\/blogs.udima.es\/administracion-y-direccion-de-empresas\/libros\/introduccion-a-la-organizacion-de-empresas-2\/unidad-didactica-10-internacionalizacion-de-la-empresa\/conceptos-basicos-a-retener\/\" \/>\n<meta property=\"og:site_name\" content=\"Blog de ADE - Universidad a Distancia de Madrid | UDIMA\" \/>\n<meta name=\"twitter:card\" content=\"summary_large_image\" \/>\n<meta name=\"twitter:label1\" content=\"Tiempo de lectura\" \/>\n\t<meta name=\"twitter:data1\" content=\"2 minutos\" \/>\n<script type=\"application\/ld+json\" class=\"yoast-schema-graph\">{\"@context\":\"https:\/\/schema.org\",\"@graph\":[{\"@type\":\"WebPage\",\"@id\":\"https:\/\/blogs.udima.es\/administracion-y-direccion-de-empresas\/libros\/introduccion-a-la-organizacion-de-empresas-2\/unidad-didactica-10-internacionalizacion-de-la-empresa\/conceptos-basicos-a-retener\/\",\"url\":\"https:\/\/blogs.udima.es\/administracion-y-direccion-de-empresas\/libros\/introduccion-a-la-organizacion-de-empresas-2\/unidad-didactica-10-internacionalizacion-de-la-empresa\/conceptos-basicos-a-retener\/\",\"name\":\"CONCEPTOS B\u00c1SICOS A RETENER - Blog de ADE\",\"isPartOf\":{\"@id\":\"https:\/\/blogs.udima.es\/administracion-y-direccion-de-empresas\/#website\"},\"datePublished\":\"2010-12-31T09:50:39+00:00\",\"dateModified\":\"2010-12-31T09:50:39+00:00\",\"breadcrumb\":{\"@id\":\"https:\/\/blogs.udima.es\/administracion-y-direccion-de-empresas\/libros\/introduccion-a-la-organizacion-de-empresas-2\/unidad-didactica-10-internacionalizacion-de-la-empresa\/conceptos-basicos-a-retener\/#breadcrumb\"},\"inLanguage\":\"es\",\"potentialAction\":[{\"@type\":\"ReadAction\",\"target\":[\"https:\/\/blogs.udima.es\/administracion-y-direccion-de-empresas\/libros\/introduccion-a-la-organizacion-de-empresas-2\/unidad-didactica-10-internacionalizacion-de-la-empresa\/conceptos-basicos-a-retener\/\"]}]},{\"@type\":\"BreadcrumbList\",\"@id\":\"https:\/\/blogs.udima.es\/administracion-y-direccion-de-empresas\/libros\/introduccion-a-la-organizacion-de-empresas-2\/unidad-didactica-10-internacionalizacion-de-la-empresa\/conceptos-basicos-a-retener\/#breadcrumb\",\"itemListElement\":[{\"@type\":\"ListItem\",\"position\":1,\"name\":\"Portada\",\"item\":\"https:\/\/blogs.udima.es\/administracion-y-direccion-de-empresas\/\"},{\"@type\":\"ListItem\",\"position\":2,\"name\":\"Libros\",\"item\":\"https:\/\/blogs.udima.es\/administracion-y-direccion-de-empresas\/libros\/\"},{\"@type\":\"ListItem\",\"position\":3,\"name\":\"Introducci\u00f3n a la Organizaci\u00f3n de Empresas\",\"item\":\"https:\/\/blogs.udima.es\/administracion-y-direccion-de-empresas\/libros\/introduccion-a-la-organizacion-de-empresas-2\/\"},{\"@type\":\"ListItem\",\"position\":4,\"name\":\"Unidad did\u00e1ctica 10. Internacionalizaci\u00f3n de la empresa\",\"item\":\"https:\/\/blogs.udima.es\/administracion-y-direccion-de-empresas\/libros\/introduccion-a-la-organizacion-de-empresas-2\/unidad-didactica-10-internacionalizacion-de-la-empresa\/\"},{\"@type\":\"ListItem\",\"position\":5,\"name\":\"CONCEPTOS B\u00c1SICOS A RETENER\"}]},{\"@type\":\"WebSite\",\"@id\":\"https:\/\/blogs.udima.es\/administracion-y-direccion-de-empresas\/#website\",\"url\":\"https:\/\/blogs.udima.es\/administracion-y-direccion-de-empresas\/\",\"name\":\"Blog de ADE - Universidad a Distancia de Madrid | UDIMA\",\"description\":\"\",\"potentialAction\":[{\"@type\":\"SearchAction\",\"target\":{\"@type\":\"EntryPoint\",\"urlTemplate\":\"https:\/\/blogs.udima.es\/administracion-y-direccion-de-empresas\/?s={search_term_string}\"},\"query-input\":\"required name=search_term_string\"}],\"inLanguage\":\"es\"}]}<\/script>\n<!-- \/ Yoast SEO plugin. -->","yoast_head_json":{"title":"CONCEPTOS B\u00c1SICOS A RETENER - Blog de ADE","robots":{"index":"index","follow":"follow","max-snippet":"max-snippet:-1","max-image-preview":"max-image-preview:large","max-video-preview":"max-video-preview:-1"},"canonical":"https:\/\/blogs.udima.es\/administracion-y-direccion-de-empresas\/libros\/introduccion-a-la-organizacion-de-empresas-2\/unidad-didactica-10-internacionalizacion-de-la-empresa\/conceptos-basicos-a-retener\/","og_locale":"es_ES","og_type":"article","og_title":"CONCEPTOS B\u00c1SICOS A RETENER - Blog de ADE","og_description":"De esta Unidad did\u00e1ctica es imprescindible retener los conceptos b\u00e1sicos siguientes: Exportaci\u00f3n. Es cualquier bien o servicio enviado a otra parte del mundo con prop\u00f3sitos comerciales. La exportaci\u00f3n es el tr\u00e1fico leg\u00edtimo de bienes y servicios nacionales de un pa\u00eds pretendidos para su uso o consumo en el extranjero. Las exportaciones pueden ser cualquier producto [&hellip;]","og_url":"https:\/\/blogs.udima.es\/administracion-y-direccion-de-empresas\/libros\/introduccion-a-la-organizacion-de-empresas-2\/unidad-didactica-10-internacionalizacion-de-la-empresa\/conceptos-basicos-a-retener\/","og_site_name":"Blog de ADE - Universidad a Distancia de Madrid | UDIMA","twitter_card":"summary_large_image","twitter_misc":{"Tiempo de lectura":"2 minutos"},"schema":{"@context":"https:\/\/schema.org","@graph":[{"@type":"WebPage","@id":"https:\/\/blogs.udima.es\/administracion-y-direccion-de-empresas\/libros\/introduccion-a-la-organizacion-de-empresas-2\/unidad-didactica-10-internacionalizacion-de-la-empresa\/conceptos-basicos-a-retener\/","url":"https:\/\/blogs.udima.es\/administracion-y-direccion-de-empresas\/libros\/introduccion-a-la-organizacion-de-empresas-2\/unidad-didactica-10-internacionalizacion-de-la-empresa\/conceptos-basicos-a-retener\/","name":"CONCEPTOS B\u00c1SICOS A RETENER - Blog de ADE","isPartOf":{"@id":"https:\/\/blogs.udima.es\/administracion-y-direccion-de-empresas\/#website"},"datePublished":"2010-12-31T09:50:39+00:00","dateModified":"2010-12-31T09:50:39+00:00","breadcrumb":{"@id":"https:\/\/blogs.udima.es\/administracion-y-direccion-de-empresas\/libros\/introduccion-a-la-organizacion-de-empresas-2\/unidad-didactica-10-internacionalizacion-de-la-empresa\/conceptos-basicos-a-retener\/#breadcrumb"},"inLanguage":"es","potentialAction":[{"@type":"ReadAction","target":["https:\/\/blogs.udima.es\/administracion-y-direccion-de-empresas\/libros\/introduccion-a-la-organizacion-de-empresas-2\/unidad-didactica-10-internacionalizacion-de-la-empresa\/conceptos-basicos-a-retener\/"]}]},{"@type":"BreadcrumbList","@id":"https:\/\/blogs.udima.es\/administracion-y-direccion-de-empresas\/libros\/introduccion-a-la-organizacion-de-empresas-2\/unidad-didactica-10-internacionalizacion-de-la-empresa\/conceptos-basicos-a-retener\/#breadcrumb","itemListElement":[{"@type":"ListItem","position":1,"name":"Portada","item":"https:\/\/blogs.udima.es\/administracion-y-direccion-de-empresas\/"},{"@type":"ListItem","position":2,"name":"Libros","item":"https:\/\/blogs.udima.es\/administracion-y-direccion-de-empresas\/libros\/"},{"@type":"ListItem","position":3,"name":"Introducci\u00f3n a la Organizaci\u00f3n de Empresas","item":"https:\/\/blogs.udima.es\/administracion-y-direccion-de-empresas\/libros\/introduccion-a-la-organizacion-de-empresas-2\/"},{"@type":"ListItem","position":4,"name":"Unidad did\u00e1ctica 10. Internacionalizaci\u00f3n de la empresa","item":"https:\/\/blogs.udima.es\/administracion-y-direccion-de-empresas\/libros\/introduccion-a-la-organizacion-de-empresas-2\/unidad-didactica-10-internacionalizacion-de-la-empresa\/"},{"@type":"ListItem","position":5,"name":"CONCEPTOS B\u00c1SICOS A RETENER"}]},{"@type":"WebSite","@id":"https:\/\/blogs.udima.es\/administracion-y-direccion-de-empresas\/#website","url":"https:\/\/blogs.udima.es\/administracion-y-direccion-de-empresas\/","name":"Blog de ADE - Universidad a Distancia de Madrid | UDIMA","description":"","potentialAction":[{"@type":"SearchAction","target":{"@type":"EntryPoint","urlTemplate":"https:\/\/blogs.udima.es\/administracion-y-direccion-de-empresas\/?s={search_term_string}"},"query-input":"required name=search_term_string"}],"inLanguage":"es"}]}},"_links":{"self":[{"href":"https:\/\/blogs.udima.es\/administracion-y-direccion-de-empresas\/wp-json\/wp\/v2\/pages\/652"}],"collection":[{"href":"https:\/\/blogs.udima.es\/administracion-y-direccion-de-empresas\/wp-json\/wp\/v2\/pages"}],"about":[{"href":"https:\/\/blogs.udima.es\/administracion-y-direccion-de-empresas\/wp-json\/wp\/v2\/types\/page"}],"author":[{"embeddable":true,"href":"https:\/\/blogs.udima.es\/administracion-y-direccion-de-empresas\/wp-json\/wp\/v2\/users\/2"}],"replies":[{"embeddable":true,"href":"https:\/\/blogs.udima.es\/administracion-y-direccion-de-empresas\/wp-json\/wp\/v2\/comments?post=652"}],"version-history":[{"count":0,"href":"https:\/\/blogs.udima.es\/administracion-y-direccion-de-empresas\/wp-json\/wp\/v2\/pages\/652\/revisions"}],"up":[{"embeddable":true,"href":"https:\/\/blogs.udima.es\/administracion-y-direccion-de-empresas\/wp-json\/wp\/v2\/pages\/626"}],"wp:attachment":[{"href":"https:\/\/blogs.udima.es\/administracion-y-direccion-de-empresas\/wp-json\/wp\/v2\/media?parent=652"}],"curies":[{"name":"wp","href":"https:\/\/api.w.org\/{rel}","templated":true}]}}