{"id":649,"date":"2010-12-31T09:48:42","date_gmt":"2010-12-31T09:48:42","guid":{"rendered":"http:\/\/www.adeudima.com\/?page_id=649"},"modified":"2010-12-31T09:48:42","modified_gmt":"2010-12-31T09:48:42","slug":"5-la-empresa-multinacional","status":"publish","type":"page","link":"https:\/\/blogs.udima.es\/administracion-y-direccion-de-empresas\/libros\/introduccion-a-la-organizacion-de-empresas-2\/unidad-didactica-10-internacionalizacion-de-la-empresa\/5-la-empresa-multinacional\/","title":{"rendered":"5. La empresa multinacional"},"content":{"rendered":"<p>Al intentar  delimitar el concepto de empresa multinacional, la  primera dificultad que se  encuentra es la terminolog\u00eda. La empresa  multinacional recibe tambi\u00e9n, seg\u00fan  diversos tratadistas, las  denominaciones de: empresa internacional, empresa  plurinacional y  empresa transnacional. Realmente la distinci\u00f3n que subyace en  esta  discusi\u00f3n es la nacionalidad de la empresa: si se trata de una empresa  con  una nacionalidad que opera en un conjunto de pa\u00edses, o bien se hace  referencia  a una empresa cuyos intereses est\u00e1n divorciados de los de  su pa\u00eds de  residencia, es decir, una empresa \u00abanacional\u00bb no vinculada  expresamente a  ning\u00fan pa\u00eds. Por ello, a continuaci\u00f3n se procede a  precisar el concepto de  multinacionalidad.<\/p>\n<p>La empresa es  multinacional en el sentido de que opera en un amplio  n\u00famero de pa\u00edses con la  finalidad de maximizar sus beneficios, bajo  una perspectiva global de grupo y  no en cada una de sus unidades  nacionales independientes. De otra parte, la  empresa multinacional  presenta otras caracter\u00edsticas propias respecto de las  unidades  productivas nacionales, principalmente el hecho de que la propiedad y   el control est\u00e1n concentrados en un solo pa\u00eds, el pa\u00eds de origen, y no   dispersos entre las distintas plantas que posee. Se pueden citar algunos   ejemplos que se oponen a esta \u00faltima caracter\u00edstica, como el de la  \u00abRoyal Dutch Shell\u00bb, de \u00abUnilever\u00bb, de \u00abDunlop-Pirelli\u00bb, etc. Pero los  casos mencionados responden a  esquemas de dif\u00edcil equilibrio binacional  que ser\u00eda complicado extender a nivel  plurinacional.<\/p>\n<p>Los defensores  de la multinacionalidad prev\u00e9n un futuro de empresas  internacionales en las que  el capital y la direcci\u00f3n sean aportados  por muchos pa\u00edses. En apoyo de estas  teor\u00edas se pueden citar dos  fen\u00f3menos:<\/p>\n<ul>\n<li>El progresivo incremento de las inversiones  europeas y japonesas en Estados Unidos.<\/li>\n<li>La creciente participaci\u00f3n de personal no  proveniente del pa\u00eds de origen en las empresas multinacionales.<\/li>\n<\/ul>\n<p>Sin embargo, los  fen\u00f3menos anteriormente citados no son totalmente  v\u00e1lidos. En primer lugar,  porque aunque en el caso de algunas empresas  multinacionales una parte no  cr\u00edtica del capital-acciones est\u00e9 en manos  extranjeras, no solamente no  afectar\u00e1 el proceso de decisi\u00f3n, sino que  de ninguna manera cuestionar\u00eda la  existencia de la empresa  multinacional, tal y como se entiende hoy, para  fomentar  generalizadamente una verdadera empresa global, en el sentido m\u00e1s   amplio de la palabra. Asimismo y en esta misma l\u00ednea, es conveniente   reflexionar sobre las implicaciones pol\u00edticas y econ\u00f3micas que se  tendr\u00edan que  salvar para llegar a empresas en que el capital y la  direcci\u00f3n puedan ser de  cualquier nacionalidad sin trabas legales y  \u00abpol\u00edticas\u00bb de ninguna clase.<\/p>\n<p>En segundo  lugar, si bien es cierto que existe un mayor empleo de  extranjeros en puestos  ejecutivos en las multinacionales, estos  dif\u00edcilmente acceden a puestos de la  m\u00e1s alta responsabilidad en la  direcci\u00f3n de la empresa. En este sentido, el  crecimiento de la empresa  multinacional se basa en el empleo del factor trabajo  local en los  distintos pa\u00edses donde se ubica, aprovechando las ventajas de su  coste  normalmente inferior. Pero a nivel de direcci\u00f3n es donde los intereses   del grupo de control priman sobras las situaciones particulares de  producci\u00f3n.  En general, es el directivo del pa\u00eds de la matriz quien  toma la decisi\u00f3n,  actuaci\u00f3n que es coherente con la finalidad que  persigue la empresa  multinacional: la maximizaci\u00f3n del beneficio  obtenido por el conjunto de  unidades productivas que componen la  empresa multinacional y que puede ser  distribuido en el pa\u00eds de la  matriz, es decir, entre los accionistas de la  empresa central.<\/p>\n<p>Por ello, ser\u00e1  conveniente, desde un punto de vista organizativo,  armonizar los intereses de  la empresa con la posible escala de valores o  intereses de los directivos a fin  de lograr una mayor eficacia; el  medio de eliminar conflictos en las relaciones  matriz-filial es  encargar la resoluci\u00f3n de los problemas a personas vinculadas  al m\u00e1ximo  a la matriz, lo que explica la preferencia por los directivos del  pa\u00eds  inversor.<\/p>\n<p>Dentro de este  intento de conceptualizaci\u00f3n de la empresa  multinacional, y como conclusi\u00f3n, se  puede afirmar que \u00abes necesario  comprender la naturaleza precisa y los l\u00edmites  de la multinacionalidad  de las empresas multinacional. Estas lo son en el  sentido de que operan  en varias naciones con el prop\u00f3sito de maximizar sus  beneficios, no el  de las unidades nacionales sobre una base nacional, sino los  del grupo  en su conjunto\u2026, siendo esta la \u00fanica raz\u00f3n v\u00e1lida para emplear el   t\u00e9rmino multinacional, porque en los dem\u00e1s aspectos decisivos estamos  ante  empresas internacionales. En particular, propiedad y control est\u00e1n  localizados  en una naci\u00f3n y no dispersados a trav\u00e9s del sistema que  representa la empresa\u00bb  (Sweezy y Magdof, 1972).<\/p>\n<p>Una vez  precisado el t\u00e9rmino multinacional, se puede definir la  empresa multinacional. Existen m\u00faltiples definiciones de la misma, pero  considerando como  caracter\u00edsticas diferenciadoras la constituci\u00f3n de  filiales en los distintos  pa\u00edses, la realizaci\u00f3n de actividades  productivas y de distribuci\u00f3n en sus  unidades y la unidad de decisi\u00f3n,  se puede considerar multinacional toda  empresa cuyo centro de decisi\u00f3n  se encuentre en un pa\u00eds y posea filiales en  alg\u00fan otro pa\u00eds.  Evidentemente, los grados de multinacionalidad de la empresa  pueden ser  muy diferentes: desde operar en solo dos pa\u00edses o en muchos; pero al   existir centros en diversos pa\u00edses y un centro de decisi\u00f3n \u00fanico en los  asuntos  fundamentales, se dan ya las caracter\u00edsticas propias que  definen una actividad  multinacional.<\/p>\n","protected":false},"excerpt":{"rendered":"<p>Al intentar delimitar el concepto de empresa multinacional, la primera dificultad que se encuentra es la terminolog\u00eda. La empresa multinacional recibe tambi\u00e9n, seg\u00fan diversos tratadistas, las denominaciones de: empresa internacional, empresa plurinacional y empresa transnacional. Realmente la distinci\u00f3n que subyace en esta discusi\u00f3n es la nacionalidad de la empresa: si se trata de una empresa [&hellip;]<\/p>\n","protected":false},"author":2,"featured_media":0,"parent":626,"menu_order":0,"comment_status":"open","ping_status":"open","template":"","meta":{"footnotes":""},"yoast_head":"<!-- This site is optimized with the Yoast SEO plugin v22.9 - https:\/\/yoast.com\/wordpress\/plugins\/seo\/ -->\n<title>5. La empresa multinacional - Blog de ADE<\/title>\n<meta name=\"robots\" content=\"index, follow, max-snippet:-1, max-image-preview:large, max-video-preview:-1\" \/>\n<link rel=\"canonical\" href=\"https:\/\/blogs.udima.es\/administracion-y-direccion-de-empresas\/libros\/introduccion-a-la-organizacion-de-empresas-2\/unidad-didactica-10-internacionalizacion-de-la-empresa\/5-la-empresa-multinacional\/\" \/>\n<meta property=\"og:locale\" content=\"es_ES\" \/>\n<meta property=\"og:type\" content=\"article\" \/>\n<meta property=\"og:title\" content=\"5. La empresa multinacional - Blog de ADE\" \/>\n<meta property=\"og:description\" content=\"Al intentar delimitar el concepto de empresa multinacional, la primera dificultad que se encuentra es la terminolog\u00eda. La empresa multinacional recibe tambi\u00e9n, seg\u00fan diversos tratadistas, las denominaciones de: empresa internacional, empresa plurinacional y empresa transnacional. Realmente la distinci\u00f3n que subyace en esta discusi\u00f3n es la nacionalidad de la empresa: si se trata de una empresa [&hellip;]\" \/>\n<meta property=\"og:url\" content=\"https:\/\/blogs.udima.es\/administracion-y-direccion-de-empresas\/libros\/introduccion-a-la-organizacion-de-empresas-2\/unidad-didactica-10-internacionalizacion-de-la-empresa\/5-la-empresa-multinacional\/\" \/>\n<meta property=\"og:site_name\" content=\"Blog de ADE - Universidad a Distancia de Madrid | UDIMA\" \/>\n<meta name=\"twitter:card\" content=\"summary_large_image\" \/>\n<meta name=\"twitter:label1\" content=\"Tiempo de lectura\" \/>\n\t<meta name=\"twitter:data1\" content=\"5 minutos\" \/>\n<script type=\"application\/ld+json\" class=\"yoast-schema-graph\">{\"@context\":\"https:\/\/schema.org\",\"@graph\":[{\"@type\":\"WebPage\",\"@id\":\"https:\/\/blogs.udima.es\/administracion-y-direccion-de-empresas\/libros\/introduccion-a-la-organizacion-de-empresas-2\/unidad-didactica-10-internacionalizacion-de-la-empresa\/5-la-empresa-multinacional\/\",\"url\":\"https:\/\/blogs.udima.es\/administracion-y-direccion-de-empresas\/libros\/introduccion-a-la-organizacion-de-empresas-2\/unidad-didactica-10-internacionalizacion-de-la-empresa\/5-la-empresa-multinacional\/\",\"name\":\"5. La empresa multinacional - Blog de ADE\",\"isPartOf\":{\"@id\":\"https:\/\/blogs.udima.es\/administracion-y-direccion-de-empresas\/#website\"},\"datePublished\":\"2010-12-31T09:48:42+00:00\",\"dateModified\":\"2010-12-31T09:48:42+00:00\",\"breadcrumb\":{\"@id\":\"https:\/\/blogs.udima.es\/administracion-y-direccion-de-empresas\/libros\/introduccion-a-la-organizacion-de-empresas-2\/unidad-didactica-10-internacionalizacion-de-la-empresa\/5-la-empresa-multinacional\/#breadcrumb\"},\"inLanguage\":\"es\",\"potentialAction\":[{\"@type\":\"ReadAction\",\"target\":[\"https:\/\/blogs.udima.es\/administracion-y-direccion-de-empresas\/libros\/introduccion-a-la-organizacion-de-empresas-2\/unidad-didactica-10-internacionalizacion-de-la-empresa\/5-la-empresa-multinacional\/\"]}]},{\"@type\":\"BreadcrumbList\",\"@id\":\"https:\/\/blogs.udima.es\/administracion-y-direccion-de-empresas\/libros\/introduccion-a-la-organizacion-de-empresas-2\/unidad-didactica-10-internacionalizacion-de-la-empresa\/5-la-empresa-multinacional\/#breadcrumb\",\"itemListElement\":[{\"@type\":\"ListItem\",\"position\":1,\"name\":\"Portada\",\"item\":\"https:\/\/blogs.udima.es\/administracion-y-direccion-de-empresas\/\"},{\"@type\":\"ListItem\",\"position\":2,\"name\":\"Libros\",\"item\":\"https:\/\/blogs.udima.es\/administracion-y-direccion-de-empresas\/libros\/\"},{\"@type\":\"ListItem\",\"position\":3,\"name\":\"Introducci\u00f3n a la Organizaci\u00f3n de Empresas\",\"item\":\"https:\/\/blogs.udima.es\/administracion-y-direccion-de-empresas\/libros\/introduccion-a-la-organizacion-de-empresas-2\/\"},{\"@type\":\"ListItem\",\"position\":4,\"name\":\"Unidad did\u00e1ctica 10. Internacionalizaci\u00f3n de la empresa\",\"item\":\"https:\/\/blogs.udima.es\/administracion-y-direccion-de-empresas\/libros\/introduccion-a-la-organizacion-de-empresas-2\/unidad-didactica-10-internacionalizacion-de-la-empresa\/\"},{\"@type\":\"ListItem\",\"position\":5,\"name\":\"5. La empresa multinacional\"}]},{\"@type\":\"WebSite\",\"@id\":\"https:\/\/blogs.udima.es\/administracion-y-direccion-de-empresas\/#website\",\"url\":\"https:\/\/blogs.udima.es\/administracion-y-direccion-de-empresas\/\",\"name\":\"Blog de ADE - Universidad a Distancia de Madrid | UDIMA\",\"description\":\"\",\"potentialAction\":[{\"@type\":\"SearchAction\",\"target\":{\"@type\":\"EntryPoint\",\"urlTemplate\":\"https:\/\/blogs.udima.es\/administracion-y-direccion-de-empresas\/?s={search_term_string}\"},\"query-input\":\"required name=search_term_string\"}],\"inLanguage\":\"es\"}]}<\/script>\n<!-- \/ Yoast SEO plugin. -->","yoast_head_json":{"title":"5. La empresa multinacional - Blog de ADE","robots":{"index":"index","follow":"follow","max-snippet":"max-snippet:-1","max-image-preview":"max-image-preview:large","max-video-preview":"max-video-preview:-1"},"canonical":"https:\/\/blogs.udima.es\/administracion-y-direccion-de-empresas\/libros\/introduccion-a-la-organizacion-de-empresas-2\/unidad-didactica-10-internacionalizacion-de-la-empresa\/5-la-empresa-multinacional\/","og_locale":"es_ES","og_type":"article","og_title":"5. La empresa multinacional - Blog de ADE","og_description":"Al intentar delimitar el concepto de empresa multinacional, la primera dificultad que se encuentra es la terminolog\u00eda. La empresa multinacional recibe tambi\u00e9n, seg\u00fan diversos tratadistas, las denominaciones de: empresa internacional, empresa plurinacional y empresa transnacional. Realmente la distinci\u00f3n que subyace en esta discusi\u00f3n es la nacionalidad de la empresa: si se trata de una empresa [&hellip;]","og_url":"https:\/\/blogs.udima.es\/administracion-y-direccion-de-empresas\/libros\/introduccion-a-la-organizacion-de-empresas-2\/unidad-didactica-10-internacionalizacion-de-la-empresa\/5-la-empresa-multinacional\/","og_site_name":"Blog de ADE - Universidad a Distancia de Madrid | UDIMA","twitter_card":"summary_large_image","twitter_misc":{"Tiempo de lectura":"5 minutos"},"schema":{"@context":"https:\/\/schema.org","@graph":[{"@type":"WebPage","@id":"https:\/\/blogs.udima.es\/administracion-y-direccion-de-empresas\/libros\/introduccion-a-la-organizacion-de-empresas-2\/unidad-didactica-10-internacionalizacion-de-la-empresa\/5-la-empresa-multinacional\/","url":"https:\/\/blogs.udima.es\/administracion-y-direccion-de-empresas\/libros\/introduccion-a-la-organizacion-de-empresas-2\/unidad-didactica-10-internacionalizacion-de-la-empresa\/5-la-empresa-multinacional\/","name":"5. La empresa multinacional - Blog de ADE","isPartOf":{"@id":"https:\/\/blogs.udima.es\/administracion-y-direccion-de-empresas\/#website"},"datePublished":"2010-12-31T09:48:42+00:00","dateModified":"2010-12-31T09:48:42+00:00","breadcrumb":{"@id":"https:\/\/blogs.udima.es\/administracion-y-direccion-de-empresas\/libros\/introduccion-a-la-organizacion-de-empresas-2\/unidad-didactica-10-internacionalizacion-de-la-empresa\/5-la-empresa-multinacional\/#breadcrumb"},"inLanguage":"es","potentialAction":[{"@type":"ReadAction","target":["https:\/\/blogs.udima.es\/administracion-y-direccion-de-empresas\/libros\/introduccion-a-la-organizacion-de-empresas-2\/unidad-didactica-10-internacionalizacion-de-la-empresa\/5-la-empresa-multinacional\/"]}]},{"@type":"BreadcrumbList","@id":"https:\/\/blogs.udima.es\/administracion-y-direccion-de-empresas\/libros\/introduccion-a-la-organizacion-de-empresas-2\/unidad-didactica-10-internacionalizacion-de-la-empresa\/5-la-empresa-multinacional\/#breadcrumb","itemListElement":[{"@type":"ListItem","position":1,"name":"Portada","item":"https:\/\/blogs.udima.es\/administracion-y-direccion-de-empresas\/"},{"@type":"ListItem","position":2,"name":"Libros","item":"https:\/\/blogs.udima.es\/administracion-y-direccion-de-empresas\/libros\/"},{"@type":"ListItem","position":3,"name":"Introducci\u00f3n a la Organizaci\u00f3n de Empresas","item":"https:\/\/blogs.udima.es\/administracion-y-direccion-de-empresas\/libros\/introduccion-a-la-organizacion-de-empresas-2\/"},{"@type":"ListItem","position":4,"name":"Unidad did\u00e1ctica 10. Internacionalizaci\u00f3n de la empresa","item":"https:\/\/blogs.udima.es\/administracion-y-direccion-de-empresas\/libros\/introduccion-a-la-organizacion-de-empresas-2\/unidad-didactica-10-internacionalizacion-de-la-empresa\/"},{"@type":"ListItem","position":5,"name":"5. La empresa multinacional"}]},{"@type":"WebSite","@id":"https:\/\/blogs.udima.es\/administracion-y-direccion-de-empresas\/#website","url":"https:\/\/blogs.udima.es\/administracion-y-direccion-de-empresas\/","name":"Blog de ADE - Universidad a Distancia de Madrid | UDIMA","description":"","potentialAction":[{"@type":"SearchAction","target":{"@type":"EntryPoint","urlTemplate":"https:\/\/blogs.udima.es\/administracion-y-direccion-de-empresas\/?s={search_term_string}"},"query-input":"required name=search_term_string"}],"inLanguage":"es"}]}},"_links":{"self":[{"href":"https:\/\/blogs.udima.es\/administracion-y-direccion-de-empresas\/wp-json\/wp\/v2\/pages\/649"}],"collection":[{"href":"https:\/\/blogs.udima.es\/administracion-y-direccion-de-empresas\/wp-json\/wp\/v2\/pages"}],"about":[{"href":"https:\/\/blogs.udima.es\/administracion-y-direccion-de-empresas\/wp-json\/wp\/v2\/types\/page"}],"author":[{"embeddable":true,"href":"https:\/\/blogs.udima.es\/administracion-y-direccion-de-empresas\/wp-json\/wp\/v2\/users\/2"}],"replies":[{"embeddable":true,"href":"https:\/\/blogs.udima.es\/administracion-y-direccion-de-empresas\/wp-json\/wp\/v2\/comments?post=649"}],"version-history":[{"count":0,"href":"https:\/\/blogs.udima.es\/administracion-y-direccion-de-empresas\/wp-json\/wp\/v2\/pages\/649\/revisions"}],"up":[{"embeddable":true,"href":"https:\/\/blogs.udima.es\/administracion-y-direccion-de-empresas\/wp-json\/wp\/v2\/pages\/626"}],"wp:attachment":[{"href":"https:\/\/blogs.udima.es\/administracion-y-direccion-de-empresas\/wp-json\/wp\/v2\/media?parent=649"}],"curies":[{"name":"wp","href":"https:\/\/api.w.org\/{rel}","templated":true}]}}