{"id":634,"date":"2010-12-31T09:43:14","date_gmt":"2010-12-31T09:43:14","guid":{"rendered":"http:\/\/www.adeudima.com\/?page_id=634"},"modified":"2010-12-31T09:43:14","modified_gmt":"2010-12-31T09:43:14","slug":"objetivos-de-la-unidad-10","status":"publish","type":"page","link":"https:\/\/blogs.udima.es\/administracion-y-direccion-de-empresas\/libros\/introduccion-a-la-organizacion-de-empresas-2\/unidad-didactica-10-internacionalizacion-de-la-empresa\/objetivos-de-la-unidad-10\/","title":{"rendered":"OBJETIVOS DE LA UNIDAD 10"},"content":{"rendered":"<p>A lo largo de los  \u00faltimos a\u00f1os el fen\u00f3meno de internacionalizaci\u00f3n  de empresas ha adquirido un  notable protagonismo en el contexto de la  actual globalizaci\u00f3n econ\u00f3mica. Se  puede decir que la aparici\u00f3n y  difusi\u00f3n de la empresa multinacional, as\u00ed como  su consolidaci\u00f3n como  principal agente en el comercio y desarrollo econ\u00f3mico  internacional,  parece confirmar la irreversibilidad de la evoluci\u00f3n del libre  mercado y  el proceso de concentraci\u00f3n econ\u00f3mica.<\/p>\n<p>La divisi\u00f3n  internacional del trabajo y la multinacionalidad de los  modos de producci\u00f3n no  solamente afectan a las culturas de las  naciones en un proceso de globalizaci\u00f3n  de la econom\u00eda sino que tiende a  favorecer la circulaci\u00f3n de personas,  capitales y tecnolog\u00edas,  prioritariamente a favor de las empresas  multinacionales. Estas  unidades econ\u00f3micas de decisi\u00f3n, especialmente las de  gran tama\u00f1o,  puede decirse que contemplan el mundo como un solo mercado o   instituci\u00f3n global, compuesto de determinados segmentos y, en  consecuencia, que  facilitan la planificaci\u00f3n de sus actividades.<\/p>\n<p>Entonces, cabe  preguntarse qu\u00e9 lleva a la empresa a salir de su  pa\u00eds de origen y hacer  negocios en el extranjero. Por ello, en el  primer ep\u00edgrafe se analiza la  decisi\u00f3n de invertir en el exterior que  responde al deseo de incrementar los  mercados, en sentido geogr\u00e1fico,  donde la empresa act\u00faa. Al igual que otras  decisiones de crecimiento la  salida al extranjero est\u00e1 motivada tanto por  factores internos,  asociados a las fortalezas y debilidades de la empresa, como  por  factores externos relacionados con amenazas y oportunidades del entorno.   Raz\u00f3n por lo que en el ep\u00edgrafe segundo se describen los factores  determinantes  de la internacionalizaci\u00f3n de la empresa.<\/p>\n<p>En los ep\u00edgrafes  tercero y cuarto se tratan tanto los procesos y  etapas de la  internacionalizaci\u00f3n, como los riesgos e inconvenientes  asociados a la  internacionalizaci\u00f3n de la empresa. Asimismo, en el  ep\u00edgrafe quinto se analizan  el concepto, evoluci\u00f3n y caracter\u00edsticas de  la empresa multinacional.<\/p>\n<p>Finalmente, se  recogen los conceptos b\u00e1sicos a retener, las  actividades que permiten un mejor  aprendizaje de los contenidos de la    Unidad did\u00e1ctica y la bibliograf\u00eda que facultar\u00e1 el estudio y   ampliaci\u00f3n de los conocimientos relacionados con el tema de la Unidad  did\u00e1ctica.<\/p>\n<p>En definitiva,  en esta Unidad did\u00e1ctica se pretende introducir las  teor\u00edas, conceptos,  factores determinantes, enfoques y caracter\u00edsticas  que definen el proceso de  internacionalizaci\u00f3n de la empresa y la  creaci\u00f3n y desarrollo de empresas  multinacionales.<\/p>\n","protected":false},"excerpt":{"rendered":"<p>A lo largo de los \u00faltimos a\u00f1os el fen\u00f3meno de internacionalizaci\u00f3n de empresas ha adquirido un notable protagonismo en el contexto de la actual globalizaci\u00f3n econ\u00f3mica. Se puede decir que la aparici\u00f3n y difusi\u00f3n de la empresa multinacional, as\u00ed como su consolidaci\u00f3n como principal agente en el comercio y desarrollo econ\u00f3mico internacional, parece confirmar la [&hellip;]<\/p>\n","protected":false},"author":2,"featured_media":0,"parent":626,"menu_order":0,"comment_status":"open","ping_status":"open","template":"","meta":{"footnotes":""},"yoast_head":"<!-- This site is optimized with the Yoast SEO plugin v22.9 - https:\/\/yoast.com\/wordpress\/plugins\/seo\/ -->\n<title>OBJETIVOS DE LA UNIDAD 10 - Blog de ADE<\/title>\n<meta name=\"robots\" content=\"index, follow, max-snippet:-1, max-image-preview:large, max-video-preview:-1\" \/>\n<link rel=\"canonical\" href=\"https:\/\/blogs.udima.es\/administracion-y-direccion-de-empresas\/libros\/introduccion-a-la-organizacion-de-empresas-2\/unidad-didactica-10-internacionalizacion-de-la-empresa\/objetivos-de-la-unidad-10\/\" \/>\n<meta property=\"og:locale\" content=\"es_ES\" \/>\n<meta property=\"og:type\" content=\"article\" \/>\n<meta property=\"og:title\" content=\"OBJETIVOS DE LA UNIDAD 10 - Blog de ADE\" \/>\n<meta property=\"og:description\" content=\"A lo largo de los \u00faltimos a\u00f1os el fen\u00f3meno de internacionalizaci\u00f3n de empresas ha adquirido un notable protagonismo en el contexto de la actual globalizaci\u00f3n econ\u00f3mica. Se puede decir que la aparici\u00f3n y difusi\u00f3n de la empresa multinacional, as\u00ed como su consolidaci\u00f3n como principal agente en el comercio y desarrollo econ\u00f3mico internacional, parece confirmar la [&hellip;]\" \/>\n<meta property=\"og:url\" content=\"https:\/\/blogs.udima.es\/administracion-y-direccion-de-empresas\/libros\/introduccion-a-la-organizacion-de-empresas-2\/unidad-didactica-10-internacionalizacion-de-la-empresa\/objetivos-de-la-unidad-10\/\" \/>\n<meta property=\"og:site_name\" content=\"Blog de ADE - Universidad a Distancia de Madrid | UDIMA\" \/>\n<meta name=\"twitter:card\" content=\"summary_large_image\" \/>\n<meta name=\"twitter:label1\" content=\"Tiempo de lectura\" \/>\n\t<meta name=\"twitter:data1\" content=\"2 minutos\" \/>\n<script type=\"application\/ld+json\" class=\"yoast-schema-graph\">{\"@context\":\"https:\/\/schema.org\",\"@graph\":[{\"@type\":\"WebPage\",\"@id\":\"https:\/\/blogs.udima.es\/administracion-y-direccion-de-empresas\/libros\/introduccion-a-la-organizacion-de-empresas-2\/unidad-didactica-10-internacionalizacion-de-la-empresa\/objetivos-de-la-unidad-10\/\",\"url\":\"https:\/\/blogs.udima.es\/administracion-y-direccion-de-empresas\/libros\/introduccion-a-la-organizacion-de-empresas-2\/unidad-didactica-10-internacionalizacion-de-la-empresa\/objetivos-de-la-unidad-10\/\",\"name\":\"OBJETIVOS DE LA UNIDAD 10 - Blog de ADE\",\"isPartOf\":{\"@id\":\"https:\/\/blogs.udima.es\/administracion-y-direccion-de-empresas\/#website\"},\"datePublished\":\"2010-12-31T09:43:14+00:00\",\"dateModified\":\"2010-12-31T09:43:14+00:00\",\"breadcrumb\":{\"@id\":\"https:\/\/blogs.udima.es\/administracion-y-direccion-de-empresas\/libros\/introduccion-a-la-organizacion-de-empresas-2\/unidad-didactica-10-internacionalizacion-de-la-empresa\/objetivos-de-la-unidad-10\/#breadcrumb\"},\"inLanguage\":\"es\",\"potentialAction\":[{\"@type\":\"ReadAction\",\"target\":[\"https:\/\/blogs.udima.es\/administracion-y-direccion-de-empresas\/libros\/introduccion-a-la-organizacion-de-empresas-2\/unidad-didactica-10-internacionalizacion-de-la-empresa\/objetivos-de-la-unidad-10\/\"]}]},{\"@type\":\"BreadcrumbList\",\"@id\":\"https:\/\/blogs.udima.es\/administracion-y-direccion-de-empresas\/libros\/introduccion-a-la-organizacion-de-empresas-2\/unidad-didactica-10-internacionalizacion-de-la-empresa\/objetivos-de-la-unidad-10\/#breadcrumb\",\"itemListElement\":[{\"@type\":\"ListItem\",\"position\":1,\"name\":\"Portada\",\"item\":\"https:\/\/blogs.udima.es\/administracion-y-direccion-de-empresas\/\"},{\"@type\":\"ListItem\",\"position\":2,\"name\":\"Libros\",\"item\":\"https:\/\/blogs.udima.es\/administracion-y-direccion-de-empresas\/libros\/\"},{\"@type\":\"ListItem\",\"position\":3,\"name\":\"Introducci\u00f3n a la Organizaci\u00f3n de Empresas\",\"item\":\"https:\/\/blogs.udima.es\/administracion-y-direccion-de-empresas\/libros\/introduccion-a-la-organizacion-de-empresas-2\/\"},{\"@type\":\"ListItem\",\"position\":4,\"name\":\"Unidad did\u00e1ctica 10. Internacionalizaci\u00f3n de la empresa\",\"item\":\"https:\/\/blogs.udima.es\/administracion-y-direccion-de-empresas\/libros\/introduccion-a-la-organizacion-de-empresas-2\/unidad-didactica-10-internacionalizacion-de-la-empresa\/\"},{\"@type\":\"ListItem\",\"position\":5,\"name\":\"OBJETIVOS DE LA UNIDAD 10\"}]},{\"@type\":\"WebSite\",\"@id\":\"https:\/\/blogs.udima.es\/administracion-y-direccion-de-empresas\/#website\",\"url\":\"https:\/\/blogs.udima.es\/administracion-y-direccion-de-empresas\/\",\"name\":\"Blog de ADE - Universidad a Distancia de Madrid | UDIMA\",\"description\":\"\",\"potentialAction\":[{\"@type\":\"SearchAction\",\"target\":{\"@type\":\"EntryPoint\",\"urlTemplate\":\"https:\/\/blogs.udima.es\/administracion-y-direccion-de-empresas\/?s={search_term_string}\"},\"query-input\":\"required name=search_term_string\"}],\"inLanguage\":\"es\"}]}<\/script>\n<!-- \/ Yoast SEO plugin. -->","yoast_head_json":{"title":"OBJETIVOS DE LA UNIDAD 10 - Blog de ADE","robots":{"index":"index","follow":"follow","max-snippet":"max-snippet:-1","max-image-preview":"max-image-preview:large","max-video-preview":"max-video-preview:-1"},"canonical":"https:\/\/blogs.udima.es\/administracion-y-direccion-de-empresas\/libros\/introduccion-a-la-organizacion-de-empresas-2\/unidad-didactica-10-internacionalizacion-de-la-empresa\/objetivos-de-la-unidad-10\/","og_locale":"es_ES","og_type":"article","og_title":"OBJETIVOS DE LA UNIDAD 10 - Blog de ADE","og_description":"A lo largo de los \u00faltimos a\u00f1os el fen\u00f3meno de internacionalizaci\u00f3n de empresas ha adquirido un notable protagonismo en el contexto de la actual globalizaci\u00f3n econ\u00f3mica. Se puede decir que la aparici\u00f3n y difusi\u00f3n de la empresa multinacional, as\u00ed como su consolidaci\u00f3n como principal agente en el comercio y desarrollo econ\u00f3mico internacional, parece confirmar la [&hellip;]","og_url":"https:\/\/blogs.udima.es\/administracion-y-direccion-de-empresas\/libros\/introduccion-a-la-organizacion-de-empresas-2\/unidad-didactica-10-internacionalizacion-de-la-empresa\/objetivos-de-la-unidad-10\/","og_site_name":"Blog de ADE - Universidad a Distancia de Madrid | UDIMA","twitter_card":"summary_large_image","twitter_misc":{"Tiempo de lectura":"2 minutos"},"schema":{"@context":"https:\/\/schema.org","@graph":[{"@type":"WebPage","@id":"https:\/\/blogs.udima.es\/administracion-y-direccion-de-empresas\/libros\/introduccion-a-la-organizacion-de-empresas-2\/unidad-didactica-10-internacionalizacion-de-la-empresa\/objetivos-de-la-unidad-10\/","url":"https:\/\/blogs.udima.es\/administracion-y-direccion-de-empresas\/libros\/introduccion-a-la-organizacion-de-empresas-2\/unidad-didactica-10-internacionalizacion-de-la-empresa\/objetivos-de-la-unidad-10\/","name":"OBJETIVOS DE LA UNIDAD 10 - Blog de ADE","isPartOf":{"@id":"https:\/\/blogs.udima.es\/administracion-y-direccion-de-empresas\/#website"},"datePublished":"2010-12-31T09:43:14+00:00","dateModified":"2010-12-31T09:43:14+00:00","breadcrumb":{"@id":"https:\/\/blogs.udima.es\/administracion-y-direccion-de-empresas\/libros\/introduccion-a-la-organizacion-de-empresas-2\/unidad-didactica-10-internacionalizacion-de-la-empresa\/objetivos-de-la-unidad-10\/#breadcrumb"},"inLanguage":"es","potentialAction":[{"@type":"ReadAction","target":["https:\/\/blogs.udima.es\/administracion-y-direccion-de-empresas\/libros\/introduccion-a-la-organizacion-de-empresas-2\/unidad-didactica-10-internacionalizacion-de-la-empresa\/objetivos-de-la-unidad-10\/"]}]},{"@type":"BreadcrumbList","@id":"https:\/\/blogs.udima.es\/administracion-y-direccion-de-empresas\/libros\/introduccion-a-la-organizacion-de-empresas-2\/unidad-didactica-10-internacionalizacion-de-la-empresa\/objetivos-de-la-unidad-10\/#breadcrumb","itemListElement":[{"@type":"ListItem","position":1,"name":"Portada","item":"https:\/\/blogs.udima.es\/administracion-y-direccion-de-empresas\/"},{"@type":"ListItem","position":2,"name":"Libros","item":"https:\/\/blogs.udima.es\/administracion-y-direccion-de-empresas\/libros\/"},{"@type":"ListItem","position":3,"name":"Introducci\u00f3n a la Organizaci\u00f3n de Empresas","item":"https:\/\/blogs.udima.es\/administracion-y-direccion-de-empresas\/libros\/introduccion-a-la-organizacion-de-empresas-2\/"},{"@type":"ListItem","position":4,"name":"Unidad did\u00e1ctica 10. Internacionalizaci\u00f3n de la empresa","item":"https:\/\/blogs.udima.es\/administracion-y-direccion-de-empresas\/libros\/introduccion-a-la-organizacion-de-empresas-2\/unidad-didactica-10-internacionalizacion-de-la-empresa\/"},{"@type":"ListItem","position":5,"name":"OBJETIVOS DE LA UNIDAD 10"}]},{"@type":"WebSite","@id":"https:\/\/blogs.udima.es\/administracion-y-direccion-de-empresas\/#website","url":"https:\/\/blogs.udima.es\/administracion-y-direccion-de-empresas\/","name":"Blog de ADE - Universidad a Distancia de Madrid | UDIMA","description":"","potentialAction":[{"@type":"SearchAction","target":{"@type":"EntryPoint","urlTemplate":"https:\/\/blogs.udima.es\/administracion-y-direccion-de-empresas\/?s={search_term_string}"},"query-input":"required name=search_term_string"}],"inLanguage":"es"}]}},"_links":{"self":[{"href":"https:\/\/blogs.udima.es\/administracion-y-direccion-de-empresas\/wp-json\/wp\/v2\/pages\/634"}],"collection":[{"href":"https:\/\/blogs.udima.es\/administracion-y-direccion-de-empresas\/wp-json\/wp\/v2\/pages"}],"about":[{"href":"https:\/\/blogs.udima.es\/administracion-y-direccion-de-empresas\/wp-json\/wp\/v2\/types\/page"}],"author":[{"embeddable":true,"href":"https:\/\/blogs.udima.es\/administracion-y-direccion-de-empresas\/wp-json\/wp\/v2\/users\/2"}],"replies":[{"embeddable":true,"href":"https:\/\/blogs.udima.es\/administracion-y-direccion-de-empresas\/wp-json\/wp\/v2\/comments?post=634"}],"version-history":[{"count":0,"href":"https:\/\/blogs.udima.es\/administracion-y-direccion-de-empresas\/wp-json\/wp\/v2\/pages\/634\/revisions"}],"up":[{"embeddable":true,"href":"https:\/\/blogs.udima.es\/administracion-y-direccion-de-empresas\/wp-json\/wp\/v2\/pages\/626"}],"wp:attachment":[{"href":"https:\/\/blogs.udima.es\/administracion-y-direccion-de-empresas\/wp-json\/wp\/v2\/media?parent=634"}],"curies":[{"name":"wp","href":"https:\/\/api.w.org\/{rel}","templated":true}]}}