{"id":622,"date":"2010-12-30T16:49:02","date_gmt":"2010-12-30T16:49:02","guid":{"rendered":"http:\/\/www.adeudima.com\/?page_id=622"},"modified":"2010-12-30T16:49:02","modified_gmt":"2010-12-30T16:49:02","slug":"referencias-bibliograficas","status":"publish","type":"page","link":"https:\/\/blogs.udima.es\/administracion-y-direccion-de-empresas\/libros\/introduccion-a-la-organizacion-de-empresas-2\/unidad-didactica-9-tamano-concentracion-y-crecimiento-de-la-empresa\/referencias-bibliograficas\/","title":{"rendered":"REFERENCIAS BIBLIOGR\u00c1FICAS"},"content":{"rendered":"<p><strong>B\u00e1sica<\/strong><\/p>\n<p>BUENO, E.: <em>Curso b\u00e1sico de econom\u00eda de la empresa. Un  enfoque de organizaci\u00f3n<\/em>, 5.\u00aa ed., Madrid: Pir\u00e1mide, 2004.<\/p>\n<p>BUENO, E., CRUZ, I., DUR\u00c1N, J.: <em>Econom\u00eda de la empresa.  An\u00e1lisis de las decisiones empresariales<\/em>, 15.\u00aa ed., Madrid: Pir\u00e1mide, 2002.<\/p>\n<p><strong>En la red:<\/strong><\/p>\n<p><a href=\"http:\/\/www.wikipedia.org\/\" target=\"_blank\" rel=\"nofollow\">www.wikipedia.org<\/a><\/p>\n<p><a href=\"https:\/\/www.camaras.org\/publicado\/\" target=\"_blank\" rel=\"nofollow\">www.camara.es<\/a><\/p>\n<p><strong>Avanzada<\/strong><\/p>\n<p>BUENO, E.: <em>Direcci\u00f3n  estrat\u00e9gica de la empresa. Metodolog\u00eda, t\u00e9cnicas y casos<\/em>, 4.\u00aa ed., Madrid:  Pir\u00e1mide, 1993a.<\/p>\n<p>BUENO, E.: <em>Crecimiento de la empresa: modalidades y estrategias<\/em>.  Documento n.\u00ba 6, Principios de organizaci\u00f3n y sistemas, Madrid: AECA, 1993b<\/p>\n<p>BUENO, E., ONTIVEROS, E.: \u00abPeque\u00f1a empresa: supervivencia <em>versus<\/em> dependencia\u00bb, <em>Cuadernos universitarios de planificaci\u00f3n empresarial<\/em>,  vol. VI, n.\u00ba 2, 1988.<\/p>\n<p>CA\u00d1IBANO, L., CEA, J.L.: <em>Grupos de empresas. Consolidaci\u00f3n y  censura de sus estados econ\u00f3mico-financieros<\/em> (Madrid: ICE e Instituto de  Censores Jurados de Cuentas de Espa\u00f1a), 1972.<\/p>\n<p>GHEMAWAT, P., GHADAR, F.: \u00abThe  dubious logic of global megamergers\u00bb, <em>Harvard business review<\/em>, vol. 78  (julio\/agosto), 2000, p\u00e1gs. 64-72.<\/p>\n<p>NIETO, A; IGLESIAS, F.: <em>Empresa informativa<\/em>, Barcelona: Ariel Comunicaci\u00f3n, 1993.<\/p>\n<p>PENROSE, E.T.: <em>Teor\u00eda del crecimiento de la empresa<\/em>,  Madrid: Aguilar, 1962, p\u00e1g. 112.<\/p>\n","protected":false},"excerpt":{"rendered":"<p>B\u00e1sica BUENO, E.: Curso b\u00e1sico de econom\u00eda de la empresa. Un enfoque de organizaci\u00f3n, 5.\u00aa ed., Madrid: Pir\u00e1mide, 2004. BUENO, E., CRUZ, I., DUR\u00c1N, J.: Econom\u00eda de la empresa. An\u00e1lisis de las decisiones empresariales, 15.\u00aa ed., Madrid: Pir\u00e1mide, 2002. En la red: www.wikipedia.org www.camara.es Avanzada BUENO, E.: Direcci\u00f3n estrat\u00e9gica de la empresa. Metodolog\u00eda, t\u00e9cnicas y [&hellip;]<\/p>\n","protected":false},"author":2,"featured_media":0,"parent":578,"menu_order":0,"comment_status":"open","ping_status":"open","template":"","meta":{"footnotes":""},"yoast_head":"<!-- This site is optimized with the Yoast SEO plugin v22.9 - https:\/\/yoast.com\/wordpress\/plugins\/seo\/ -->\n<title>REFERENCIAS BIBLIOGR\u00c1FICAS - Blog de ADE<\/title>\n<meta name=\"robots\" content=\"index, follow, max-snippet:-1, max-image-preview:large, max-video-preview:-1\" \/>\n<link rel=\"canonical\" href=\"https:\/\/blogs.udima.es\/administracion-y-direccion-de-empresas\/libros\/introduccion-a-la-organizacion-de-empresas-2\/unidad-didactica-9-tamano-concentracion-y-crecimiento-de-la-empresa\/referencias-bibliograficas\/\" \/>\n<meta property=\"og:locale\" content=\"es_ES\" \/>\n<meta property=\"og:type\" content=\"article\" \/>\n<meta property=\"og:title\" content=\"REFERENCIAS BIBLIOGR\u00c1FICAS - Blog de ADE\" \/>\n<meta property=\"og:description\" content=\"B\u00e1sica BUENO, E.: Curso b\u00e1sico de econom\u00eda de la empresa. Un enfoque de organizaci\u00f3n, 5.\u00aa ed., Madrid: Pir\u00e1mide, 2004. BUENO, E., CRUZ, I., DUR\u00c1N, J.: Econom\u00eda de la empresa. An\u00e1lisis de las decisiones empresariales, 15.\u00aa ed., Madrid: Pir\u00e1mide, 2002. En la red: www.wikipedia.org www.camara.es Avanzada BUENO, E.: Direcci\u00f3n estrat\u00e9gica de la empresa. Metodolog\u00eda, t\u00e9cnicas y [&hellip;]\" \/>\n<meta property=\"og:url\" content=\"https:\/\/blogs.udima.es\/administracion-y-direccion-de-empresas\/libros\/introduccion-a-la-organizacion-de-empresas-2\/unidad-didactica-9-tamano-concentracion-y-crecimiento-de-la-empresa\/referencias-bibliograficas\/\" \/>\n<meta property=\"og:site_name\" content=\"Blog de ADE - Universidad a Distancia de Madrid | UDIMA\" \/>\n<meta name=\"twitter:card\" content=\"summary_large_image\" \/>\n<meta name=\"twitter:label1\" content=\"Tiempo de lectura\" \/>\n\t<meta name=\"twitter:data1\" content=\"1 minuto\" \/>\n<script type=\"application\/ld+json\" class=\"yoast-schema-graph\">{\"@context\":\"https:\/\/schema.org\",\"@graph\":[{\"@type\":\"WebPage\",\"@id\":\"https:\/\/blogs.udima.es\/administracion-y-direccion-de-empresas\/libros\/introduccion-a-la-organizacion-de-empresas-2\/unidad-didactica-9-tamano-concentracion-y-crecimiento-de-la-empresa\/referencias-bibliograficas\/\",\"url\":\"https:\/\/blogs.udima.es\/administracion-y-direccion-de-empresas\/libros\/introduccion-a-la-organizacion-de-empresas-2\/unidad-didactica-9-tamano-concentracion-y-crecimiento-de-la-empresa\/referencias-bibliograficas\/\",\"name\":\"REFERENCIAS BIBLIOGR\u00c1FICAS - Blog de ADE\",\"isPartOf\":{\"@id\":\"https:\/\/blogs.udima.es\/administracion-y-direccion-de-empresas\/#website\"},\"datePublished\":\"2010-12-30T16:49:02+00:00\",\"dateModified\":\"2010-12-30T16:49:02+00:00\",\"breadcrumb\":{\"@id\":\"https:\/\/blogs.udima.es\/administracion-y-direccion-de-empresas\/libros\/introduccion-a-la-organizacion-de-empresas-2\/unidad-didactica-9-tamano-concentracion-y-crecimiento-de-la-empresa\/referencias-bibliograficas\/#breadcrumb\"},\"inLanguage\":\"es\",\"potentialAction\":[{\"@type\":\"ReadAction\",\"target\":[\"https:\/\/blogs.udima.es\/administracion-y-direccion-de-empresas\/libros\/introduccion-a-la-organizacion-de-empresas-2\/unidad-didactica-9-tamano-concentracion-y-crecimiento-de-la-empresa\/referencias-bibliograficas\/\"]}]},{\"@type\":\"BreadcrumbList\",\"@id\":\"https:\/\/blogs.udima.es\/administracion-y-direccion-de-empresas\/libros\/introduccion-a-la-organizacion-de-empresas-2\/unidad-didactica-9-tamano-concentracion-y-crecimiento-de-la-empresa\/referencias-bibliograficas\/#breadcrumb\",\"itemListElement\":[{\"@type\":\"ListItem\",\"position\":1,\"name\":\"Portada\",\"item\":\"https:\/\/blogs.udima.es\/administracion-y-direccion-de-empresas\/\"},{\"@type\":\"ListItem\",\"position\":2,\"name\":\"Libros\",\"item\":\"https:\/\/blogs.udima.es\/administracion-y-direccion-de-empresas\/libros\/\"},{\"@type\":\"ListItem\",\"position\":3,\"name\":\"Introducci\u00f3n a la Organizaci\u00f3n de Empresas\",\"item\":\"https:\/\/blogs.udima.es\/administracion-y-direccion-de-empresas\/libros\/introduccion-a-la-organizacion-de-empresas-2\/\"},{\"@type\":\"ListItem\",\"position\":4,\"name\":\"Unidad did\u00e1ctica 9. Tama\u00f1o, concentraci\u00f3n y crecimiento de la empresa\",\"item\":\"https:\/\/blogs.udima.es\/administracion-y-direccion-de-empresas\/libros\/introduccion-a-la-organizacion-de-empresas-2\/unidad-didactica-9-tamano-concentracion-y-crecimiento-de-la-empresa\/\"},{\"@type\":\"ListItem\",\"position\":5,\"name\":\"REFERENCIAS BIBLIOGR\u00c1FICAS\"}]},{\"@type\":\"WebSite\",\"@id\":\"https:\/\/blogs.udima.es\/administracion-y-direccion-de-empresas\/#website\",\"url\":\"https:\/\/blogs.udima.es\/administracion-y-direccion-de-empresas\/\",\"name\":\"Blog de ADE - Universidad a Distancia de Madrid | UDIMA\",\"description\":\"\",\"potentialAction\":[{\"@type\":\"SearchAction\",\"target\":{\"@type\":\"EntryPoint\",\"urlTemplate\":\"https:\/\/blogs.udima.es\/administracion-y-direccion-de-empresas\/?s={search_term_string}\"},\"query-input\":\"required name=search_term_string\"}],\"inLanguage\":\"es\"}]}<\/script>\n<!-- \/ Yoast SEO plugin. -->","yoast_head_json":{"title":"REFERENCIAS BIBLIOGR\u00c1FICAS - Blog de ADE","robots":{"index":"index","follow":"follow","max-snippet":"max-snippet:-1","max-image-preview":"max-image-preview:large","max-video-preview":"max-video-preview:-1"},"canonical":"https:\/\/blogs.udima.es\/administracion-y-direccion-de-empresas\/libros\/introduccion-a-la-organizacion-de-empresas-2\/unidad-didactica-9-tamano-concentracion-y-crecimiento-de-la-empresa\/referencias-bibliograficas\/","og_locale":"es_ES","og_type":"article","og_title":"REFERENCIAS BIBLIOGR\u00c1FICAS - Blog de ADE","og_description":"B\u00e1sica BUENO, E.: Curso b\u00e1sico de econom\u00eda de la empresa. Un enfoque de organizaci\u00f3n, 5.\u00aa ed., Madrid: Pir\u00e1mide, 2004. BUENO, E., CRUZ, I., DUR\u00c1N, J.: Econom\u00eda de la empresa. An\u00e1lisis de las decisiones empresariales, 15.\u00aa ed., Madrid: Pir\u00e1mide, 2002. En la red: www.wikipedia.org www.camara.es Avanzada BUENO, E.: Direcci\u00f3n estrat\u00e9gica de la empresa. Metodolog\u00eda, t\u00e9cnicas y [&hellip;]","og_url":"https:\/\/blogs.udima.es\/administracion-y-direccion-de-empresas\/libros\/introduccion-a-la-organizacion-de-empresas-2\/unidad-didactica-9-tamano-concentracion-y-crecimiento-de-la-empresa\/referencias-bibliograficas\/","og_site_name":"Blog de ADE - Universidad a Distancia de Madrid | UDIMA","twitter_card":"summary_large_image","twitter_misc":{"Tiempo de lectura":"1 minuto"},"schema":{"@context":"https:\/\/schema.org","@graph":[{"@type":"WebPage","@id":"https:\/\/blogs.udima.es\/administracion-y-direccion-de-empresas\/libros\/introduccion-a-la-organizacion-de-empresas-2\/unidad-didactica-9-tamano-concentracion-y-crecimiento-de-la-empresa\/referencias-bibliograficas\/","url":"https:\/\/blogs.udima.es\/administracion-y-direccion-de-empresas\/libros\/introduccion-a-la-organizacion-de-empresas-2\/unidad-didactica-9-tamano-concentracion-y-crecimiento-de-la-empresa\/referencias-bibliograficas\/","name":"REFERENCIAS BIBLIOGR\u00c1FICAS - Blog de ADE","isPartOf":{"@id":"https:\/\/blogs.udima.es\/administracion-y-direccion-de-empresas\/#website"},"datePublished":"2010-12-30T16:49:02+00:00","dateModified":"2010-12-30T16:49:02+00:00","breadcrumb":{"@id":"https:\/\/blogs.udima.es\/administracion-y-direccion-de-empresas\/libros\/introduccion-a-la-organizacion-de-empresas-2\/unidad-didactica-9-tamano-concentracion-y-crecimiento-de-la-empresa\/referencias-bibliograficas\/#breadcrumb"},"inLanguage":"es","potentialAction":[{"@type":"ReadAction","target":["https:\/\/blogs.udima.es\/administracion-y-direccion-de-empresas\/libros\/introduccion-a-la-organizacion-de-empresas-2\/unidad-didactica-9-tamano-concentracion-y-crecimiento-de-la-empresa\/referencias-bibliograficas\/"]}]},{"@type":"BreadcrumbList","@id":"https:\/\/blogs.udima.es\/administracion-y-direccion-de-empresas\/libros\/introduccion-a-la-organizacion-de-empresas-2\/unidad-didactica-9-tamano-concentracion-y-crecimiento-de-la-empresa\/referencias-bibliograficas\/#breadcrumb","itemListElement":[{"@type":"ListItem","position":1,"name":"Portada","item":"https:\/\/blogs.udima.es\/administracion-y-direccion-de-empresas\/"},{"@type":"ListItem","position":2,"name":"Libros","item":"https:\/\/blogs.udima.es\/administracion-y-direccion-de-empresas\/libros\/"},{"@type":"ListItem","position":3,"name":"Introducci\u00f3n a la Organizaci\u00f3n de Empresas","item":"https:\/\/blogs.udima.es\/administracion-y-direccion-de-empresas\/libros\/introduccion-a-la-organizacion-de-empresas-2\/"},{"@type":"ListItem","position":4,"name":"Unidad did\u00e1ctica 9. Tama\u00f1o, concentraci\u00f3n y crecimiento de la empresa","item":"https:\/\/blogs.udima.es\/administracion-y-direccion-de-empresas\/libros\/introduccion-a-la-organizacion-de-empresas-2\/unidad-didactica-9-tamano-concentracion-y-crecimiento-de-la-empresa\/"},{"@type":"ListItem","position":5,"name":"REFERENCIAS BIBLIOGR\u00c1FICAS"}]},{"@type":"WebSite","@id":"https:\/\/blogs.udima.es\/administracion-y-direccion-de-empresas\/#website","url":"https:\/\/blogs.udima.es\/administracion-y-direccion-de-empresas\/","name":"Blog de ADE - Universidad a Distancia de Madrid | UDIMA","description":"","potentialAction":[{"@type":"SearchAction","target":{"@type":"EntryPoint","urlTemplate":"https:\/\/blogs.udima.es\/administracion-y-direccion-de-empresas\/?s={search_term_string}"},"query-input":"required name=search_term_string"}],"inLanguage":"es"}]}},"_links":{"self":[{"href":"https:\/\/blogs.udima.es\/administracion-y-direccion-de-empresas\/wp-json\/wp\/v2\/pages\/622"}],"collection":[{"href":"https:\/\/blogs.udima.es\/administracion-y-direccion-de-empresas\/wp-json\/wp\/v2\/pages"}],"about":[{"href":"https:\/\/blogs.udima.es\/administracion-y-direccion-de-empresas\/wp-json\/wp\/v2\/types\/page"}],"author":[{"embeddable":true,"href":"https:\/\/blogs.udima.es\/administracion-y-direccion-de-empresas\/wp-json\/wp\/v2\/users\/2"}],"replies":[{"embeddable":true,"href":"https:\/\/blogs.udima.es\/administracion-y-direccion-de-empresas\/wp-json\/wp\/v2\/comments?post=622"}],"version-history":[{"count":0,"href":"https:\/\/blogs.udima.es\/administracion-y-direccion-de-empresas\/wp-json\/wp\/v2\/pages\/622\/revisions"}],"up":[{"embeddable":true,"href":"https:\/\/blogs.udima.es\/administracion-y-direccion-de-empresas\/wp-json\/wp\/v2\/pages\/578"}],"wp:attachment":[{"href":"https:\/\/blogs.udima.es\/administracion-y-direccion-de-empresas\/wp-json\/wp\/v2\/media?parent=622"}],"curies":[{"name":"wp","href":"https:\/\/api.w.org\/{rel}","templated":true}]}}