{"id":616,"date":"2010-12-30T16:47:04","date_gmt":"2010-12-30T16:47:04","guid":{"rendered":"http:\/\/www.adeudima.com\/?page_id=616"},"modified":"2010-12-30T16:47:04","modified_gmt":"2010-12-30T16:47:04","slug":"conceptos-basicos-a-retener","status":"publish","type":"page","link":"https:\/\/blogs.udima.es\/administracion-y-direccion-de-empresas\/libros\/introduccion-a-la-organizacion-de-empresas-2\/unidad-didactica-9-tamano-concentracion-y-crecimiento-de-la-empresa\/conceptos-basicos-a-retener\/","title":{"rendered":"CONCEPTOS B\u00c1SICOS A RETENER"},"content":{"rendered":"<p>De esta  Unidad did\u00e1ctica es imprescindible retener los conceptos b\u00e1sicos siguientes:<\/p>\n<ul>\n<li><strong>Acuerdo.<\/strong> La acci\u00f3n entre dos empresas o  m\u00e1s que no implica ni la creaci\u00f3n de una nueva empresa (<em>joint-venture<\/em>),  ni la compra, ni la fusi\u00f3n ni una participaci\u00f3n financiera.<\/li>\n<\/ul>\n<ul>\n<li><strong>Adquisici\u00f3n  o compra.<\/strong> Acci\u00f3n por la cual una  primera empresa dominante adquiere el  capital suficiente de una segunda  compa\u00f1\u00eda de menor tama\u00f1o que le permite  controlarla.<\/li>\n<\/ul>\n<ul>\n<li><strong>Asociaci\u00f3n.<\/strong> Representa toda vinculaci\u00f3n temporal  por contratos especiales o por colaboraci\u00f3n  econ\u00f3mica, que induzca a  acciones coordinadas o a tareas propias de  comportamiento como grupo  econ\u00f3mico.<\/li>\n<\/ul>\n<ul>\n<li><strong>C\u00e1rtel.<\/strong> Es una forma de concentraci\u00f3n horizontal  por la que se agrupan las empresas  de una misma fase del proceso  productivo, llevando como finalidad el ejercicio  del monopolio.<\/li>\n<\/ul>\n<ul>\n<li><strong>Concentraci\u00f3n  empresarial.<\/strong> Es todo proceso que  acumula en pocas manos o centros de  decisi\u00f3n el capital y las  capacidades productivas de un conjunto de empresas.  El resultante de  esta acumulaci\u00f3n se conoce como grupo de sociedades.<\/li>\n<\/ul>\n<ul>\n<li><strong>Crecimiento  de la empresa.<\/strong> Desarrollo que est\u00e1  alcanzado por la empresa, manifestado  tanto por el incremento de las  magnitudes econ\u00f3micas que explican su actividad,  como por los cambios  observados en su estructura econ\u00f3mica y organizativa.<\/li>\n<\/ul>\n<ul>\n<li><strong>Crecimiento  interno.<\/strong> Consiste en llevar a cabo  la estrategia de crecimiento a trav\u00e9s de  la creaci\u00f3n de nuevos  establecimientos de la misma empresa, controlando  perfectamente la  expansi\u00f3n y asegur\u00e1ndose de que toda la entidad cumple los  objetivos.<\/li>\n<\/ul>\n<ul>\n<li><strong>Crecimiento  externo.<\/strong> Se basa fundamentalmente en la compra de otras empresas o en  adquirir participaciones financieras importantes de las mismas.<\/li>\n<\/ul>\n<ul>\n<li><strong>Diversificaci\u00f3n.<\/strong> Se refiere a un cambio o  modificaci\u00f3n del campo de actividad de la empresa, por  la incorporaci\u00f3n  de nuevos productos y nuevos mercados que representan tanto un   incremento cuantitativo de su volumen de actividad, como una evidente   incidencia cualitativa por la diferenciaci\u00f3n de su sistema t\u00e9cnico y, en   consecuencia, por la posible modificaci\u00f3n de la estructura  organizativa.<\/li>\n<\/ul>\n<ul>\n<li><strong>Diversificaci\u00f3n  horizontal o relacionada.<\/strong> Pretende ir aprovechando las experiencias  comerciales y t\u00e9cnicas en la  b\u00fasqueda y lanzamiento de nuevos mercados y  productos, procurando  acudir a bienes sustitutivos y complementarios que ofrecer\u00e1  en el  mercado.<\/li>\n<\/ul>\n<ul>\n<li><strong>Diversificaci\u00f3n  heterog\u00e9nea o no relacionada.<\/strong> Supone entrar en un negocio que no guarda  relaci\u00f3n con los que realiza  la empresa, en el sentido de que no est\u00e1 vinculado  a la cadena de valor  o a la industria en que compite la empresa.<\/li>\n<\/ul>\n<ul>\n<li><strong>Econom\u00eda  de escala.<\/strong> Se refiere al poder que  tiene una empresa cuando alcanza un  nivel \u00f3ptimo de producci\u00f3n para ir  produciendo m\u00e1s a menor coste, es decir, a  medida que la producci\u00f3n en  una empresa crece, sus costes por unidad producida  se reducen. Cuanto  m\u00e1s produce, menos le cuesta producir cada unidad.<\/li>\n<\/ul>\n<ul>\n<li><strong>Econom\u00eda  de alcance (o de \u00e1mbito).<\/strong> Ahorro de  recursos y costes que obtienen ciertas  empresas como consecuencia de  producir dos o m\u00e1s bienes o servicios de forma  conjunta.<\/li>\n<\/ul>\n<ul>\n<li><strong>Expansi\u00f3n.<\/strong> Se basa en el crecimiento de una misma  l\u00ednea, sin a\u00f1adir nuevos productos a los  ya existentes, ni penetrando  en nuevos mercados. Asimismo, la empresa puede  desarrollarse  introduci\u00e9ndose en nuevos mercados con sus productos  tradicionales o,  por el contrario, con nuevos productos en mercados  tradicionales.<\/li>\n<\/ul>\n<ul>\n<li><strong>Fusi\u00f3n.<\/strong> Acci\u00f3n por la cual dos empresas,  habitualmente de similar talla, deciden unirse  para formar una nueva y  \u00fanica empresa, que implica la desaparici\u00f3n de las dos  anteriores.<\/li>\n<\/ul>\n<ul>\n<li><strong>\u00cdndice  discreto.<\/strong> Consiste en observar la  proporci\u00f3n de la variable de dimensi\u00f3n  que poseen las mayores empresas  de la poblaci\u00f3n del sector o industria  estudiada.<\/li>\n<\/ul>\n<ul>\n<li><strong>\u00cdndice  de importancia relativa.<\/strong> Es una medida  que pretende conocer el n\u00famero de  empresas que se necesitan para  alcanzar un determinado porcentaje de la  variable de dimensi\u00f3n del  sector.<\/li>\n<\/ul>\n<ul>\n<li><strong>Integraci\u00f3n  vertical.<\/strong> Busca asegurar la  colocaci\u00f3n de los productos, relacionados con  el ciclo completo de  explotaci\u00f3n del sector base de la empresa matriz, dentro  de la propia  unidad econ\u00f3mica, para lo que es b\u00e1sico utilizar la pol\u00edtica de   adquisici\u00f3n, participaci\u00f3n y control en empresas, las cuales actuar\u00e1n  tanto de  proveedoras como de clientes.<\/li>\n<\/ul>\n<ul>\n<li><strong><em>Joint-venture<\/em> o empresa conjunta.<\/strong> Acci\u00f3n  entre dos o m\u00e1s empresas cuyo objetivo es la  creaci\u00f3n de una nueva  empresa con un control compartido determinado con  antelaci\u00f3n y que no  cambia la situaci\u00f3n interna de las empresas madres.<\/li>\n<\/ul>\n<ul>\n<li><strong>Participaci\u00f3n  financiera.<\/strong> Cuando la compra de acciones de una empresa no supone su  control.<\/li>\n<\/ul>\n<ul>\n<li><strong>Sociedad <em>holding<\/em>.<\/strong> Representa la compa\u00f1\u00eda  que posee como activo paquetes de  acciones de diversas empresas,  siendo la t\u00edpica expresi\u00f3n de la sociedad matriz  que no realiza  directamente ninguna actividad productiva, sino \u00fanicamente el  control  sobre aquellas sociedades que act\u00faan en diferentes sectores y fases   productivas. Su finalidad reside en ampliar el ciclo del capital a  trav\u00e9s de  una diversificaci\u00f3n industrial que permita distribuir el  riesgo de la  inversi\u00f3n.<\/li>\n<\/ul>\n<ul>\n<li><strong>Sinergia.<\/strong> Efecto expresivo que produce una  adecuada combinaci\u00f3n de los elementos. Tiene  como prerrequisito la  integraci\u00f3n y esta debe ser antecedida por la afinidad de  las partes,  pues la integraci\u00f3n solo es posible si existe afinidad. En   consecuencia, el desarrollo de una sociedad puede ser medido en funci\u00f3n  de la  sinergia existente. Se dice que \u00ab2\u00a0  +\u00a0 2\u00a0 =\u00a0 5\u00bb.<\/li>\n<\/ul>\n<ul>\n<li><strong>Tama\u00f1o  o dimensi\u00f3n de la empresa.<\/strong> Expresar el  mayor o menor volumen de cada una de  las magnitudes que sirven para  explicar lo que es y lo que hace la unidad  econ\u00f3mica. Se apoya en la  medida de las magnitudes econ\u00f3micas explicativas de  la estructura y de  la actividad de la empresa. Por tanto, el conocimiento del  tama\u00f1o  permitir\u00e1 el poder diferenciar entre mayores y menores empresas.<\/li>\n<\/ul>\n<ul>\n<li><strong>Trust,  concentraci\u00f3n vertical o agrupaci\u00f3n de empresas.<\/strong> Situadas en diferentes  fases del mismo proceso productivo, considerada  \u00edntegramente y que lleva como  finalidad la reducci\u00f3n de los costes de  producci\u00f3n y la posibilidad de actuar  monopol\u00edsticamente en el sector  de actividad.<\/li>\n<\/ul>\n<ul>\n<li><strong>Uni\u00f3n.<\/strong> Se refiere a toda concentraci\u00f3n derivada  de transmisi\u00f3n patrimonial o  intercambio de participaciones  financieras; v\u00ednculos f\u00e1cilmente identificables  y que procuran una  cierta permanencia.<\/li>\n<\/ul>\n","protected":false},"excerpt":{"rendered":"<p>De esta Unidad did\u00e1ctica es imprescindible retener los conceptos b\u00e1sicos siguientes: Acuerdo. La acci\u00f3n entre dos empresas o m\u00e1s que no implica ni la creaci\u00f3n de una nueva empresa (joint-venture), ni la compra, ni la fusi\u00f3n ni una participaci\u00f3n financiera. Adquisici\u00f3n o compra. Acci\u00f3n por la cual una primera empresa dominante adquiere el capital suficiente [&hellip;]<\/p>\n","protected":false},"author":2,"featured_media":0,"parent":578,"menu_order":0,"comment_status":"open","ping_status":"open","template":"","meta":{"footnotes":""},"yoast_head":"<!-- This site is optimized with the Yoast SEO plugin v22.9 - https:\/\/yoast.com\/wordpress\/plugins\/seo\/ -->\n<title>CONCEPTOS B\u00c1SICOS A RETENER - Blog de ADE<\/title>\n<meta name=\"robots\" content=\"index, follow, max-snippet:-1, max-image-preview:large, max-video-preview:-1\" \/>\n<link rel=\"canonical\" href=\"https:\/\/blogs.udima.es\/administracion-y-direccion-de-empresas\/libros\/introduccion-a-la-organizacion-de-empresas-2\/unidad-didactica-9-tamano-concentracion-y-crecimiento-de-la-empresa\/conceptos-basicos-a-retener\/\" \/>\n<meta property=\"og:locale\" content=\"es_ES\" \/>\n<meta property=\"og:type\" content=\"article\" \/>\n<meta property=\"og:title\" content=\"CONCEPTOS B\u00c1SICOS A RETENER - Blog de ADE\" \/>\n<meta property=\"og:description\" content=\"De esta Unidad did\u00e1ctica es imprescindible retener los conceptos b\u00e1sicos siguientes: Acuerdo. La acci\u00f3n entre dos empresas o m\u00e1s que no implica ni la creaci\u00f3n de una nueva empresa (joint-venture), ni la compra, ni la fusi\u00f3n ni una participaci\u00f3n financiera. Adquisici\u00f3n o compra. Acci\u00f3n por la cual una primera empresa dominante adquiere el capital suficiente [&hellip;]\" \/>\n<meta property=\"og:url\" content=\"https:\/\/blogs.udima.es\/administracion-y-direccion-de-empresas\/libros\/introduccion-a-la-organizacion-de-empresas-2\/unidad-didactica-9-tamano-concentracion-y-crecimiento-de-la-empresa\/conceptos-basicos-a-retener\/\" \/>\n<meta property=\"og:site_name\" content=\"Blog de ADE - Universidad a Distancia de Madrid | UDIMA\" \/>\n<meta name=\"twitter:card\" content=\"summary_large_image\" \/>\n<meta name=\"twitter:label1\" content=\"Tiempo de lectura\" \/>\n\t<meta name=\"twitter:data1\" content=\"5 minutos\" \/>\n<script type=\"application\/ld+json\" class=\"yoast-schema-graph\">{\"@context\":\"https:\/\/schema.org\",\"@graph\":[{\"@type\":\"WebPage\",\"@id\":\"https:\/\/blogs.udima.es\/administracion-y-direccion-de-empresas\/libros\/introduccion-a-la-organizacion-de-empresas-2\/unidad-didactica-9-tamano-concentracion-y-crecimiento-de-la-empresa\/conceptos-basicos-a-retener\/\",\"url\":\"https:\/\/blogs.udima.es\/administracion-y-direccion-de-empresas\/libros\/introduccion-a-la-organizacion-de-empresas-2\/unidad-didactica-9-tamano-concentracion-y-crecimiento-de-la-empresa\/conceptos-basicos-a-retener\/\",\"name\":\"CONCEPTOS B\u00c1SICOS A RETENER - Blog de ADE\",\"isPartOf\":{\"@id\":\"https:\/\/blogs.udima.es\/administracion-y-direccion-de-empresas\/#website\"},\"datePublished\":\"2010-12-30T16:47:04+00:00\",\"dateModified\":\"2010-12-30T16:47:04+00:00\",\"breadcrumb\":{\"@id\":\"https:\/\/blogs.udima.es\/administracion-y-direccion-de-empresas\/libros\/introduccion-a-la-organizacion-de-empresas-2\/unidad-didactica-9-tamano-concentracion-y-crecimiento-de-la-empresa\/conceptos-basicos-a-retener\/#breadcrumb\"},\"inLanguage\":\"es\",\"potentialAction\":[{\"@type\":\"ReadAction\",\"target\":[\"https:\/\/blogs.udima.es\/administracion-y-direccion-de-empresas\/libros\/introduccion-a-la-organizacion-de-empresas-2\/unidad-didactica-9-tamano-concentracion-y-crecimiento-de-la-empresa\/conceptos-basicos-a-retener\/\"]}]},{\"@type\":\"BreadcrumbList\",\"@id\":\"https:\/\/blogs.udima.es\/administracion-y-direccion-de-empresas\/libros\/introduccion-a-la-organizacion-de-empresas-2\/unidad-didactica-9-tamano-concentracion-y-crecimiento-de-la-empresa\/conceptos-basicos-a-retener\/#breadcrumb\",\"itemListElement\":[{\"@type\":\"ListItem\",\"position\":1,\"name\":\"Portada\",\"item\":\"https:\/\/blogs.udima.es\/administracion-y-direccion-de-empresas\/\"},{\"@type\":\"ListItem\",\"position\":2,\"name\":\"Libros\",\"item\":\"https:\/\/blogs.udima.es\/administracion-y-direccion-de-empresas\/libros\/\"},{\"@type\":\"ListItem\",\"position\":3,\"name\":\"Introducci\u00f3n a la Organizaci\u00f3n de Empresas\",\"item\":\"https:\/\/blogs.udima.es\/administracion-y-direccion-de-empresas\/libros\/introduccion-a-la-organizacion-de-empresas-2\/\"},{\"@type\":\"ListItem\",\"position\":4,\"name\":\"Unidad did\u00e1ctica 9. Tama\u00f1o, concentraci\u00f3n y crecimiento de la empresa\",\"item\":\"https:\/\/blogs.udima.es\/administracion-y-direccion-de-empresas\/libros\/introduccion-a-la-organizacion-de-empresas-2\/unidad-didactica-9-tamano-concentracion-y-crecimiento-de-la-empresa\/\"},{\"@type\":\"ListItem\",\"position\":5,\"name\":\"CONCEPTOS B\u00c1SICOS A RETENER\"}]},{\"@type\":\"WebSite\",\"@id\":\"https:\/\/blogs.udima.es\/administracion-y-direccion-de-empresas\/#website\",\"url\":\"https:\/\/blogs.udima.es\/administracion-y-direccion-de-empresas\/\",\"name\":\"Blog de ADE - Universidad a Distancia de Madrid | UDIMA\",\"description\":\"\",\"potentialAction\":[{\"@type\":\"SearchAction\",\"target\":{\"@type\":\"EntryPoint\",\"urlTemplate\":\"https:\/\/blogs.udima.es\/administracion-y-direccion-de-empresas\/?s={search_term_string}\"},\"query-input\":\"required name=search_term_string\"}],\"inLanguage\":\"es\"}]}<\/script>\n<!-- \/ Yoast SEO plugin. -->","yoast_head_json":{"title":"CONCEPTOS B\u00c1SICOS A RETENER - Blog de ADE","robots":{"index":"index","follow":"follow","max-snippet":"max-snippet:-1","max-image-preview":"max-image-preview:large","max-video-preview":"max-video-preview:-1"},"canonical":"https:\/\/blogs.udima.es\/administracion-y-direccion-de-empresas\/libros\/introduccion-a-la-organizacion-de-empresas-2\/unidad-didactica-9-tamano-concentracion-y-crecimiento-de-la-empresa\/conceptos-basicos-a-retener\/","og_locale":"es_ES","og_type":"article","og_title":"CONCEPTOS B\u00c1SICOS A RETENER - Blog de ADE","og_description":"De esta Unidad did\u00e1ctica es imprescindible retener los conceptos b\u00e1sicos siguientes: Acuerdo. La acci\u00f3n entre dos empresas o m\u00e1s que no implica ni la creaci\u00f3n de una nueva empresa (joint-venture), ni la compra, ni la fusi\u00f3n ni una participaci\u00f3n financiera. Adquisici\u00f3n o compra. Acci\u00f3n por la cual una primera empresa dominante adquiere el capital suficiente [&hellip;]","og_url":"https:\/\/blogs.udima.es\/administracion-y-direccion-de-empresas\/libros\/introduccion-a-la-organizacion-de-empresas-2\/unidad-didactica-9-tamano-concentracion-y-crecimiento-de-la-empresa\/conceptos-basicos-a-retener\/","og_site_name":"Blog de ADE - Universidad a Distancia de Madrid | UDIMA","twitter_card":"summary_large_image","twitter_misc":{"Tiempo de lectura":"5 minutos"},"schema":{"@context":"https:\/\/schema.org","@graph":[{"@type":"WebPage","@id":"https:\/\/blogs.udima.es\/administracion-y-direccion-de-empresas\/libros\/introduccion-a-la-organizacion-de-empresas-2\/unidad-didactica-9-tamano-concentracion-y-crecimiento-de-la-empresa\/conceptos-basicos-a-retener\/","url":"https:\/\/blogs.udima.es\/administracion-y-direccion-de-empresas\/libros\/introduccion-a-la-organizacion-de-empresas-2\/unidad-didactica-9-tamano-concentracion-y-crecimiento-de-la-empresa\/conceptos-basicos-a-retener\/","name":"CONCEPTOS B\u00c1SICOS A RETENER - Blog de ADE","isPartOf":{"@id":"https:\/\/blogs.udima.es\/administracion-y-direccion-de-empresas\/#website"},"datePublished":"2010-12-30T16:47:04+00:00","dateModified":"2010-12-30T16:47:04+00:00","breadcrumb":{"@id":"https:\/\/blogs.udima.es\/administracion-y-direccion-de-empresas\/libros\/introduccion-a-la-organizacion-de-empresas-2\/unidad-didactica-9-tamano-concentracion-y-crecimiento-de-la-empresa\/conceptos-basicos-a-retener\/#breadcrumb"},"inLanguage":"es","potentialAction":[{"@type":"ReadAction","target":["https:\/\/blogs.udima.es\/administracion-y-direccion-de-empresas\/libros\/introduccion-a-la-organizacion-de-empresas-2\/unidad-didactica-9-tamano-concentracion-y-crecimiento-de-la-empresa\/conceptos-basicos-a-retener\/"]}]},{"@type":"BreadcrumbList","@id":"https:\/\/blogs.udima.es\/administracion-y-direccion-de-empresas\/libros\/introduccion-a-la-organizacion-de-empresas-2\/unidad-didactica-9-tamano-concentracion-y-crecimiento-de-la-empresa\/conceptos-basicos-a-retener\/#breadcrumb","itemListElement":[{"@type":"ListItem","position":1,"name":"Portada","item":"https:\/\/blogs.udima.es\/administracion-y-direccion-de-empresas\/"},{"@type":"ListItem","position":2,"name":"Libros","item":"https:\/\/blogs.udima.es\/administracion-y-direccion-de-empresas\/libros\/"},{"@type":"ListItem","position":3,"name":"Introducci\u00f3n a la Organizaci\u00f3n de Empresas","item":"https:\/\/blogs.udima.es\/administracion-y-direccion-de-empresas\/libros\/introduccion-a-la-organizacion-de-empresas-2\/"},{"@type":"ListItem","position":4,"name":"Unidad did\u00e1ctica 9. Tama\u00f1o, concentraci\u00f3n y crecimiento de la empresa","item":"https:\/\/blogs.udima.es\/administracion-y-direccion-de-empresas\/libros\/introduccion-a-la-organizacion-de-empresas-2\/unidad-didactica-9-tamano-concentracion-y-crecimiento-de-la-empresa\/"},{"@type":"ListItem","position":5,"name":"CONCEPTOS B\u00c1SICOS A RETENER"}]},{"@type":"WebSite","@id":"https:\/\/blogs.udima.es\/administracion-y-direccion-de-empresas\/#website","url":"https:\/\/blogs.udima.es\/administracion-y-direccion-de-empresas\/","name":"Blog de ADE - Universidad a Distancia de Madrid | UDIMA","description":"","potentialAction":[{"@type":"SearchAction","target":{"@type":"EntryPoint","urlTemplate":"https:\/\/blogs.udima.es\/administracion-y-direccion-de-empresas\/?s={search_term_string}"},"query-input":"required name=search_term_string"}],"inLanguage":"es"}]}},"_links":{"self":[{"href":"https:\/\/blogs.udima.es\/administracion-y-direccion-de-empresas\/wp-json\/wp\/v2\/pages\/616"}],"collection":[{"href":"https:\/\/blogs.udima.es\/administracion-y-direccion-de-empresas\/wp-json\/wp\/v2\/pages"}],"about":[{"href":"https:\/\/blogs.udima.es\/administracion-y-direccion-de-empresas\/wp-json\/wp\/v2\/types\/page"}],"author":[{"embeddable":true,"href":"https:\/\/blogs.udima.es\/administracion-y-direccion-de-empresas\/wp-json\/wp\/v2\/users\/2"}],"replies":[{"embeddable":true,"href":"https:\/\/blogs.udima.es\/administracion-y-direccion-de-empresas\/wp-json\/wp\/v2\/comments?post=616"}],"version-history":[{"count":0,"href":"https:\/\/blogs.udima.es\/administracion-y-direccion-de-empresas\/wp-json\/wp\/v2\/pages\/616\/revisions"}],"up":[{"embeddable":true,"href":"https:\/\/blogs.udima.es\/administracion-y-direccion-de-empresas\/wp-json\/wp\/v2\/pages\/578"}],"wp:attachment":[{"href":"https:\/\/blogs.udima.es\/administracion-y-direccion-de-empresas\/wp-json\/wp\/v2\/media?parent=616"}],"curies":[{"name":"wp","href":"https:\/\/api.w.org\/{rel}","templated":true}]}}