{"id":610,"date":"2010-12-30T16:44:32","date_gmt":"2010-12-30T16:44:32","guid":{"rendered":"http:\/\/www.adeudima.com\/?page_id=610"},"modified":"2010-12-30T16:44:32","modified_gmt":"2010-12-30T16:44:32","slug":"5-formas-de-union-y-asociacion-de-empresas","status":"publish","type":"page","link":"https:\/\/blogs.udima.es\/administracion-y-direccion-de-empresas\/libros\/introduccion-a-la-organizacion-de-empresas-2\/unidad-didactica-9-tamano-concentracion-y-crecimiento-de-la-empresa\/5-formas-de-union-y-asociacion-de-empresas\/","title":{"rendered":"5. Formas de uni\u00f3n y asociaci\u00f3n de empresas"},"content":{"rendered":"<p>Se entiende por <strong>uni\u00f3n<\/strong> toda  concentraci\u00f3n derivada  de transmisi\u00f3n patrimonial o intercambio de  participaciones  financieras; v\u00ednculos f\u00e1cilmente identificables y que procuran  una  cierta permanencia. Mientras que asociaci\u00f3n representa toda vinculaci\u00f3n   temporal por contratos especiales o por colaboraci\u00f3n econ\u00f3mica, que  induzca a  acciones coordinadas o a tareas propias de comportamiento  como grupo econ\u00f3mico.<\/p>\n<p>Revisando las denominaciones  tradicionales de las formas t\u00edpicas de concentraci\u00f3n, tenemos las siguientes:  trust, c\u00e1rtel y <em>holding<\/em>.<\/p>\n<p>Se denomina <strong>trust<\/strong> a la  concentraci\u00f3n vertical o  agrupaci\u00f3n de empresas situadas en diferentes fases  del mismo proceso  productivo, considerada \u00edntegramente y que tiene como  finalidad la  reducci\u00f3n de los costes de producci\u00f3n y la posibilidad de actuar   monopol\u00edsticamente en el sector de actividad.<\/p>\n<p>El <strong>c\u00e1rtel<\/strong> es una forma de  concentraci\u00f3n horizontal  por la que se agrupan las empresas de una misma fase  del proceso  productivo, llevando como finalidad el ejercicio del monopolio.<\/p>\n<p>La <strong>sociedad <em>holding<\/em><\/strong> representa  la  compa\u00f1\u00eda que posee como activo paquetes de acciones de diversas  empresas,  siendo la t\u00edpica expresi\u00f3n de la sociedad matriz que no  realiza directamente  ninguna actividad productiva, sino \u00fanicamente el  control sobre aquellas  sociedades que act\u00faan en diferentes sectores y  fases productivas. Su finalidad  reside en ampliar el ciclo del capital a  trav\u00e9s de una diversificaci\u00f3n  industrial que permita distribuir el  riesgo de la inversi\u00f3n.<\/p>\n<p>A continuaci\u00f3n, se realiza una breve  explicaci\u00f3n de las formas de uni\u00f3n y asociaci\u00f3n previstas en la legislaci\u00f3n  espa\u00f1ola:<\/p>\n<div>\n<ul>\n<li> Se denomina <strong>sociedad de empresas<\/strong> a la sociedad  an\u00f3nima en  la que participan otras sociedades o empresarios  individuales agr\u00edcolas,  industriales o mercantiles. Las empresas socios  mantienen su personalidad  jur\u00eddica y su libertad de mercado.<\/li>\n<li> La <strong>agrupaci\u00f3n temporal de empresas<\/strong> se  constituye con el fin  de lograr un mejor desarrollo de obras, servicios  o suministros, pudi\u00e9ndose agrupar  tanto sociedades como empresarios  individuales.<\/li>\n<li> La <strong>cesi\u00f3n de unidades de obra<\/strong> se refiere a la   subcontrataci\u00f3n de la misma por otras empresas, previamente  documentadas en las  formas establecidas para poder disfrutar de los  beneficios fiscales previstos.<\/li>\n<li> Las <strong>asociaciones sin personalidad jur\u00eddica<\/strong> son  aquellas en  las que pueden ser socios diversas personas f\u00edsicas o  jur\u00eddicas para realizar  alguna actividad que favorezca el desarrollo de  estas, sin necesidad de  constituir personalidad jur\u00eddica  independiente.<\/li>\n<li> La <strong>sociedad <em>holding<\/em><\/strong> se constituye con  diferentes tipos de participaci\u00f3n en el capital de otras  sociedades y  formas de dominio sobre ellas. El dominio se expresa tanto de  forma  simple como radiado y este puede ser: directo, indirecto, rec\u00edproco y   circular.<\/li>\n<\/ul>\n<div><strong>Fuente:<\/strong> <em>Bueno,  Cruz y Dur\u00e1n (2002)<\/em><\/div>\n<\/div>\n","protected":false},"excerpt":{"rendered":"<p>Se entiende por uni\u00f3n toda concentraci\u00f3n derivada de transmisi\u00f3n patrimonial o intercambio de participaciones financieras; v\u00ednculos f\u00e1cilmente identificables y que procuran una cierta permanencia. Mientras que asociaci\u00f3n representa toda vinculaci\u00f3n temporal por contratos especiales o por colaboraci\u00f3n econ\u00f3mica, que induzca a acciones coordinadas o a tareas propias de comportamiento como grupo econ\u00f3mico. Revisando las denominaciones [&hellip;]<\/p>\n","protected":false},"author":2,"featured_media":0,"parent":578,"menu_order":0,"comment_status":"open","ping_status":"open","template":"","meta":{"footnotes":""},"yoast_head":"<!-- This site is optimized with the Yoast SEO plugin v22.9 - https:\/\/yoast.com\/wordpress\/plugins\/seo\/ -->\n<title>5. Formas de uni\u00f3n y asociaci\u00f3n de empresas - Blog de ADE<\/title>\n<meta name=\"robots\" content=\"index, follow, max-snippet:-1, max-image-preview:large, max-video-preview:-1\" \/>\n<link rel=\"canonical\" href=\"https:\/\/blogs.udima.es\/administracion-y-direccion-de-empresas\/libros\/introduccion-a-la-organizacion-de-empresas-2\/unidad-didactica-9-tamano-concentracion-y-crecimiento-de-la-empresa\/5-formas-de-union-y-asociacion-de-empresas\/\" \/>\n<meta property=\"og:locale\" content=\"es_ES\" \/>\n<meta property=\"og:type\" content=\"article\" \/>\n<meta property=\"og:title\" content=\"5. Formas de uni\u00f3n y asociaci\u00f3n de empresas - Blog de ADE\" \/>\n<meta property=\"og:description\" content=\"Se entiende por uni\u00f3n toda concentraci\u00f3n derivada de transmisi\u00f3n patrimonial o intercambio de participaciones financieras; v\u00ednculos f\u00e1cilmente identificables y que procuran una cierta permanencia. Mientras que asociaci\u00f3n representa toda vinculaci\u00f3n temporal por contratos especiales o por colaboraci\u00f3n econ\u00f3mica, que induzca a acciones coordinadas o a tareas propias de comportamiento como grupo econ\u00f3mico. Revisando las denominaciones [&hellip;]\" \/>\n<meta property=\"og:url\" content=\"https:\/\/blogs.udima.es\/administracion-y-direccion-de-empresas\/libros\/introduccion-a-la-organizacion-de-empresas-2\/unidad-didactica-9-tamano-concentracion-y-crecimiento-de-la-empresa\/5-formas-de-union-y-asociacion-de-empresas\/\" \/>\n<meta property=\"og:site_name\" content=\"Blog de ADE - Universidad a Distancia de Madrid | UDIMA\" \/>\n<meta name=\"twitter:card\" content=\"summary_large_image\" \/>\n<meta name=\"twitter:label1\" content=\"Tiempo de lectura\" \/>\n\t<meta name=\"twitter:data1\" content=\"2 minutos\" \/>\n<script type=\"application\/ld+json\" class=\"yoast-schema-graph\">{\"@context\":\"https:\/\/schema.org\",\"@graph\":[{\"@type\":\"WebPage\",\"@id\":\"https:\/\/blogs.udima.es\/administracion-y-direccion-de-empresas\/libros\/introduccion-a-la-organizacion-de-empresas-2\/unidad-didactica-9-tamano-concentracion-y-crecimiento-de-la-empresa\/5-formas-de-union-y-asociacion-de-empresas\/\",\"url\":\"https:\/\/blogs.udima.es\/administracion-y-direccion-de-empresas\/libros\/introduccion-a-la-organizacion-de-empresas-2\/unidad-didactica-9-tamano-concentracion-y-crecimiento-de-la-empresa\/5-formas-de-union-y-asociacion-de-empresas\/\",\"name\":\"5. Formas de uni\u00f3n y asociaci\u00f3n de empresas - Blog de ADE\",\"isPartOf\":{\"@id\":\"https:\/\/blogs.udima.es\/administracion-y-direccion-de-empresas\/#website\"},\"datePublished\":\"2010-12-30T16:44:32+00:00\",\"dateModified\":\"2010-12-30T16:44:32+00:00\",\"breadcrumb\":{\"@id\":\"https:\/\/blogs.udima.es\/administracion-y-direccion-de-empresas\/libros\/introduccion-a-la-organizacion-de-empresas-2\/unidad-didactica-9-tamano-concentracion-y-crecimiento-de-la-empresa\/5-formas-de-union-y-asociacion-de-empresas\/#breadcrumb\"},\"inLanguage\":\"es\",\"potentialAction\":[{\"@type\":\"ReadAction\",\"target\":[\"https:\/\/blogs.udima.es\/administracion-y-direccion-de-empresas\/libros\/introduccion-a-la-organizacion-de-empresas-2\/unidad-didactica-9-tamano-concentracion-y-crecimiento-de-la-empresa\/5-formas-de-union-y-asociacion-de-empresas\/\"]}]},{\"@type\":\"BreadcrumbList\",\"@id\":\"https:\/\/blogs.udima.es\/administracion-y-direccion-de-empresas\/libros\/introduccion-a-la-organizacion-de-empresas-2\/unidad-didactica-9-tamano-concentracion-y-crecimiento-de-la-empresa\/5-formas-de-union-y-asociacion-de-empresas\/#breadcrumb\",\"itemListElement\":[{\"@type\":\"ListItem\",\"position\":1,\"name\":\"Portada\",\"item\":\"https:\/\/blogs.udima.es\/administracion-y-direccion-de-empresas\/\"},{\"@type\":\"ListItem\",\"position\":2,\"name\":\"Libros\",\"item\":\"https:\/\/blogs.udima.es\/administracion-y-direccion-de-empresas\/libros\/\"},{\"@type\":\"ListItem\",\"position\":3,\"name\":\"Introducci\u00f3n a la Organizaci\u00f3n de Empresas\",\"item\":\"https:\/\/blogs.udima.es\/administracion-y-direccion-de-empresas\/libros\/introduccion-a-la-organizacion-de-empresas-2\/\"},{\"@type\":\"ListItem\",\"position\":4,\"name\":\"Unidad did\u00e1ctica 9. Tama\u00f1o, concentraci\u00f3n y crecimiento de la empresa\",\"item\":\"https:\/\/blogs.udima.es\/administracion-y-direccion-de-empresas\/libros\/introduccion-a-la-organizacion-de-empresas-2\/unidad-didactica-9-tamano-concentracion-y-crecimiento-de-la-empresa\/\"},{\"@type\":\"ListItem\",\"position\":5,\"name\":\"5. Formas de uni\u00f3n y asociaci\u00f3n de empresas\"}]},{\"@type\":\"WebSite\",\"@id\":\"https:\/\/blogs.udima.es\/administracion-y-direccion-de-empresas\/#website\",\"url\":\"https:\/\/blogs.udima.es\/administracion-y-direccion-de-empresas\/\",\"name\":\"Blog de ADE - Universidad a Distancia de Madrid | UDIMA\",\"description\":\"\",\"potentialAction\":[{\"@type\":\"SearchAction\",\"target\":{\"@type\":\"EntryPoint\",\"urlTemplate\":\"https:\/\/blogs.udima.es\/administracion-y-direccion-de-empresas\/?s={search_term_string}\"},\"query-input\":\"required name=search_term_string\"}],\"inLanguage\":\"es\"}]}<\/script>\n<!-- \/ Yoast SEO plugin. -->","yoast_head_json":{"title":"5. Formas de uni\u00f3n y asociaci\u00f3n de empresas - Blog de ADE","robots":{"index":"index","follow":"follow","max-snippet":"max-snippet:-1","max-image-preview":"max-image-preview:large","max-video-preview":"max-video-preview:-1"},"canonical":"https:\/\/blogs.udima.es\/administracion-y-direccion-de-empresas\/libros\/introduccion-a-la-organizacion-de-empresas-2\/unidad-didactica-9-tamano-concentracion-y-crecimiento-de-la-empresa\/5-formas-de-union-y-asociacion-de-empresas\/","og_locale":"es_ES","og_type":"article","og_title":"5. Formas de uni\u00f3n y asociaci\u00f3n de empresas - Blog de ADE","og_description":"Se entiende por uni\u00f3n toda concentraci\u00f3n derivada de transmisi\u00f3n patrimonial o intercambio de participaciones financieras; v\u00ednculos f\u00e1cilmente identificables y que procuran una cierta permanencia. Mientras que asociaci\u00f3n representa toda vinculaci\u00f3n temporal por contratos especiales o por colaboraci\u00f3n econ\u00f3mica, que induzca a acciones coordinadas o a tareas propias de comportamiento como grupo econ\u00f3mico. Revisando las denominaciones [&hellip;]","og_url":"https:\/\/blogs.udima.es\/administracion-y-direccion-de-empresas\/libros\/introduccion-a-la-organizacion-de-empresas-2\/unidad-didactica-9-tamano-concentracion-y-crecimiento-de-la-empresa\/5-formas-de-union-y-asociacion-de-empresas\/","og_site_name":"Blog de ADE - Universidad a Distancia de Madrid | UDIMA","twitter_card":"summary_large_image","twitter_misc":{"Tiempo de lectura":"2 minutos"},"schema":{"@context":"https:\/\/schema.org","@graph":[{"@type":"WebPage","@id":"https:\/\/blogs.udima.es\/administracion-y-direccion-de-empresas\/libros\/introduccion-a-la-organizacion-de-empresas-2\/unidad-didactica-9-tamano-concentracion-y-crecimiento-de-la-empresa\/5-formas-de-union-y-asociacion-de-empresas\/","url":"https:\/\/blogs.udima.es\/administracion-y-direccion-de-empresas\/libros\/introduccion-a-la-organizacion-de-empresas-2\/unidad-didactica-9-tamano-concentracion-y-crecimiento-de-la-empresa\/5-formas-de-union-y-asociacion-de-empresas\/","name":"5. Formas de uni\u00f3n y asociaci\u00f3n de empresas - Blog de ADE","isPartOf":{"@id":"https:\/\/blogs.udima.es\/administracion-y-direccion-de-empresas\/#website"},"datePublished":"2010-12-30T16:44:32+00:00","dateModified":"2010-12-30T16:44:32+00:00","breadcrumb":{"@id":"https:\/\/blogs.udima.es\/administracion-y-direccion-de-empresas\/libros\/introduccion-a-la-organizacion-de-empresas-2\/unidad-didactica-9-tamano-concentracion-y-crecimiento-de-la-empresa\/5-formas-de-union-y-asociacion-de-empresas\/#breadcrumb"},"inLanguage":"es","potentialAction":[{"@type":"ReadAction","target":["https:\/\/blogs.udima.es\/administracion-y-direccion-de-empresas\/libros\/introduccion-a-la-organizacion-de-empresas-2\/unidad-didactica-9-tamano-concentracion-y-crecimiento-de-la-empresa\/5-formas-de-union-y-asociacion-de-empresas\/"]}]},{"@type":"BreadcrumbList","@id":"https:\/\/blogs.udima.es\/administracion-y-direccion-de-empresas\/libros\/introduccion-a-la-organizacion-de-empresas-2\/unidad-didactica-9-tamano-concentracion-y-crecimiento-de-la-empresa\/5-formas-de-union-y-asociacion-de-empresas\/#breadcrumb","itemListElement":[{"@type":"ListItem","position":1,"name":"Portada","item":"https:\/\/blogs.udima.es\/administracion-y-direccion-de-empresas\/"},{"@type":"ListItem","position":2,"name":"Libros","item":"https:\/\/blogs.udima.es\/administracion-y-direccion-de-empresas\/libros\/"},{"@type":"ListItem","position":3,"name":"Introducci\u00f3n a la Organizaci\u00f3n de Empresas","item":"https:\/\/blogs.udima.es\/administracion-y-direccion-de-empresas\/libros\/introduccion-a-la-organizacion-de-empresas-2\/"},{"@type":"ListItem","position":4,"name":"Unidad did\u00e1ctica 9. Tama\u00f1o, concentraci\u00f3n y crecimiento de la empresa","item":"https:\/\/blogs.udima.es\/administracion-y-direccion-de-empresas\/libros\/introduccion-a-la-organizacion-de-empresas-2\/unidad-didactica-9-tamano-concentracion-y-crecimiento-de-la-empresa\/"},{"@type":"ListItem","position":5,"name":"5. Formas de uni\u00f3n y asociaci\u00f3n de empresas"}]},{"@type":"WebSite","@id":"https:\/\/blogs.udima.es\/administracion-y-direccion-de-empresas\/#website","url":"https:\/\/blogs.udima.es\/administracion-y-direccion-de-empresas\/","name":"Blog de ADE - Universidad a Distancia de Madrid | UDIMA","description":"","potentialAction":[{"@type":"SearchAction","target":{"@type":"EntryPoint","urlTemplate":"https:\/\/blogs.udima.es\/administracion-y-direccion-de-empresas\/?s={search_term_string}"},"query-input":"required name=search_term_string"}],"inLanguage":"es"}]}},"_links":{"self":[{"href":"https:\/\/blogs.udima.es\/administracion-y-direccion-de-empresas\/wp-json\/wp\/v2\/pages\/610"}],"collection":[{"href":"https:\/\/blogs.udima.es\/administracion-y-direccion-de-empresas\/wp-json\/wp\/v2\/pages"}],"about":[{"href":"https:\/\/blogs.udima.es\/administracion-y-direccion-de-empresas\/wp-json\/wp\/v2\/types\/page"}],"author":[{"embeddable":true,"href":"https:\/\/blogs.udima.es\/administracion-y-direccion-de-empresas\/wp-json\/wp\/v2\/users\/2"}],"replies":[{"embeddable":true,"href":"https:\/\/blogs.udima.es\/administracion-y-direccion-de-empresas\/wp-json\/wp\/v2\/comments?post=610"}],"version-history":[{"count":0,"href":"https:\/\/blogs.udima.es\/administracion-y-direccion-de-empresas\/wp-json\/wp\/v2\/pages\/610\/revisions"}],"up":[{"embeddable":true,"href":"https:\/\/blogs.udima.es\/administracion-y-direccion-de-empresas\/wp-json\/wp\/v2\/pages\/578"}],"wp:attachment":[{"href":"https:\/\/blogs.udima.es\/administracion-y-direccion-de-empresas\/wp-json\/wp\/v2\/media?parent=610"}],"curies":[{"name":"wp","href":"https:\/\/api.w.org\/{rel}","templated":true}]}}