{"id":607,"date":"2010-12-30T16:43:28","date_gmt":"2010-12-30T16:43:28","guid":{"rendered":"http:\/\/www.adeudima.com\/?page_id=607"},"modified":"2010-12-30T16:43:28","modified_gmt":"2010-12-30T16:43:28","slug":"4-factores-determinantes-de-la-concentracion-de-empresas","status":"publish","type":"page","link":"https:\/\/blogs.udima.es\/administracion-y-direccion-de-empresas\/libros\/introduccion-a-la-organizacion-de-empresas-2\/unidad-didactica-9-tamano-concentracion-y-crecimiento-de-la-empresa\/4-factores-determinantes-de-la-concentracion-de-empresas\/","title":{"rendered":"4. Factores determinantes de la concentraci\u00f3n de empresas"},"content":{"rendered":"<p>Los factores determinantes que han  propiciado la concentraci\u00f3n o  agrupaci\u00f3n de empresas en los pa\u00edses m\u00e1s  desarrollados y en los  sectores m\u00e1s din\u00e1micos e importantes de la econom\u00eda, se  pueden  clasificar en los siguientes factores, como se muestra en la tabla 3.<\/p>\n<p><span style=\"text-decoration: underline;\">TABLA 3.\u00a0 FACTORES DE LA CONCENTRACI\u00d3N DE EMPRESAS<\/span><\/p>\n<div>\n<ol>\n<li>Eliminaci\u00f3n o suavizaci\u00f3n del riesgo.<\/li>\n<li>Racionalizaci\u00f3n de la producci\u00f3n y la distribuci\u00f3n<\/li>\n<li>Contol econ\u00f3mico en su \u00e1rea de operaciones o, lo que es lo mismo, tender hacia una situaci\u00f3n monopol\u00edstica.<\/li>\n<li>Motivos de \u00edndole financiera.<\/li>\n<li>Otros factores determinantes.<\/li>\n<\/ol>\n<p><strong>Fuente:<\/strong> <em>Ca\u00f1ibano y Cea <\/em>(<em>1972<\/em>)<\/p>\n<\/div>\n<p>Los factores  representan, a su vez, las ventajas o las metas  perseguidas por el grupo, seg\u00fan  que se sit\u00faen despu\u00e9s o antes del  momento de decisi\u00f3n.<\/p>\n<p>La existencia de competencia entre las  empresas produce una mayor  incertidumbre sobre las decisiones a tomar respecto  de los objetivos  fijados, en suma, motiva una lucha por la supervivencia de la  empresa o  por evitar que sea desplazada de su sector por otras unidades m\u00e1s   rentables, convirti\u00e9ndola en lo que se llama \u00abempresa marginal\u00bb o de  posible  desaparici\u00f3n por su falta de competitividad o, lo que es lo  mismo, falta de  rentabilidad. Parece que la reacci\u00f3n l\u00f3gica sea la de  efectuar \u00abacuerdos  inter-empresas\u00bb o de buscar formas de agrupaci\u00f3n o  asociaci\u00f3n. Se trata de  eliminar, dentro de lo posible, el riesgo  econ\u00f3mico.<\/p>\n<p>Si lo que  se persigue es racionalizar la producci\u00f3n y la  distribuci\u00f3n, esto no difiere en  el fondo de lo precedente, ya que la  causa de la agrupaci\u00f3n radica en la  b\u00fasqueda de \u00abeconom\u00edas de escala\u00bb  tanto en el consumo de factores como en la  organizaci\u00f3n del proceso  productivo y en el lanzamiento al mercado de los  productos, en  consecuencia, en asegurarse los objetivos planteados, evitando  riesgos  innecesarios de actuar cada empresa por separado. Esta concentraci\u00f3n   busca tambi\u00e9n un efecto sin\u00e9rgico o de sinergia positiva, que se define  como ya  ha sido comentada con anterioridad en el sentido de que \u00ab2\u00a0 +\u00a0   2\u00a0 =\u00a0 5\u00bb; es decir, que el efecto del grupo como  tal o combinaci\u00f3n de  ambos elementos es superior al actuar como un todo que la  simple suma  de los efectos individuales de las partes.<\/p>\n<p>El proceso  de concentraci\u00f3n persigue un control sobre el medio  econ\u00f3mico, tanto sobre el  mercado de abastecimiento de los factores  como respecto al mercado de ventas de  los productos. El crecimiento de  la empresa y la creaci\u00f3n de grupos econ\u00f3micos  lleva, de cualquier  forma, a incrementar el poder de monopolio, efecto que  procurar\u00e1  contrarrestar la   Administraci\u00f3n p\u00fablica, si quiere defender las reglas  del  juego de las \u00abeconom\u00edas de libre mercado\u00bb. Si la econom\u00eda est\u00e1  socializada, en  mayor o menor medida, las relaciones entre la  Administraci\u00f3n y  los grupos econ\u00f3micos estar\u00e1n pactadas, en el sentido  de cu\u00e1les son los  sectores y los m\u00e1rgenes de actuaci\u00f3n de estos  \u00faltimos, seg\u00fan el plan econ\u00f3mico  elaborado. En este sentido, la  concentraci\u00f3n con fines de control econ\u00f3mico  estar\u00e1 mucho m\u00e1s atenuada.<\/p>\n<p>Dentro de los motivos de car\u00e1cter financiero  podemos resaltar, como m\u00e1s importantes, los siguientes:<\/p>\n<div>\n<ol type=\"a\">\n<li>Es evidente que las peque\u00f1as y medianas empresas tienen grandes   dificultades para acceder al mercado de capitales u obtener cr\u00e9ditos  bancarios  a largo plazo, por ello, el proceso de concentraci\u00f3n o el  incremento de la  dimensi\u00f3n se hace necesario.<\/li>\n<li> De otra parte, existe  cierto inter\u00e9s por vincularse la  empresa a la banca, as\u00ed como esta respecto a  la primera. Con este  v\u00ednculo se logra disponer del mecanismo que asegure la  financiaci\u00f3n  ajena, necesaria para el crecimiento.<\/li>\n<li> La existencia de estos  v\u00ednculos hace que la banca pueda  efectuar inversiones directas en las empresas  o bien crear una sociedad  <em>holding<\/em> (tenedora) que promover\u00e1 la creaci\u00f3n  de sociedades  filiales de la primera, qued\u00e1ndose con sus paquetes de acciones y   participaciones como \u00fanico patrimonio, si bien ejerciendo el control  sobre las  mismas. De esta forma, se est\u00e1 produciendo una  diversificaci\u00f3n de la inversi\u00f3n  y una distribuci\u00f3n del riesgo sobre  cada una de estas sociedades, considerada  como objetivos o proyectos de  inversi\u00f3n. Algunas empresas industriales se  convierten por su propia  din\u00e1mica econ\u00f3mica en sociedades <em>holding<\/em>,  abandonando su primitiva actividad a las filiales para centrarse en su  actuaci\u00f3n como unidad de decisi\u00f3n y financiera.<\/li>\n<li> La posici\u00f3n de  privilegio de ciertas empresas en el  mercado financiero, permite a estas el  poder ampliar constantemente su  volumen de producci\u00f3n y de venta, por lo que su  crecimiento es  permanente, primero en su actividad industrial original y  segundo  diferenciando sus actividades (diversificaci\u00f3n) seg\u00fan que ofrezcan   mejores perspectivas de rentabilidad.<\/li>\n<\/ol>\n<div><strong>Fuente:<\/strong> <em>Bueno,  Cruz y Dur\u00e1n (2002)<\/em><\/div>\n<\/div>\n<p>Finalmente se  pueden considerar otros factores que influyen, como son:<\/p>\n<div>\n<ul>\n<li> Est\u00edmulos legales para que las empresas se concentren, con el  fin  de que el dimensionamiento de sus actividades est\u00e9 m\u00e1s acorde a las  necesidades  del orden econ\u00f3mico considerado. Estos est\u00edmulos se  centran b\u00e1sicamente en  exenciones y bonificaciones fiscales y en  ventajas jur\u00eddico-financieras, como  pueden ser apoyos del cr\u00e9dito  oficial o facilidades exportadoras tecnol\u00f3gicas,  etc.<\/li>\n<li> Incidencia de la inversi\u00f3n de capital en otros pa\u00edses  originados  por la explotaci\u00f3n de tecnolog\u00eda y por las expectativas de  beneficios  superiores en los pa\u00edses en v\u00edas de desarrollo.<\/li>\n<li> La complejidad inherente a  ciertas explotaciones induce a la  concentraci\u00f3n de varias empresas, como son  los ejemplos de industrias  del petr\u00f3leo, navieras, aeron\u00e1uticas, etc.<\/li>\n<\/ul>\n<div><strong>Fuente:<\/strong> <em>Bueno, Cruz y Dur\u00e1n (2002)<\/em><\/div>\n<\/div>\n","protected":false},"excerpt":{"rendered":"<p>Los factores determinantes que han propiciado la concentraci\u00f3n o agrupaci\u00f3n de empresas en los pa\u00edses m\u00e1s desarrollados y en los sectores m\u00e1s din\u00e1micos e importantes de la econom\u00eda, se pueden clasificar en los siguientes factores, como se muestra en la tabla 3. TABLA 3.\u00a0 FACTORES DE LA CONCENTRACI\u00d3N DE EMPRESAS Eliminaci\u00f3n o suavizaci\u00f3n del riesgo. [&hellip;]<\/p>\n","protected":false},"author":2,"featured_media":0,"parent":578,"menu_order":0,"comment_status":"open","ping_status":"open","template":"","meta":{"footnotes":""},"yoast_head":"<!-- This site is optimized with the Yoast SEO plugin v22.9 - https:\/\/yoast.com\/wordpress\/plugins\/seo\/ -->\n<title>4. Factores determinantes de la concentraci\u00f3n de empresas - Blog de ADE<\/title>\n<meta name=\"robots\" content=\"index, follow, max-snippet:-1, max-image-preview:large, max-video-preview:-1\" \/>\n<link rel=\"canonical\" href=\"https:\/\/blogs.udima.es\/administracion-y-direccion-de-empresas\/libros\/introduccion-a-la-organizacion-de-empresas-2\/unidad-didactica-9-tamano-concentracion-y-crecimiento-de-la-empresa\/4-factores-determinantes-de-la-concentracion-de-empresas\/\" \/>\n<meta property=\"og:locale\" content=\"es_ES\" \/>\n<meta property=\"og:type\" content=\"article\" \/>\n<meta property=\"og:title\" content=\"4. Factores determinantes de la concentraci\u00f3n de empresas - Blog de ADE\" \/>\n<meta property=\"og:description\" content=\"Los factores determinantes que han propiciado la concentraci\u00f3n o agrupaci\u00f3n de empresas en los pa\u00edses m\u00e1s desarrollados y en los sectores m\u00e1s din\u00e1micos e importantes de la econom\u00eda, se pueden clasificar en los siguientes factores, como se muestra en la tabla 3. TABLA 3.\u00a0 FACTORES DE LA CONCENTRACI\u00d3N DE EMPRESAS Eliminaci\u00f3n o suavizaci\u00f3n del riesgo. [&hellip;]\" \/>\n<meta property=\"og:url\" content=\"https:\/\/blogs.udima.es\/administracion-y-direccion-de-empresas\/libros\/introduccion-a-la-organizacion-de-empresas-2\/unidad-didactica-9-tamano-concentracion-y-crecimiento-de-la-empresa\/4-factores-determinantes-de-la-concentracion-de-empresas\/\" \/>\n<meta property=\"og:site_name\" content=\"Blog de ADE - Universidad a Distancia de Madrid | UDIMA\" \/>\n<meta name=\"twitter:card\" content=\"summary_large_image\" \/>\n<meta name=\"twitter:label1\" content=\"Tiempo de lectura\" \/>\n\t<meta name=\"twitter:data1\" content=\"5 minutos\" \/>\n<script type=\"application\/ld+json\" class=\"yoast-schema-graph\">{\"@context\":\"https:\/\/schema.org\",\"@graph\":[{\"@type\":\"WebPage\",\"@id\":\"https:\/\/blogs.udima.es\/administracion-y-direccion-de-empresas\/libros\/introduccion-a-la-organizacion-de-empresas-2\/unidad-didactica-9-tamano-concentracion-y-crecimiento-de-la-empresa\/4-factores-determinantes-de-la-concentracion-de-empresas\/\",\"url\":\"https:\/\/blogs.udima.es\/administracion-y-direccion-de-empresas\/libros\/introduccion-a-la-organizacion-de-empresas-2\/unidad-didactica-9-tamano-concentracion-y-crecimiento-de-la-empresa\/4-factores-determinantes-de-la-concentracion-de-empresas\/\",\"name\":\"4. Factores determinantes de la concentraci\u00f3n de empresas - Blog de ADE\",\"isPartOf\":{\"@id\":\"https:\/\/blogs.udima.es\/administracion-y-direccion-de-empresas\/#website\"},\"datePublished\":\"2010-12-30T16:43:28+00:00\",\"dateModified\":\"2010-12-30T16:43:28+00:00\",\"breadcrumb\":{\"@id\":\"https:\/\/blogs.udima.es\/administracion-y-direccion-de-empresas\/libros\/introduccion-a-la-organizacion-de-empresas-2\/unidad-didactica-9-tamano-concentracion-y-crecimiento-de-la-empresa\/4-factores-determinantes-de-la-concentracion-de-empresas\/#breadcrumb\"},\"inLanguage\":\"es\",\"potentialAction\":[{\"@type\":\"ReadAction\",\"target\":[\"https:\/\/blogs.udima.es\/administracion-y-direccion-de-empresas\/libros\/introduccion-a-la-organizacion-de-empresas-2\/unidad-didactica-9-tamano-concentracion-y-crecimiento-de-la-empresa\/4-factores-determinantes-de-la-concentracion-de-empresas\/\"]}]},{\"@type\":\"BreadcrumbList\",\"@id\":\"https:\/\/blogs.udima.es\/administracion-y-direccion-de-empresas\/libros\/introduccion-a-la-organizacion-de-empresas-2\/unidad-didactica-9-tamano-concentracion-y-crecimiento-de-la-empresa\/4-factores-determinantes-de-la-concentracion-de-empresas\/#breadcrumb\",\"itemListElement\":[{\"@type\":\"ListItem\",\"position\":1,\"name\":\"Portada\",\"item\":\"https:\/\/blogs.udima.es\/administracion-y-direccion-de-empresas\/\"},{\"@type\":\"ListItem\",\"position\":2,\"name\":\"Libros\",\"item\":\"https:\/\/blogs.udima.es\/administracion-y-direccion-de-empresas\/libros\/\"},{\"@type\":\"ListItem\",\"position\":3,\"name\":\"Introducci\u00f3n a la Organizaci\u00f3n de Empresas\",\"item\":\"https:\/\/blogs.udima.es\/administracion-y-direccion-de-empresas\/libros\/introduccion-a-la-organizacion-de-empresas-2\/\"},{\"@type\":\"ListItem\",\"position\":4,\"name\":\"Unidad did\u00e1ctica 9. Tama\u00f1o, concentraci\u00f3n y crecimiento de la empresa\",\"item\":\"https:\/\/blogs.udima.es\/administracion-y-direccion-de-empresas\/libros\/introduccion-a-la-organizacion-de-empresas-2\/unidad-didactica-9-tamano-concentracion-y-crecimiento-de-la-empresa\/\"},{\"@type\":\"ListItem\",\"position\":5,\"name\":\"4. Factores determinantes de la concentraci\u00f3n de empresas\"}]},{\"@type\":\"WebSite\",\"@id\":\"https:\/\/blogs.udima.es\/administracion-y-direccion-de-empresas\/#website\",\"url\":\"https:\/\/blogs.udima.es\/administracion-y-direccion-de-empresas\/\",\"name\":\"Blog de ADE - Universidad a Distancia de Madrid | UDIMA\",\"description\":\"\",\"potentialAction\":[{\"@type\":\"SearchAction\",\"target\":{\"@type\":\"EntryPoint\",\"urlTemplate\":\"https:\/\/blogs.udima.es\/administracion-y-direccion-de-empresas\/?s={search_term_string}\"},\"query-input\":\"required name=search_term_string\"}],\"inLanguage\":\"es\"}]}<\/script>\n<!-- \/ Yoast SEO plugin. -->","yoast_head_json":{"title":"4. Factores determinantes de la concentraci\u00f3n de empresas - Blog de ADE","robots":{"index":"index","follow":"follow","max-snippet":"max-snippet:-1","max-image-preview":"max-image-preview:large","max-video-preview":"max-video-preview:-1"},"canonical":"https:\/\/blogs.udima.es\/administracion-y-direccion-de-empresas\/libros\/introduccion-a-la-organizacion-de-empresas-2\/unidad-didactica-9-tamano-concentracion-y-crecimiento-de-la-empresa\/4-factores-determinantes-de-la-concentracion-de-empresas\/","og_locale":"es_ES","og_type":"article","og_title":"4. Factores determinantes de la concentraci\u00f3n de empresas - Blog de ADE","og_description":"Los factores determinantes que han propiciado la concentraci\u00f3n o agrupaci\u00f3n de empresas en los pa\u00edses m\u00e1s desarrollados y en los sectores m\u00e1s din\u00e1micos e importantes de la econom\u00eda, se pueden clasificar en los siguientes factores, como se muestra en la tabla 3. TABLA 3.\u00a0 FACTORES DE LA CONCENTRACI\u00d3N DE EMPRESAS Eliminaci\u00f3n o suavizaci\u00f3n del riesgo. [&hellip;]","og_url":"https:\/\/blogs.udima.es\/administracion-y-direccion-de-empresas\/libros\/introduccion-a-la-organizacion-de-empresas-2\/unidad-didactica-9-tamano-concentracion-y-crecimiento-de-la-empresa\/4-factores-determinantes-de-la-concentracion-de-empresas\/","og_site_name":"Blog de ADE - Universidad a Distancia de Madrid | UDIMA","twitter_card":"summary_large_image","twitter_misc":{"Tiempo de lectura":"5 minutos"},"schema":{"@context":"https:\/\/schema.org","@graph":[{"@type":"WebPage","@id":"https:\/\/blogs.udima.es\/administracion-y-direccion-de-empresas\/libros\/introduccion-a-la-organizacion-de-empresas-2\/unidad-didactica-9-tamano-concentracion-y-crecimiento-de-la-empresa\/4-factores-determinantes-de-la-concentracion-de-empresas\/","url":"https:\/\/blogs.udima.es\/administracion-y-direccion-de-empresas\/libros\/introduccion-a-la-organizacion-de-empresas-2\/unidad-didactica-9-tamano-concentracion-y-crecimiento-de-la-empresa\/4-factores-determinantes-de-la-concentracion-de-empresas\/","name":"4. Factores determinantes de la concentraci\u00f3n de empresas - Blog de ADE","isPartOf":{"@id":"https:\/\/blogs.udima.es\/administracion-y-direccion-de-empresas\/#website"},"datePublished":"2010-12-30T16:43:28+00:00","dateModified":"2010-12-30T16:43:28+00:00","breadcrumb":{"@id":"https:\/\/blogs.udima.es\/administracion-y-direccion-de-empresas\/libros\/introduccion-a-la-organizacion-de-empresas-2\/unidad-didactica-9-tamano-concentracion-y-crecimiento-de-la-empresa\/4-factores-determinantes-de-la-concentracion-de-empresas\/#breadcrumb"},"inLanguage":"es","potentialAction":[{"@type":"ReadAction","target":["https:\/\/blogs.udima.es\/administracion-y-direccion-de-empresas\/libros\/introduccion-a-la-organizacion-de-empresas-2\/unidad-didactica-9-tamano-concentracion-y-crecimiento-de-la-empresa\/4-factores-determinantes-de-la-concentracion-de-empresas\/"]}]},{"@type":"BreadcrumbList","@id":"https:\/\/blogs.udima.es\/administracion-y-direccion-de-empresas\/libros\/introduccion-a-la-organizacion-de-empresas-2\/unidad-didactica-9-tamano-concentracion-y-crecimiento-de-la-empresa\/4-factores-determinantes-de-la-concentracion-de-empresas\/#breadcrumb","itemListElement":[{"@type":"ListItem","position":1,"name":"Portada","item":"https:\/\/blogs.udima.es\/administracion-y-direccion-de-empresas\/"},{"@type":"ListItem","position":2,"name":"Libros","item":"https:\/\/blogs.udima.es\/administracion-y-direccion-de-empresas\/libros\/"},{"@type":"ListItem","position":3,"name":"Introducci\u00f3n a la Organizaci\u00f3n de Empresas","item":"https:\/\/blogs.udima.es\/administracion-y-direccion-de-empresas\/libros\/introduccion-a-la-organizacion-de-empresas-2\/"},{"@type":"ListItem","position":4,"name":"Unidad did\u00e1ctica 9. Tama\u00f1o, concentraci\u00f3n y crecimiento de la empresa","item":"https:\/\/blogs.udima.es\/administracion-y-direccion-de-empresas\/libros\/introduccion-a-la-organizacion-de-empresas-2\/unidad-didactica-9-tamano-concentracion-y-crecimiento-de-la-empresa\/"},{"@type":"ListItem","position":5,"name":"4. Factores determinantes de la concentraci\u00f3n de empresas"}]},{"@type":"WebSite","@id":"https:\/\/blogs.udima.es\/administracion-y-direccion-de-empresas\/#website","url":"https:\/\/blogs.udima.es\/administracion-y-direccion-de-empresas\/","name":"Blog de ADE - Universidad a Distancia de Madrid | UDIMA","description":"","potentialAction":[{"@type":"SearchAction","target":{"@type":"EntryPoint","urlTemplate":"https:\/\/blogs.udima.es\/administracion-y-direccion-de-empresas\/?s={search_term_string}"},"query-input":"required name=search_term_string"}],"inLanguage":"es"}]}},"_links":{"self":[{"href":"https:\/\/blogs.udima.es\/administracion-y-direccion-de-empresas\/wp-json\/wp\/v2\/pages\/607"}],"collection":[{"href":"https:\/\/blogs.udima.es\/administracion-y-direccion-de-empresas\/wp-json\/wp\/v2\/pages"}],"about":[{"href":"https:\/\/blogs.udima.es\/administracion-y-direccion-de-empresas\/wp-json\/wp\/v2\/types\/page"}],"author":[{"embeddable":true,"href":"https:\/\/blogs.udima.es\/administracion-y-direccion-de-empresas\/wp-json\/wp\/v2\/users\/2"}],"replies":[{"embeddable":true,"href":"https:\/\/blogs.udima.es\/administracion-y-direccion-de-empresas\/wp-json\/wp\/v2\/comments?post=607"}],"version-history":[{"count":0,"href":"https:\/\/blogs.udima.es\/administracion-y-direccion-de-empresas\/wp-json\/wp\/v2\/pages\/607\/revisions"}],"up":[{"embeddable":true,"href":"https:\/\/blogs.udima.es\/administracion-y-direccion-de-empresas\/wp-json\/wp\/v2\/pages\/578"}],"wp:attachment":[{"href":"https:\/\/blogs.udima.es\/administracion-y-direccion-de-empresas\/wp-json\/wp\/v2\/media?parent=607"}],"curies":[{"name":"wp","href":"https:\/\/api.w.org\/{rel}","templated":true}]}}