{"id":585,"date":"2010-12-30T15:46:50","date_gmt":"2010-12-30T15:46:50","guid":{"rendered":"http:\/\/www.adeudima.com\/?page_id=585"},"modified":"2010-12-30T15:46:50","modified_gmt":"2010-12-30T15:46:50","slug":"objetivos-de-la-unidad-9","status":"publish","type":"page","link":"https:\/\/blogs.udima.es\/administracion-y-direccion-de-empresas\/libros\/introduccion-a-la-organizacion-de-empresas-2\/unidad-didactica-9-tamano-concentracion-y-crecimiento-de-la-empresa\/objetivos-de-la-unidad-9\/","title":{"rendered":"OBJETIVOS DE LA UNIDAD 9"},"content":{"rendered":"<p>En esta Unidad  did\u00e1ctica se estudian los conceptos de tama\u00f1o,  concentraci\u00f3n y crecimiento de  la empresa, como expresi\u00f3n de su  entidad, as\u00ed como de su evoluci\u00f3n econ\u00f3mica y  su efecto sobre el  mercado, sector o el sistema econ\u00f3mico en que act\u00faa la  misma, y medio  de comprobar o no la existencia de \u00abeconom\u00edas de escala\u00bb u otras  de  distinta naturaleza, pero que, de alguna manera, se pueden asociar a los   cambios de volumen de la actividad de la organizaci\u00f3n.<\/p>\n<p>En el sistema capitalista se postula  que las empresas tienen como  fin \u00faltimo maximizar los beneficios, y parece  evidente que a mayor  tama\u00f1o aumenta la posibilidad de mayores beneficios debido  a las  potenciales econom\u00edas de alcance o sinergias y la creaci\u00f3n de econom\u00edas   de escala, as\u00ed como por la menor competencia al disminuir el n\u00famero de  actores  del mercado, que provoca la concentraci\u00f3n empresarial.<\/p>\n<p>En este orden de ideas, en los  ep\u00edgrafes primero y segundo se hace  referencia al concepto de tama\u00f1o y de  crecimiento de la empresa, as\u00ed  como de la medida de aquel y la posible  existencia de una dimensi\u00f3n  \u00f3ptima. En el ep\u00edgrafe tercero se aborda el  concepto y medida de la  concentraci\u00f3n de empresas. En el ep\u00edgrafe cuarto se  analizan los  factores determinantes que inciden en la agrupaci\u00f3n de las mismas.  En  el ep\u00edgrafe quinto se realiza un breve an\u00e1lisis de las formas de uni\u00f3n y   asociaci\u00f3n de empresas, con especial referencia a c\u00f3mo se desarrollan  en  Espa\u00f1a.<\/p>\n<p>En el  ep\u00edgrafe sexto se trata sobre el crecimiento como objetivo  empresarial, el cual  ser\u00e1 el fundamento para la formulaci\u00f3n de las  estrategias de crecimiento que caracterizan  el proceso de la direcci\u00f3n  estrat\u00e9gica, introducido en la Unidad did\u00e1ctica 2.<\/p>\n<p>Por  \u00faltimo, se recogen los conceptos b\u00e1sicos a retener, las  actividades que  permiten un mejor aprendizaje de los contenidos de la  Unidad did\u00e1ctica y la  bibliograf\u00eda que facultar\u00e1 el estudio y  ampliaci\u00f3n de los conocimientos  relacionados con el tema de la Unidad  did\u00e1ctica.<\/p>\n","protected":false},"excerpt":{"rendered":"<p>En esta Unidad did\u00e1ctica se estudian los conceptos de tama\u00f1o, concentraci\u00f3n y crecimiento de la empresa, como expresi\u00f3n de su entidad, as\u00ed como de su evoluci\u00f3n econ\u00f3mica y su efecto sobre el mercado, sector o el sistema econ\u00f3mico en que act\u00faa la misma, y medio de comprobar o no la existencia de \u00abeconom\u00edas de escala\u00bb [&hellip;]<\/p>\n","protected":false},"author":2,"featured_media":0,"parent":578,"menu_order":0,"comment_status":"open","ping_status":"open","template":"","meta":{"footnotes":""},"yoast_head":"<!-- This site is optimized with the Yoast SEO plugin v22.9 - https:\/\/yoast.com\/wordpress\/plugins\/seo\/ -->\n<title>OBJETIVOS DE LA UNIDAD 9 - Blog de ADE<\/title>\n<meta name=\"robots\" content=\"index, follow, max-snippet:-1, max-image-preview:large, max-video-preview:-1\" \/>\n<link rel=\"canonical\" href=\"https:\/\/blogs.udima.es\/administracion-y-direccion-de-empresas\/libros\/introduccion-a-la-organizacion-de-empresas-2\/unidad-didactica-9-tamano-concentracion-y-crecimiento-de-la-empresa\/objetivos-de-la-unidad-9\/\" \/>\n<meta property=\"og:locale\" content=\"es_ES\" \/>\n<meta property=\"og:type\" content=\"article\" \/>\n<meta property=\"og:title\" content=\"OBJETIVOS DE LA UNIDAD 9 - Blog de ADE\" \/>\n<meta property=\"og:description\" content=\"En esta Unidad did\u00e1ctica se estudian los conceptos de tama\u00f1o, concentraci\u00f3n y crecimiento de la empresa, como expresi\u00f3n de su entidad, as\u00ed como de su evoluci\u00f3n econ\u00f3mica y su efecto sobre el mercado, sector o el sistema econ\u00f3mico en que act\u00faa la misma, y medio de comprobar o no la existencia de \u00abeconom\u00edas de escala\u00bb [&hellip;]\" \/>\n<meta property=\"og:url\" content=\"https:\/\/blogs.udima.es\/administracion-y-direccion-de-empresas\/libros\/introduccion-a-la-organizacion-de-empresas-2\/unidad-didactica-9-tamano-concentracion-y-crecimiento-de-la-empresa\/objetivos-de-la-unidad-9\/\" \/>\n<meta property=\"og:site_name\" content=\"Blog de ADE - Universidad a Distancia de Madrid | UDIMA\" \/>\n<meta name=\"twitter:card\" content=\"summary_large_image\" \/>\n<meta name=\"twitter:label1\" content=\"Tiempo de lectura\" \/>\n\t<meta name=\"twitter:data1\" content=\"2 minutos\" \/>\n<script type=\"application\/ld+json\" class=\"yoast-schema-graph\">{\"@context\":\"https:\/\/schema.org\",\"@graph\":[{\"@type\":\"WebPage\",\"@id\":\"https:\/\/blogs.udima.es\/administracion-y-direccion-de-empresas\/libros\/introduccion-a-la-organizacion-de-empresas-2\/unidad-didactica-9-tamano-concentracion-y-crecimiento-de-la-empresa\/objetivos-de-la-unidad-9\/\",\"url\":\"https:\/\/blogs.udima.es\/administracion-y-direccion-de-empresas\/libros\/introduccion-a-la-organizacion-de-empresas-2\/unidad-didactica-9-tamano-concentracion-y-crecimiento-de-la-empresa\/objetivos-de-la-unidad-9\/\",\"name\":\"OBJETIVOS DE LA UNIDAD 9 - Blog de ADE\",\"isPartOf\":{\"@id\":\"https:\/\/blogs.udima.es\/administracion-y-direccion-de-empresas\/#website\"},\"datePublished\":\"2010-12-30T15:46:50+00:00\",\"dateModified\":\"2010-12-30T15:46:50+00:00\",\"breadcrumb\":{\"@id\":\"https:\/\/blogs.udima.es\/administracion-y-direccion-de-empresas\/libros\/introduccion-a-la-organizacion-de-empresas-2\/unidad-didactica-9-tamano-concentracion-y-crecimiento-de-la-empresa\/objetivos-de-la-unidad-9\/#breadcrumb\"},\"inLanguage\":\"es\",\"potentialAction\":[{\"@type\":\"ReadAction\",\"target\":[\"https:\/\/blogs.udima.es\/administracion-y-direccion-de-empresas\/libros\/introduccion-a-la-organizacion-de-empresas-2\/unidad-didactica-9-tamano-concentracion-y-crecimiento-de-la-empresa\/objetivos-de-la-unidad-9\/\"]}]},{\"@type\":\"BreadcrumbList\",\"@id\":\"https:\/\/blogs.udima.es\/administracion-y-direccion-de-empresas\/libros\/introduccion-a-la-organizacion-de-empresas-2\/unidad-didactica-9-tamano-concentracion-y-crecimiento-de-la-empresa\/objetivos-de-la-unidad-9\/#breadcrumb\",\"itemListElement\":[{\"@type\":\"ListItem\",\"position\":1,\"name\":\"Portada\",\"item\":\"https:\/\/blogs.udima.es\/administracion-y-direccion-de-empresas\/\"},{\"@type\":\"ListItem\",\"position\":2,\"name\":\"Libros\",\"item\":\"https:\/\/blogs.udima.es\/administracion-y-direccion-de-empresas\/libros\/\"},{\"@type\":\"ListItem\",\"position\":3,\"name\":\"Introducci\u00f3n a la Organizaci\u00f3n de Empresas\",\"item\":\"https:\/\/blogs.udima.es\/administracion-y-direccion-de-empresas\/libros\/introduccion-a-la-organizacion-de-empresas-2\/\"},{\"@type\":\"ListItem\",\"position\":4,\"name\":\"Unidad did\u00e1ctica 9. Tama\u00f1o, concentraci\u00f3n y crecimiento de la empresa\",\"item\":\"https:\/\/blogs.udima.es\/administracion-y-direccion-de-empresas\/libros\/introduccion-a-la-organizacion-de-empresas-2\/unidad-didactica-9-tamano-concentracion-y-crecimiento-de-la-empresa\/\"},{\"@type\":\"ListItem\",\"position\":5,\"name\":\"OBJETIVOS DE LA UNIDAD 9\"}]},{\"@type\":\"WebSite\",\"@id\":\"https:\/\/blogs.udima.es\/administracion-y-direccion-de-empresas\/#website\",\"url\":\"https:\/\/blogs.udima.es\/administracion-y-direccion-de-empresas\/\",\"name\":\"Blog de ADE - Universidad a Distancia de Madrid | UDIMA\",\"description\":\"\",\"potentialAction\":[{\"@type\":\"SearchAction\",\"target\":{\"@type\":\"EntryPoint\",\"urlTemplate\":\"https:\/\/blogs.udima.es\/administracion-y-direccion-de-empresas\/?s={search_term_string}\"},\"query-input\":\"required name=search_term_string\"}],\"inLanguage\":\"es\"}]}<\/script>\n<!-- \/ Yoast SEO plugin. -->","yoast_head_json":{"title":"OBJETIVOS DE LA UNIDAD 9 - Blog de ADE","robots":{"index":"index","follow":"follow","max-snippet":"max-snippet:-1","max-image-preview":"max-image-preview:large","max-video-preview":"max-video-preview:-1"},"canonical":"https:\/\/blogs.udima.es\/administracion-y-direccion-de-empresas\/libros\/introduccion-a-la-organizacion-de-empresas-2\/unidad-didactica-9-tamano-concentracion-y-crecimiento-de-la-empresa\/objetivos-de-la-unidad-9\/","og_locale":"es_ES","og_type":"article","og_title":"OBJETIVOS DE LA UNIDAD 9 - Blog de ADE","og_description":"En esta Unidad did\u00e1ctica se estudian los conceptos de tama\u00f1o, concentraci\u00f3n y crecimiento de la empresa, como expresi\u00f3n de su entidad, as\u00ed como de su evoluci\u00f3n econ\u00f3mica y su efecto sobre el mercado, sector o el sistema econ\u00f3mico en que act\u00faa la misma, y medio de comprobar o no la existencia de \u00abeconom\u00edas de escala\u00bb [&hellip;]","og_url":"https:\/\/blogs.udima.es\/administracion-y-direccion-de-empresas\/libros\/introduccion-a-la-organizacion-de-empresas-2\/unidad-didactica-9-tamano-concentracion-y-crecimiento-de-la-empresa\/objetivos-de-la-unidad-9\/","og_site_name":"Blog de ADE - Universidad a Distancia de Madrid | UDIMA","twitter_card":"summary_large_image","twitter_misc":{"Tiempo de lectura":"2 minutos"},"schema":{"@context":"https:\/\/schema.org","@graph":[{"@type":"WebPage","@id":"https:\/\/blogs.udima.es\/administracion-y-direccion-de-empresas\/libros\/introduccion-a-la-organizacion-de-empresas-2\/unidad-didactica-9-tamano-concentracion-y-crecimiento-de-la-empresa\/objetivos-de-la-unidad-9\/","url":"https:\/\/blogs.udima.es\/administracion-y-direccion-de-empresas\/libros\/introduccion-a-la-organizacion-de-empresas-2\/unidad-didactica-9-tamano-concentracion-y-crecimiento-de-la-empresa\/objetivos-de-la-unidad-9\/","name":"OBJETIVOS DE LA UNIDAD 9 - Blog de ADE","isPartOf":{"@id":"https:\/\/blogs.udima.es\/administracion-y-direccion-de-empresas\/#website"},"datePublished":"2010-12-30T15:46:50+00:00","dateModified":"2010-12-30T15:46:50+00:00","breadcrumb":{"@id":"https:\/\/blogs.udima.es\/administracion-y-direccion-de-empresas\/libros\/introduccion-a-la-organizacion-de-empresas-2\/unidad-didactica-9-tamano-concentracion-y-crecimiento-de-la-empresa\/objetivos-de-la-unidad-9\/#breadcrumb"},"inLanguage":"es","potentialAction":[{"@type":"ReadAction","target":["https:\/\/blogs.udima.es\/administracion-y-direccion-de-empresas\/libros\/introduccion-a-la-organizacion-de-empresas-2\/unidad-didactica-9-tamano-concentracion-y-crecimiento-de-la-empresa\/objetivos-de-la-unidad-9\/"]}]},{"@type":"BreadcrumbList","@id":"https:\/\/blogs.udima.es\/administracion-y-direccion-de-empresas\/libros\/introduccion-a-la-organizacion-de-empresas-2\/unidad-didactica-9-tamano-concentracion-y-crecimiento-de-la-empresa\/objetivos-de-la-unidad-9\/#breadcrumb","itemListElement":[{"@type":"ListItem","position":1,"name":"Portada","item":"https:\/\/blogs.udima.es\/administracion-y-direccion-de-empresas\/"},{"@type":"ListItem","position":2,"name":"Libros","item":"https:\/\/blogs.udima.es\/administracion-y-direccion-de-empresas\/libros\/"},{"@type":"ListItem","position":3,"name":"Introducci\u00f3n a la Organizaci\u00f3n de Empresas","item":"https:\/\/blogs.udima.es\/administracion-y-direccion-de-empresas\/libros\/introduccion-a-la-organizacion-de-empresas-2\/"},{"@type":"ListItem","position":4,"name":"Unidad did\u00e1ctica 9. Tama\u00f1o, concentraci\u00f3n y crecimiento de la empresa","item":"https:\/\/blogs.udima.es\/administracion-y-direccion-de-empresas\/libros\/introduccion-a-la-organizacion-de-empresas-2\/unidad-didactica-9-tamano-concentracion-y-crecimiento-de-la-empresa\/"},{"@type":"ListItem","position":5,"name":"OBJETIVOS DE LA UNIDAD 9"}]},{"@type":"WebSite","@id":"https:\/\/blogs.udima.es\/administracion-y-direccion-de-empresas\/#website","url":"https:\/\/blogs.udima.es\/administracion-y-direccion-de-empresas\/","name":"Blog de ADE - Universidad a Distancia de Madrid | UDIMA","description":"","potentialAction":[{"@type":"SearchAction","target":{"@type":"EntryPoint","urlTemplate":"https:\/\/blogs.udima.es\/administracion-y-direccion-de-empresas\/?s={search_term_string}"},"query-input":"required name=search_term_string"}],"inLanguage":"es"}]}},"_links":{"self":[{"href":"https:\/\/blogs.udima.es\/administracion-y-direccion-de-empresas\/wp-json\/wp\/v2\/pages\/585"}],"collection":[{"href":"https:\/\/blogs.udima.es\/administracion-y-direccion-de-empresas\/wp-json\/wp\/v2\/pages"}],"about":[{"href":"https:\/\/blogs.udima.es\/administracion-y-direccion-de-empresas\/wp-json\/wp\/v2\/types\/page"}],"author":[{"embeddable":true,"href":"https:\/\/blogs.udima.es\/administracion-y-direccion-de-empresas\/wp-json\/wp\/v2\/users\/2"}],"replies":[{"embeddable":true,"href":"https:\/\/blogs.udima.es\/administracion-y-direccion-de-empresas\/wp-json\/wp\/v2\/comments?post=585"}],"version-history":[{"count":0,"href":"https:\/\/blogs.udima.es\/administracion-y-direccion-de-empresas\/wp-json\/wp\/v2\/pages\/585\/revisions"}],"up":[{"embeddable":true,"href":"https:\/\/blogs.udima.es\/administracion-y-direccion-de-empresas\/wp-json\/wp\/v2\/pages\/578"}],"wp:attachment":[{"href":"https:\/\/blogs.udima.es\/administracion-y-direccion-de-empresas\/wp-json\/wp\/v2\/media?parent=585"}],"curies":[{"name":"wp","href":"https:\/\/api.w.org\/{rel}","templated":true}]}}