{"id":574,"date":"2010-12-30T15:38:59","date_gmt":"2010-12-30T15:38:59","guid":{"rendered":"http:\/\/www.adeudima.com\/?page_id=574"},"modified":"2010-12-30T15:38:59","modified_gmt":"2010-12-30T15:38:59","slug":"referencias-bibliograficas","status":"publish","type":"page","link":"https:\/\/blogs.udima.es\/administracion-y-direccion-de-empresas\/libros\/introduccion-a-la-organizacion-de-empresas-2\/unidad-didactica-8-el-factor-humano-en-el-desarrollo-organizativo\/referencias-bibliograficas\/","title":{"rendered":"REFERENCIAS BIBLIOGR\u00c1FICAS"},"content":{"rendered":"<p><strong>B\u00e1sica<\/strong><\/p>\n<p>BUENO, E.: <em>Curso b\u00e1sico de  econom\u00eda de la empresa. Un enfoque de organizaci\u00f3n<\/em>, 4.\u00aa Edici\u00f3n, Madrid:  Pir\u00e1mide, 2004.<\/p>\n<p>CUBEIRO, J.C.  y MORCILLO, P.: \u00abLa direcci\u00f3n y gesti\u00f3n por competencias\u00bb, documento AECA n.\u00ba 11, <em>Principios de organizaci\u00f3n y  sistemas<\/em>, Madrid, 1999.<\/p>\n<p><strong>En red<\/strong><\/p>\n<p><a href=\"http:\/\/www.monografias.com\/trabajos44\/factor-humano-empresa\/factor-humano-empresa.shtml\" target=\"_blank\" rel=\"nofollow\">http:\/\/www.monografias.com\/trabajos44\/factor-humano-empresa\/factor-humano-empresa.shtml<\/a><\/p>\n<p><a href=\"http:\/\/www.eco-finanzas.com\/administracion\/escuelas\/factor_humano.htm\" target=\"_blank\" rel=\"nofollow\">http:\/\/www.eco-finanzas.com\/administracion\/escuelas\/factor_humano.htm<\/a><\/p>\n<p><strong>Avanzada<\/strong><\/p>\n<p>BOYATZIS, R.E.: \u00abThe competent  manager\u00bb, New York:  John Wiley &amp; Sons, 1982.<\/p>\n<p>MULDER, E. DE, HAY GROUP: <em>Las competencias: clave para una  gesti\u00f3n integrada de los recursos humanos<\/em>, Bilbao: ed. Deusto, 1996.<\/p>\n<p>REAL,  H. del: <em>Los sistemas de retribuci\u00f3n. Manual pr\u00e1ctico de gesti\u00f3n y direcci\u00f3n  de recursos humanos<\/em>, Madrid: ISTP, 2000.<\/p>\n","protected":false},"excerpt":{"rendered":"<p>B\u00e1sica BUENO, E.: Curso b\u00e1sico de econom\u00eda de la empresa. Un enfoque de organizaci\u00f3n, 4.\u00aa Edici\u00f3n, Madrid: Pir\u00e1mide, 2004. CUBEIRO, J.C. y MORCILLO, P.: \u00abLa direcci\u00f3n y gesti\u00f3n por competencias\u00bb, documento AECA n.\u00ba 11, Principios de organizaci\u00f3n y sistemas, Madrid, 1999. En red http:\/\/www.monografias.com\/trabajos44\/factor-humano-empresa\/factor-humano-empresa.shtml http:\/\/www.eco-finanzas.com\/administracion\/escuelas\/factor_humano.htm Avanzada BOYATZIS, R.E.: \u00abThe competent manager\u00bb, New York: John Wiley [&hellip;]<\/p>\n","protected":false},"author":2,"featured_media":0,"parent":533,"menu_order":0,"comment_status":"open","ping_status":"open","template":"","meta":{"footnotes":""},"yoast_head":"<!-- This site is optimized with the Yoast SEO plugin v22.9 - https:\/\/yoast.com\/wordpress\/plugins\/seo\/ -->\n<title>REFERENCIAS BIBLIOGR\u00c1FICAS - Blog de ADE<\/title>\n<meta name=\"robots\" content=\"index, follow, max-snippet:-1, max-image-preview:large, max-video-preview:-1\" \/>\n<link rel=\"canonical\" href=\"https:\/\/blogs.udima.es\/administracion-y-direccion-de-empresas\/libros\/introduccion-a-la-organizacion-de-empresas-2\/unidad-didactica-8-el-factor-humano-en-el-desarrollo-organizativo\/referencias-bibliograficas\/\" \/>\n<meta property=\"og:locale\" content=\"es_ES\" \/>\n<meta property=\"og:type\" content=\"article\" \/>\n<meta property=\"og:title\" content=\"REFERENCIAS BIBLIOGR\u00c1FICAS - Blog de ADE\" \/>\n<meta property=\"og:description\" content=\"B\u00e1sica BUENO, E.: Curso b\u00e1sico de econom\u00eda de la empresa. Un enfoque de organizaci\u00f3n, 4.\u00aa Edici\u00f3n, Madrid: Pir\u00e1mide, 2004. CUBEIRO, J.C. y MORCILLO, P.: \u00abLa direcci\u00f3n y gesti\u00f3n por competencias\u00bb, documento AECA n.\u00ba 11, Principios de organizaci\u00f3n y sistemas, Madrid, 1999. En red http:\/\/www.monografias.com\/trabajos44\/factor-humano-empresa\/factor-humano-empresa.shtml http:\/\/www.eco-finanzas.com\/administracion\/escuelas\/factor_humano.htm Avanzada BOYATZIS, R.E.: \u00abThe competent manager\u00bb, New York: John Wiley [&hellip;]\" \/>\n<meta property=\"og:url\" content=\"https:\/\/blogs.udima.es\/administracion-y-direccion-de-empresas\/libros\/introduccion-a-la-organizacion-de-empresas-2\/unidad-didactica-8-el-factor-humano-en-el-desarrollo-organizativo\/referencias-bibliograficas\/\" \/>\n<meta property=\"og:site_name\" content=\"Blog de ADE - Universidad a Distancia de Madrid | UDIMA\" \/>\n<meta name=\"twitter:card\" content=\"summary_large_image\" \/>\n<meta name=\"twitter:label1\" content=\"Tiempo de lectura\" \/>\n\t<meta name=\"twitter:data1\" content=\"1 minuto\" \/>\n<script type=\"application\/ld+json\" class=\"yoast-schema-graph\">{\"@context\":\"https:\/\/schema.org\",\"@graph\":[{\"@type\":\"WebPage\",\"@id\":\"https:\/\/blogs.udima.es\/administracion-y-direccion-de-empresas\/libros\/introduccion-a-la-organizacion-de-empresas-2\/unidad-didactica-8-el-factor-humano-en-el-desarrollo-organizativo\/referencias-bibliograficas\/\",\"url\":\"https:\/\/blogs.udima.es\/administracion-y-direccion-de-empresas\/libros\/introduccion-a-la-organizacion-de-empresas-2\/unidad-didactica-8-el-factor-humano-en-el-desarrollo-organizativo\/referencias-bibliograficas\/\",\"name\":\"REFERENCIAS BIBLIOGR\u00c1FICAS - Blog de ADE\",\"isPartOf\":{\"@id\":\"https:\/\/blogs.udima.es\/administracion-y-direccion-de-empresas\/#website\"},\"datePublished\":\"2010-12-30T15:38:59+00:00\",\"dateModified\":\"2010-12-30T15:38:59+00:00\",\"breadcrumb\":{\"@id\":\"https:\/\/blogs.udima.es\/administracion-y-direccion-de-empresas\/libros\/introduccion-a-la-organizacion-de-empresas-2\/unidad-didactica-8-el-factor-humano-en-el-desarrollo-organizativo\/referencias-bibliograficas\/#breadcrumb\"},\"inLanguage\":\"es\",\"potentialAction\":[{\"@type\":\"ReadAction\",\"target\":[\"https:\/\/blogs.udima.es\/administracion-y-direccion-de-empresas\/libros\/introduccion-a-la-organizacion-de-empresas-2\/unidad-didactica-8-el-factor-humano-en-el-desarrollo-organizativo\/referencias-bibliograficas\/\"]}]},{\"@type\":\"BreadcrumbList\",\"@id\":\"https:\/\/blogs.udima.es\/administracion-y-direccion-de-empresas\/libros\/introduccion-a-la-organizacion-de-empresas-2\/unidad-didactica-8-el-factor-humano-en-el-desarrollo-organizativo\/referencias-bibliograficas\/#breadcrumb\",\"itemListElement\":[{\"@type\":\"ListItem\",\"position\":1,\"name\":\"Portada\",\"item\":\"https:\/\/blogs.udima.es\/administracion-y-direccion-de-empresas\/\"},{\"@type\":\"ListItem\",\"position\":2,\"name\":\"Libros\",\"item\":\"https:\/\/blogs.udima.es\/administracion-y-direccion-de-empresas\/libros\/\"},{\"@type\":\"ListItem\",\"position\":3,\"name\":\"Introducci\u00f3n a la Organizaci\u00f3n de Empresas\",\"item\":\"https:\/\/blogs.udima.es\/administracion-y-direccion-de-empresas\/libros\/introduccion-a-la-organizacion-de-empresas-2\/\"},{\"@type\":\"ListItem\",\"position\":4,\"name\":\"Unidad did\u00e1ctica 8. El factor humano en el desarrollo organizativo\",\"item\":\"https:\/\/blogs.udima.es\/administracion-y-direccion-de-empresas\/libros\/introduccion-a-la-organizacion-de-empresas-2\/unidad-didactica-8-el-factor-humano-en-el-desarrollo-organizativo\/\"},{\"@type\":\"ListItem\",\"position\":5,\"name\":\"REFERENCIAS BIBLIOGR\u00c1FICAS\"}]},{\"@type\":\"WebSite\",\"@id\":\"https:\/\/blogs.udima.es\/administracion-y-direccion-de-empresas\/#website\",\"url\":\"https:\/\/blogs.udima.es\/administracion-y-direccion-de-empresas\/\",\"name\":\"Blog de ADE - Universidad a Distancia de Madrid | UDIMA\",\"description\":\"\",\"potentialAction\":[{\"@type\":\"SearchAction\",\"target\":{\"@type\":\"EntryPoint\",\"urlTemplate\":\"https:\/\/blogs.udima.es\/administracion-y-direccion-de-empresas\/?s={search_term_string}\"},\"query-input\":\"required name=search_term_string\"}],\"inLanguage\":\"es\"}]}<\/script>\n<!-- \/ Yoast SEO plugin. -->","yoast_head_json":{"title":"REFERENCIAS BIBLIOGR\u00c1FICAS - Blog de ADE","robots":{"index":"index","follow":"follow","max-snippet":"max-snippet:-1","max-image-preview":"max-image-preview:large","max-video-preview":"max-video-preview:-1"},"canonical":"https:\/\/blogs.udima.es\/administracion-y-direccion-de-empresas\/libros\/introduccion-a-la-organizacion-de-empresas-2\/unidad-didactica-8-el-factor-humano-en-el-desarrollo-organizativo\/referencias-bibliograficas\/","og_locale":"es_ES","og_type":"article","og_title":"REFERENCIAS BIBLIOGR\u00c1FICAS - Blog de ADE","og_description":"B\u00e1sica BUENO, E.: Curso b\u00e1sico de econom\u00eda de la empresa. Un enfoque de organizaci\u00f3n, 4.\u00aa Edici\u00f3n, Madrid: Pir\u00e1mide, 2004. CUBEIRO, J.C. y MORCILLO, P.: \u00abLa direcci\u00f3n y gesti\u00f3n por competencias\u00bb, documento AECA n.\u00ba 11, Principios de organizaci\u00f3n y sistemas, Madrid, 1999. En red http:\/\/www.monografias.com\/trabajos44\/factor-humano-empresa\/factor-humano-empresa.shtml http:\/\/www.eco-finanzas.com\/administracion\/escuelas\/factor_humano.htm Avanzada BOYATZIS, R.E.: \u00abThe competent manager\u00bb, New York: John Wiley [&hellip;]","og_url":"https:\/\/blogs.udima.es\/administracion-y-direccion-de-empresas\/libros\/introduccion-a-la-organizacion-de-empresas-2\/unidad-didactica-8-el-factor-humano-en-el-desarrollo-organizativo\/referencias-bibliograficas\/","og_site_name":"Blog de ADE - Universidad a Distancia de Madrid | UDIMA","twitter_card":"summary_large_image","twitter_misc":{"Tiempo de lectura":"1 minuto"},"schema":{"@context":"https:\/\/schema.org","@graph":[{"@type":"WebPage","@id":"https:\/\/blogs.udima.es\/administracion-y-direccion-de-empresas\/libros\/introduccion-a-la-organizacion-de-empresas-2\/unidad-didactica-8-el-factor-humano-en-el-desarrollo-organizativo\/referencias-bibliograficas\/","url":"https:\/\/blogs.udima.es\/administracion-y-direccion-de-empresas\/libros\/introduccion-a-la-organizacion-de-empresas-2\/unidad-didactica-8-el-factor-humano-en-el-desarrollo-organizativo\/referencias-bibliograficas\/","name":"REFERENCIAS BIBLIOGR\u00c1FICAS - Blog de ADE","isPartOf":{"@id":"https:\/\/blogs.udima.es\/administracion-y-direccion-de-empresas\/#website"},"datePublished":"2010-12-30T15:38:59+00:00","dateModified":"2010-12-30T15:38:59+00:00","breadcrumb":{"@id":"https:\/\/blogs.udima.es\/administracion-y-direccion-de-empresas\/libros\/introduccion-a-la-organizacion-de-empresas-2\/unidad-didactica-8-el-factor-humano-en-el-desarrollo-organizativo\/referencias-bibliograficas\/#breadcrumb"},"inLanguage":"es","potentialAction":[{"@type":"ReadAction","target":["https:\/\/blogs.udima.es\/administracion-y-direccion-de-empresas\/libros\/introduccion-a-la-organizacion-de-empresas-2\/unidad-didactica-8-el-factor-humano-en-el-desarrollo-organizativo\/referencias-bibliograficas\/"]}]},{"@type":"BreadcrumbList","@id":"https:\/\/blogs.udima.es\/administracion-y-direccion-de-empresas\/libros\/introduccion-a-la-organizacion-de-empresas-2\/unidad-didactica-8-el-factor-humano-en-el-desarrollo-organizativo\/referencias-bibliograficas\/#breadcrumb","itemListElement":[{"@type":"ListItem","position":1,"name":"Portada","item":"https:\/\/blogs.udima.es\/administracion-y-direccion-de-empresas\/"},{"@type":"ListItem","position":2,"name":"Libros","item":"https:\/\/blogs.udima.es\/administracion-y-direccion-de-empresas\/libros\/"},{"@type":"ListItem","position":3,"name":"Introducci\u00f3n a la Organizaci\u00f3n de Empresas","item":"https:\/\/blogs.udima.es\/administracion-y-direccion-de-empresas\/libros\/introduccion-a-la-organizacion-de-empresas-2\/"},{"@type":"ListItem","position":4,"name":"Unidad did\u00e1ctica 8. El factor humano en el desarrollo organizativo","item":"https:\/\/blogs.udima.es\/administracion-y-direccion-de-empresas\/libros\/introduccion-a-la-organizacion-de-empresas-2\/unidad-didactica-8-el-factor-humano-en-el-desarrollo-organizativo\/"},{"@type":"ListItem","position":5,"name":"REFERENCIAS BIBLIOGR\u00c1FICAS"}]},{"@type":"WebSite","@id":"https:\/\/blogs.udima.es\/administracion-y-direccion-de-empresas\/#website","url":"https:\/\/blogs.udima.es\/administracion-y-direccion-de-empresas\/","name":"Blog de ADE - Universidad a Distancia de Madrid | UDIMA","description":"","potentialAction":[{"@type":"SearchAction","target":{"@type":"EntryPoint","urlTemplate":"https:\/\/blogs.udima.es\/administracion-y-direccion-de-empresas\/?s={search_term_string}"},"query-input":"required name=search_term_string"}],"inLanguage":"es"}]}},"_links":{"self":[{"href":"https:\/\/blogs.udima.es\/administracion-y-direccion-de-empresas\/wp-json\/wp\/v2\/pages\/574"}],"collection":[{"href":"https:\/\/blogs.udima.es\/administracion-y-direccion-de-empresas\/wp-json\/wp\/v2\/pages"}],"about":[{"href":"https:\/\/blogs.udima.es\/administracion-y-direccion-de-empresas\/wp-json\/wp\/v2\/types\/page"}],"author":[{"embeddable":true,"href":"https:\/\/blogs.udima.es\/administracion-y-direccion-de-empresas\/wp-json\/wp\/v2\/users\/2"}],"replies":[{"embeddable":true,"href":"https:\/\/blogs.udima.es\/administracion-y-direccion-de-empresas\/wp-json\/wp\/v2\/comments?post=574"}],"version-history":[{"count":0,"href":"https:\/\/blogs.udima.es\/administracion-y-direccion-de-empresas\/wp-json\/wp\/v2\/pages\/574\/revisions"}],"up":[{"embeddable":true,"href":"https:\/\/blogs.udima.es\/administracion-y-direccion-de-empresas\/wp-json\/wp\/v2\/pages\/533"}],"wp:attachment":[{"href":"https:\/\/blogs.udima.es\/administracion-y-direccion-de-empresas\/wp-json\/wp\/v2\/media?parent=574"}],"curies":[{"name":"wp","href":"https:\/\/api.w.org\/{rel}","templated":true}]}}