{"id":555,"date":"2010-12-30T15:22:57","date_gmt":"2010-12-30T15:22:57","guid":{"rendered":"http:\/\/www.adeudima.com\/?page_id=555"},"modified":"2010-12-30T15:22:57","modified_gmt":"2010-12-30T15:22:57","slug":"4-la-motivacion","status":"publish","type":"page","link":"https:\/\/blogs.udima.es\/administracion-y-direccion-de-empresas\/libros\/introduccion-a-la-organizacion-de-empresas-2\/unidad-didactica-8-el-factor-humano-en-el-desarrollo-organizativo\/4-la-motivacion\/","title":{"rendered":"4. La motivaci\u00f3n"},"content":{"rendered":"<p>Las tareas  directivas\u00a0 referidas al sistema humano  de la  organizaci\u00f3n se tienen que completar con una adecuada pol\u00edtica de   personal que desarrolle la correspondiente estrategia formulada, con el  fin de  que se adecuen las personas con sus actitudes, aptitudes y  habilidades a los  objetivos pretendidos por la empresa, de acuerdo al  liderazgo y a la cultura  que en la misma se pretenda desarrollar.<\/p>\n<p>En este sentido, el papel del diagn\u00f3stico de los recursos humanos,  de  su selecci\u00f3n, adaptaci\u00f3n, formaci\u00f3n y orientaci\u00f3n de su plan de  carrera  profesional en la empresa, y del sistema de retribuci\u00f3n, ser\u00e1n  piezas clave  para lograr una adecuada direcci\u00f3n de las personas, de  forma que su motivaci\u00f3n  y participaci\u00f3n permitan la m\u00e1xima vinculaci\u00f3n y  compromiso con los objetivos  de la organizaci\u00f3n.<\/p>\n<p>La palabra\u00a0 motivo, del vocablo latino <em>movere<\/em>, es  definida en el <em>Diccionario de la Real Academia Espa\u00f1ola<\/em> como lo que mueve o  tiene eficacia o virtud de mover; y motivaci\u00f3n, derivada del lat\u00edn <em>motus<\/em>,   al igual que la palabra \u00abemoci\u00f3n\u00bb, como el ensayo mental preparatorio  de una  acci\u00f3n. Podr\u00eda decirse que la motivaci\u00f3n es la fuerza que induce  a la persona a  actuar con objeto de satisfacer una necesidad.  Implicar\u00eda un deseo o un  incentivo que influye y promueve las acciones  del individuo, pudi\u00e9ndose  considerar como el primer elemento  cronol\u00f3gico de la conducta.<\/p>\n<p>La necesidad de  las organizaciones de delegar atribuciones y  responsabilidades para resolver  los problemas y el aumento de las  exigencias de autonom\u00eda, desarrollo personal  y autorrealizaci\u00f3n por  parte de los trabajadores confieren a la motivaci\u00f3n una  relevancia cada  vez mayor en las empresas.<\/p>\n<p>En este  contexto, la motivaci\u00f3n deja de ser un mecanismo  psicol\u00f3gico de manipulaci\u00f3n y  se convierte en un proceso cient\u00edfico de  adecuaci\u00f3n de las estructuras y  procesos empresariales a los deseos y  expectativas de los miembros de la empresa.<\/p>\n<p>Tradicionalmente  se ha afirmado que el desempe\u00f1o es el cumplimiento  de las obligaciones  inherentes a un puesto de trabajo, el cual es una  funci\u00f3n de las aptitudes y de  la motivaci\u00f3n de los empleados. Es decir:<\/p>\n<table border=\"0\" cellspacing=\"0\" cellpadding=\"5\" align=\"center\">\n<tbody>\n<tr>\n<td>\n<div>\n<p>Desempe\u00f1o\u00a0 =\u00a0 f  (aptitudes\u00a0 \u00d7\u00a0 motivaci\u00f3n)<\/p>\n<\/div>\n<\/td>\n<\/tr>\n<\/tbody>\n<\/table>\n<p>Esto no es suficiente;  si la f\u00f3rmula se amplia de esta manera:<\/p>\n<table border=\"0\" cellspacing=\"0\" cellpadding=\"5\" align=\"center\">\n<tbody>\n<tr>\n<td>Desempe\u00f1o\u00a0 =\u00a0 f  (nivel de aptitudes\u00a0 \u00d7\u00a0 nivel de destrezas\u00a0 \u00d7\u00a0  comprensi\u00f3n de la tarea\u00a0 \u00d7<br \/>\n\u00d7 \u00a0decisi\u00f3n de esfuerzo\u00a0 \u00d7\u00a0 decisi\u00f3n del grado de esfuerzo\u00a0 \u00d7\u00a0  decisi\u00f3n de persistir\u00a0 \u00d7<br \/>\n\u00d7 \u00a0condiciones propiciatorias y dificultadoras)<\/td>\n<\/tr>\n<\/tbody>\n<\/table>\n<p>Seg\u00fan esta  relaci\u00f3n, cualquier comportamiento dirigido al logro de  los objetivos de la  empresa estar\u00e1 en funci\u00f3n de factores cognitivos  (la comprensi\u00f3n de la tarea,  las habilidades), motores (las destrezas) y  motivadores o factores  motivacionales.<\/p>\n","protected":false},"excerpt":{"rendered":"<p>Las tareas directivas\u00a0 referidas al sistema humano de la organizaci\u00f3n se tienen que completar con una adecuada pol\u00edtica de personal que desarrolle la correspondiente estrategia formulada, con el fin de que se adecuen las personas con sus actitudes, aptitudes y habilidades a los objetivos pretendidos por la empresa, de acuerdo al liderazgo y a la [&hellip;]<\/p>\n","protected":false},"author":2,"featured_media":0,"parent":533,"menu_order":0,"comment_status":"open","ping_status":"open","template":"","meta":{"footnotes":""},"yoast_head":"<!-- This site is optimized with the Yoast SEO plugin v22.9 - https:\/\/yoast.com\/wordpress\/plugins\/seo\/ -->\n<title>4. La motivaci\u00f3n - Blog de ADE<\/title>\n<meta name=\"robots\" content=\"index, follow, max-snippet:-1, max-image-preview:large, max-video-preview:-1\" \/>\n<link rel=\"canonical\" href=\"https:\/\/blogs.udima.es\/administracion-y-direccion-de-empresas\/libros\/introduccion-a-la-organizacion-de-empresas-2\/unidad-didactica-8-el-factor-humano-en-el-desarrollo-organizativo\/4-la-motivacion\/\" \/>\n<meta property=\"og:locale\" content=\"es_ES\" \/>\n<meta property=\"og:type\" content=\"article\" \/>\n<meta property=\"og:title\" content=\"4. La motivaci\u00f3n - Blog de ADE\" \/>\n<meta property=\"og:description\" content=\"Las tareas directivas\u00a0 referidas al sistema humano de la organizaci\u00f3n se tienen que completar con una adecuada pol\u00edtica de personal que desarrolle la correspondiente estrategia formulada, con el fin de que se adecuen las personas con sus actitudes, aptitudes y habilidades a los objetivos pretendidos por la empresa, de acuerdo al liderazgo y a la [&hellip;]\" \/>\n<meta property=\"og:url\" content=\"https:\/\/blogs.udima.es\/administracion-y-direccion-de-empresas\/libros\/introduccion-a-la-organizacion-de-empresas-2\/unidad-didactica-8-el-factor-humano-en-el-desarrollo-organizativo\/4-la-motivacion\/\" \/>\n<meta property=\"og:site_name\" content=\"Blog de ADE - Universidad a Distancia de Madrid | UDIMA\" \/>\n<meta name=\"twitter:card\" content=\"summary_large_image\" \/>\n<meta name=\"twitter:label1\" content=\"Tiempo de lectura\" \/>\n\t<meta name=\"twitter:data1\" content=\"2 minutos\" \/>\n<script type=\"application\/ld+json\" class=\"yoast-schema-graph\">{\"@context\":\"https:\/\/schema.org\",\"@graph\":[{\"@type\":\"WebPage\",\"@id\":\"https:\/\/blogs.udima.es\/administracion-y-direccion-de-empresas\/libros\/introduccion-a-la-organizacion-de-empresas-2\/unidad-didactica-8-el-factor-humano-en-el-desarrollo-organizativo\/4-la-motivacion\/\",\"url\":\"https:\/\/blogs.udima.es\/administracion-y-direccion-de-empresas\/libros\/introduccion-a-la-organizacion-de-empresas-2\/unidad-didactica-8-el-factor-humano-en-el-desarrollo-organizativo\/4-la-motivacion\/\",\"name\":\"4. La motivaci\u00f3n - Blog de ADE\",\"isPartOf\":{\"@id\":\"https:\/\/blogs.udima.es\/administracion-y-direccion-de-empresas\/#website\"},\"datePublished\":\"2010-12-30T15:22:57+00:00\",\"dateModified\":\"2010-12-30T15:22:57+00:00\",\"breadcrumb\":{\"@id\":\"https:\/\/blogs.udima.es\/administracion-y-direccion-de-empresas\/libros\/introduccion-a-la-organizacion-de-empresas-2\/unidad-didactica-8-el-factor-humano-en-el-desarrollo-organizativo\/4-la-motivacion\/#breadcrumb\"},\"inLanguage\":\"es\",\"potentialAction\":[{\"@type\":\"ReadAction\",\"target\":[\"https:\/\/blogs.udima.es\/administracion-y-direccion-de-empresas\/libros\/introduccion-a-la-organizacion-de-empresas-2\/unidad-didactica-8-el-factor-humano-en-el-desarrollo-organizativo\/4-la-motivacion\/\"]}]},{\"@type\":\"BreadcrumbList\",\"@id\":\"https:\/\/blogs.udima.es\/administracion-y-direccion-de-empresas\/libros\/introduccion-a-la-organizacion-de-empresas-2\/unidad-didactica-8-el-factor-humano-en-el-desarrollo-organizativo\/4-la-motivacion\/#breadcrumb\",\"itemListElement\":[{\"@type\":\"ListItem\",\"position\":1,\"name\":\"Portada\",\"item\":\"https:\/\/blogs.udima.es\/administracion-y-direccion-de-empresas\/\"},{\"@type\":\"ListItem\",\"position\":2,\"name\":\"Libros\",\"item\":\"https:\/\/blogs.udima.es\/administracion-y-direccion-de-empresas\/libros\/\"},{\"@type\":\"ListItem\",\"position\":3,\"name\":\"Introducci\u00f3n a la Organizaci\u00f3n de Empresas\",\"item\":\"https:\/\/blogs.udima.es\/administracion-y-direccion-de-empresas\/libros\/introduccion-a-la-organizacion-de-empresas-2\/\"},{\"@type\":\"ListItem\",\"position\":4,\"name\":\"Unidad did\u00e1ctica 8. El factor humano en el desarrollo organizativo\",\"item\":\"https:\/\/blogs.udima.es\/administracion-y-direccion-de-empresas\/libros\/introduccion-a-la-organizacion-de-empresas-2\/unidad-didactica-8-el-factor-humano-en-el-desarrollo-organizativo\/\"},{\"@type\":\"ListItem\",\"position\":5,\"name\":\"4. La motivaci\u00f3n\"}]},{\"@type\":\"WebSite\",\"@id\":\"https:\/\/blogs.udima.es\/administracion-y-direccion-de-empresas\/#website\",\"url\":\"https:\/\/blogs.udima.es\/administracion-y-direccion-de-empresas\/\",\"name\":\"Blog de ADE - Universidad a Distancia de Madrid | UDIMA\",\"description\":\"\",\"potentialAction\":[{\"@type\":\"SearchAction\",\"target\":{\"@type\":\"EntryPoint\",\"urlTemplate\":\"https:\/\/blogs.udima.es\/administracion-y-direccion-de-empresas\/?s={search_term_string}\"},\"query-input\":\"required name=search_term_string\"}],\"inLanguage\":\"es\"}]}<\/script>\n<!-- \/ Yoast SEO plugin. -->","yoast_head_json":{"title":"4. La motivaci\u00f3n - Blog de ADE","robots":{"index":"index","follow":"follow","max-snippet":"max-snippet:-1","max-image-preview":"max-image-preview:large","max-video-preview":"max-video-preview:-1"},"canonical":"https:\/\/blogs.udima.es\/administracion-y-direccion-de-empresas\/libros\/introduccion-a-la-organizacion-de-empresas-2\/unidad-didactica-8-el-factor-humano-en-el-desarrollo-organizativo\/4-la-motivacion\/","og_locale":"es_ES","og_type":"article","og_title":"4. La motivaci\u00f3n - Blog de ADE","og_description":"Las tareas directivas\u00a0 referidas al sistema humano de la organizaci\u00f3n se tienen que completar con una adecuada pol\u00edtica de personal que desarrolle la correspondiente estrategia formulada, con el fin de que se adecuen las personas con sus actitudes, aptitudes y habilidades a los objetivos pretendidos por la empresa, de acuerdo al liderazgo y a la [&hellip;]","og_url":"https:\/\/blogs.udima.es\/administracion-y-direccion-de-empresas\/libros\/introduccion-a-la-organizacion-de-empresas-2\/unidad-didactica-8-el-factor-humano-en-el-desarrollo-organizativo\/4-la-motivacion\/","og_site_name":"Blog de ADE - Universidad a Distancia de Madrid | UDIMA","twitter_card":"summary_large_image","twitter_misc":{"Tiempo de lectura":"2 minutos"},"schema":{"@context":"https:\/\/schema.org","@graph":[{"@type":"WebPage","@id":"https:\/\/blogs.udima.es\/administracion-y-direccion-de-empresas\/libros\/introduccion-a-la-organizacion-de-empresas-2\/unidad-didactica-8-el-factor-humano-en-el-desarrollo-organizativo\/4-la-motivacion\/","url":"https:\/\/blogs.udima.es\/administracion-y-direccion-de-empresas\/libros\/introduccion-a-la-organizacion-de-empresas-2\/unidad-didactica-8-el-factor-humano-en-el-desarrollo-organizativo\/4-la-motivacion\/","name":"4. La motivaci\u00f3n - Blog de ADE","isPartOf":{"@id":"https:\/\/blogs.udima.es\/administracion-y-direccion-de-empresas\/#website"},"datePublished":"2010-12-30T15:22:57+00:00","dateModified":"2010-12-30T15:22:57+00:00","breadcrumb":{"@id":"https:\/\/blogs.udima.es\/administracion-y-direccion-de-empresas\/libros\/introduccion-a-la-organizacion-de-empresas-2\/unidad-didactica-8-el-factor-humano-en-el-desarrollo-organizativo\/4-la-motivacion\/#breadcrumb"},"inLanguage":"es","potentialAction":[{"@type":"ReadAction","target":["https:\/\/blogs.udima.es\/administracion-y-direccion-de-empresas\/libros\/introduccion-a-la-organizacion-de-empresas-2\/unidad-didactica-8-el-factor-humano-en-el-desarrollo-organizativo\/4-la-motivacion\/"]}]},{"@type":"BreadcrumbList","@id":"https:\/\/blogs.udima.es\/administracion-y-direccion-de-empresas\/libros\/introduccion-a-la-organizacion-de-empresas-2\/unidad-didactica-8-el-factor-humano-en-el-desarrollo-organizativo\/4-la-motivacion\/#breadcrumb","itemListElement":[{"@type":"ListItem","position":1,"name":"Portada","item":"https:\/\/blogs.udima.es\/administracion-y-direccion-de-empresas\/"},{"@type":"ListItem","position":2,"name":"Libros","item":"https:\/\/blogs.udima.es\/administracion-y-direccion-de-empresas\/libros\/"},{"@type":"ListItem","position":3,"name":"Introducci\u00f3n a la Organizaci\u00f3n de Empresas","item":"https:\/\/blogs.udima.es\/administracion-y-direccion-de-empresas\/libros\/introduccion-a-la-organizacion-de-empresas-2\/"},{"@type":"ListItem","position":4,"name":"Unidad did\u00e1ctica 8. El factor humano en el desarrollo organizativo","item":"https:\/\/blogs.udima.es\/administracion-y-direccion-de-empresas\/libros\/introduccion-a-la-organizacion-de-empresas-2\/unidad-didactica-8-el-factor-humano-en-el-desarrollo-organizativo\/"},{"@type":"ListItem","position":5,"name":"4. La motivaci\u00f3n"}]},{"@type":"WebSite","@id":"https:\/\/blogs.udima.es\/administracion-y-direccion-de-empresas\/#website","url":"https:\/\/blogs.udima.es\/administracion-y-direccion-de-empresas\/","name":"Blog de ADE - Universidad a Distancia de Madrid | UDIMA","description":"","potentialAction":[{"@type":"SearchAction","target":{"@type":"EntryPoint","urlTemplate":"https:\/\/blogs.udima.es\/administracion-y-direccion-de-empresas\/?s={search_term_string}"},"query-input":"required name=search_term_string"}],"inLanguage":"es"}]}},"_links":{"self":[{"href":"https:\/\/blogs.udima.es\/administracion-y-direccion-de-empresas\/wp-json\/wp\/v2\/pages\/555"}],"collection":[{"href":"https:\/\/blogs.udima.es\/administracion-y-direccion-de-empresas\/wp-json\/wp\/v2\/pages"}],"about":[{"href":"https:\/\/blogs.udima.es\/administracion-y-direccion-de-empresas\/wp-json\/wp\/v2\/types\/page"}],"author":[{"embeddable":true,"href":"https:\/\/blogs.udima.es\/administracion-y-direccion-de-empresas\/wp-json\/wp\/v2\/users\/2"}],"replies":[{"embeddable":true,"href":"https:\/\/blogs.udima.es\/administracion-y-direccion-de-empresas\/wp-json\/wp\/v2\/comments?post=555"}],"version-history":[{"count":0,"href":"https:\/\/blogs.udima.es\/administracion-y-direccion-de-empresas\/wp-json\/wp\/v2\/pages\/555\/revisions"}],"up":[{"embeddable":true,"href":"https:\/\/blogs.udima.es\/administracion-y-direccion-de-empresas\/wp-json\/wp\/v2\/pages\/533"}],"wp:attachment":[{"href":"https:\/\/blogs.udima.es\/administracion-y-direccion-de-empresas\/wp-json\/wp\/v2\/media?parent=555"}],"curies":[{"name":"wp","href":"https:\/\/api.w.org\/{rel}","templated":true}]}}