{"id":537,"date":"2010-12-30T15:09:28","date_gmt":"2010-12-30T15:09:28","guid":{"rendered":"http:\/\/www.adeudima.com\/?page_id=537"},"modified":"2010-12-30T15:09:28","modified_gmt":"2010-12-30T15:09:28","slug":"objetivos-de-la-unidad-8","status":"publish","type":"page","link":"https:\/\/blogs.udima.es\/administracion-y-direccion-de-empresas\/libros\/introduccion-a-la-organizacion-de-empresas-2\/unidad-didactica-8-el-factor-humano-en-el-desarrollo-organizativo\/objetivos-de-la-unidad-8\/","title":{"rendered":"OBJETIVOS DE LA UNIDAD 8"},"content":{"rendered":"<p>En esta Unidad  Did\u00e1ctica se pretende ofrecer una breve pero completa  introducci\u00f3n a la  importancia\u00a0 que representa el factor  humano en la  empresa, a trav\u00e9s de la profundizaci\u00f3n en el conocimiento de las  \u00e1reas  funcionales en que se organiza esta funci\u00f3n empresarial y, en especial,   de su aplicaci\u00f3n a trav\u00e9s de la direcci\u00f3n por competencias. En concreto  se  abordar\u00e1n los objetivos siguientes:<\/p>\n<ul>\n<li> Conocer las distintas acepciones que  explican el concepto de factor humano, tal y como se recoge en el ep\u00edgrafe  segundo.<\/li>\n<li>Conocer la composici\u00f3n y el funcionamiento  de las \u00e1reas de  direcci\u00f3n de recursos humanos. Cuesti\u00f3n que ser\u00e1 tratada en el  ep\u00edgrafe  tercero.<\/li>\n<li>Entender la importancia de la motivaci\u00f3n en  la satisfacci\u00f3n de las personas, aspecto que\u00a0  se\u00a0 recoge en el ep\u00edgrafe cuarto.<\/li>\n<li>Analizar c\u00f3mo se establece un sistema de  competencias y su  aplicaci\u00f3n a las distintas pol\u00edticas de recursos humanos.  Cuesti\u00f3n que  se aborda en el ep\u00edgrafe quinto.<\/li>\n<\/ul>\n<p>Por \u00faltimo, se  recogen\u00a0 las actividades que permiten un  mejor  aprendizaje de los contenidos de la Unidad did\u00e1ctica y la bibliograf\u00eda  que faculta el  estudio y ampliaci\u00f3n de los conocimientos relacionados  con el tema de la Unidad did\u00e1ctica.<\/p>\n","protected":false},"excerpt":{"rendered":"<p>En esta Unidad Did\u00e1ctica se pretende ofrecer una breve pero completa introducci\u00f3n a la importancia\u00a0 que representa el factor humano en la empresa, a trav\u00e9s de la profundizaci\u00f3n en el conocimiento de las \u00e1reas funcionales en que se organiza esta funci\u00f3n empresarial y, en especial, de su aplicaci\u00f3n a trav\u00e9s de la direcci\u00f3n por competencias. [&hellip;]<\/p>\n","protected":false},"author":2,"featured_media":0,"parent":533,"menu_order":0,"comment_status":"open","ping_status":"open","template":"","meta":{"footnotes":""},"yoast_head":"<!-- This site is optimized with the Yoast SEO plugin v22.9 - https:\/\/yoast.com\/wordpress\/plugins\/seo\/ -->\n<title>OBJETIVOS DE LA UNIDAD 8 - Blog de ADE<\/title>\n<meta name=\"robots\" content=\"index, follow, max-snippet:-1, max-image-preview:large, max-video-preview:-1\" \/>\n<link rel=\"canonical\" href=\"https:\/\/blogs.udima.es\/administracion-y-direccion-de-empresas\/libros\/introduccion-a-la-organizacion-de-empresas-2\/unidad-didactica-8-el-factor-humano-en-el-desarrollo-organizativo\/objetivos-de-la-unidad-8\/\" \/>\n<meta property=\"og:locale\" content=\"es_ES\" \/>\n<meta property=\"og:type\" content=\"article\" \/>\n<meta property=\"og:title\" content=\"OBJETIVOS DE LA UNIDAD 8 - Blog de ADE\" \/>\n<meta property=\"og:description\" content=\"En esta Unidad Did\u00e1ctica se pretende ofrecer una breve pero completa introducci\u00f3n a la importancia\u00a0 que representa el factor humano en la empresa, a trav\u00e9s de la profundizaci\u00f3n en el conocimiento de las \u00e1reas funcionales en que se organiza esta funci\u00f3n empresarial y, en especial, de su aplicaci\u00f3n a trav\u00e9s de la direcci\u00f3n por competencias. [&hellip;]\" \/>\n<meta property=\"og:url\" content=\"https:\/\/blogs.udima.es\/administracion-y-direccion-de-empresas\/libros\/introduccion-a-la-organizacion-de-empresas-2\/unidad-didactica-8-el-factor-humano-en-el-desarrollo-organizativo\/objetivos-de-la-unidad-8\/\" \/>\n<meta property=\"og:site_name\" content=\"Blog de ADE - Universidad a Distancia de Madrid | UDIMA\" \/>\n<meta name=\"twitter:card\" content=\"summary_large_image\" \/>\n<meta name=\"twitter:label1\" content=\"Tiempo de lectura\" \/>\n\t<meta name=\"twitter:data1\" content=\"1 minuto\" \/>\n<script type=\"application\/ld+json\" class=\"yoast-schema-graph\">{\"@context\":\"https:\/\/schema.org\",\"@graph\":[{\"@type\":\"WebPage\",\"@id\":\"https:\/\/blogs.udima.es\/administracion-y-direccion-de-empresas\/libros\/introduccion-a-la-organizacion-de-empresas-2\/unidad-didactica-8-el-factor-humano-en-el-desarrollo-organizativo\/objetivos-de-la-unidad-8\/\",\"url\":\"https:\/\/blogs.udima.es\/administracion-y-direccion-de-empresas\/libros\/introduccion-a-la-organizacion-de-empresas-2\/unidad-didactica-8-el-factor-humano-en-el-desarrollo-organizativo\/objetivos-de-la-unidad-8\/\",\"name\":\"OBJETIVOS DE LA UNIDAD 8 - Blog de ADE\",\"isPartOf\":{\"@id\":\"https:\/\/blogs.udima.es\/administracion-y-direccion-de-empresas\/#website\"},\"datePublished\":\"2010-12-30T15:09:28+00:00\",\"dateModified\":\"2010-12-30T15:09:28+00:00\",\"breadcrumb\":{\"@id\":\"https:\/\/blogs.udima.es\/administracion-y-direccion-de-empresas\/libros\/introduccion-a-la-organizacion-de-empresas-2\/unidad-didactica-8-el-factor-humano-en-el-desarrollo-organizativo\/objetivos-de-la-unidad-8\/#breadcrumb\"},\"inLanguage\":\"es\",\"potentialAction\":[{\"@type\":\"ReadAction\",\"target\":[\"https:\/\/blogs.udima.es\/administracion-y-direccion-de-empresas\/libros\/introduccion-a-la-organizacion-de-empresas-2\/unidad-didactica-8-el-factor-humano-en-el-desarrollo-organizativo\/objetivos-de-la-unidad-8\/\"]}]},{\"@type\":\"BreadcrumbList\",\"@id\":\"https:\/\/blogs.udima.es\/administracion-y-direccion-de-empresas\/libros\/introduccion-a-la-organizacion-de-empresas-2\/unidad-didactica-8-el-factor-humano-en-el-desarrollo-organizativo\/objetivos-de-la-unidad-8\/#breadcrumb\",\"itemListElement\":[{\"@type\":\"ListItem\",\"position\":1,\"name\":\"Portada\",\"item\":\"https:\/\/blogs.udima.es\/administracion-y-direccion-de-empresas\/\"},{\"@type\":\"ListItem\",\"position\":2,\"name\":\"Libros\",\"item\":\"https:\/\/blogs.udima.es\/administracion-y-direccion-de-empresas\/libros\/\"},{\"@type\":\"ListItem\",\"position\":3,\"name\":\"Introducci\u00f3n a la Organizaci\u00f3n de Empresas\",\"item\":\"https:\/\/blogs.udima.es\/administracion-y-direccion-de-empresas\/libros\/introduccion-a-la-organizacion-de-empresas-2\/\"},{\"@type\":\"ListItem\",\"position\":4,\"name\":\"Unidad did\u00e1ctica 8. El factor humano en el desarrollo organizativo\",\"item\":\"https:\/\/blogs.udima.es\/administracion-y-direccion-de-empresas\/libros\/introduccion-a-la-organizacion-de-empresas-2\/unidad-didactica-8-el-factor-humano-en-el-desarrollo-organizativo\/\"},{\"@type\":\"ListItem\",\"position\":5,\"name\":\"OBJETIVOS DE LA UNIDAD 8\"}]},{\"@type\":\"WebSite\",\"@id\":\"https:\/\/blogs.udima.es\/administracion-y-direccion-de-empresas\/#website\",\"url\":\"https:\/\/blogs.udima.es\/administracion-y-direccion-de-empresas\/\",\"name\":\"Blog de ADE - Universidad a Distancia de Madrid | UDIMA\",\"description\":\"\",\"potentialAction\":[{\"@type\":\"SearchAction\",\"target\":{\"@type\":\"EntryPoint\",\"urlTemplate\":\"https:\/\/blogs.udima.es\/administracion-y-direccion-de-empresas\/?s={search_term_string}\"},\"query-input\":\"required name=search_term_string\"}],\"inLanguage\":\"es\"}]}<\/script>\n<!-- \/ Yoast SEO plugin. -->","yoast_head_json":{"title":"OBJETIVOS DE LA UNIDAD 8 - Blog de ADE","robots":{"index":"index","follow":"follow","max-snippet":"max-snippet:-1","max-image-preview":"max-image-preview:large","max-video-preview":"max-video-preview:-1"},"canonical":"https:\/\/blogs.udima.es\/administracion-y-direccion-de-empresas\/libros\/introduccion-a-la-organizacion-de-empresas-2\/unidad-didactica-8-el-factor-humano-en-el-desarrollo-organizativo\/objetivos-de-la-unidad-8\/","og_locale":"es_ES","og_type":"article","og_title":"OBJETIVOS DE LA UNIDAD 8 - Blog de ADE","og_description":"En esta Unidad Did\u00e1ctica se pretende ofrecer una breve pero completa introducci\u00f3n a la importancia\u00a0 que representa el factor humano en la empresa, a trav\u00e9s de la profundizaci\u00f3n en el conocimiento de las \u00e1reas funcionales en que se organiza esta funci\u00f3n empresarial y, en especial, de su aplicaci\u00f3n a trav\u00e9s de la direcci\u00f3n por competencias. [&hellip;]","og_url":"https:\/\/blogs.udima.es\/administracion-y-direccion-de-empresas\/libros\/introduccion-a-la-organizacion-de-empresas-2\/unidad-didactica-8-el-factor-humano-en-el-desarrollo-organizativo\/objetivos-de-la-unidad-8\/","og_site_name":"Blog de ADE - Universidad a Distancia de Madrid | UDIMA","twitter_card":"summary_large_image","twitter_misc":{"Tiempo de lectura":"1 minuto"},"schema":{"@context":"https:\/\/schema.org","@graph":[{"@type":"WebPage","@id":"https:\/\/blogs.udima.es\/administracion-y-direccion-de-empresas\/libros\/introduccion-a-la-organizacion-de-empresas-2\/unidad-didactica-8-el-factor-humano-en-el-desarrollo-organizativo\/objetivos-de-la-unidad-8\/","url":"https:\/\/blogs.udima.es\/administracion-y-direccion-de-empresas\/libros\/introduccion-a-la-organizacion-de-empresas-2\/unidad-didactica-8-el-factor-humano-en-el-desarrollo-organizativo\/objetivos-de-la-unidad-8\/","name":"OBJETIVOS DE LA UNIDAD 8 - Blog de ADE","isPartOf":{"@id":"https:\/\/blogs.udima.es\/administracion-y-direccion-de-empresas\/#website"},"datePublished":"2010-12-30T15:09:28+00:00","dateModified":"2010-12-30T15:09:28+00:00","breadcrumb":{"@id":"https:\/\/blogs.udima.es\/administracion-y-direccion-de-empresas\/libros\/introduccion-a-la-organizacion-de-empresas-2\/unidad-didactica-8-el-factor-humano-en-el-desarrollo-organizativo\/objetivos-de-la-unidad-8\/#breadcrumb"},"inLanguage":"es","potentialAction":[{"@type":"ReadAction","target":["https:\/\/blogs.udima.es\/administracion-y-direccion-de-empresas\/libros\/introduccion-a-la-organizacion-de-empresas-2\/unidad-didactica-8-el-factor-humano-en-el-desarrollo-organizativo\/objetivos-de-la-unidad-8\/"]}]},{"@type":"BreadcrumbList","@id":"https:\/\/blogs.udima.es\/administracion-y-direccion-de-empresas\/libros\/introduccion-a-la-organizacion-de-empresas-2\/unidad-didactica-8-el-factor-humano-en-el-desarrollo-organizativo\/objetivos-de-la-unidad-8\/#breadcrumb","itemListElement":[{"@type":"ListItem","position":1,"name":"Portada","item":"https:\/\/blogs.udima.es\/administracion-y-direccion-de-empresas\/"},{"@type":"ListItem","position":2,"name":"Libros","item":"https:\/\/blogs.udima.es\/administracion-y-direccion-de-empresas\/libros\/"},{"@type":"ListItem","position":3,"name":"Introducci\u00f3n a la Organizaci\u00f3n de Empresas","item":"https:\/\/blogs.udima.es\/administracion-y-direccion-de-empresas\/libros\/introduccion-a-la-organizacion-de-empresas-2\/"},{"@type":"ListItem","position":4,"name":"Unidad did\u00e1ctica 8. El factor humano en el desarrollo organizativo","item":"https:\/\/blogs.udima.es\/administracion-y-direccion-de-empresas\/libros\/introduccion-a-la-organizacion-de-empresas-2\/unidad-didactica-8-el-factor-humano-en-el-desarrollo-organizativo\/"},{"@type":"ListItem","position":5,"name":"OBJETIVOS DE LA UNIDAD 8"}]},{"@type":"WebSite","@id":"https:\/\/blogs.udima.es\/administracion-y-direccion-de-empresas\/#website","url":"https:\/\/blogs.udima.es\/administracion-y-direccion-de-empresas\/","name":"Blog de ADE - Universidad a Distancia de Madrid | UDIMA","description":"","potentialAction":[{"@type":"SearchAction","target":{"@type":"EntryPoint","urlTemplate":"https:\/\/blogs.udima.es\/administracion-y-direccion-de-empresas\/?s={search_term_string}"},"query-input":"required name=search_term_string"}],"inLanguage":"es"}]}},"_links":{"self":[{"href":"https:\/\/blogs.udima.es\/administracion-y-direccion-de-empresas\/wp-json\/wp\/v2\/pages\/537"}],"collection":[{"href":"https:\/\/blogs.udima.es\/administracion-y-direccion-de-empresas\/wp-json\/wp\/v2\/pages"}],"about":[{"href":"https:\/\/blogs.udima.es\/administracion-y-direccion-de-empresas\/wp-json\/wp\/v2\/types\/page"}],"author":[{"embeddable":true,"href":"https:\/\/blogs.udima.es\/administracion-y-direccion-de-empresas\/wp-json\/wp\/v2\/users\/2"}],"replies":[{"embeddable":true,"href":"https:\/\/blogs.udima.es\/administracion-y-direccion-de-empresas\/wp-json\/wp\/v2\/comments?post=537"}],"version-history":[{"count":0,"href":"https:\/\/blogs.udima.es\/administracion-y-direccion-de-empresas\/wp-json\/wp\/v2\/pages\/537\/revisions"}],"up":[{"embeddable":true,"href":"https:\/\/blogs.udima.es\/administracion-y-direccion-de-empresas\/wp-json\/wp\/v2\/pages\/533"}],"wp:attachment":[{"href":"https:\/\/blogs.udima.es\/administracion-y-direccion-de-empresas\/wp-json\/wp\/v2\/media?parent=537"}],"curies":[{"name":"wp","href":"https:\/\/api.w.org\/{rel}","templated":true}]}}