{"id":488,"date":"2010-12-30T13:10:25","date_gmt":"2010-12-30T13:10:25","guid":{"rendered":"http:\/\/www.adeudima.com\/?page_id=488"},"modified":"2010-12-30T13:10:25","modified_gmt":"2010-12-30T13:10:25","slug":"3-organizacion-y-gestion-de-la-logistica","status":"publish","type":"page","link":"https:\/\/blogs.udima.es\/administracion-y-direccion-de-empresas\/libros\/introduccion-a-la-organizacion-de-empresas-2\/unidad-didactica-7-el-sistema-de-distribucion-o-logistico-de-la-empresa\/3-organizacion-y-gestion-de-la-logistica\/","title":{"rendered":"3. Organizaci\u00f3n y gesti\u00f3n de la log\u00edstica"},"content":{"rendered":"<p>La funci\u00f3n log\u00edstica cuenta con autonom\u00eda en el  organigrama de las  empresas modernas, encontr\u00e1ndose entre las \u00e1reas funcionales  m\u00e1s  determinantes. Su car\u00e1cter multilateral hace que se requiera la  integraci\u00f3n  de t\u00e9cnicas de trabajo diversas, es decir, equipos  multidisciplinares,  interfuncionales, etc. Es m\u00e1s, sus requerimientos  de respuesta hacen necesaria  una configuraci\u00f3n plana, pr\u00f3xima a la  posible fuente de incidencias.<\/p>\n<p>La formalizaci\u00f3n de est\u00e1ndares, normas y  procedimientos en la  organizaci\u00f3n enfatiza el requerimiento fundamental de la  log\u00edstica  estableciendo pautas homog\u00e9neas, reexplotables, difundibles que   perduran y permiten acumular conocimiento independiente a las personas.  La  adherencia al procedimiento, cuyo alcance debe ser actualizado, debe  ser capaz  de asumir las variaciones que se deriven de los estudios de  mercado, adem\u00e1s de  aquellas prospecciones que generen un pron\u00f3stico de  demanda, lo que abunda en  el inter\u00e9s de integrar al cliente en los  procesos.<\/p>\n<p>En el marco de la log\u00edstica las empresas tratan de  apalancarse en  la especializaci\u00f3n que suponen los proveedores externos,  desarrollando  un amplio espectro de <em>outsourcing<\/em> donde surgen importantes   retos de coordinaci\u00f3n y garant\u00edas, todo ello aderezado con el  requerimiento del  mantenimiento de los est\u00e1ndares de calidad, aspecto  que ejercita un plano de  certificaciones b\u00e1sico para el negocio. De  esta manera, existe normativa al  respecto para las actividades dentro  del \u00e1mbito de la log\u00edstica que persigue el  aval de la aplicaci\u00f3n de las  mejores soluciones en los procesos. Este es el  caso de por ejemplo el  uso de la Norma ISO-9000, lo cual permite mostrar a los  clientes la  seguridad de una calidad suministrada establemente y a su vez poder   acceder a los mercados de pa\u00edses desarrollados en forma competitiva.<\/p>\n<p>En el plano de los recursos humanos o de las  personas, las tareas  de log\u00edstica exigen la necesidad de contar con  especialistas, en  calidad y cantidad seg\u00fan el alcance y dimensi\u00f3n de la  actividad; as\u00ed,  todo este grupo humano debe conocer, dominar y hacer suyos: la  misi\u00f3n,  objetivos, pol\u00edticas y normas del sistema log\u00edstico de la empresa y a   su vez dominar las funciones y la contribuci\u00f3n que se espera de su  trabajo para  el \u00e9xito del sistema en s\u00ed.<\/p>\n<p>De esta forma, el sistema log\u00edstico debe atender a  la configuraci\u00f3n  de esquemas de actuaci\u00f3n que pueden centrarse en el \u00e1mbito de  las  compras, la producci\u00f3n y las ventas, tem\u00e1ticas que van exponi\u00e9ndose de   manera sucesiva, en los ep\u00edgrafes siguientes.<\/p>\n","protected":false},"excerpt":{"rendered":"<p>La funci\u00f3n log\u00edstica cuenta con autonom\u00eda en el organigrama de las empresas modernas, encontr\u00e1ndose entre las \u00e1reas funcionales m\u00e1s determinantes. Su car\u00e1cter multilateral hace que se requiera la integraci\u00f3n de t\u00e9cnicas de trabajo diversas, es decir, equipos multidisciplinares, interfuncionales, etc. Es m\u00e1s, sus requerimientos de respuesta hacen necesaria una configuraci\u00f3n plana, pr\u00f3xima a la posible [&hellip;]<\/p>\n","protected":false},"author":2,"featured_media":0,"parent":475,"menu_order":0,"comment_status":"open","ping_status":"open","template":"","meta":{"footnotes":""},"yoast_head":"<!-- This site is optimized with the Yoast SEO plugin v22.9 - https:\/\/yoast.com\/wordpress\/plugins\/seo\/ -->\n<title>3. Organizaci\u00f3n y gesti\u00f3n de la log\u00edstica - Blog de ADE<\/title>\n<meta name=\"robots\" content=\"index, follow, max-snippet:-1, max-image-preview:large, max-video-preview:-1\" \/>\n<link rel=\"canonical\" href=\"https:\/\/blogs.udima.es\/administracion-y-direccion-de-empresas\/libros\/introduccion-a-la-organizacion-de-empresas-2\/unidad-didactica-7-el-sistema-de-distribucion-o-logistico-de-la-empresa\/3-organizacion-y-gestion-de-la-logistica\/\" \/>\n<meta property=\"og:locale\" content=\"es_ES\" \/>\n<meta property=\"og:type\" content=\"article\" \/>\n<meta property=\"og:title\" content=\"3. Organizaci\u00f3n y gesti\u00f3n de la log\u00edstica - Blog de ADE\" \/>\n<meta property=\"og:description\" content=\"La funci\u00f3n log\u00edstica cuenta con autonom\u00eda en el organigrama de las empresas modernas, encontr\u00e1ndose entre las \u00e1reas funcionales m\u00e1s determinantes. Su car\u00e1cter multilateral hace que se requiera la integraci\u00f3n de t\u00e9cnicas de trabajo diversas, es decir, equipos multidisciplinares, interfuncionales, etc. Es m\u00e1s, sus requerimientos de respuesta hacen necesaria una configuraci\u00f3n plana, pr\u00f3xima a la posible [&hellip;]\" \/>\n<meta property=\"og:url\" content=\"https:\/\/blogs.udima.es\/administracion-y-direccion-de-empresas\/libros\/introduccion-a-la-organizacion-de-empresas-2\/unidad-didactica-7-el-sistema-de-distribucion-o-logistico-de-la-empresa\/3-organizacion-y-gestion-de-la-logistica\/\" \/>\n<meta property=\"og:site_name\" content=\"Blog de ADE - Universidad a Distancia de Madrid | UDIMA\" \/>\n<meta name=\"twitter:card\" content=\"summary_large_image\" \/>\n<meta name=\"twitter:label1\" content=\"Tiempo de lectura\" \/>\n\t<meta name=\"twitter:data1\" content=\"2 minutos\" \/>\n<script type=\"application\/ld+json\" class=\"yoast-schema-graph\">{\"@context\":\"https:\/\/schema.org\",\"@graph\":[{\"@type\":\"WebPage\",\"@id\":\"https:\/\/blogs.udima.es\/administracion-y-direccion-de-empresas\/libros\/introduccion-a-la-organizacion-de-empresas-2\/unidad-didactica-7-el-sistema-de-distribucion-o-logistico-de-la-empresa\/3-organizacion-y-gestion-de-la-logistica\/\",\"url\":\"https:\/\/blogs.udima.es\/administracion-y-direccion-de-empresas\/libros\/introduccion-a-la-organizacion-de-empresas-2\/unidad-didactica-7-el-sistema-de-distribucion-o-logistico-de-la-empresa\/3-organizacion-y-gestion-de-la-logistica\/\",\"name\":\"3. Organizaci\u00f3n y gesti\u00f3n de la log\u00edstica - Blog de ADE\",\"isPartOf\":{\"@id\":\"https:\/\/blogs.udima.es\/administracion-y-direccion-de-empresas\/#website\"},\"datePublished\":\"2010-12-30T13:10:25+00:00\",\"dateModified\":\"2010-12-30T13:10:25+00:00\",\"breadcrumb\":{\"@id\":\"https:\/\/blogs.udima.es\/administracion-y-direccion-de-empresas\/libros\/introduccion-a-la-organizacion-de-empresas-2\/unidad-didactica-7-el-sistema-de-distribucion-o-logistico-de-la-empresa\/3-organizacion-y-gestion-de-la-logistica\/#breadcrumb\"},\"inLanguage\":\"es\",\"potentialAction\":[{\"@type\":\"ReadAction\",\"target\":[\"https:\/\/blogs.udima.es\/administracion-y-direccion-de-empresas\/libros\/introduccion-a-la-organizacion-de-empresas-2\/unidad-didactica-7-el-sistema-de-distribucion-o-logistico-de-la-empresa\/3-organizacion-y-gestion-de-la-logistica\/\"]}]},{\"@type\":\"BreadcrumbList\",\"@id\":\"https:\/\/blogs.udima.es\/administracion-y-direccion-de-empresas\/libros\/introduccion-a-la-organizacion-de-empresas-2\/unidad-didactica-7-el-sistema-de-distribucion-o-logistico-de-la-empresa\/3-organizacion-y-gestion-de-la-logistica\/#breadcrumb\",\"itemListElement\":[{\"@type\":\"ListItem\",\"position\":1,\"name\":\"Portada\",\"item\":\"https:\/\/blogs.udima.es\/administracion-y-direccion-de-empresas\/\"},{\"@type\":\"ListItem\",\"position\":2,\"name\":\"Libros\",\"item\":\"https:\/\/blogs.udima.es\/administracion-y-direccion-de-empresas\/libros\/\"},{\"@type\":\"ListItem\",\"position\":3,\"name\":\"Introducci\u00f3n a la Organizaci\u00f3n de Empresas\",\"item\":\"https:\/\/blogs.udima.es\/administracion-y-direccion-de-empresas\/libros\/introduccion-a-la-organizacion-de-empresas-2\/\"},{\"@type\":\"ListItem\",\"position\":4,\"name\":\"Unidad did\u00e1ctica 7. El sistema de distribuci\u00f3n o log\u00edstico de la empresa\",\"item\":\"https:\/\/blogs.udima.es\/administracion-y-direccion-de-empresas\/libros\/introduccion-a-la-organizacion-de-empresas-2\/unidad-didactica-7-el-sistema-de-distribucion-o-logistico-de-la-empresa\/\"},{\"@type\":\"ListItem\",\"position\":5,\"name\":\"3. Organizaci\u00f3n y gesti\u00f3n de la log\u00edstica\"}]},{\"@type\":\"WebSite\",\"@id\":\"https:\/\/blogs.udima.es\/administracion-y-direccion-de-empresas\/#website\",\"url\":\"https:\/\/blogs.udima.es\/administracion-y-direccion-de-empresas\/\",\"name\":\"Blog de ADE - Universidad a Distancia de Madrid | UDIMA\",\"description\":\"\",\"potentialAction\":[{\"@type\":\"SearchAction\",\"target\":{\"@type\":\"EntryPoint\",\"urlTemplate\":\"https:\/\/blogs.udima.es\/administracion-y-direccion-de-empresas\/?s={search_term_string}\"},\"query-input\":\"required name=search_term_string\"}],\"inLanguage\":\"es\"}]}<\/script>\n<!-- \/ Yoast SEO plugin. -->","yoast_head_json":{"title":"3. Organizaci\u00f3n y gesti\u00f3n de la log\u00edstica - Blog de ADE","robots":{"index":"index","follow":"follow","max-snippet":"max-snippet:-1","max-image-preview":"max-image-preview:large","max-video-preview":"max-video-preview:-1"},"canonical":"https:\/\/blogs.udima.es\/administracion-y-direccion-de-empresas\/libros\/introduccion-a-la-organizacion-de-empresas-2\/unidad-didactica-7-el-sistema-de-distribucion-o-logistico-de-la-empresa\/3-organizacion-y-gestion-de-la-logistica\/","og_locale":"es_ES","og_type":"article","og_title":"3. Organizaci\u00f3n y gesti\u00f3n de la log\u00edstica - Blog de ADE","og_description":"La funci\u00f3n log\u00edstica cuenta con autonom\u00eda en el organigrama de las empresas modernas, encontr\u00e1ndose entre las \u00e1reas funcionales m\u00e1s determinantes. Su car\u00e1cter multilateral hace que se requiera la integraci\u00f3n de t\u00e9cnicas de trabajo diversas, es decir, equipos multidisciplinares, interfuncionales, etc. Es m\u00e1s, sus requerimientos de respuesta hacen necesaria una configuraci\u00f3n plana, pr\u00f3xima a la posible [&hellip;]","og_url":"https:\/\/blogs.udima.es\/administracion-y-direccion-de-empresas\/libros\/introduccion-a-la-organizacion-de-empresas-2\/unidad-didactica-7-el-sistema-de-distribucion-o-logistico-de-la-empresa\/3-organizacion-y-gestion-de-la-logistica\/","og_site_name":"Blog de ADE - Universidad a Distancia de Madrid | UDIMA","twitter_card":"summary_large_image","twitter_misc":{"Tiempo de lectura":"2 minutos"},"schema":{"@context":"https:\/\/schema.org","@graph":[{"@type":"WebPage","@id":"https:\/\/blogs.udima.es\/administracion-y-direccion-de-empresas\/libros\/introduccion-a-la-organizacion-de-empresas-2\/unidad-didactica-7-el-sistema-de-distribucion-o-logistico-de-la-empresa\/3-organizacion-y-gestion-de-la-logistica\/","url":"https:\/\/blogs.udima.es\/administracion-y-direccion-de-empresas\/libros\/introduccion-a-la-organizacion-de-empresas-2\/unidad-didactica-7-el-sistema-de-distribucion-o-logistico-de-la-empresa\/3-organizacion-y-gestion-de-la-logistica\/","name":"3. Organizaci\u00f3n y gesti\u00f3n de la log\u00edstica - Blog de ADE","isPartOf":{"@id":"https:\/\/blogs.udima.es\/administracion-y-direccion-de-empresas\/#website"},"datePublished":"2010-12-30T13:10:25+00:00","dateModified":"2010-12-30T13:10:25+00:00","breadcrumb":{"@id":"https:\/\/blogs.udima.es\/administracion-y-direccion-de-empresas\/libros\/introduccion-a-la-organizacion-de-empresas-2\/unidad-didactica-7-el-sistema-de-distribucion-o-logistico-de-la-empresa\/3-organizacion-y-gestion-de-la-logistica\/#breadcrumb"},"inLanguage":"es","potentialAction":[{"@type":"ReadAction","target":["https:\/\/blogs.udima.es\/administracion-y-direccion-de-empresas\/libros\/introduccion-a-la-organizacion-de-empresas-2\/unidad-didactica-7-el-sistema-de-distribucion-o-logistico-de-la-empresa\/3-organizacion-y-gestion-de-la-logistica\/"]}]},{"@type":"BreadcrumbList","@id":"https:\/\/blogs.udima.es\/administracion-y-direccion-de-empresas\/libros\/introduccion-a-la-organizacion-de-empresas-2\/unidad-didactica-7-el-sistema-de-distribucion-o-logistico-de-la-empresa\/3-organizacion-y-gestion-de-la-logistica\/#breadcrumb","itemListElement":[{"@type":"ListItem","position":1,"name":"Portada","item":"https:\/\/blogs.udima.es\/administracion-y-direccion-de-empresas\/"},{"@type":"ListItem","position":2,"name":"Libros","item":"https:\/\/blogs.udima.es\/administracion-y-direccion-de-empresas\/libros\/"},{"@type":"ListItem","position":3,"name":"Introducci\u00f3n a la Organizaci\u00f3n de Empresas","item":"https:\/\/blogs.udima.es\/administracion-y-direccion-de-empresas\/libros\/introduccion-a-la-organizacion-de-empresas-2\/"},{"@type":"ListItem","position":4,"name":"Unidad did\u00e1ctica 7. El sistema de distribuci\u00f3n o log\u00edstico de la empresa","item":"https:\/\/blogs.udima.es\/administracion-y-direccion-de-empresas\/libros\/introduccion-a-la-organizacion-de-empresas-2\/unidad-didactica-7-el-sistema-de-distribucion-o-logistico-de-la-empresa\/"},{"@type":"ListItem","position":5,"name":"3. Organizaci\u00f3n y gesti\u00f3n de la log\u00edstica"}]},{"@type":"WebSite","@id":"https:\/\/blogs.udima.es\/administracion-y-direccion-de-empresas\/#website","url":"https:\/\/blogs.udima.es\/administracion-y-direccion-de-empresas\/","name":"Blog de ADE - Universidad a Distancia de Madrid | UDIMA","description":"","potentialAction":[{"@type":"SearchAction","target":{"@type":"EntryPoint","urlTemplate":"https:\/\/blogs.udima.es\/administracion-y-direccion-de-empresas\/?s={search_term_string}"},"query-input":"required name=search_term_string"}],"inLanguage":"es"}]}},"_links":{"self":[{"href":"https:\/\/blogs.udima.es\/administracion-y-direccion-de-empresas\/wp-json\/wp\/v2\/pages\/488"}],"collection":[{"href":"https:\/\/blogs.udima.es\/administracion-y-direccion-de-empresas\/wp-json\/wp\/v2\/pages"}],"about":[{"href":"https:\/\/blogs.udima.es\/administracion-y-direccion-de-empresas\/wp-json\/wp\/v2\/types\/page"}],"author":[{"embeddable":true,"href":"https:\/\/blogs.udima.es\/administracion-y-direccion-de-empresas\/wp-json\/wp\/v2\/users\/2"}],"replies":[{"embeddable":true,"href":"https:\/\/blogs.udima.es\/administracion-y-direccion-de-empresas\/wp-json\/wp\/v2\/comments?post=488"}],"version-history":[{"count":0,"href":"https:\/\/blogs.udima.es\/administracion-y-direccion-de-empresas\/wp-json\/wp\/v2\/pages\/488\/revisions"}],"up":[{"embeddable":true,"href":"https:\/\/blogs.udima.es\/administracion-y-direccion-de-empresas\/wp-json\/wp\/v2\/pages\/475"}],"wp:attachment":[{"href":"https:\/\/blogs.udima.es\/administracion-y-direccion-de-empresas\/wp-json\/wp\/v2\/media?parent=488"}],"curies":[{"name":"wp","href":"https:\/\/api.w.org\/{rel}","templated":true}]}}