{"id":482,"date":"2010-12-30T13:08:05","date_gmt":"2010-12-30T13:08:05","guid":{"rendered":"http:\/\/www.adeudima.com\/?page_id=482"},"modified":"2010-12-30T13:08:05","modified_gmt":"2010-12-30T13:08:05","slug":"1-introduccion-importancia-de-la-logistica","status":"publish","type":"page","link":"https:\/\/blogs.udima.es\/administracion-y-direccion-de-empresas\/libros\/introduccion-a-la-organizacion-de-empresas-2\/unidad-didactica-7-el-sistema-de-distribucion-o-logistico-de-la-empresa\/1-introduccion-importancia-de-la-logistica\/","title":{"rendered":"1. Introducci\u00f3n: importancia de la log\u00edstica"},"content":{"rendered":"<p>Hoy en d\u00eda, el discurso de la log\u00edstica presenta una  importancia  significativa, posicion\u00e1ndose como un \u00e1rea espec\u00edfica para su   tratamiento. Durante las \u00faltimas d\u00e9cadas su planteamiento ha ido  evolucionando  constantemente, desde el concepto de distribuci\u00f3n como  variable b\u00e1sica del <em>marketing  mix<\/em> o del sistema de  comercializaci\u00f3n de la empresa, expuesto en la Unidad  did\u00e1ctica 6,  hasta convertirse en una herramienta clave en la econom\u00eda actual,  seg\u00fan  el enfoque global de los mercados.<\/p>\n<p>Atendiendo a su origen y desarrollo, la log\u00edstica  comenz\u00f3 meramente  alineada con la consecuci\u00f3n del producto concreto, en el  sitio justo,  en el tiempo oportuno y al menor coste posible. En la actualidad  este  conjunto de actividades han sido redefinidas y hoy en d\u00eda son todo un   proceso, en ocasiones, de alta complejidad.<\/p>\n<p>Su evoluci\u00f3n desde mediados de los a\u00f1os cincuenta se  ha  caracterizado por una primera etapa de conceptualizaci\u00f3n, con un \u00e9nfasis  en  el an\u00e1lisis de costes de estas operaciones y la comprensi\u00f3n del  grado de  interrelaci\u00f3n con otras tareas que supon\u00eda su despliegue. Ya  en los a\u00f1os  sesenta el foco se situ\u00f3 en los mecanismos de medici\u00f3n que  buscaban el  perfeccionamiento de los sistemas y, por tanto, su  optimizaci\u00f3n. En los setenta  la irrupci\u00f3n de las crisis impuls\u00f3  decididamente esta labor log\u00edstica, dada la  consideraci\u00f3n de los  modelos de la gesti\u00f3n de riesgos de aprovisionamiento y  distribuci\u00f3n  (analizados en las Unidades did\u00e1cticas 5 y 6 anteriores), todo  ello  aderezado por el respaldo de los sistemas de computaci\u00f3n. En los ochenta   impacta de lleno el desarrollo tecnol\u00f3gico, incrementando en los  perfiles del  sistema de distribuci\u00f3n cl\u00e1sico la gesti\u00f3n telem\u00e1tica, el  control de lotes  (c\u00f3digos de barras), etc.; impulsando un avance sin  precedentes en esta \u00e1rea.  En los a\u00f1os noventa el enfoque vira de dentro  hacia afuera, considerando  importantes esquemas de segmentaci\u00f3n, de  expectativas de los clientes, de  canales virtuales con mayores  funcionalidades, etc.<\/p>\n<p>En esta misma l\u00ednea, se puede generar un an\u00e1lisis de  las diferentes  fases por las que evoluciona la log\u00edstica dentro de las   organizaciones, a saber:<\/p>\n<ul>\n<li>Fase  inicial, donde la log\u00edstica es considerada a partir de la  variable comercial  conocida por distribuci\u00f3n, como una funci\u00f3n  subsidiaria, dado que existen otras  grandes \u00e1reas funcionales, y se  busca la consecuci\u00f3n de costes bajos en la  producci\u00f3n que faciliten la  captaci\u00f3n de mercado. En este sentido, la  imputaci\u00f3n de los costes de  la log\u00edstica no es casi nunca medible, ni  prioritaria.<\/li>\n<li>Fase de integraci\u00f3n, en la que surgen requerimientos  de  coordinaci\u00f3n entre las diferentes \u00e1reas de actividad del sistema  t\u00e9cnico,  tratando de optimizar la vertiente de los costes totales, de  tal forma que la  sincronizaci\u00f3n aparece como un valor en los procesos  de creaci\u00f3n de estructuras  rentables. Este enfoque posiciona la  log\u00edstica como una unidad propia de  coste-beneficio, que en algunas  organizaciones, incluso ostenta una figura  jur\u00eddica independiente.<\/li>\n<li>Fase de  sistema, donde surge con fuerza el concepto de cadena de  suministro como  proceso medular de la moderna distribuci\u00f3n,  estableciendo un mecanismo \u00e1gil de  ajuste ante el comportamiento de la  demanda, facilitando una mejor gesti\u00f3n de  funciones, recursos,  responsabilidades, etc.<\/li>\n<li>Fase de  extensi\u00f3n, en la que se imbrica la visi\u00f3n externa de la  organizaci\u00f3n,  encadenando los sistemas de otros agentes (proveedores y  clientes), sobre todo  con niveles sincronizados de conexi\u00f3n en tiempo  real que permiten la  consecuci\u00f3n de sinergias derivadas del  establecimiento de planes comunes de  actuaci\u00f3n en todo el proceso o  cadena log\u00edstica.<\/li>\n<\/ul>\n<p>En este argumento general, es evidente pensar que la  importancia de  la log\u00edstica viene dada por la necesidad de mejorar el servicio  a un  cliente, su atenci\u00f3n y satisfacci\u00f3n, profundizando en el desarrollo de  las  fases de an\u00e1lisis del mercado y distribuci\u00f3n bajo un perfil de  dimensionamiento  de los costes. As\u00ed, entre otras actividades la  direcci\u00f3n log\u00edstica en una  empresa se puede caracterizar por las  siguientes l\u00edneas de trabajo o  responsabilidad, a saber:<\/p>\n<ul>\n<li>El  desarrollo de capacidad en l\u00edneas de producci\u00f3n.<\/li>\n<li>La alta  eficiencia en la producci\u00f3n.<\/li>\n<li> La  pol\u00edtica de reducci\u00f3n de <em>stocks<\/em> o inventarios.<\/li>\n<li> El  desarrollo de sistemas de informaci\u00f3n que permita una gesti\u00f3n exhaustiva.<\/li>\n<\/ul>\n<p>Todo ello en aras de obtener beneficios tales como:<\/p>\n<ul>\n<li> La mejora  o incremento de la competitividad y rentabilidad.<\/li>\n<li>La  optimizaci\u00f3n de la labor directiva y t\u00e9cnica en el contexto global.<\/li>\n<li>La  adecuada integraci\u00f3n y coordinaci\u00f3n \u00f3ptima de todos los  factores que influyen  en la decisi\u00f3n de compra, a saber, calidad,  precio, empaquetado, mantenimiento,  etc.<\/li>\n<\/ul>\n<p>De esta forma, se puede ampliar la visi\u00f3n de la  labor directiva  sobre la log\u00edstica para su consideraci\u00f3n como elemento clave  para los  mecanismos de planificaci\u00f3n de las actividades internas y externas de   la empresa.<\/p>\n","protected":false},"excerpt":{"rendered":"<p>Hoy en d\u00eda, el discurso de la log\u00edstica presenta una importancia significativa, posicion\u00e1ndose como un \u00e1rea espec\u00edfica para su tratamiento. Durante las \u00faltimas d\u00e9cadas su planteamiento ha ido evolucionando constantemente, desde el concepto de distribuci\u00f3n como variable b\u00e1sica del marketing mix o del sistema de comercializaci\u00f3n de la empresa, expuesto en la Unidad did\u00e1ctica 6, [&hellip;]<\/p>\n","protected":false},"author":2,"featured_media":0,"parent":475,"menu_order":0,"comment_status":"open","ping_status":"open","template":"","meta":{"footnotes":""},"yoast_head":"<!-- This site is optimized with the Yoast SEO plugin v22.9 - https:\/\/yoast.com\/wordpress\/plugins\/seo\/ -->\n<title>1. Introducci\u00f3n: importancia de la log\u00edstica - Blog de ADE<\/title>\n<meta name=\"robots\" content=\"index, follow, max-snippet:-1, max-image-preview:large, max-video-preview:-1\" \/>\n<link rel=\"canonical\" href=\"https:\/\/blogs.udima.es\/administracion-y-direccion-de-empresas\/libros\/introduccion-a-la-organizacion-de-empresas-2\/unidad-didactica-7-el-sistema-de-distribucion-o-logistico-de-la-empresa\/1-introduccion-importancia-de-la-logistica\/\" \/>\n<meta property=\"og:locale\" content=\"es_ES\" \/>\n<meta property=\"og:type\" content=\"article\" \/>\n<meta property=\"og:title\" content=\"1. Introducci\u00f3n: importancia de la log\u00edstica - Blog de ADE\" \/>\n<meta property=\"og:description\" content=\"Hoy en d\u00eda, el discurso de la log\u00edstica presenta una importancia significativa, posicion\u00e1ndose como un \u00e1rea espec\u00edfica para su tratamiento. Durante las \u00faltimas d\u00e9cadas su planteamiento ha ido evolucionando constantemente, desde el concepto de distribuci\u00f3n como variable b\u00e1sica del marketing mix o del sistema de comercializaci\u00f3n de la empresa, expuesto en la Unidad did\u00e1ctica 6, [&hellip;]\" \/>\n<meta property=\"og:url\" content=\"https:\/\/blogs.udima.es\/administracion-y-direccion-de-empresas\/libros\/introduccion-a-la-organizacion-de-empresas-2\/unidad-didactica-7-el-sistema-de-distribucion-o-logistico-de-la-empresa\/1-introduccion-importancia-de-la-logistica\/\" \/>\n<meta property=\"og:site_name\" content=\"Blog de ADE - Universidad a Distancia de Madrid | UDIMA\" \/>\n<meta name=\"twitter:card\" content=\"summary_large_image\" \/>\n<meta name=\"twitter:label1\" content=\"Tiempo de lectura\" \/>\n\t<meta name=\"twitter:data1\" content=\"4 minutos\" \/>\n<script type=\"application\/ld+json\" class=\"yoast-schema-graph\">{\"@context\":\"https:\/\/schema.org\",\"@graph\":[{\"@type\":\"WebPage\",\"@id\":\"https:\/\/blogs.udima.es\/administracion-y-direccion-de-empresas\/libros\/introduccion-a-la-organizacion-de-empresas-2\/unidad-didactica-7-el-sistema-de-distribucion-o-logistico-de-la-empresa\/1-introduccion-importancia-de-la-logistica\/\",\"url\":\"https:\/\/blogs.udima.es\/administracion-y-direccion-de-empresas\/libros\/introduccion-a-la-organizacion-de-empresas-2\/unidad-didactica-7-el-sistema-de-distribucion-o-logistico-de-la-empresa\/1-introduccion-importancia-de-la-logistica\/\",\"name\":\"1. Introducci\u00f3n: importancia de la log\u00edstica - Blog de ADE\",\"isPartOf\":{\"@id\":\"https:\/\/blogs.udima.es\/administracion-y-direccion-de-empresas\/#website\"},\"datePublished\":\"2010-12-30T13:08:05+00:00\",\"dateModified\":\"2010-12-30T13:08:05+00:00\",\"breadcrumb\":{\"@id\":\"https:\/\/blogs.udima.es\/administracion-y-direccion-de-empresas\/libros\/introduccion-a-la-organizacion-de-empresas-2\/unidad-didactica-7-el-sistema-de-distribucion-o-logistico-de-la-empresa\/1-introduccion-importancia-de-la-logistica\/#breadcrumb\"},\"inLanguage\":\"es\",\"potentialAction\":[{\"@type\":\"ReadAction\",\"target\":[\"https:\/\/blogs.udima.es\/administracion-y-direccion-de-empresas\/libros\/introduccion-a-la-organizacion-de-empresas-2\/unidad-didactica-7-el-sistema-de-distribucion-o-logistico-de-la-empresa\/1-introduccion-importancia-de-la-logistica\/\"]}]},{\"@type\":\"BreadcrumbList\",\"@id\":\"https:\/\/blogs.udima.es\/administracion-y-direccion-de-empresas\/libros\/introduccion-a-la-organizacion-de-empresas-2\/unidad-didactica-7-el-sistema-de-distribucion-o-logistico-de-la-empresa\/1-introduccion-importancia-de-la-logistica\/#breadcrumb\",\"itemListElement\":[{\"@type\":\"ListItem\",\"position\":1,\"name\":\"Portada\",\"item\":\"https:\/\/blogs.udima.es\/administracion-y-direccion-de-empresas\/\"},{\"@type\":\"ListItem\",\"position\":2,\"name\":\"Libros\",\"item\":\"https:\/\/blogs.udima.es\/administracion-y-direccion-de-empresas\/libros\/\"},{\"@type\":\"ListItem\",\"position\":3,\"name\":\"Introducci\u00f3n a la Organizaci\u00f3n de Empresas\",\"item\":\"https:\/\/blogs.udima.es\/administracion-y-direccion-de-empresas\/libros\/introduccion-a-la-organizacion-de-empresas-2\/\"},{\"@type\":\"ListItem\",\"position\":4,\"name\":\"Unidad did\u00e1ctica 7. El sistema de distribuci\u00f3n o log\u00edstico de la empresa\",\"item\":\"https:\/\/blogs.udima.es\/administracion-y-direccion-de-empresas\/libros\/introduccion-a-la-organizacion-de-empresas-2\/unidad-didactica-7-el-sistema-de-distribucion-o-logistico-de-la-empresa\/\"},{\"@type\":\"ListItem\",\"position\":5,\"name\":\"1. Introducci\u00f3n: importancia de la log\u00edstica\"}]},{\"@type\":\"WebSite\",\"@id\":\"https:\/\/blogs.udima.es\/administracion-y-direccion-de-empresas\/#website\",\"url\":\"https:\/\/blogs.udima.es\/administracion-y-direccion-de-empresas\/\",\"name\":\"Blog de ADE - Universidad a Distancia de Madrid | UDIMA\",\"description\":\"\",\"potentialAction\":[{\"@type\":\"SearchAction\",\"target\":{\"@type\":\"EntryPoint\",\"urlTemplate\":\"https:\/\/blogs.udima.es\/administracion-y-direccion-de-empresas\/?s={search_term_string}\"},\"query-input\":\"required name=search_term_string\"}],\"inLanguage\":\"es\"}]}<\/script>\n<!-- \/ Yoast SEO plugin. -->","yoast_head_json":{"title":"1. Introducci\u00f3n: importancia de la log\u00edstica - Blog de ADE","robots":{"index":"index","follow":"follow","max-snippet":"max-snippet:-1","max-image-preview":"max-image-preview:large","max-video-preview":"max-video-preview:-1"},"canonical":"https:\/\/blogs.udima.es\/administracion-y-direccion-de-empresas\/libros\/introduccion-a-la-organizacion-de-empresas-2\/unidad-didactica-7-el-sistema-de-distribucion-o-logistico-de-la-empresa\/1-introduccion-importancia-de-la-logistica\/","og_locale":"es_ES","og_type":"article","og_title":"1. Introducci\u00f3n: importancia de la log\u00edstica - Blog de ADE","og_description":"Hoy en d\u00eda, el discurso de la log\u00edstica presenta una importancia significativa, posicion\u00e1ndose como un \u00e1rea espec\u00edfica para su tratamiento. Durante las \u00faltimas d\u00e9cadas su planteamiento ha ido evolucionando constantemente, desde el concepto de distribuci\u00f3n como variable b\u00e1sica del marketing mix o del sistema de comercializaci\u00f3n de la empresa, expuesto en la Unidad did\u00e1ctica 6, [&hellip;]","og_url":"https:\/\/blogs.udima.es\/administracion-y-direccion-de-empresas\/libros\/introduccion-a-la-organizacion-de-empresas-2\/unidad-didactica-7-el-sistema-de-distribucion-o-logistico-de-la-empresa\/1-introduccion-importancia-de-la-logistica\/","og_site_name":"Blog de ADE - Universidad a Distancia de Madrid | UDIMA","twitter_card":"summary_large_image","twitter_misc":{"Tiempo de lectura":"4 minutos"},"schema":{"@context":"https:\/\/schema.org","@graph":[{"@type":"WebPage","@id":"https:\/\/blogs.udima.es\/administracion-y-direccion-de-empresas\/libros\/introduccion-a-la-organizacion-de-empresas-2\/unidad-didactica-7-el-sistema-de-distribucion-o-logistico-de-la-empresa\/1-introduccion-importancia-de-la-logistica\/","url":"https:\/\/blogs.udima.es\/administracion-y-direccion-de-empresas\/libros\/introduccion-a-la-organizacion-de-empresas-2\/unidad-didactica-7-el-sistema-de-distribucion-o-logistico-de-la-empresa\/1-introduccion-importancia-de-la-logistica\/","name":"1. Introducci\u00f3n: importancia de la log\u00edstica - Blog de ADE","isPartOf":{"@id":"https:\/\/blogs.udima.es\/administracion-y-direccion-de-empresas\/#website"},"datePublished":"2010-12-30T13:08:05+00:00","dateModified":"2010-12-30T13:08:05+00:00","breadcrumb":{"@id":"https:\/\/blogs.udima.es\/administracion-y-direccion-de-empresas\/libros\/introduccion-a-la-organizacion-de-empresas-2\/unidad-didactica-7-el-sistema-de-distribucion-o-logistico-de-la-empresa\/1-introduccion-importancia-de-la-logistica\/#breadcrumb"},"inLanguage":"es","potentialAction":[{"@type":"ReadAction","target":["https:\/\/blogs.udima.es\/administracion-y-direccion-de-empresas\/libros\/introduccion-a-la-organizacion-de-empresas-2\/unidad-didactica-7-el-sistema-de-distribucion-o-logistico-de-la-empresa\/1-introduccion-importancia-de-la-logistica\/"]}]},{"@type":"BreadcrumbList","@id":"https:\/\/blogs.udima.es\/administracion-y-direccion-de-empresas\/libros\/introduccion-a-la-organizacion-de-empresas-2\/unidad-didactica-7-el-sistema-de-distribucion-o-logistico-de-la-empresa\/1-introduccion-importancia-de-la-logistica\/#breadcrumb","itemListElement":[{"@type":"ListItem","position":1,"name":"Portada","item":"https:\/\/blogs.udima.es\/administracion-y-direccion-de-empresas\/"},{"@type":"ListItem","position":2,"name":"Libros","item":"https:\/\/blogs.udima.es\/administracion-y-direccion-de-empresas\/libros\/"},{"@type":"ListItem","position":3,"name":"Introducci\u00f3n a la Organizaci\u00f3n de Empresas","item":"https:\/\/blogs.udima.es\/administracion-y-direccion-de-empresas\/libros\/introduccion-a-la-organizacion-de-empresas-2\/"},{"@type":"ListItem","position":4,"name":"Unidad did\u00e1ctica 7. El sistema de distribuci\u00f3n o log\u00edstico de la empresa","item":"https:\/\/blogs.udima.es\/administracion-y-direccion-de-empresas\/libros\/introduccion-a-la-organizacion-de-empresas-2\/unidad-didactica-7-el-sistema-de-distribucion-o-logistico-de-la-empresa\/"},{"@type":"ListItem","position":5,"name":"1. Introducci\u00f3n: importancia de la log\u00edstica"}]},{"@type":"WebSite","@id":"https:\/\/blogs.udima.es\/administracion-y-direccion-de-empresas\/#website","url":"https:\/\/blogs.udima.es\/administracion-y-direccion-de-empresas\/","name":"Blog de ADE - Universidad a Distancia de Madrid | UDIMA","description":"","potentialAction":[{"@type":"SearchAction","target":{"@type":"EntryPoint","urlTemplate":"https:\/\/blogs.udima.es\/administracion-y-direccion-de-empresas\/?s={search_term_string}"},"query-input":"required name=search_term_string"}],"inLanguage":"es"}]}},"_links":{"self":[{"href":"https:\/\/blogs.udima.es\/administracion-y-direccion-de-empresas\/wp-json\/wp\/v2\/pages\/482"}],"collection":[{"href":"https:\/\/blogs.udima.es\/administracion-y-direccion-de-empresas\/wp-json\/wp\/v2\/pages"}],"about":[{"href":"https:\/\/blogs.udima.es\/administracion-y-direccion-de-empresas\/wp-json\/wp\/v2\/types\/page"}],"author":[{"embeddable":true,"href":"https:\/\/blogs.udima.es\/administracion-y-direccion-de-empresas\/wp-json\/wp\/v2\/users\/2"}],"replies":[{"embeddable":true,"href":"https:\/\/blogs.udima.es\/administracion-y-direccion-de-empresas\/wp-json\/wp\/v2\/comments?post=482"}],"version-history":[{"count":0,"href":"https:\/\/blogs.udima.es\/administracion-y-direccion-de-empresas\/wp-json\/wp\/v2\/pages\/482\/revisions"}],"up":[{"embeddable":true,"href":"https:\/\/blogs.udima.es\/administracion-y-direccion-de-empresas\/wp-json\/wp\/v2\/pages\/475"}],"wp:attachment":[{"href":"https:\/\/blogs.udima.es\/administracion-y-direccion-de-empresas\/wp-json\/wp\/v2\/media?parent=482"}],"curies":[{"name":"wp","href":"https:\/\/api.w.org\/{rel}","templated":true}]}}