{"id":479,"date":"2010-12-30T13:06:59","date_gmt":"2010-12-30T13:06:59","guid":{"rendered":"http:\/\/www.adeudima.com\/?page_id=479"},"modified":"2010-12-30T13:06:59","modified_gmt":"2010-12-30T13:06:59","slug":"objetivos-de-la-unidad-7","status":"publish","type":"page","link":"https:\/\/blogs.udima.es\/administracion-y-direccion-de-empresas\/libros\/introduccion-a-la-organizacion-de-empresas-2\/unidad-didactica-7-el-sistema-de-distribucion-o-logistico-de-la-empresa\/objetivos-de-la-unidad-7\/","title":{"rendered":"OBJETIVOS DE LA UNIDAD 7"},"content":{"rendered":"<p>En esta Unidad did\u00e1ctica se estudia el sistema log\u00edstico de la  empresa  como concepto moderno del marco de actuaci\u00f3n de la cadena de  suministro, en una  perspectiva global e integradora de la tradicional  funci\u00f3n de distribuci\u00f3n o  sistema que desarroll\u00f3 la variable del <em>marketing mix<\/em>,  con dicha  denominaci\u00f3n. Nueva concepci\u00f3n que otorga a la log\u00edstica una  visi\u00f3n global y un  papel clave en la necesidad de mejorar el servicio  al cliente, su atenci\u00f3n y  satisfacci\u00f3n, profundizando en el desarrollo  de las fases de an\u00e1lisis del  mercado y distribuci\u00f3n, bajo un  dimensionamiento adecuado de los costes totales  en todo el proceso o  cadena log\u00edstica, que caracteriza a la moderna direcci\u00f3n  de  operaciones.<\/p>\n<p>En el desarrollo del sistema log\u00edstico, una vez  introducida la  importancia del mismo, en el ep\u00edgrafe segundo se presenta su  marco  conceptual, a la vez que se describen las \u00e1reas principales de su   actividad: almacenamiento y transporte interno; integraci\u00f3n de  proveedores y  clientes en la cadena de suministro; el papel de las  tecnolog\u00edas de la  informaci\u00f3n y las comunicaciones (TIC) en la funci\u00f3n  log\u00edstica y la importancia  del transporte externo en la distribuci\u00f3n.<\/p>\n<p>En los ep\u00edgrafes tercero y cuarto, se hace  referencia al proceso de  organizaci\u00f3n y gesti\u00f3n de la funci\u00f3n log\u00edstica, as\u00ed  como al desarrollo  de la log\u00edstica de la distribuci\u00f3n, respectivamente,  mostrando c\u00f3mo  esta funci\u00f3n de <em>marketing<\/em> ha cobrado un nuevo  protagonismo en el sistema t\u00e9cnico de la empresa y en su competitividad.<\/p>\n<p>En el ep\u00edgrafe quinto, como esquema fundamental de  actuaci\u00f3n del  sistema log\u00edstico, se ofrecen las perspectivas b\u00e1sicas que  explican el  marco \u00abcoste-servicio-plazo\u00bb, a saber: la asociada al ciclo de vida  del  producto; la propia de la cadena de suministro y, finalmente, la de   operaci\u00f3n ajustada o <em>agile<\/em>.<\/p>\n<p>En el ep\u00edgrafe sexto se trata de la visi\u00f3n de la  log\u00edstica como  motor de competitividad de la empresa, dentro de una gesti\u00f3n  actual de  la distribuci\u00f3n y desde el an\u00e1lisis de los factores clave de \u00e9xito  que  inciden en este enfoque.<\/p>\n<p>Por \u00faltimo, se ofrece un resumen de la Unidad  did\u00e1ctica; los  conceptos b\u00e1sicos a retener; las actividades a realizar para  lograr el  aprendizaje de los contenidos y la bibliograf\u00eda que faculta el estudio  y  ampliaci\u00f3n de los conocimientos relacionados con el tema de esta Unidad   did\u00e1ctica.<\/p>\n<p>En definitiva, en esta Unidad  did\u00e1ctica se pretende introducir los  conceptos, enfoques y t\u00e9cnicas  principales, as\u00ed como la metodolog\u00eda de  an\u00e1lisis para entender el contenido y  funci\u00f3n del sistema de  distribuci\u00f3n o log\u00edstico de la empresa, como actividad  econ\u00f3mica que  integra las operaciones de la empresa con el mercado, en una   orientaci\u00f3n clara de servicio al cliente.<\/p>\n","protected":false},"excerpt":{"rendered":"<p>En esta Unidad did\u00e1ctica se estudia el sistema log\u00edstico de la empresa como concepto moderno del marco de actuaci\u00f3n de la cadena de suministro, en una perspectiva global e integradora de la tradicional funci\u00f3n de distribuci\u00f3n o sistema que desarroll\u00f3 la variable del marketing mix, con dicha denominaci\u00f3n. Nueva concepci\u00f3n que otorga a la log\u00edstica [&hellip;]<\/p>\n","protected":false},"author":2,"featured_media":0,"parent":475,"menu_order":0,"comment_status":"open","ping_status":"open","template":"","meta":{"footnotes":""},"yoast_head":"<!-- This site is optimized with the Yoast SEO plugin v22.9 - https:\/\/yoast.com\/wordpress\/plugins\/seo\/ -->\n<title>OBJETIVOS DE LA UNIDAD 7 - Blog de ADE<\/title>\n<meta name=\"robots\" content=\"index, follow, max-snippet:-1, max-image-preview:large, max-video-preview:-1\" \/>\n<link rel=\"canonical\" href=\"https:\/\/blogs.udima.es\/administracion-y-direccion-de-empresas\/libros\/introduccion-a-la-organizacion-de-empresas-2\/unidad-didactica-7-el-sistema-de-distribucion-o-logistico-de-la-empresa\/objetivos-de-la-unidad-7\/\" \/>\n<meta property=\"og:locale\" content=\"es_ES\" \/>\n<meta property=\"og:type\" content=\"article\" \/>\n<meta property=\"og:title\" content=\"OBJETIVOS DE LA UNIDAD 7 - Blog de ADE\" \/>\n<meta property=\"og:description\" content=\"En esta Unidad did\u00e1ctica se estudia el sistema log\u00edstico de la empresa como concepto moderno del marco de actuaci\u00f3n de la cadena de suministro, en una perspectiva global e integradora de la tradicional funci\u00f3n de distribuci\u00f3n o sistema que desarroll\u00f3 la variable del marketing mix, con dicha denominaci\u00f3n. Nueva concepci\u00f3n que otorga a la log\u00edstica [&hellip;]\" \/>\n<meta property=\"og:url\" content=\"https:\/\/blogs.udima.es\/administracion-y-direccion-de-empresas\/libros\/introduccion-a-la-organizacion-de-empresas-2\/unidad-didactica-7-el-sistema-de-distribucion-o-logistico-de-la-empresa\/objetivos-de-la-unidad-7\/\" \/>\n<meta property=\"og:site_name\" content=\"Blog de ADE - Universidad a Distancia de Madrid | UDIMA\" \/>\n<meta name=\"twitter:card\" content=\"summary_large_image\" \/>\n<meta name=\"twitter:label1\" content=\"Tiempo de lectura\" \/>\n\t<meta name=\"twitter:data1\" content=\"2 minutos\" \/>\n<script type=\"application\/ld+json\" class=\"yoast-schema-graph\">{\"@context\":\"https:\/\/schema.org\",\"@graph\":[{\"@type\":\"WebPage\",\"@id\":\"https:\/\/blogs.udima.es\/administracion-y-direccion-de-empresas\/libros\/introduccion-a-la-organizacion-de-empresas-2\/unidad-didactica-7-el-sistema-de-distribucion-o-logistico-de-la-empresa\/objetivos-de-la-unidad-7\/\",\"url\":\"https:\/\/blogs.udima.es\/administracion-y-direccion-de-empresas\/libros\/introduccion-a-la-organizacion-de-empresas-2\/unidad-didactica-7-el-sistema-de-distribucion-o-logistico-de-la-empresa\/objetivos-de-la-unidad-7\/\",\"name\":\"OBJETIVOS DE LA UNIDAD 7 - Blog de ADE\",\"isPartOf\":{\"@id\":\"https:\/\/blogs.udima.es\/administracion-y-direccion-de-empresas\/#website\"},\"datePublished\":\"2010-12-30T13:06:59+00:00\",\"dateModified\":\"2010-12-30T13:06:59+00:00\",\"breadcrumb\":{\"@id\":\"https:\/\/blogs.udima.es\/administracion-y-direccion-de-empresas\/libros\/introduccion-a-la-organizacion-de-empresas-2\/unidad-didactica-7-el-sistema-de-distribucion-o-logistico-de-la-empresa\/objetivos-de-la-unidad-7\/#breadcrumb\"},\"inLanguage\":\"es\",\"potentialAction\":[{\"@type\":\"ReadAction\",\"target\":[\"https:\/\/blogs.udima.es\/administracion-y-direccion-de-empresas\/libros\/introduccion-a-la-organizacion-de-empresas-2\/unidad-didactica-7-el-sistema-de-distribucion-o-logistico-de-la-empresa\/objetivos-de-la-unidad-7\/\"]}]},{\"@type\":\"BreadcrumbList\",\"@id\":\"https:\/\/blogs.udima.es\/administracion-y-direccion-de-empresas\/libros\/introduccion-a-la-organizacion-de-empresas-2\/unidad-didactica-7-el-sistema-de-distribucion-o-logistico-de-la-empresa\/objetivos-de-la-unidad-7\/#breadcrumb\",\"itemListElement\":[{\"@type\":\"ListItem\",\"position\":1,\"name\":\"Portada\",\"item\":\"https:\/\/blogs.udima.es\/administracion-y-direccion-de-empresas\/\"},{\"@type\":\"ListItem\",\"position\":2,\"name\":\"Libros\",\"item\":\"https:\/\/blogs.udima.es\/administracion-y-direccion-de-empresas\/libros\/\"},{\"@type\":\"ListItem\",\"position\":3,\"name\":\"Introducci\u00f3n a la Organizaci\u00f3n de Empresas\",\"item\":\"https:\/\/blogs.udima.es\/administracion-y-direccion-de-empresas\/libros\/introduccion-a-la-organizacion-de-empresas-2\/\"},{\"@type\":\"ListItem\",\"position\":4,\"name\":\"Unidad did\u00e1ctica 7. El sistema de distribuci\u00f3n o log\u00edstico de la empresa\",\"item\":\"https:\/\/blogs.udima.es\/administracion-y-direccion-de-empresas\/libros\/introduccion-a-la-organizacion-de-empresas-2\/unidad-didactica-7-el-sistema-de-distribucion-o-logistico-de-la-empresa\/\"},{\"@type\":\"ListItem\",\"position\":5,\"name\":\"OBJETIVOS DE LA UNIDAD 7\"}]},{\"@type\":\"WebSite\",\"@id\":\"https:\/\/blogs.udima.es\/administracion-y-direccion-de-empresas\/#website\",\"url\":\"https:\/\/blogs.udima.es\/administracion-y-direccion-de-empresas\/\",\"name\":\"Blog de ADE - Universidad a Distancia de Madrid | UDIMA\",\"description\":\"\",\"potentialAction\":[{\"@type\":\"SearchAction\",\"target\":{\"@type\":\"EntryPoint\",\"urlTemplate\":\"https:\/\/blogs.udima.es\/administracion-y-direccion-de-empresas\/?s={search_term_string}\"},\"query-input\":\"required name=search_term_string\"}],\"inLanguage\":\"es\"}]}<\/script>\n<!-- \/ Yoast SEO plugin. -->","yoast_head_json":{"title":"OBJETIVOS DE LA UNIDAD 7 - Blog de ADE","robots":{"index":"index","follow":"follow","max-snippet":"max-snippet:-1","max-image-preview":"max-image-preview:large","max-video-preview":"max-video-preview:-1"},"canonical":"https:\/\/blogs.udima.es\/administracion-y-direccion-de-empresas\/libros\/introduccion-a-la-organizacion-de-empresas-2\/unidad-didactica-7-el-sistema-de-distribucion-o-logistico-de-la-empresa\/objetivos-de-la-unidad-7\/","og_locale":"es_ES","og_type":"article","og_title":"OBJETIVOS DE LA UNIDAD 7 - Blog de ADE","og_description":"En esta Unidad did\u00e1ctica se estudia el sistema log\u00edstico de la empresa como concepto moderno del marco de actuaci\u00f3n de la cadena de suministro, en una perspectiva global e integradora de la tradicional funci\u00f3n de distribuci\u00f3n o sistema que desarroll\u00f3 la variable del marketing mix, con dicha denominaci\u00f3n. Nueva concepci\u00f3n que otorga a la log\u00edstica [&hellip;]","og_url":"https:\/\/blogs.udima.es\/administracion-y-direccion-de-empresas\/libros\/introduccion-a-la-organizacion-de-empresas-2\/unidad-didactica-7-el-sistema-de-distribucion-o-logistico-de-la-empresa\/objetivos-de-la-unidad-7\/","og_site_name":"Blog de ADE - Universidad a Distancia de Madrid | UDIMA","twitter_card":"summary_large_image","twitter_misc":{"Tiempo de lectura":"2 minutos"},"schema":{"@context":"https:\/\/schema.org","@graph":[{"@type":"WebPage","@id":"https:\/\/blogs.udima.es\/administracion-y-direccion-de-empresas\/libros\/introduccion-a-la-organizacion-de-empresas-2\/unidad-didactica-7-el-sistema-de-distribucion-o-logistico-de-la-empresa\/objetivos-de-la-unidad-7\/","url":"https:\/\/blogs.udima.es\/administracion-y-direccion-de-empresas\/libros\/introduccion-a-la-organizacion-de-empresas-2\/unidad-didactica-7-el-sistema-de-distribucion-o-logistico-de-la-empresa\/objetivos-de-la-unidad-7\/","name":"OBJETIVOS DE LA UNIDAD 7 - Blog de ADE","isPartOf":{"@id":"https:\/\/blogs.udima.es\/administracion-y-direccion-de-empresas\/#website"},"datePublished":"2010-12-30T13:06:59+00:00","dateModified":"2010-12-30T13:06:59+00:00","breadcrumb":{"@id":"https:\/\/blogs.udima.es\/administracion-y-direccion-de-empresas\/libros\/introduccion-a-la-organizacion-de-empresas-2\/unidad-didactica-7-el-sistema-de-distribucion-o-logistico-de-la-empresa\/objetivos-de-la-unidad-7\/#breadcrumb"},"inLanguage":"es","potentialAction":[{"@type":"ReadAction","target":["https:\/\/blogs.udima.es\/administracion-y-direccion-de-empresas\/libros\/introduccion-a-la-organizacion-de-empresas-2\/unidad-didactica-7-el-sistema-de-distribucion-o-logistico-de-la-empresa\/objetivos-de-la-unidad-7\/"]}]},{"@type":"BreadcrumbList","@id":"https:\/\/blogs.udima.es\/administracion-y-direccion-de-empresas\/libros\/introduccion-a-la-organizacion-de-empresas-2\/unidad-didactica-7-el-sistema-de-distribucion-o-logistico-de-la-empresa\/objetivos-de-la-unidad-7\/#breadcrumb","itemListElement":[{"@type":"ListItem","position":1,"name":"Portada","item":"https:\/\/blogs.udima.es\/administracion-y-direccion-de-empresas\/"},{"@type":"ListItem","position":2,"name":"Libros","item":"https:\/\/blogs.udima.es\/administracion-y-direccion-de-empresas\/libros\/"},{"@type":"ListItem","position":3,"name":"Introducci\u00f3n a la Organizaci\u00f3n de Empresas","item":"https:\/\/blogs.udima.es\/administracion-y-direccion-de-empresas\/libros\/introduccion-a-la-organizacion-de-empresas-2\/"},{"@type":"ListItem","position":4,"name":"Unidad did\u00e1ctica 7. El sistema de distribuci\u00f3n o log\u00edstico de la empresa","item":"https:\/\/blogs.udima.es\/administracion-y-direccion-de-empresas\/libros\/introduccion-a-la-organizacion-de-empresas-2\/unidad-didactica-7-el-sistema-de-distribucion-o-logistico-de-la-empresa\/"},{"@type":"ListItem","position":5,"name":"OBJETIVOS DE LA UNIDAD 7"}]},{"@type":"WebSite","@id":"https:\/\/blogs.udima.es\/administracion-y-direccion-de-empresas\/#website","url":"https:\/\/blogs.udima.es\/administracion-y-direccion-de-empresas\/","name":"Blog de ADE - Universidad a Distancia de Madrid | UDIMA","description":"","potentialAction":[{"@type":"SearchAction","target":{"@type":"EntryPoint","urlTemplate":"https:\/\/blogs.udima.es\/administracion-y-direccion-de-empresas\/?s={search_term_string}"},"query-input":"required name=search_term_string"}],"inLanguage":"es"}]}},"_links":{"self":[{"href":"https:\/\/blogs.udima.es\/administracion-y-direccion-de-empresas\/wp-json\/wp\/v2\/pages\/479"}],"collection":[{"href":"https:\/\/blogs.udima.es\/administracion-y-direccion-de-empresas\/wp-json\/wp\/v2\/pages"}],"about":[{"href":"https:\/\/blogs.udima.es\/administracion-y-direccion-de-empresas\/wp-json\/wp\/v2\/types\/page"}],"author":[{"embeddable":true,"href":"https:\/\/blogs.udima.es\/administracion-y-direccion-de-empresas\/wp-json\/wp\/v2\/users\/2"}],"replies":[{"embeddable":true,"href":"https:\/\/blogs.udima.es\/administracion-y-direccion-de-empresas\/wp-json\/wp\/v2\/comments?post=479"}],"version-history":[{"count":0,"href":"https:\/\/blogs.udima.es\/administracion-y-direccion-de-empresas\/wp-json\/wp\/v2\/pages\/479\/revisions"}],"up":[{"embeddable":true,"href":"https:\/\/blogs.udima.es\/administracion-y-direccion-de-empresas\/wp-json\/wp\/v2\/pages\/475"}],"wp:attachment":[{"href":"https:\/\/blogs.udima.es\/administracion-y-direccion-de-empresas\/wp-json\/wp\/v2\/media?parent=479"}],"curies":[{"name":"wp","href":"https:\/\/api.w.org\/{rel}","templated":true}]}}