{"id":471,"date":"2010-12-30T12:46:16","date_gmt":"2010-12-30T12:46:16","guid":{"rendered":"http:\/\/www.adeudima.com\/?page_id=471"},"modified":"2010-12-30T12:46:16","modified_gmt":"2010-12-30T12:46:16","slug":"referencias-bibliograficas","status":"publish","type":"page","link":"https:\/\/blogs.udima.es\/administracion-y-direccion-de-empresas\/libros\/introduccion-a-la-organizacion-de-empresas-2\/unidad-didactica-6-el-sistema-de-comercializacion-de-la-empresa\/referencias-bibliograficas\/","title":{"rendered":"REFERENCIAS BIBLIOGR\u00c1FICAS"},"content":{"rendered":"<p><strong>B\u00e1sica<\/strong><\/p>\n<p>BUENO, E.: <em>Curso b\u00e1sico de econom\u00eda de la empresa: Un enfoque  de organizaci\u00f3n<\/em>, 5.\u00aa ed., Madrid: Pir\u00e1mide, 2004.<\/p>\n<p>BUENO, E., CRUZ, I. y DUR\u00c1N, J.J.: <em>Econom\u00eda de la empresa.  An\u00e1lisis de las decisiones empresariales<\/em>, 15.\u00aa ed., Madrid: Pir\u00e1mide, 1992.<\/p>\n<p><strong>Avanzada<\/strong><\/p>\n<p>AAKER, D.A.: <em>Management estrat\u00e9gico del mercado<\/em>, Barcelona:  Hispano Europea, 1987.<\/p>\n<p>CRUZ, I.: <em>Fundamentos de marketing<\/em>, Barcelona: Ariel, 1990.<\/p>\n<p>KOTLER, P.: <em>Direcci\u00f3n de mercadotecnia<\/em>, 2.\u00aa ed., M\u00e9xico:  Diana, 1974.<\/p>\n<p>LAMBIN, J.J.: <em>Marketing estrat\u00e9gico<\/em>, McGraw-Hill, Madrid,  1987.<\/p>\n<p>LEVITT, T.: <em>La moda de marketing<\/em>, Grijalbo, M\u00e9xico, 1975.<\/p>\n<p>ORTEGA, E.: <em>Manual de investigaci\u00f3n comercial<\/em>, 3.\u00aa ed.,  Madrid: Pir\u00e1mide, 1982.<\/p>\n<p>PULIDO, A.: <em>Predicci\u00f3n econ\u00f3mica y empresarial<\/em>, Madrid:  Pir\u00e1mide, 1989.<\/p>\n<p>SANTESMASES, M.: <em>Marketing: conceptos y estrategias<\/em>, 2.\u00aa  ed., Madrid: Pir\u00e1mide, 1992.<\/p>\n<p>O&#8217;SHAUGHNESSY, S.: <em>Marketing competitivo<\/em>, Madrid: D\u00edaz de  Santos, 1991.<\/p>\n<p>SERRANO, F.: <em>Marketing para economistas de empresa<\/em>,  ESIC, Madrid, 1990.<\/p>\n","protected":false},"excerpt":{"rendered":"<p>B\u00e1sica BUENO, E.: Curso b\u00e1sico de econom\u00eda de la empresa: Un enfoque de organizaci\u00f3n, 5.\u00aa ed., Madrid: Pir\u00e1mide, 2004. BUENO, E., CRUZ, I. y DUR\u00c1N, J.J.: Econom\u00eda de la empresa. An\u00e1lisis de las decisiones empresariales, 15.\u00aa ed., Madrid: Pir\u00e1mide, 1992. Avanzada AAKER, D.A.: Management estrat\u00e9gico del mercado, Barcelona: Hispano Europea, 1987. CRUZ, I.: Fundamentos de [&hellip;]<\/p>\n","protected":false},"author":2,"featured_media":0,"parent":427,"menu_order":0,"comment_status":"open","ping_status":"open","template":"","meta":{"footnotes":""},"yoast_head":"<!-- This site is optimized with the Yoast SEO plugin v22.9 - https:\/\/yoast.com\/wordpress\/plugins\/seo\/ -->\n<title>REFERENCIAS BIBLIOGR\u00c1FICAS - Blog de ADE<\/title>\n<meta name=\"robots\" content=\"index, follow, max-snippet:-1, max-image-preview:large, max-video-preview:-1\" \/>\n<link rel=\"canonical\" href=\"https:\/\/blogs.udima.es\/administracion-y-direccion-de-empresas\/libros\/introduccion-a-la-organizacion-de-empresas-2\/unidad-didactica-6-el-sistema-de-comercializacion-de-la-empresa\/referencias-bibliograficas\/\" \/>\n<meta property=\"og:locale\" content=\"es_ES\" \/>\n<meta property=\"og:type\" content=\"article\" \/>\n<meta property=\"og:title\" content=\"REFERENCIAS BIBLIOGR\u00c1FICAS - Blog de ADE\" \/>\n<meta property=\"og:description\" content=\"B\u00e1sica BUENO, E.: Curso b\u00e1sico de econom\u00eda de la empresa: Un enfoque de organizaci\u00f3n, 5.\u00aa ed., Madrid: Pir\u00e1mide, 2004. BUENO, E., CRUZ, I. y DUR\u00c1N, J.J.: Econom\u00eda de la empresa. An\u00e1lisis de las decisiones empresariales, 15.\u00aa ed., Madrid: Pir\u00e1mide, 1992. Avanzada AAKER, D.A.: Management estrat\u00e9gico del mercado, Barcelona: Hispano Europea, 1987. CRUZ, I.: Fundamentos de [&hellip;]\" \/>\n<meta property=\"og:url\" content=\"https:\/\/blogs.udima.es\/administracion-y-direccion-de-empresas\/libros\/introduccion-a-la-organizacion-de-empresas-2\/unidad-didactica-6-el-sistema-de-comercializacion-de-la-empresa\/referencias-bibliograficas\/\" \/>\n<meta property=\"og:site_name\" content=\"Blog de ADE - Universidad a Distancia de Madrid | UDIMA\" \/>\n<meta name=\"twitter:card\" content=\"summary_large_image\" \/>\n<meta name=\"twitter:label1\" content=\"Tiempo de lectura\" \/>\n\t<meta name=\"twitter:data1\" content=\"1 minuto\" \/>\n<script type=\"application\/ld+json\" class=\"yoast-schema-graph\">{\"@context\":\"https:\/\/schema.org\",\"@graph\":[{\"@type\":\"WebPage\",\"@id\":\"https:\/\/blogs.udima.es\/administracion-y-direccion-de-empresas\/libros\/introduccion-a-la-organizacion-de-empresas-2\/unidad-didactica-6-el-sistema-de-comercializacion-de-la-empresa\/referencias-bibliograficas\/\",\"url\":\"https:\/\/blogs.udima.es\/administracion-y-direccion-de-empresas\/libros\/introduccion-a-la-organizacion-de-empresas-2\/unidad-didactica-6-el-sistema-de-comercializacion-de-la-empresa\/referencias-bibliograficas\/\",\"name\":\"REFERENCIAS BIBLIOGR\u00c1FICAS - Blog de ADE\",\"isPartOf\":{\"@id\":\"https:\/\/blogs.udima.es\/administracion-y-direccion-de-empresas\/#website\"},\"datePublished\":\"2010-12-30T12:46:16+00:00\",\"dateModified\":\"2010-12-30T12:46:16+00:00\",\"breadcrumb\":{\"@id\":\"https:\/\/blogs.udima.es\/administracion-y-direccion-de-empresas\/libros\/introduccion-a-la-organizacion-de-empresas-2\/unidad-didactica-6-el-sistema-de-comercializacion-de-la-empresa\/referencias-bibliograficas\/#breadcrumb\"},\"inLanguage\":\"es\",\"potentialAction\":[{\"@type\":\"ReadAction\",\"target\":[\"https:\/\/blogs.udima.es\/administracion-y-direccion-de-empresas\/libros\/introduccion-a-la-organizacion-de-empresas-2\/unidad-didactica-6-el-sistema-de-comercializacion-de-la-empresa\/referencias-bibliograficas\/\"]}]},{\"@type\":\"BreadcrumbList\",\"@id\":\"https:\/\/blogs.udima.es\/administracion-y-direccion-de-empresas\/libros\/introduccion-a-la-organizacion-de-empresas-2\/unidad-didactica-6-el-sistema-de-comercializacion-de-la-empresa\/referencias-bibliograficas\/#breadcrumb\",\"itemListElement\":[{\"@type\":\"ListItem\",\"position\":1,\"name\":\"Portada\",\"item\":\"https:\/\/blogs.udima.es\/administracion-y-direccion-de-empresas\/\"},{\"@type\":\"ListItem\",\"position\":2,\"name\":\"Libros\",\"item\":\"https:\/\/blogs.udima.es\/administracion-y-direccion-de-empresas\/libros\/\"},{\"@type\":\"ListItem\",\"position\":3,\"name\":\"Introducci\u00f3n a la Organizaci\u00f3n de Empresas\",\"item\":\"https:\/\/blogs.udima.es\/administracion-y-direccion-de-empresas\/libros\/introduccion-a-la-organizacion-de-empresas-2\/\"},{\"@type\":\"ListItem\",\"position\":4,\"name\":\"Unidad did\u00e1ctica 6. El sistema de comercializaci\u00f3n de la empresa\",\"item\":\"https:\/\/blogs.udima.es\/administracion-y-direccion-de-empresas\/libros\/introduccion-a-la-organizacion-de-empresas-2\/unidad-didactica-6-el-sistema-de-comercializacion-de-la-empresa\/\"},{\"@type\":\"ListItem\",\"position\":5,\"name\":\"REFERENCIAS BIBLIOGR\u00c1FICAS\"}]},{\"@type\":\"WebSite\",\"@id\":\"https:\/\/blogs.udima.es\/administracion-y-direccion-de-empresas\/#website\",\"url\":\"https:\/\/blogs.udima.es\/administracion-y-direccion-de-empresas\/\",\"name\":\"Blog de ADE - Universidad a Distancia de Madrid | UDIMA\",\"description\":\"\",\"potentialAction\":[{\"@type\":\"SearchAction\",\"target\":{\"@type\":\"EntryPoint\",\"urlTemplate\":\"https:\/\/blogs.udima.es\/administracion-y-direccion-de-empresas\/?s={search_term_string}\"},\"query-input\":\"required name=search_term_string\"}],\"inLanguage\":\"es\"}]}<\/script>\n<!-- \/ Yoast SEO plugin. -->","yoast_head_json":{"title":"REFERENCIAS BIBLIOGR\u00c1FICAS - Blog de ADE","robots":{"index":"index","follow":"follow","max-snippet":"max-snippet:-1","max-image-preview":"max-image-preview:large","max-video-preview":"max-video-preview:-1"},"canonical":"https:\/\/blogs.udima.es\/administracion-y-direccion-de-empresas\/libros\/introduccion-a-la-organizacion-de-empresas-2\/unidad-didactica-6-el-sistema-de-comercializacion-de-la-empresa\/referencias-bibliograficas\/","og_locale":"es_ES","og_type":"article","og_title":"REFERENCIAS BIBLIOGR\u00c1FICAS - Blog de ADE","og_description":"B\u00e1sica BUENO, E.: Curso b\u00e1sico de econom\u00eda de la empresa: Un enfoque de organizaci\u00f3n, 5.\u00aa ed., Madrid: Pir\u00e1mide, 2004. BUENO, E., CRUZ, I. y DUR\u00c1N, J.J.: Econom\u00eda de la empresa. An\u00e1lisis de las decisiones empresariales, 15.\u00aa ed., Madrid: Pir\u00e1mide, 1992. Avanzada AAKER, D.A.: Management estrat\u00e9gico del mercado, Barcelona: Hispano Europea, 1987. CRUZ, I.: Fundamentos de [&hellip;]","og_url":"https:\/\/blogs.udima.es\/administracion-y-direccion-de-empresas\/libros\/introduccion-a-la-organizacion-de-empresas-2\/unidad-didactica-6-el-sistema-de-comercializacion-de-la-empresa\/referencias-bibliograficas\/","og_site_name":"Blog de ADE - Universidad a Distancia de Madrid | UDIMA","twitter_card":"summary_large_image","twitter_misc":{"Tiempo de lectura":"1 minuto"},"schema":{"@context":"https:\/\/schema.org","@graph":[{"@type":"WebPage","@id":"https:\/\/blogs.udima.es\/administracion-y-direccion-de-empresas\/libros\/introduccion-a-la-organizacion-de-empresas-2\/unidad-didactica-6-el-sistema-de-comercializacion-de-la-empresa\/referencias-bibliograficas\/","url":"https:\/\/blogs.udima.es\/administracion-y-direccion-de-empresas\/libros\/introduccion-a-la-organizacion-de-empresas-2\/unidad-didactica-6-el-sistema-de-comercializacion-de-la-empresa\/referencias-bibliograficas\/","name":"REFERENCIAS BIBLIOGR\u00c1FICAS - Blog de ADE","isPartOf":{"@id":"https:\/\/blogs.udima.es\/administracion-y-direccion-de-empresas\/#website"},"datePublished":"2010-12-30T12:46:16+00:00","dateModified":"2010-12-30T12:46:16+00:00","breadcrumb":{"@id":"https:\/\/blogs.udima.es\/administracion-y-direccion-de-empresas\/libros\/introduccion-a-la-organizacion-de-empresas-2\/unidad-didactica-6-el-sistema-de-comercializacion-de-la-empresa\/referencias-bibliograficas\/#breadcrumb"},"inLanguage":"es","potentialAction":[{"@type":"ReadAction","target":["https:\/\/blogs.udima.es\/administracion-y-direccion-de-empresas\/libros\/introduccion-a-la-organizacion-de-empresas-2\/unidad-didactica-6-el-sistema-de-comercializacion-de-la-empresa\/referencias-bibliograficas\/"]}]},{"@type":"BreadcrumbList","@id":"https:\/\/blogs.udima.es\/administracion-y-direccion-de-empresas\/libros\/introduccion-a-la-organizacion-de-empresas-2\/unidad-didactica-6-el-sistema-de-comercializacion-de-la-empresa\/referencias-bibliograficas\/#breadcrumb","itemListElement":[{"@type":"ListItem","position":1,"name":"Portada","item":"https:\/\/blogs.udima.es\/administracion-y-direccion-de-empresas\/"},{"@type":"ListItem","position":2,"name":"Libros","item":"https:\/\/blogs.udima.es\/administracion-y-direccion-de-empresas\/libros\/"},{"@type":"ListItem","position":3,"name":"Introducci\u00f3n a la Organizaci\u00f3n de Empresas","item":"https:\/\/blogs.udima.es\/administracion-y-direccion-de-empresas\/libros\/introduccion-a-la-organizacion-de-empresas-2\/"},{"@type":"ListItem","position":4,"name":"Unidad did\u00e1ctica 6. El sistema de comercializaci\u00f3n de la empresa","item":"https:\/\/blogs.udima.es\/administracion-y-direccion-de-empresas\/libros\/introduccion-a-la-organizacion-de-empresas-2\/unidad-didactica-6-el-sistema-de-comercializacion-de-la-empresa\/"},{"@type":"ListItem","position":5,"name":"REFERENCIAS BIBLIOGR\u00c1FICAS"}]},{"@type":"WebSite","@id":"https:\/\/blogs.udima.es\/administracion-y-direccion-de-empresas\/#website","url":"https:\/\/blogs.udima.es\/administracion-y-direccion-de-empresas\/","name":"Blog de ADE - Universidad a Distancia de Madrid | UDIMA","description":"","potentialAction":[{"@type":"SearchAction","target":{"@type":"EntryPoint","urlTemplate":"https:\/\/blogs.udima.es\/administracion-y-direccion-de-empresas\/?s={search_term_string}"},"query-input":"required name=search_term_string"}],"inLanguage":"es"}]}},"_links":{"self":[{"href":"https:\/\/blogs.udima.es\/administracion-y-direccion-de-empresas\/wp-json\/wp\/v2\/pages\/471"}],"collection":[{"href":"https:\/\/blogs.udima.es\/administracion-y-direccion-de-empresas\/wp-json\/wp\/v2\/pages"}],"about":[{"href":"https:\/\/blogs.udima.es\/administracion-y-direccion-de-empresas\/wp-json\/wp\/v2\/types\/page"}],"author":[{"embeddable":true,"href":"https:\/\/blogs.udima.es\/administracion-y-direccion-de-empresas\/wp-json\/wp\/v2\/users\/2"}],"replies":[{"embeddable":true,"href":"https:\/\/blogs.udima.es\/administracion-y-direccion-de-empresas\/wp-json\/wp\/v2\/comments?post=471"}],"version-history":[{"count":0,"href":"https:\/\/blogs.udima.es\/administracion-y-direccion-de-empresas\/wp-json\/wp\/v2\/pages\/471\/revisions"}],"up":[{"embeddable":true,"href":"https:\/\/blogs.udima.es\/administracion-y-direccion-de-empresas\/wp-json\/wp\/v2\/pages\/427"}],"wp:attachment":[{"href":"https:\/\/blogs.udima.es\/administracion-y-direccion-de-empresas\/wp-json\/wp\/v2\/media?parent=471"}],"curies":[{"name":"wp","href":"https:\/\/api.w.org\/{rel}","templated":true}]}}