{"id":364,"date":"2010-12-30T11:10:56","date_gmt":"2010-12-30T11:10:56","guid":{"rendered":"http:\/\/www.adeudima.com\/?page_id=364"},"modified":"2010-12-30T11:10:56","modified_gmt":"2010-12-30T11:10:56","slug":"objetivos-de-la-unidad-5","status":"publish","type":"page","link":"https:\/\/blogs.udima.es\/administracion-y-direccion-de-empresas\/libros\/introduccion-a-la-organizacion-de-empresas-2\/unidad-didactica-5-el-sistema-de-produccion-de-la-empresa\/objetivos-de-la-unidad-5\/","title":{"rendered":"OBJETIVOS DE LA UNIDAD 5"},"content":{"rendered":"<p>En esta Unidad did\u00e1ctica se pretende solamente introducir los   conceptos, m\u00e9todos y t\u00e9cnicas m\u00e1s importantes que configuran una de las  \u00e1reas  funcionales, posiblemente la esencial de la empresa, pues ella es  la base  econ\u00f3mica de la que dimana el resto de sus actividades. Sin  este Sistema de  Producci\u00f3n dejar\u00eda de tener sentido el resto del  Sistema T\u00e9cnico y los otros  aspectos de la empresa como organizaci\u00f3n,  tal y como se ha ido exponiendo en  las tres primeras Unidades  did\u00e1cticas. Ahora bien, esta funci\u00f3n se concibe en  la actualidad como  la respuesta t\u00e9cnica o como el conjunto de operaciones que  dan sentido a  la funci\u00f3n comercial de la empresa, dada la orientaci\u00f3n al  mercado que  precisa la gesti\u00f3n de la misma. La ampliaci\u00f3n de estos contenidos  por  el lector debe quedar pospuesta a otras obras espec\u00edficas sobre  Direcci\u00f3n  de la Producci\u00f3n,  como es l\u00f3gico.<\/p>\n<p>En el primer ep\u00edgrafe, tal y como se viene  efectuando en las  Unidades did\u00e1cticas precedentes se aborda el concepto y la  estructura  de lo que se entiende por el Sistema de Producci\u00f3n o, en un sentido   din\u00e1mico y amplio, la   Direcci\u00f3n de Operaciones de la empresa.<\/p>\n<p>En el segundo ep\u00edgrafe se trata de presentar los  diferentes  sistemas o procesos productivos en que se organizan dichas  operaciones,  introduciendo dos cuestiones de la m\u00e1xima relevancia, como son el   dise\u00f1o y las decisiones a largo plazo que configuran dichos procesos en   relaci\u00f3n a las actividades llevadas a cabo y a los productos  elaborados.<\/p>\n<p>En el tercer ep\u00edgrafe se pretende de una forma muy  elemental pero  rigurosa, dadas las limitaciones de espacio impuestas a la Unidad  did\u00e1ctica, informar  sobre c\u00f3mo se debe plantear la planificaci\u00f3n  agregada, la programaci\u00f3n y el  control de la producci\u00f3n o de las  operaciones productivas de la empresa,  introduciendo, en consecuencia,  los modelos y t\u00e9cnicas m\u00e1s utilizados en la  realidad empresarial.<\/p>\n<p>En el cuarto ep\u00edgrafe se aborda una de las  cuestiones m\u00e1s novedosas  en el \u00e1rea; se plantea cu\u00e1l es el enfoque de los  sistemas flexibles de  fabricaci\u00f3n y c\u00f3mo estos integran una gesti\u00f3n de  inventarios de forma  totalmente diferente a la convencional, como es el caso  del m\u00e9todo <em>Just In Time<\/em> (JIT).<\/p>\n<p>En el quinto ep\u00edgrafe se presentan las ideas y  conceptos  principales que permiten pasar del enfoque convencional del control  de  la calidad a la gesti\u00f3n de la calidad total en la empresa.<\/p>\n<p>Finalmente, en los \u00faltimos ep\u00edgrafes se ofrecen los  conceptos  b\u00e1sicos a retener, las actividades a realizar y la bibliograf\u00eda   recomendada para el estudio de la   Unidad did\u00e1ctica.<\/p>\n<p>En definitiva, en esta Unidad did\u00e1ctica se pretende  introducir los  conceptos, los enfoques, los modelos y las t\u00e9cnicas principales,  as\u00ed  como una metodolog\u00eda, para entender el contenido y la funci\u00f3n del  sistema  de producci\u00f3n, como actividad econ\u00f3mica fundamental para  comprender el papel  del sistema t\u00e9cnico de la empresa y de ella misma  en la actual econom\u00eda de mercado.<\/p>\n","protected":false},"excerpt":{"rendered":"<p>En esta Unidad did\u00e1ctica se pretende solamente introducir los conceptos, m\u00e9todos y t\u00e9cnicas m\u00e1s importantes que configuran una de las \u00e1reas funcionales, posiblemente la esencial de la empresa, pues ella es la base econ\u00f3mica de la que dimana el resto de sus actividades. Sin este Sistema de Producci\u00f3n dejar\u00eda de tener sentido el resto del [&hellip;]<\/p>\n","protected":false},"author":2,"featured_media":0,"parent":360,"menu_order":0,"comment_status":"open","ping_status":"open","template":"","meta":{"footnotes":""},"yoast_head":"<!-- This site is optimized with the Yoast SEO plugin v22.9 - https:\/\/yoast.com\/wordpress\/plugins\/seo\/ -->\n<title>OBJETIVOS DE LA UNIDAD 5 - Blog de ADE<\/title>\n<meta name=\"robots\" content=\"index, follow, max-snippet:-1, max-image-preview:large, max-video-preview:-1\" \/>\n<link rel=\"canonical\" href=\"https:\/\/blogs.udima.es\/administracion-y-direccion-de-empresas\/libros\/introduccion-a-la-organizacion-de-empresas-2\/unidad-didactica-5-el-sistema-de-produccion-de-la-empresa\/objetivos-de-la-unidad-5\/\" \/>\n<meta property=\"og:locale\" content=\"es_ES\" \/>\n<meta property=\"og:type\" content=\"article\" \/>\n<meta property=\"og:title\" content=\"OBJETIVOS DE LA UNIDAD 5 - Blog de ADE\" \/>\n<meta property=\"og:description\" content=\"En esta Unidad did\u00e1ctica se pretende solamente introducir los conceptos, m\u00e9todos y t\u00e9cnicas m\u00e1s importantes que configuran una de las \u00e1reas funcionales, posiblemente la esencial de la empresa, pues ella es la base econ\u00f3mica de la que dimana el resto de sus actividades. Sin este Sistema de Producci\u00f3n dejar\u00eda de tener sentido el resto del [&hellip;]\" \/>\n<meta property=\"og:url\" content=\"https:\/\/blogs.udima.es\/administracion-y-direccion-de-empresas\/libros\/introduccion-a-la-organizacion-de-empresas-2\/unidad-didactica-5-el-sistema-de-produccion-de-la-empresa\/objetivos-de-la-unidad-5\/\" \/>\n<meta property=\"og:site_name\" content=\"Blog de ADE - Universidad a Distancia de Madrid | UDIMA\" \/>\n<meta name=\"twitter:card\" content=\"summary_large_image\" \/>\n<meta name=\"twitter:label1\" content=\"Tiempo de lectura\" \/>\n\t<meta name=\"twitter:data1\" content=\"3 minutos\" \/>\n<script type=\"application\/ld+json\" class=\"yoast-schema-graph\">{\"@context\":\"https:\/\/schema.org\",\"@graph\":[{\"@type\":\"WebPage\",\"@id\":\"https:\/\/blogs.udima.es\/administracion-y-direccion-de-empresas\/libros\/introduccion-a-la-organizacion-de-empresas-2\/unidad-didactica-5-el-sistema-de-produccion-de-la-empresa\/objetivos-de-la-unidad-5\/\",\"url\":\"https:\/\/blogs.udima.es\/administracion-y-direccion-de-empresas\/libros\/introduccion-a-la-organizacion-de-empresas-2\/unidad-didactica-5-el-sistema-de-produccion-de-la-empresa\/objetivos-de-la-unidad-5\/\",\"name\":\"OBJETIVOS DE LA UNIDAD 5 - Blog de ADE\",\"isPartOf\":{\"@id\":\"https:\/\/blogs.udima.es\/administracion-y-direccion-de-empresas\/#website\"},\"datePublished\":\"2010-12-30T11:10:56+00:00\",\"dateModified\":\"2010-12-30T11:10:56+00:00\",\"breadcrumb\":{\"@id\":\"https:\/\/blogs.udima.es\/administracion-y-direccion-de-empresas\/libros\/introduccion-a-la-organizacion-de-empresas-2\/unidad-didactica-5-el-sistema-de-produccion-de-la-empresa\/objetivos-de-la-unidad-5\/#breadcrumb\"},\"inLanguage\":\"es\",\"potentialAction\":[{\"@type\":\"ReadAction\",\"target\":[\"https:\/\/blogs.udima.es\/administracion-y-direccion-de-empresas\/libros\/introduccion-a-la-organizacion-de-empresas-2\/unidad-didactica-5-el-sistema-de-produccion-de-la-empresa\/objetivos-de-la-unidad-5\/\"]}]},{\"@type\":\"BreadcrumbList\",\"@id\":\"https:\/\/blogs.udima.es\/administracion-y-direccion-de-empresas\/libros\/introduccion-a-la-organizacion-de-empresas-2\/unidad-didactica-5-el-sistema-de-produccion-de-la-empresa\/objetivos-de-la-unidad-5\/#breadcrumb\",\"itemListElement\":[{\"@type\":\"ListItem\",\"position\":1,\"name\":\"Portada\",\"item\":\"https:\/\/blogs.udima.es\/administracion-y-direccion-de-empresas\/\"},{\"@type\":\"ListItem\",\"position\":2,\"name\":\"Libros\",\"item\":\"https:\/\/blogs.udima.es\/administracion-y-direccion-de-empresas\/libros\/\"},{\"@type\":\"ListItem\",\"position\":3,\"name\":\"Introducci\u00f3n a la Organizaci\u00f3n de Empresas\",\"item\":\"https:\/\/blogs.udima.es\/administracion-y-direccion-de-empresas\/libros\/introduccion-a-la-organizacion-de-empresas-2\/\"},{\"@type\":\"ListItem\",\"position\":4,\"name\":\"Unidad did\u00e1ctica 5. El sistema de producci\u00f3n de la empresa\",\"item\":\"https:\/\/blogs.udima.es\/administracion-y-direccion-de-empresas\/libros\/introduccion-a-la-organizacion-de-empresas-2\/unidad-didactica-5-el-sistema-de-produccion-de-la-empresa\/\"},{\"@type\":\"ListItem\",\"position\":5,\"name\":\"OBJETIVOS DE LA UNIDAD 5\"}]},{\"@type\":\"WebSite\",\"@id\":\"https:\/\/blogs.udima.es\/administracion-y-direccion-de-empresas\/#website\",\"url\":\"https:\/\/blogs.udima.es\/administracion-y-direccion-de-empresas\/\",\"name\":\"Blog de ADE - Universidad a Distancia de Madrid | UDIMA\",\"description\":\"\",\"potentialAction\":[{\"@type\":\"SearchAction\",\"target\":{\"@type\":\"EntryPoint\",\"urlTemplate\":\"https:\/\/blogs.udima.es\/administracion-y-direccion-de-empresas\/?s={search_term_string}\"},\"query-input\":\"required name=search_term_string\"}],\"inLanguage\":\"es\"}]}<\/script>\n<!-- \/ Yoast SEO plugin. -->","yoast_head_json":{"title":"OBJETIVOS DE LA UNIDAD 5 - Blog de ADE","robots":{"index":"index","follow":"follow","max-snippet":"max-snippet:-1","max-image-preview":"max-image-preview:large","max-video-preview":"max-video-preview:-1"},"canonical":"https:\/\/blogs.udima.es\/administracion-y-direccion-de-empresas\/libros\/introduccion-a-la-organizacion-de-empresas-2\/unidad-didactica-5-el-sistema-de-produccion-de-la-empresa\/objetivos-de-la-unidad-5\/","og_locale":"es_ES","og_type":"article","og_title":"OBJETIVOS DE LA UNIDAD 5 - Blog de ADE","og_description":"En esta Unidad did\u00e1ctica se pretende solamente introducir los conceptos, m\u00e9todos y t\u00e9cnicas m\u00e1s importantes que configuran una de las \u00e1reas funcionales, posiblemente la esencial de la empresa, pues ella es la base econ\u00f3mica de la que dimana el resto de sus actividades. Sin este Sistema de Producci\u00f3n dejar\u00eda de tener sentido el resto del [&hellip;]","og_url":"https:\/\/blogs.udima.es\/administracion-y-direccion-de-empresas\/libros\/introduccion-a-la-organizacion-de-empresas-2\/unidad-didactica-5-el-sistema-de-produccion-de-la-empresa\/objetivos-de-la-unidad-5\/","og_site_name":"Blog de ADE - Universidad a Distancia de Madrid | UDIMA","twitter_card":"summary_large_image","twitter_misc":{"Tiempo de lectura":"3 minutos"},"schema":{"@context":"https:\/\/schema.org","@graph":[{"@type":"WebPage","@id":"https:\/\/blogs.udima.es\/administracion-y-direccion-de-empresas\/libros\/introduccion-a-la-organizacion-de-empresas-2\/unidad-didactica-5-el-sistema-de-produccion-de-la-empresa\/objetivos-de-la-unidad-5\/","url":"https:\/\/blogs.udima.es\/administracion-y-direccion-de-empresas\/libros\/introduccion-a-la-organizacion-de-empresas-2\/unidad-didactica-5-el-sistema-de-produccion-de-la-empresa\/objetivos-de-la-unidad-5\/","name":"OBJETIVOS DE LA UNIDAD 5 - Blog de ADE","isPartOf":{"@id":"https:\/\/blogs.udima.es\/administracion-y-direccion-de-empresas\/#website"},"datePublished":"2010-12-30T11:10:56+00:00","dateModified":"2010-12-30T11:10:56+00:00","breadcrumb":{"@id":"https:\/\/blogs.udima.es\/administracion-y-direccion-de-empresas\/libros\/introduccion-a-la-organizacion-de-empresas-2\/unidad-didactica-5-el-sistema-de-produccion-de-la-empresa\/objetivos-de-la-unidad-5\/#breadcrumb"},"inLanguage":"es","potentialAction":[{"@type":"ReadAction","target":["https:\/\/blogs.udima.es\/administracion-y-direccion-de-empresas\/libros\/introduccion-a-la-organizacion-de-empresas-2\/unidad-didactica-5-el-sistema-de-produccion-de-la-empresa\/objetivos-de-la-unidad-5\/"]}]},{"@type":"BreadcrumbList","@id":"https:\/\/blogs.udima.es\/administracion-y-direccion-de-empresas\/libros\/introduccion-a-la-organizacion-de-empresas-2\/unidad-didactica-5-el-sistema-de-produccion-de-la-empresa\/objetivos-de-la-unidad-5\/#breadcrumb","itemListElement":[{"@type":"ListItem","position":1,"name":"Portada","item":"https:\/\/blogs.udima.es\/administracion-y-direccion-de-empresas\/"},{"@type":"ListItem","position":2,"name":"Libros","item":"https:\/\/blogs.udima.es\/administracion-y-direccion-de-empresas\/libros\/"},{"@type":"ListItem","position":3,"name":"Introducci\u00f3n a la Organizaci\u00f3n de Empresas","item":"https:\/\/blogs.udima.es\/administracion-y-direccion-de-empresas\/libros\/introduccion-a-la-organizacion-de-empresas-2\/"},{"@type":"ListItem","position":4,"name":"Unidad did\u00e1ctica 5. El sistema de producci\u00f3n de la empresa","item":"https:\/\/blogs.udima.es\/administracion-y-direccion-de-empresas\/libros\/introduccion-a-la-organizacion-de-empresas-2\/unidad-didactica-5-el-sistema-de-produccion-de-la-empresa\/"},{"@type":"ListItem","position":5,"name":"OBJETIVOS DE LA UNIDAD 5"}]},{"@type":"WebSite","@id":"https:\/\/blogs.udima.es\/administracion-y-direccion-de-empresas\/#website","url":"https:\/\/blogs.udima.es\/administracion-y-direccion-de-empresas\/","name":"Blog de ADE - Universidad a Distancia de Madrid | UDIMA","description":"","potentialAction":[{"@type":"SearchAction","target":{"@type":"EntryPoint","urlTemplate":"https:\/\/blogs.udima.es\/administracion-y-direccion-de-empresas\/?s={search_term_string}"},"query-input":"required name=search_term_string"}],"inLanguage":"es"}]}},"_links":{"self":[{"href":"https:\/\/blogs.udima.es\/administracion-y-direccion-de-empresas\/wp-json\/wp\/v2\/pages\/364"}],"collection":[{"href":"https:\/\/blogs.udima.es\/administracion-y-direccion-de-empresas\/wp-json\/wp\/v2\/pages"}],"about":[{"href":"https:\/\/blogs.udima.es\/administracion-y-direccion-de-empresas\/wp-json\/wp\/v2\/types\/page"}],"author":[{"embeddable":true,"href":"https:\/\/blogs.udima.es\/administracion-y-direccion-de-empresas\/wp-json\/wp\/v2\/users\/2"}],"replies":[{"embeddable":true,"href":"https:\/\/blogs.udima.es\/administracion-y-direccion-de-empresas\/wp-json\/wp\/v2\/comments?post=364"}],"version-history":[{"count":0,"href":"https:\/\/blogs.udima.es\/administracion-y-direccion-de-empresas\/wp-json\/wp\/v2\/pages\/364\/revisions"}],"up":[{"embeddable":true,"href":"https:\/\/blogs.udima.es\/administracion-y-direccion-de-empresas\/wp-json\/wp\/v2\/pages\/360"}],"wp:attachment":[{"href":"https:\/\/blogs.udima.es\/administracion-y-direccion-de-empresas\/wp-json\/wp\/v2\/media?parent=364"}],"curies":[{"name":"wp","href":"https:\/\/api.w.org\/{rel}","templated":true}]}}