{"id":341,"date":"2010-12-30T10:50:28","date_gmt":"2010-12-30T10:50:28","guid":{"rendered":"http:\/\/www.adeudima.com\/?page_id=341"},"modified":"2010-12-30T10:50:28","modified_gmt":"2010-12-30T10:50:28","slug":"4-la-funcion-financiera-de-las-empresas-en-la-actualidad","status":"publish","type":"page","link":"https:\/\/blogs.udima.es\/administracion-y-direccion-de-empresas\/libros\/introduccion-a-la-organizacion-de-empresas-2\/unidad-didactica-4-el-sistema-de-financiacion-de-la-empresa\/4-la-funcion-financiera-de-las-empresas-en-la-actualidad\/","title":{"rendered":"4. La funci\u00f3n financiera de las empresas en la actualidad"},"content":{"rendered":"<p>Hoy en d\u00eda se considera que la  responsabilidad de la funci\u00f3n  financiera se extiende a todo el \u00e1mbito de la  organizaci\u00f3n. La  actividad financiera no puede limitarse a las funciones  tradicionales;  ha de controlar el uso de los fondos y estar presente en casi  todas las  decisiones que se tomen, aunque aparentemente no sean financieras, ya   que la empresa es un sistema cuya situaci\u00f3n financiera puede verse  deteriorada  por decisiones que, en principio, competen a otros  departamentos. As\u00ed,  decisiones asociadas a otras \u00e1reas funcionales,  tales como la pol\u00edtica de precios,  condiciones de cr\u00e9dito a clientes o  volumen de la producci\u00f3n, influir\u00e1n antes o  despu\u00e9s sobre el balance,  la cuenta de resultados, la liquidez o el riesgo de  la compa\u00f1\u00eda.<\/p>\n<p>El protagonismo de la funci\u00f3n  financiera en la gesti\u00f3n empresarial  se ha visto reforzado, entre otros, por  los siguientes cambios del  entorno (P\u00e9rez Carballo <em>et al.,<\/em> 1997):<\/p>\n<ul>\n<li>Muchas  empresas han experimentado un fuerte crecimiento de su  actividad. Han  diversificado su gama de productos y han invertido en  otros lugares  geogr\u00e1ficos, lo cual ha exigido descentralizar funciones  para tener en cuenta  las peculiaridades de cada rama de actividad o de  cada pa\u00eds. Pero la  descentralizaci\u00f3n hace imprescindible planificar y  controlar las operaciones de  cada unidad por separado e integrarlas en  el contexto de la empresa, al objeto  de maximizar la eficacia de la  utilizaci\u00f3n de los recursos.<\/li>\n<li>El  mayor grado de competencia en los diferentes mercados ha  reducido  paulatinamente los m\u00e1rgenes de beneficio. Ha pasado la \u00e9poca  en que bastaba con  vender. Ahora hay que vigilar cuidadosamente la  rentabilidad de las  inversiones.<\/li>\n<li>La  complejidad del entorno hace necesario estudiar con mayor  detalle y rigor las  nuevas oportunidades de inversi\u00f3n. Tambi\u00e9n las  caracter\u00edsticas del sistema  financiero actual exigen un cuidadoso  an\u00e1lisis de las f\u00f3rmulas de financiaci\u00f3n  de los nuevos proyectos.<\/li>\n<li>El  papel del Estado en la econom\u00eda tiene un importante peso. Es  el mayor ente  econ\u00f3mico y ha de tomar una serie de decisiones de  inversi\u00f3n, consumo y  pol\u00edtica econ\u00f3mica que influyen sobre el \u00e1rea  financiera.<\/li>\n<li>La  inflaci\u00f3n es un elemento de incertidumbre que plantea  numerosos problemas  financieros a la empresa y le exige reformular su  pol\u00edtica en este campo. Pero  adem\u00e1s los costes se \u00abinflan\u00bb como  consecuencia de la citada inflaci\u00f3n, lo que  supone una constante  necesidad de nuevos recursos para financiar las  inversiones de  reposici\u00f3n, tanto en circulante como en activo fijo.<\/li>\n<li>Finalmente,  la evoluci\u00f3n econ\u00f3mica plantea dificultades  adicionales a la empresa. El  director financiero es el responsable de  estudiar, en su caso, las  complicaciones derivadas de la inestabilidad  econ\u00f3mica. Debe prever qu\u00e9 hacer  frente a acontecimientos inesperados.  Es necesario que el director financiero  explore distintos escenarios y  formule pol\u00edticas alternativas para cada uno de  ellos, anticip\u00e1ndose a  situaciones extremas. No puede limitarse a registrar lo  que ha sucedido  en el pasado; ha de intentar vislumbrar el futuro y definir la   pol\u00edtica financiera incorporada a la incertidumbre del entorno.<\/li>\n<\/ul>\n<p>En consecuencia, las \u00e1reas que  suelen asignarse a la funci\u00f3n  financiera y que en la actualidad conservan toda  su vigencia son las  siguientes:<\/p>\n<ul>\n<li>Perfilar  qu\u00e9 dimensi\u00f3n econ\u00f3mica ha de tener la empresa y cu\u00e1l ha  de ser su crecimiento,  cuestiones que se abordar\u00e1n para ser ampliadas  en la Unidad did\u00e1ctica 9.<\/li>\n<li>Determinar  en qu\u00e9 activos debe invertir sus fondos.<\/li>\n<li>Formular  cu\u00e1l ha de ser la composici\u00f3n de su financiaci\u00f3n.<\/li>\n<\/ul>\n<p>Estos tres aspectos, que  incorporan de una forma u otra casi toda  la problem\u00e1tica de la empresa, est\u00e1n  \u00edntimamente relacionados entre s\u00ed.  La dimensi\u00f3n actual y futura vendr\u00e1  condicionada por las alternativas  de inversi\u00f3n disponibles, as\u00ed como por las  caracter\u00edsticas de la  financiaci\u00f3n, tales como coste, plazo y riesgo. Tambi\u00e9n  es cierto que  las condiciones en que la empresa pueda financiarse depender\u00e1n  del tipo  de inversiones que acometa. Adem\u00e1s, la formulaci\u00f3n de la composici\u00f3n   apropiada de la financiaci\u00f3n exige definir una pol\u00edtica de dividendos  que  permita retribuir a los accionistas de acuerdo con sus expectativas  y, a la  vez, retener en la empresa los fondos necesarios para  financiar  equilibradamente el crecimiento.<\/p>\n","protected":false},"excerpt":{"rendered":"<p>Hoy en d\u00eda se considera que la responsabilidad de la funci\u00f3n financiera se extiende a todo el \u00e1mbito de la organizaci\u00f3n. La actividad financiera no puede limitarse a las funciones tradicionales; ha de controlar el uso de los fondos y estar presente en casi todas las decisiones que se tomen, aunque aparentemente no sean financieras, [&hellip;]<\/p>\n","protected":false},"author":2,"featured_media":0,"parent":319,"menu_order":0,"comment_status":"open","ping_status":"open","template":"","meta":{"footnotes":""},"yoast_head":"<!-- This site is optimized with the Yoast SEO plugin v22.9 - https:\/\/yoast.com\/wordpress\/plugins\/seo\/ -->\n<title>4. La funci\u00f3n financiera de las empresas en la actualidad - Blog de ADE<\/title>\n<meta name=\"robots\" content=\"index, follow, max-snippet:-1, max-image-preview:large, max-video-preview:-1\" \/>\n<link rel=\"canonical\" href=\"https:\/\/blogs.udima.es\/administracion-y-direccion-de-empresas\/libros\/introduccion-a-la-organizacion-de-empresas-2\/unidad-didactica-4-el-sistema-de-financiacion-de-la-empresa\/4-la-funcion-financiera-de-las-empresas-en-la-actualidad\/\" \/>\n<meta property=\"og:locale\" content=\"es_ES\" \/>\n<meta property=\"og:type\" content=\"article\" \/>\n<meta property=\"og:title\" content=\"4. La funci\u00f3n financiera de las empresas en la actualidad - Blog de ADE\" \/>\n<meta property=\"og:description\" content=\"Hoy en d\u00eda se considera que la responsabilidad de la funci\u00f3n financiera se extiende a todo el \u00e1mbito de la organizaci\u00f3n. La actividad financiera no puede limitarse a las funciones tradicionales; ha de controlar el uso de los fondos y estar presente en casi todas las decisiones que se tomen, aunque aparentemente no sean financieras, [&hellip;]\" \/>\n<meta property=\"og:url\" content=\"https:\/\/blogs.udima.es\/administracion-y-direccion-de-empresas\/libros\/introduccion-a-la-organizacion-de-empresas-2\/unidad-didactica-4-el-sistema-de-financiacion-de-la-empresa\/4-la-funcion-financiera-de-las-empresas-en-la-actualidad\/\" \/>\n<meta property=\"og:site_name\" content=\"Blog de ADE - Universidad a Distancia de Madrid | UDIMA\" \/>\n<meta name=\"twitter:card\" content=\"summary_large_image\" \/>\n<meta name=\"twitter:label1\" content=\"Tiempo de lectura\" \/>\n\t<meta name=\"twitter:data1\" content=\"4 minutos\" \/>\n<script type=\"application\/ld+json\" class=\"yoast-schema-graph\">{\"@context\":\"https:\/\/schema.org\",\"@graph\":[{\"@type\":\"WebPage\",\"@id\":\"https:\/\/blogs.udima.es\/administracion-y-direccion-de-empresas\/libros\/introduccion-a-la-organizacion-de-empresas-2\/unidad-didactica-4-el-sistema-de-financiacion-de-la-empresa\/4-la-funcion-financiera-de-las-empresas-en-la-actualidad\/\",\"url\":\"https:\/\/blogs.udima.es\/administracion-y-direccion-de-empresas\/libros\/introduccion-a-la-organizacion-de-empresas-2\/unidad-didactica-4-el-sistema-de-financiacion-de-la-empresa\/4-la-funcion-financiera-de-las-empresas-en-la-actualidad\/\",\"name\":\"4. La funci\u00f3n financiera de las empresas en la actualidad - Blog de ADE\",\"isPartOf\":{\"@id\":\"https:\/\/blogs.udima.es\/administracion-y-direccion-de-empresas\/#website\"},\"datePublished\":\"2010-12-30T10:50:28+00:00\",\"dateModified\":\"2010-12-30T10:50:28+00:00\",\"breadcrumb\":{\"@id\":\"https:\/\/blogs.udima.es\/administracion-y-direccion-de-empresas\/libros\/introduccion-a-la-organizacion-de-empresas-2\/unidad-didactica-4-el-sistema-de-financiacion-de-la-empresa\/4-la-funcion-financiera-de-las-empresas-en-la-actualidad\/#breadcrumb\"},\"inLanguage\":\"es\",\"potentialAction\":[{\"@type\":\"ReadAction\",\"target\":[\"https:\/\/blogs.udima.es\/administracion-y-direccion-de-empresas\/libros\/introduccion-a-la-organizacion-de-empresas-2\/unidad-didactica-4-el-sistema-de-financiacion-de-la-empresa\/4-la-funcion-financiera-de-las-empresas-en-la-actualidad\/\"]}]},{\"@type\":\"BreadcrumbList\",\"@id\":\"https:\/\/blogs.udima.es\/administracion-y-direccion-de-empresas\/libros\/introduccion-a-la-organizacion-de-empresas-2\/unidad-didactica-4-el-sistema-de-financiacion-de-la-empresa\/4-la-funcion-financiera-de-las-empresas-en-la-actualidad\/#breadcrumb\",\"itemListElement\":[{\"@type\":\"ListItem\",\"position\":1,\"name\":\"Portada\",\"item\":\"https:\/\/blogs.udima.es\/administracion-y-direccion-de-empresas\/\"},{\"@type\":\"ListItem\",\"position\":2,\"name\":\"Libros\",\"item\":\"https:\/\/blogs.udima.es\/administracion-y-direccion-de-empresas\/libros\/\"},{\"@type\":\"ListItem\",\"position\":3,\"name\":\"Introducci\u00f3n a la Organizaci\u00f3n de Empresas\",\"item\":\"https:\/\/blogs.udima.es\/administracion-y-direccion-de-empresas\/libros\/introduccion-a-la-organizacion-de-empresas-2\/\"},{\"@type\":\"ListItem\",\"position\":4,\"name\":\"Unidad did\u00e1ctica 4. El sistema de financiaci\u00f3n de la empresa\",\"item\":\"https:\/\/blogs.udima.es\/administracion-y-direccion-de-empresas\/libros\/introduccion-a-la-organizacion-de-empresas-2\/unidad-didactica-4-el-sistema-de-financiacion-de-la-empresa\/\"},{\"@type\":\"ListItem\",\"position\":5,\"name\":\"4. La funci\u00f3n financiera de las empresas en la actualidad\"}]},{\"@type\":\"WebSite\",\"@id\":\"https:\/\/blogs.udima.es\/administracion-y-direccion-de-empresas\/#website\",\"url\":\"https:\/\/blogs.udima.es\/administracion-y-direccion-de-empresas\/\",\"name\":\"Blog de ADE - Universidad a Distancia de Madrid | UDIMA\",\"description\":\"\",\"potentialAction\":[{\"@type\":\"SearchAction\",\"target\":{\"@type\":\"EntryPoint\",\"urlTemplate\":\"https:\/\/blogs.udima.es\/administracion-y-direccion-de-empresas\/?s={search_term_string}\"},\"query-input\":\"required name=search_term_string\"}],\"inLanguage\":\"es\"}]}<\/script>\n<!-- \/ Yoast SEO plugin. -->","yoast_head_json":{"title":"4. La funci\u00f3n financiera de las empresas en la actualidad - Blog de ADE","robots":{"index":"index","follow":"follow","max-snippet":"max-snippet:-1","max-image-preview":"max-image-preview:large","max-video-preview":"max-video-preview:-1"},"canonical":"https:\/\/blogs.udima.es\/administracion-y-direccion-de-empresas\/libros\/introduccion-a-la-organizacion-de-empresas-2\/unidad-didactica-4-el-sistema-de-financiacion-de-la-empresa\/4-la-funcion-financiera-de-las-empresas-en-la-actualidad\/","og_locale":"es_ES","og_type":"article","og_title":"4. La funci\u00f3n financiera de las empresas en la actualidad - Blog de ADE","og_description":"Hoy en d\u00eda se considera que la responsabilidad de la funci\u00f3n financiera se extiende a todo el \u00e1mbito de la organizaci\u00f3n. La actividad financiera no puede limitarse a las funciones tradicionales; ha de controlar el uso de los fondos y estar presente en casi todas las decisiones que se tomen, aunque aparentemente no sean financieras, [&hellip;]","og_url":"https:\/\/blogs.udima.es\/administracion-y-direccion-de-empresas\/libros\/introduccion-a-la-organizacion-de-empresas-2\/unidad-didactica-4-el-sistema-de-financiacion-de-la-empresa\/4-la-funcion-financiera-de-las-empresas-en-la-actualidad\/","og_site_name":"Blog de ADE - Universidad a Distancia de Madrid | UDIMA","twitter_card":"summary_large_image","twitter_misc":{"Tiempo de lectura":"4 minutos"},"schema":{"@context":"https:\/\/schema.org","@graph":[{"@type":"WebPage","@id":"https:\/\/blogs.udima.es\/administracion-y-direccion-de-empresas\/libros\/introduccion-a-la-organizacion-de-empresas-2\/unidad-didactica-4-el-sistema-de-financiacion-de-la-empresa\/4-la-funcion-financiera-de-las-empresas-en-la-actualidad\/","url":"https:\/\/blogs.udima.es\/administracion-y-direccion-de-empresas\/libros\/introduccion-a-la-organizacion-de-empresas-2\/unidad-didactica-4-el-sistema-de-financiacion-de-la-empresa\/4-la-funcion-financiera-de-las-empresas-en-la-actualidad\/","name":"4. La funci\u00f3n financiera de las empresas en la actualidad - Blog de ADE","isPartOf":{"@id":"https:\/\/blogs.udima.es\/administracion-y-direccion-de-empresas\/#website"},"datePublished":"2010-12-30T10:50:28+00:00","dateModified":"2010-12-30T10:50:28+00:00","breadcrumb":{"@id":"https:\/\/blogs.udima.es\/administracion-y-direccion-de-empresas\/libros\/introduccion-a-la-organizacion-de-empresas-2\/unidad-didactica-4-el-sistema-de-financiacion-de-la-empresa\/4-la-funcion-financiera-de-las-empresas-en-la-actualidad\/#breadcrumb"},"inLanguage":"es","potentialAction":[{"@type":"ReadAction","target":["https:\/\/blogs.udima.es\/administracion-y-direccion-de-empresas\/libros\/introduccion-a-la-organizacion-de-empresas-2\/unidad-didactica-4-el-sistema-de-financiacion-de-la-empresa\/4-la-funcion-financiera-de-las-empresas-en-la-actualidad\/"]}]},{"@type":"BreadcrumbList","@id":"https:\/\/blogs.udima.es\/administracion-y-direccion-de-empresas\/libros\/introduccion-a-la-organizacion-de-empresas-2\/unidad-didactica-4-el-sistema-de-financiacion-de-la-empresa\/4-la-funcion-financiera-de-las-empresas-en-la-actualidad\/#breadcrumb","itemListElement":[{"@type":"ListItem","position":1,"name":"Portada","item":"https:\/\/blogs.udima.es\/administracion-y-direccion-de-empresas\/"},{"@type":"ListItem","position":2,"name":"Libros","item":"https:\/\/blogs.udima.es\/administracion-y-direccion-de-empresas\/libros\/"},{"@type":"ListItem","position":3,"name":"Introducci\u00f3n a la Organizaci\u00f3n de Empresas","item":"https:\/\/blogs.udima.es\/administracion-y-direccion-de-empresas\/libros\/introduccion-a-la-organizacion-de-empresas-2\/"},{"@type":"ListItem","position":4,"name":"Unidad did\u00e1ctica 4. El sistema de financiaci\u00f3n de la empresa","item":"https:\/\/blogs.udima.es\/administracion-y-direccion-de-empresas\/libros\/introduccion-a-la-organizacion-de-empresas-2\/unidad-didactica-4-el-sistema-de-financiacion-de-la-empresa\/"},{"@type":"ListItem","position":5,"name":"4. La funci\u00f3n financiera de las empresas en la actualidad"}]},{"@type":"WebSite","@id":"https:\/\/blogs.udima.es\/administracion-y-direccion-de-empresas\/#website","url":"https:\/\/blogs.udima.es\/administracion-y-direccion-de-empresas\/","name":"Blog de ADE - Universidad a Distancia de Madrid | UDIMA","description":"","potentialAction":[{"@type":"SearchAction","target":{"@type":"EntryPoint","urlTemplate":"https:\/\/blogs.udima.es\/administracion-y-direccion-de-empresas\/?s={search_term_string}"},"query-input":"required name=search_term_string"}],"inLanguage":"es"}]}},"_links":{"self":[{"href":"https:\/\/blogs.udima.es\/administracion-y-direccion-de-empresas\/wp-json\/wp\/v2\/pages\/341"}],"collection":[{"href":"https:\/\/blogs.udima.es\/administracion-y-direccion-de-empresas\/wp-json\/wp\/v2\/pages"}],"about":[{"href":"https:\/\/blogs.udima.es\/administracion-y-direccion-de-empresas\/wp-json\/wp\/v2\/types\/page"}],"author":[{"embeddable":true,"href":"https:\/\/blogs.udima.es\/administracion-y-direccion-de-empresas\/wp-json\/wp\/v2\/users\/2"}],"replies":[{"embeddable":true,"href":"https:\/\/blogs.udima.es\/administracion-y-direccion-de-empresas\/wp-json\/wp\/v2\/comments?post=341"}],"version-history":[{"count":0,"href":"https:\/\/blogs.udima.es\/administracion-y-direccion-de-empresas\/wp-json\/wp\/v2\/pages\/341\/revisions"}],"up":[{"embeddable":true,"href":"https:\/\/blogs.udima.es\/administracion-y-direccion-de-empresas\/wp-json\/wp\/v2\/pages\/319"}],"wp:attachment":[{"href":"https:\/\/blogs.udima.es\/administracion-y-direccion-de-empresas\/wp-json\/wp\/v2\/media?parent=341"}],"curies":[{"name":"wp","href":"https:\/\/api.w.org\/{rel}","templated":true}]}}