{"id":328,"date":"2010-12-30T10:42:38","date_gmt":"2010-12-30T10:42:38","guid":{"rendered":"http:\/\/www.adeudima.com\/?page_id=328"},"modified":"2010-12-30T10:42:38","modified_gmt":"2010-12-30T10:42:38","slug":"1-introduccion","status":"publish","type":"page","link":"https:\/\/blogs.udima.es\/administracion-y-direccion-de-empresas\/libros\/introduccion-a-la-organizacion-de-empresas-2\/unidad-didactica-4-el-sistema-de-financiacion-de-la-empresa\/1-introduccion\/","title":{"rendered":"1. Introducci\u00f3n"},"content":{"rendered":"<p>La funci\u00f3n financiera de la empresa  debe obtener los recursos  financieros que esta necesita para desarrollar su  actividad productiva y  lograr el crecimiento esperado, al menor coste posible,  y de forma que  le proporcione la mayor rentabilidad con el menor riesgo.<\/p>\n<p>Para ello es preciso conocer bien el  sistema financiero, es decir,  los mercados financieros, de dinero, de  capitales, de cr\u00e9dito y  monetarios, y las formas en que en los mismos se hacen  las operaciones y  se fijan los precios.<\/p>\n<p>En estos mercados la empresa\u00a0 podr\u00e1 contratar o adquirir diferentes  activos  financieros. En esta gesti\u00f3n tendr\u00e1 que operar la entidad con  el conjunto de  intermediarios e instituciones financieras que  configuran el sistema financiero  de la econom\u00eda.<\/p>\n<p>La funci\u00f3n financiera es una de las m\u00e1s  representativas y visibles  dentro de la empresa, sin embargo su importancia no  lleg\u00f3 hasta bien  avanzado el desarrollo de la econom\u00eda. La evoluci\u00f3n de las  finanzas se  plasma a ra\u00edz de unos acontecimientos contempor\u00e1neos al desarrollo  de  la funci\u00f3n financiera.<\/p>\n<p>Por \u00faltimo, en esta Unidad did\u00e1ctica se  analiza la organizaci\u00f3n y  definici\u00f3n funcional del departamento financiero de  una empresa con un  cierto tama\u00f1o o dimensi\u00f3n.<\/p>\n","protected":false},"excerpt":{"rendered":"<p>La funci\u00f3n financiera de la empresa debe obtener los recursos financieros que esta necesita para desarrollar su actividad productiva y lograr el crecimiento esperado, al menor coste posible, y de forma que le proporcione la mayor rentabilidad con el menor riesgo. Para ello es preciso conocer bien el sistema financiero, es decir, los mercados financieros, [&hellip;]<\/p>\n","protected":false},"author":2,"featured_media":0,"parent":319,"menu_order":0,"comment_status":"open","ping_status":"open","template":"","meta":{"footnotes":""},"yoast_head":"<!-- This site is optimized with the Yoast SEO plugin v22.9 - https:\/\/yoast.com\/wordpress\/plugins\/seo\/ -->\n<title>1. Introducci\u00f3n - Blog de ADE<\/title>\n<meta name=\"robots\" content=\"index, follow, max-snippet:-1, max-image-preview:large, max-video-preview:-1\" \/>\n<link rel=\"canonical\" href=\"https:\/\/blogs.udima.es\/administracion-y-direccion-de-empresas\/libros\/introduccion-a-la-organizacion-de-empresas-2\/unidad-didactica-4-el-sistema-de-financiacion-de-la-empresa\/1-introduccion\/\" \/>\n<meta property=\"og:locale\" content=\"es_ES\" \/>\n<meta property=\"og:type\" content=\"article\" \/>\n<meta property=\"og:title\" content=\"1. Introducci\u00f3n - Blog de ADE\" \/>\n<meta property=\"og:description\" content=\"La funci\u00f3n financiera de la empresa debe obtener los recursos financieros que esta necesita para desarrollar su actividad productiva y lograr el crecimiento esperado, al menor coste posible, y de forma que le proporcione la mayor rentabilidad con el menor riesgo. Para ello es preciso conocer bien el sistema financiero, es decir, los mercados financieros, [&hellip;]\" \/>\n<meta property=\"og:url\" content=\"https:\/\/blogs.udima.es\/administracion-y-direccion-de-empresas\/libros\/introduccion-a-la-organizacion-de-empresas-2\/unidad-didactica-4-el-sistema-de-financiacion-de-la-empresa\/1-introduccion\/\" \/>\n<meta property=\"og:site_name\" content=\"Blog de ADE - Universidad a Distancia de Madrid | UDIMA\" \/>\n<meta name=\"twitter:card\" content=\"summary_large_image\" \/>\n<meta name=\"twitter:label1\" content=\"Tiempo de lectura\" \/>\n\t<meta name=\"twitter:data1\" content=\"1 minuto\" \/>\n<script type=\"application\/ld+json\" class=\"yoast-schema-graph\">{\"@context\":\"https:\/\/schema.org\",\"@graph\":[{\"@type\":\"WebPage\",\"@id\":\"https:\/\/blogs.udima.es\/administracion-y-direccion-de-empresas\/libros\/introduccion-a-la-organizacion-de-empresas-2\/unidad-didactica-4-el-sistema-de-financiacion-de-la-empresa\/1-introduccion\/\",\"url\":\"https:\/\/blogs.udima.es\/administracion-y-direccion-de-empresas\/libros\/introduccion-a-la-organizacion-de-empresas-2\/unidad-didactica-4-el-sistema-de-financiacion-de-la-empresa\/1-introduccion\/\",\"name\":\"1. Introducci\u00f3n - Blog de ADE\",\"isPartOf\":{\"@id\":\"https:\/\/blogs.udima.es\/administracion-y-direccion-de-empresas\/#website\"},\"datePublished\":\"2010-12-30T10:42:38+00:00\",\"dateModified\":\"2010-12-30T10:42:38+00:00\",\"breadcrumb\":{\"@id\":\"https:\/\/blogs.udima.es\/administracion-y-direccion-de-empresas\/libros\/introduccion-a-la-organizacion-de-empresas-2\/unidad-didactica-4-el-sistema-de-financiacion-de-la-empresa\/1-introduccion\/#breadcrumb\"},\"inLanguage\":\"es\",\"potentialAction\":[{\"@type\":\"ReadAction\",\"target\":[\"https:\/\/blogs.udima.es\/administracion-y-direccion-de-empresas\/libros\/introduccion-a-la-organizacion-de-empresas-2\/unidad-didactica-4-el-sistema-de-financiacion-de-la-empresa\/1-introduccion\/\"]}]},{\"@type\":\"BreadcrumbList\",\"@id\":\"https:\/\/blogs.udima.es\/administracion-y-direccion-de-empresas\/libros\/introduccion-a-la-organizacion-de-empresas-2\/unidad-didactica-4-el-sistema-de-financiacion-de-la-empresa\/1-introduccion\/#breadcrumb\",\"itemListElement\":[{\"@type\":\"ListItem\",\"position\":1,\"name\":\"Portada\",\"item\":\"https:\/\/blogs.udima.es\/administracion-y-direccion-de-empresas\/\"},{\"@type\":\"ListItem\",\"position\":2,\"name\":\"Libros\",\"item\":\"https:\/\/blogs.udima.es\/administracion-y-direccion-de-empresas\/libros\/\"},{\"@type\":\"ListItem\",\"position\":3,\"name\":\"Introducci\u00f3n a la Organizaci\u00f3n de Empresas\",\"item\":\"https:\/\/blogs.udima.es\/administracion-y-direccion-de-empresas\/libros\/introduccion-a-la-organizacion-de-empresas-2\/\"},{\"@type\":\"ListItem\",\"position\":4,\"name\":\"Unidad did\u00e1ctica 4. El sistema de financiaci\u00f3n de la empresa\",\"item\":\"https:\/\/blogs.udima.es\/administracion-y-direccion-de-empresas\/libros\/introduccion-a-la-organizacion-de-empresas-2\/unidad-didactica-4-el-sistema-de-financiacion-de-la-empresa\/\"},{\"@type\":\"ListItem\",\"position\":5,\"name\":\"1. Introducci\u00f3n\"}]},{\"@type\":\"WebSite\",\"@id\":\"https:\/\/blogs.udima.es\/administracion-y-direccion-de-empresas\/#website\",\"url\":\"https:\/\/blogs.udima.es\/administracion-y-direccion-de-empresas\/\",\"name\":\"Blog de ADE - Universidad a Distancia de Madrid | UDIMA\",\"description\":\"\",\"potentialAction\":[{\"@type\":\"SearchAction\",\"target\":{\"@type\":\"EntryPoint\",\"urlTemplate\":\"https:\/\/blogs.udima.es\/administracion-y-direccion-de-empresas\/?s={search_term_string}\"},\"query-input\":\"required name=search_term_string\"}],\"inLanguage\":\"es\"}]}<\/script>\n<!-- \/ Yoast SEO plugin. -->","yoast_head_json":{"title":"1. Introducci\u00f3n - Blog de ADE","robots":{"index":"index","follow":"follow","max-snippet":"max-snippet:-1","max-image-preview":"max-image-preview:large","max-video-preview":"max-video-preview:-1"},"canonical":"https:\/\/blogs.udima.es\/administracion-y-direccion-de-empresas\/libros\/introduccion-a-la-organizacion-de-empresas-2\/unidad-didactica-4-el-sistema-de-financiacion-de-la-empresa\/1-introduccion\/","og_locale":"es_ES","og_type":"article","og_title":"1. Introducci\u00f3n - Blog de ADE","og_description":"La funci\u00f3n financiera de la empresa debe obtener los recursos financieros que esta necesita para desarrollar su actividad productiva y lograr el crecimiento esperado, al menor coste posible, y de forma que le proporcione la mayor rentabilidad con el menor riesgo. Para ello es preciso conocer bien el sistema financiero, es decir, los mercados financieros, [&hellip;]","og_url":"https:\/\/blogs.udima.es\/administracion-y-direccion-de-empresas\/libros\/introduccion-a-la-organizacion-de-empresas-2\/unidad-didactica-4-el-sistema-de-financiacion-de-la-empresa\/1-introduccion\/","og_site_name":"Blog de ADE - Universidad a Distancia de Madrid | UDIMA","twitter_card":"summary_large_image","twitter_misc":{"Tiempo de lectura":"1 minuto"},"schema":{"@context":"https:\/\/schema.org","@graph":[{"@type":"WebPage","@id":"https:\/\/blogs.udima.es\/administracion-y-direccion-de-empresas\/libros\/introduccion-a-la-organizacion-de-empresas-2\/unidad-didactica-4-el-sistema-de-financiacion-de-la-empresa\/1-introduccion\/","url":"https:\/\/blogs.udima.es\/administracion-y-direccion-de-empresas\/libros\/introduccion-a-la-organizacion-de-empresas-2\/unidad-didactica-4-el-sistema-de-financiacion-de-la-empresa\/1-introduccion\/","name":"1. Introducci\u00f3n - Blog de ADE","isPartOf":{"@id":"https:\/\/blogs.udima.es\/administracion-y-direccion-de-empresas\/#website"},"datePublished":"2010-12-30T10:42:38+00:00","dateModified":"2010-12-30T10:42:38+00:00","breadcrumb":{"@id":"https:\/\/blogs.udima.es\/administracion-y-direccion-de-empresas\/libros\/introduccion-a-la-organizacion-de-empresas-2\/unidad-didactica-4-el-sistema-de-financiacion-de-la-empresa\/1-introduccion\/#breadcrumb"},"inLanguage":"es","potentialAction":[{"@type":"ReadAction","target":["https:\/\/blogs.udima.es\/administracion-y-direccion-de-empresas\/libros\/introduccion-a-la-organizacion-de-empresas-2\/unidad-didactica-4-el-sistema-de-financiacion-de-la-empresa\/1-introduccion\/"]}]},{"@type":"BreadcrumbList","@id":"https:\/\/blogs.udima.es\/administracion-y-direccion-de-empresas\/libros\/introduccion-a-la-organizacion-de-empresas-2\/unidad-didactica-4-el-sistema-de-financiacion-de-la-empresa\/1-introduccion\/#breadcrumb","itemListElement":[{"@type":"ListItem","position":1,"name":"Portada","item":"https:\/\/blogs.udima.es\/administracion-y-direccion-de-empresas\/"},{"@type":"ListItem","position":2,"name":"Libros","item":"https:\/\/blogs.udima.es\/administracion-y-direccion-de-empresas\/libros\/"},{"@type":"ListItem","position":3,"name":"Introducci\u00f3n a la Organizaci\u00f3n de Empresas","item":"https:\/\/blogs.udima.es\/administracion-y-direccion-de-empresas\/libros\/introduccion-a-la-organizacion-de-empresas-2\/"},{"@type":"ListItem","position":4,"name":"Unidad did\u00e1ctica 4. El sistema de financiaci\u00f3n de la empresa","item":"https:\/\/blogs.udima.es\/administracion-y-direccion-de-empresas\/libros\/introduccion-a-la-organizacion-de-empresas-2\/unidad-didactica-4-el-sistema-de-financiacion-de-la-empresa\/"},{"@type":"ListItem","position":5,"name":"1. Introducci\u00f3n"}]},{"@type":"WebSite","@id":"https:\/\/blogs.udima.es\/administracion-y-direccion-de-empresas\/#website","url":"https:\/\/blogs.udima.es\/administracion-y-direccion-de-empresas\/","name":"Blog de ADE - Universidad a Distancia de Madrid | UDIMA","description":"","potentialAction":[{"@type":"SearchAction","target":{"@type":"EntryPoint","urlTemplate":"https:\/\/blogs.udima.es\/administracion-y-direccion-de-empresas\/?s={search_term_string}"},"query-input":"required name=search_term_string"}],"inLanguage":"es"}]}},"_links":{"self":[{"href":"https:\/\/blogs.udima.es\/administracion-y-direccion-de-empresas\/wp-json\/wp\/v2\/pages\/328"}],"collection":[{"href":"https:\/\/blogs.udima.es\/administracion-y-direccion-de-empresas\/wp-json\/wp\/v2\/pages"}],"about":[{"href":"https:\/\/blogs.udima.es\/administracion-y-direccion-de-empresas\/wp-json\/wp\/v2\/types\/page"}],"author":[{"embeddable":true,"href":"https:\/\/blogs.udima.es\/administracion-y-direccion-de-empresas\/wp-json\/wp\/v2\/users\/2"}],"replies":[{"embeddable":true,"href":"https:\/\/blogs.udima.es\/administracion-y-direccion-de-empresas\/wp-json\/wp\/v2\/comments?post=328"}],"version-history":[{"count":0,"href":"https:\/\/blogs.udima.es\/administracion-y-direccion-de-empresas\/wp-json\/wp\/v2\/pages\/328\/revisions"}],"up":[{"embeddable":true,"href":"https:\/\/blogs.udima.es\/administracion-y-direccion-de-empresas\/wp-json\/wp\/v2\/pages\/319"}],"wp:attachment":[{"href":"https:\/\/blogs.udima.es\/administracion-y-direccion-de-empresas\/wp-json\/wp\/v2\/media?parent=328"}],"curies":[{"name":"wp","href":"https:\/\/api.w.org\/{rel}","templated":true}]}}