{"id":325,"date":"2010-12-30T10:41:07","date_gmt":"2010-12-30T10:41:07","guid":{"rendered":"http:\/\/www.adeudima.com\/?page_id=325"},"modified":"2010-12-30T10:41:07","modified_gmt":"2010-12-30T10:41:07","slug":"objetivos-de-la-unidad-4","status":"publish","type":"page","link":"https:\/\/blogs.udima.es\/administracion-y-direccion-de-empresas\/libros\/introduccion-a-la-organizacion-de-empresas-2\/unidad-didactica-4-el-sistema-de-financiacion-de-la-empresa\/objetivos-de-la-unidad-4\/","title":{"rendered":"OBJETIVOS DE LA UNIDAD 4"},"content":{"rendered":"<p>En esta Unidad  did\u00e1ctica se pretende ofrecer una breve pero completa  introducci\u00f3n a lo que  representa el sistema de financiaci\u00f3n de la  empresa o de las organizaciones, a  trav\u00e9s del conocimiento de la  estructura y funcionamiento del sistema  financiero de la econom\u00eda en  que aquellas desempe\u00f1an su actividad. En concreto,  se abordar\u00e1n los  objetivos siguientes:<\/p>\n<ul>\n<li>Conocer  la composici\u00f3n y el funcionamiento del sistema financiero  como fuente de  financiaci\u00f3n de la empresa, cuesti\u00f3n que ser\u00e1 tratada  en el ep\u00edgrafe segundo.<\/li>\n<li>Entender  c\u00f3mo est\u00e1n organizados los mercados financieros y su  funcionamiento, de cara a  las necesidades de financiaci\u00f3n empresarial,  lo cual tambi\u00e9n se recoger\u00e1 en el  ep\u00edgrafe segundo.<\/li>\n<li>Analizar  cu\u00e1l ha sido la funci\u00f3n financiera de las organizaciones  a lo largo de la  historia y especialmente de las finanzas durante el  siglo pasado, cuesti\u00f3n que  se aborda en el ep\u00edgrafe tercero.<\/li>\n<li>Apreciar  los acontecimientos que rodean a la empresa en la  actualidad y que afectan muy  especialmente a la direcci\u00f3n financiera  para llevar a cabo con eficacia y  eficiencia sus tareas, aspectos que  se tratan en el ep\u00edgrafe cuarto.<\/li>\n<li>Conocer  todas y cada una de las secciones y actividades en las  que se puede descomponer  y organizar el departamento financiero de una  empresa en la econom\u00eda actual,  tal y como se recoge en el ep\u00edgrafe  quinto.<\/li>\n<\/ul>\n<p>Por \u00faltimo, se recogen los  conceptos b\u00e1sicos a retener, las  actividades que permiten un mejor aprendizaje  de los contenidos de la  Unidad  did\u00e1ctica y la bibliograf\u00eda que faculta el estudio y ampliaci\u00f3n  de los  conocimientos relacionados con la tem\u00e1tica de esta Unidad  did\u00e1ctica.<\/p>\n","protected":false},"excerpt":{"rendered":"<p>En esta Unidad did\u00e1ctica se pretende ofrecer una breve pero completa introducci\u00f3n a lo que representa el sistema de financiaci\u00f3n de la empresa o de las organizaciones, a trav\u00e9s del conocimiento de la estructura y funcionamiento del sistema financiero de la econom\u00eda en que aquellas desempe\u00f1an su actividad. En concreto, se abordar\u00e1n los objetivos siguientes: [&hellip;]<\/p>\n","protected":false},"author":2,"featured_media":0,"parent":319,"menu_order":0,"comment_status":"open","ping_status":"open","template":"","meta":{"footnotes":""},"yoast_head":"<!-- This site is optimized with the Yoast SEO plugin v22.9 - https:\/\/yoast.com\/wordpress\/plugins\/seo\/ -->\n<title>OBJETIVOS DE LA UNIDAD 4 - Blog de ADE<\/title>\n<meta name=\"robots\" content=\"index, follow, max-snippet:-1, max-image-preview:large, max-video-preview:-1\" \/>\n<link rel=\"canonical\" href=\"https:\/\/blogs.udima.es\/administracion-y-direccion-de-empresas\/libros\/introduccion-a-la-organizacion-de-empresas-2\/unidad-didactica-4-el-sistema-de-financiacion-de-la-empresa\/objetivos-de-la-unidad-4\/\" \/>\n<meta property=\"og:locale\" content=\"es_ES\" \/>\n<meta property=\"og:type\" content=\"article\" \/>\n<meta property=\"og:title\" content=\"OBJETIVOS DE LA UNIDAD 4 - Blog de ADE\" \/>\n<meta property=\"og:description\" content=\"En esta Unidad did\u00e1ctica se pretende ofrecer una breve pero completa introducci\u00f3n a lo que representa el sistema de financiaci\u00f3n de la empresa o de las organizaciones, a trav\u00e9s del conocimiento de la estructura y funcionamiento del sistema financiero de la econom\u00eda en que aquellas desempe\u00f1an su actividad. En concreto, se abordar\u00e1n los objetivos siguientes: [&hellip;]\" \/>\n<meta property=\"og:url\" content=\"https:\/\/blogs.udima.es\/administracion-y-direccion-de-empresas\/libros\/introduccion-a-la-organizacion-de-empresas-2\/unidad-didactica-4-el-sistema-de-financiacion-de-la-empresa\/objetivos-de-la-unidad-4\/\" \/>\n<meta property=\"og:site_name\" content=\"Blog de ADE - Universidad a Distancia de Madrid | UDIMA\" \/>\n<meta name=\"twitter:card\" content=\"summary_large_image\" \/>\n<meta name=\"twitter:label1\" content=\"Tiempo de lectura\" \/>\n\t<meta name=\"twitter:data1\" content=\"1 minuto\" \/>\n<script type=\"application\/ld+json\" class=\"yoast-schema-graph\">{\"@context\":\"https:\/\/schema.org\",\"@graph\":[{\"@type\":\"WebPage\",\"@id\":\"https:\/\/blogs.udima.es\/administracion-y-direccion-de-empresas\/libros\/introduccion-a-la-organizacion-de-empresas-2\/unidad-didactica-4-el-sistema-de-financiacion-de-la-empresa\/objetivos-de-la-unidad-4\/\",\"url\":\"https:\/\/blogs.udima.es\/administracion-y-direccion-de-empresas\/libros\/introduccion-a-la-organizacion-de-empresas-2\/unidad-didactica-4-el-sistema-de-financiacion-de-la-empresa\/objetivos-de-la-unidad-4\/\",\"name\":\"OBJETIVOS DE LA UNIDAD 4 - Blog de ADE\",\"isPartOf\":{\"@id\":\"https:\/\/blogs.udima.es\/administracion-y-direccion-de-empresas\/#website\"},\"datePublished\":\"2010-12-30T10:41:07+00:00\",\"dateModified\":\"2010-12-30T10:41:07+00:00\",\"breadcrumb\":{\"@id\":\"https:\/\/blogs.udima.es\/administracion-y-direccion-de-empresas\/libros\/introduccion-a-la-organizacion-de-empresas-2\/unidad-didactica-4-el-sistema-de-financiacion-de-la-empresa\/objetivos-de-la-unidad-4\/#breadcrumb\"},\"inLanguage\":\"es\",\"potentialAction\":[{\"@type\":\"ReadAction\",\"target\":[\"https:\/\/blogs.udima.es\/administracion-y-direccion-de-empresas\/libros\/introduccion-a-la-organizacion-de-empresas-2\/unidad-didactica-4-el-sistema-de-financiacion-de-la-empresa\/objetivos-de-la-unidad-4\/\"]}]},{\"@type\":\"BreadcrumbList\",\"@id\":\"https:\/\/blogs.udima.es\/administracion-y-direccion-de-empresas\/libros\/introduccion-a-la-organizacion-de-empresas-2\/unidad-didactica-4-el-sistema-de-financiacion-de-la-empresa\/objetivos-de-la-unidad-4\/#breadcrumb\",\"itemListElement\":[{\"@type\":\"ListItem\",\"position\":1,\"name\":\"Portada\",\"item\":\"https:\/\/blogs.udima.es\/administracion-y-direccion-de-empresas\/\"},{\"@type\":\"ListItem\",\"position\":2,\"name\":\"Libros\",\"item\":\"https:\/\/blogs.udima.es\/administracion-y-direccion-de-empresas\/libros\/\"},{\"@type\":\"ListItem\",\"position\":3,\"name\":\"Introducci\u00f3n a la Organizaci\u00f3n de Empresas\",\"item\":\"https:\/\/blogs.udima.es\/administracion-y-direccion-de-empresas\/libros\/introduccion-a-la-organizacion-de-empresas-2\/\"},{\"@type\":\"ListItem\",\"position\":4,\"name\":\"Unidad did\u00e1ctica 4. El sistema de financiaci\u00f3n de la empresa\",\"item\":\"https:\/\/blogs.udima.es\/administracion-y-direccion-de-empresas\/libros\/introduccion-a-la-organizacion-de-empresas-2\/unidad-didactica-4-el-sistema-de-financiacion-de-la-empresa\/\"},{\"@type\":\"ListItem\",\"position\":5,\"name\":\"OBJETIVOS DE LA UNIDAD 4\"}]},{\"@type\":\"WebSite\",\"@id\":\"https:\/\/blogs.udima.es\/administracion-y-direccion-de-empresas\/#website\",\"url\":\"https:\/\/blogs.udima.es\/administracion-y-direccion-de-empresas\/\",\"name\":\"Blog de ADE - Universidad a Distancia de Madrid | UDIMA\",\"description\":\"\",\"potentialAction\":[{\"@type\":\"SearchAction\",\"target\":{\"@type\":\"EntryPoint\",\"urlTemplate\":\"https:\/\/blogs.udima.es\/administracion-y-direccion-de-empresas\/?s={search_term_string}\"},\"query-input\":\"required name=search_term_string\"}],\"inLanguage\":\"es\"}]}<\/script>\n<!-- \/ Yoast SEO plugin. -->","yoast_head_json":{"title":"OBJETIVOS DE LA UNIDAD 4 - Blog de ADE","robots":{"index":"index","follow":"follow","max-snippet":"max-snippet:-1","max-image-preview":"max-image-preview:large","max-video-preview":"max-video-preview:-1"},"canonical":"https:\/\/blogs.udima.es\/administracion-y-direccion-de-empresas\/libros\/introduccion-a-la-organizacion-de-empresas-2\/unidad-didactica-4-el-sistema-de-financiacion-de-la-empresa\/objetivos-de-la-unidad-4\/","og_locale":"es_ES","og_type":"article","og_title":"OBJETIVOS DE LA UNIDAD 4 - Blog de ADE","og_description":"En esta Unidad did\u00e1ctica se pretende ofrecer una breve pero completa introducci\u00f3n a lo que representa el sistema de financiaci\u00f3n de la empresa o de las organizaciones, a trav\u00e9s del conocimiento de la estructura y funcionamiento del sistema financiero de la econom\u00eda en que aquellas desempe\u00f1an su actividad. En concreto, se abordar\u00e1n los objetivos siguientes: [&hellip;]","og_url":"https:\/\/blogs.udima.es\/administracion-y-direccion-de-empresas\/libros\/introduccion-a-la-organizacion-de-empresas-2\/unidad-didactica-4-el-sistema-de-financiacion-de-la-empresa\/objetivos-de-la-unidad-4\/","og_site_name":"Blog de ADE - Universidad a Distancia de Madrid | UDIMA","twitter_card":"summary_large_image","twitter_misc":{"Tiempo de lectura":"1 minuto"},"schema":{"@context":"https:\/\/schema.org","@graph":[{"@type":"WebPage","@id":"https:\/\/blogs.udima.es\/administracion-y-direccion-de-empresas\/libros\/introduccion-a-la-organizacion-de-empresas-2\/unidad-didactica-4-el-sistema-de-financiacion-de-la-empresa\/objetivos-de-la-unidad-4\/","url":"https:\/\/blogs.udima.es\/administracion-y-direccion-de-empresas\/libros\/introduccion-a-la-organizacion-de-empresas-2\/unidad-didactica-4-el-sistema-de-financiacion-de-la-empresa\/objetivos-de-la-unidad-4\/","name":"OBJETIVOS DE LA UNIDAD 4 - Blog de ADE","isPartOf":{"@id":"https:\/\/blogs.udima.es\/administracion-y-direccion-de-empresas\/#website"},"datePublished":"2010-12-30T10:41:07+00:00","dateModified":"2010-12-30T10:41:07+00:00","breadcrumb":{"@id":"https:\/\/blogs.udima.es\/administracion-y-direccion-de-empresas\/libros\/introduccion-a-la-organizacion-de-empresas-2\/unidad-didactica-4-el-sistema-de-financiacion-de-la-empresa\/objetivos-de-la-unidad-4\/#breadcrumb"},"inLanguage":"es","potentialAction":[{"@type":"ReadAction","target":["https:\/\/blogs.udima.es\/administracion-y-direccion-de-empresas\/libros\/introduccion-a-la-organizacion-de-empresas-2\/unidad-didactica-4-el-sistema-de-financiacion-de-la-empresa\/objetivos-de-la-unidad-4\/"]}]},{"@type":"BreadcrumbList","@id":"https:\/\/blogs.udima.es\/administracion-y-direccion-de-empresas\/libros\/introduccion-a-la-organizacion-de-empresas-2\/unidad-didactica-4-el-sistema-de-financiacion-de-la-empresa\/objetivos-de-la-unidad-4\/#breadcrumb","itemListElement":[{"@type":"ListItem","position":1,"name":"Portada","item":"https:\/\/blogs.udima.es\/administracion-y-direccion-de-empresas\/"},{"@type":"ListItem","position":2,"name":"Libros","item":"https:\/\/blogs.udima.es\/administracion-y-direccion-de-empresas\/libros\/"},{"@type":"ListItem","position":3,"name":"Introducci\u00f3n a la Organizaci\u00f3n de Empresas","item":"https:\/\/blogs.udima.es\/administracion-y-direccion-de-empresas\/libros\/introduccion-a-la-organizacion-de-empresas-2\/"},{"@type":"ListItem","position":4,"name":"Unidad did\u00e1ctica 4. El sistema de financiaci\u00f3n de la empresa","item":"https:\/\/blogs.udima.es\/administracion-y-direccion-de-empresas\/libros\/introduccion-a-la-organizacion-de-empresas-2\/unidad-didactica-4-el-sistema-de-financiacion-de-la-empresa\/"},{"@type":"ListItem","position":5,"name":"OBJETIVOS DE LA UNIDAD 4"}]},{"@type":"WebSite","@id":"https:\/\/blogs.udima.es\/administracion-y-direccion-de-empresas\/#website","url":"https:\/\/blogs.udima.es\/administracion-y-direccion-de-empresas\/","name":"Blog de ADE - Universidad a Distancia de Madrid | UDIMA","description":"","potentialAction":[{"@type":"SearchAction","target":{"@type":"EntryPoint","urlTemplate":"https:\/\/blogs.udima.es\/administracion-y-direccion-de-empresas\/?s={search_term_string}"},"query-input":"required name=search_term_string"}],"inLanguage":"es"}]}},"_links":{"self":[{"href":"https:\/\/blogs.udima.es\/administracion-y-direccion-de-empresas\/wp-json\/wp\/v2\/pages\/325"}],"collection":[{"href":"https:\/\/blogs.udima.es\/administracion-y-direccion-de-empresas\/wp-json\/wp\/v2\/pages"}],"about":[{"href":"https:\/\/blogs.udima.es\/administracion-y-direccion-de-empresas\/wp-json\/wp\/v2\/types\/page"}],"author":[{"embeddable":true,"href":"https:\/\/blogs.udima.es\/administracion-y-direccion-de-empresas\/wp-json\/wp\/v2\/users\/2"}],"replies":[{"embeddable":true,"href":"https:\/\/blogs.udima.es\/administracion-y-direccion-de-empresas\/wp-json\/wp\/v2\/comments?post=325"}],"version-history":[{"count":0,"href":"https:\/\/blogs.udima.es\/administracion-y-direccion-de-empresas\/wp-json\/wp\/v2\/pages\/325\/revisions"}],"up":[{"embeddable":true,"href":"https:\/\/blogs.udima.es\/administracion-y-direccion-de-empresas\/wp-json\/wp\/v2\/pages\/319"}],"wp:attachment":[{"href":"https:\/\/blogs.udima.es\/administracion-y-direccion-de-empresas\/wp-json\/wp\/v2\/media?parent=325"}],"curies":[{"name":"wp","href":"https:\/\/api.w.org\/{rel}","templated":true}]}}