{"id":319,"date":"2010-12-30T09:22:49","date_gmt":"2010-12-30T09:22:49","guid":{"rendered":"http:\/\/www.adeudima.com\/?page_id=319"},"modified":"2016-01-25T15:36:54","modified_gmt":"2016-01-25T15:36:54","slug":"unidad-didactica-4-el-sistema-de-financiacion-de-la-empresa","status":"publish","type":"page","link":"https:\/\/blogs.udima.es\/administracion-y-direccion-de-empresas\/libros\/introduccion-a-la-organizacion-de-empresas-2\/unidad-didactica-4-el-sistema-de-financiacion-de-la-empresa\/","title":{"rendered":"Unidad did\u00e1ctica 4. El sistema de financiaci\u00f3n de la empresa"},"content":{"rendered":"<p style=\"text-align: center;\"><strong>SUMARIO<\/strong><\/p>\n<p>DESARROLLO DE LA UNIDAD<\/p>\n<p><a href=\"https:\/\/blogs.udima.es\/administracion-y-direccion-de-empresas\/libros\/introduccion-a-la-organizacion-de-empresas-2\/unidad-didactica-4-el-sistema-de-financiacion-de-la-empresa\/1-introduccion\/\">1. Introducci\u00f3n<\/a><br \/>\n<a href=\"https:\/\/blogs.udima.es\/administracion-y-direccion-de-empresas\/libros\/introduccion-a-la-organizacion-de-empresas-2\/unidad-didactica-4-el-sistema-de-financiacion-de-la-empresa\/2-el-sistema-financiero-estructura-y-tipologia-de-mercados-financieros\/\">2. El sistema financiero: estructura y tipolog\u00eda de mercados financieros<\/a><br \/>\n<a href=\"https:\/\/blogs.udima.es\/administracion-y-direccion-de-empresas\/libros\/introduccion-a-la-organizacion-de-empresas-2\/unidad-didactica-4-el-sistema-de-financiacion-de-la-empresa\/3-evolucion-historica-de-la-funcion-financiera-de-las-organizaciones\/\">3. Evoluci\u00f3n hist\u00f3rica de la funci\u00f3n financiera de las organizaciones<\/a><br \/>\n<a href=\"https:\/\/blogs.udima.es\/administracion-y-direccion-de-empresas\/libros\/introduccion-a-la-organizacion-de-empresas-2\/unidad-didactica-4-el-sistema-de-financiacion-de-la-empresa\/4-la-funcion-financiera-de-las-empresas-en-la-actualidad\/\">4. La funci\u00f3n financiera de las empresas en la actualidad<\/a><br \/>\n<a href=\"https:\/\/blogs.udima.es\/administracion-y-direccion-de-empresas\/libros\/introduccion-a-la-organizacion-de-empresas-2\/unidad-didactica-4-el-sistema-de-financiacion-de-la-empresa\/5-la-organizacion-del-departamento-financiero\/\">5. La organizaci\u00f3n del departamento financiero<\/a><\/p>\n<p><a href=\"https:\/\/blogs.udima.es\/administracion-y-direccion-de-empresas\/libros\/introduccion-a-la-organizacion-de-empresas-2\/unidad-didactica-4-el-sistema-de-financiacion-de-la-empresa\/objetivos-de-la-unidad-4\/\">OBJETIVOS DE LA UNIDAD 4<\/a><\/p>\n<p><a href=\"https:\/\/blogs.udima.es\/administracion-y-direccion-de-empresas\/libros\/introduccion-a-la-organizacion-de-empresas-2\/unidad-didactica-4-el-sistema-de-financiacion-de-la-empresa\/conceptos-basicos-a-retener\/\">CONCEPTOS B\u00c1SICOS A RETENER<\/a><\/p>\n<p><a href=\"https:\/\/blogs.udima.es\/administracion-y-direccion-de-empresas\/libros\/introduccion-a-la-organizacion-de-empresas-2\/unidad-didactica-4-el-sistema-de-financiacion-de-la-empresa\/actividades-de-autocomprobacion\/\">ACTIVIDADES DE AUTOCOMPROBACI\u00d3N<\/a><\/p>\n<p><a href=\"https:\/\/blogs.udima.es\/administracion-y-direccion-de-empresas\/libros\/introduccion-a-la-organizacion-de-empresas-2\/unidad-didactica-4-el-sistema-de-financiacion-de-la-empresa\/referencias-bibliograficas\/\">REFERENCIAS BIBLIOGR\u00c1FICAS<\/a><\/p>\n<p>1 En la elaboraci\u00f3n de esta Unidad did\u00e1ctica ha colaborado Herm\u00f3genes del Real Alvarez (Profesor Asociado del Departamento de Organizaci\u00f3n de Empresas de la UAM).<\/p>\n","protected":false},"excerpt":{"rendered":"<p>SUMARIO DESARROLLO DE LA UNIDAD 1. Introducci\u00f3n 2. El sistema financiero: estructura y tipolog\u00eda de mercados financieros 3. Evoluci\u00f3n hist\u00f3rica de la funci\u00f3n financiera de las organizaciones 4. La funci\u00f3n financiera de las empresas en la actualidad 5. La organizaci\u00f3n del departamento financiero OBJETIVOS DE LA UNIDAD 4 CONCEPTOS B\u00c1SICOS A RETENER ACTIVIDADES DE AUTOCOMPROBACI\u00d3N [&hellip;]<\/p>\n","protected":false},"author":2,"featured_media":0,"parent":102,"menu_order":0,"comment_status":"open","ping_status":"open","template":"","meta":{"footnotes":""},"yoast_head":"<!-- This site is optimized with the Yoast SEO plugin v22.9 - https:\/\/yoast.com\/wordpress\/plugins\/seo\/ -->\n<title>Unidad did\u00e1ctica 4. El sistema de financiaci\u00f3n de la empresa - Blog de ADE<\/title>\n<meta name=\"robots\" content=\"index, follow, max-snippet:-1, max-image-preview:large, max-video-preview:-1\" \/>\n<link rel=\"canonical\" href=\"https:\/\/blogs.udima.es\/administracion-y-direccion-de-empresas\/libros\/introduccion-a-la-organizacion-de-empresas-2\/unidad-didactica-4-el-sistema-de-financiacion-de-la-empresa\/\" \/>\n<meta property=\"og:locale\" content=\"es_ES\" \/>\n<meta property=\"og:type\" content=\"article\" \/>\n<meta property=\"og:title\" content=\"Unidad did\u00e1ctica 4. El sistema de financiaci\u00f3n de la empresa - Blog de ADE\" \/>\n<meta property=\"og:description\" content=\"SUMARIO DESARROLLO DE LA UNIDAD 1. Introducci\u00f3n 2. El sistema financiero: estructura y tipolog\u00eda de mercados financieros 3. Evoluci\u00f3n hist\u00f3rica de la funci\u00f3n financiera de las organizaciones 4. La funci\u00f3n financiera de las empresas en la actualidad 5. La organizaci\u00f3n del departamento financiero OBJETIVOS DE LA UNIDAD 4 CONCEPTOS B\u00c1SICOS A RETENER ACTIVIDADES DE AUTOCOMPROBACI\u00d3N [&hellip;]\" \/>\n<meta property=\"og:url\" content=\"https:\/\/blogs.udima.es\/administracion-y-direccion-de-empresas\/libros\/introduccion-a-la-organizacion-de-empresas-2\/unidad-didactica-4-el-sistema-de-financiacion-de-la-empresa\/\" \/>\n<meta property=\"og:site_name\" content=\"Blog de ADE - Universidad a Distancia de Madrid | UDIMA\" \/>\n<meta property=\"article:modified_time\" content=\"2016-01-25T15:36:54+00:00\" \/>\n<meta name=\"twitter:card\" content=\"summary_large_image\" \/>\n<script type=\"application\/ld+json\" class=\"yoast-schema-graph\">{\"@context\":\"https:\/\/schema.org\",\"@graph\":[{\"@type\":\"WebPage\",\"@id\":\"https:\/\/blogs.udima.es\/administracion-y-direccion-de-empresas\/libros\/introduccion-a-la-organizacion-de-empresas-2\/unidad-didactica-4-el-sistema-de-financiacion-de-la-empresa\/\",\"url\":\"https:\/\/blogs.udima.es\/administracion-y-direccion-de-empresas\/libros\/introduccion-a-la-organizacion-de-empresas-2\/unidad-didactica-4-el-sistema-de-financiacion-de-la-empresa\/\",\"name\":\"Unidad did\u00e1ctica 4. El sistema de financiaci\u00f3n de la empresa - Blog de ADE\",\"isPartOf\":{\"@id\":\"https:\/\/blogs.udima.es\/administracion-y-direccion-de-empresas\/#website\"},\"datePublished\":\"2010-12-30T09:22:49+00:00\",\"dateModified\":\"2016-01-25T15:36:54+00:00\",\"breadcrumb\":{\"@id\":\"https:\/\/blogs.udima.es\/administracion-y-direccion-de-empresas\/libros\/introduccion-a-la-organizacion-de-empresas-2\/unidad-didactica-4-el-sistema-de-financiacion-de-la-empresa\/#breadcrumb\"},\"inLanguage\":\"es\",\"potentialAction\":[{\"@type\":\"ReadAction\",\"target\":[\"https:\/\/blogs.udima.es\/administracion-y-direccion-de-empresas\/libros\/introduccion-a-la-organizacion-de-empresas-2\/unidad-didactica-4-el-sistema-de-financiacion-de-la-empresa\/\"]}]},{\"@type\":\"BreadcrumbList\",\"@id\":\"https:\/\/blogs.udima.es\/administracion-y-direccion-de-empresas\/libros\/introduccion-a-la-organizacion-de-empresas-2\/unidad-didactica-4-el-sistema-de-financiacion-de-la-empresa\/#breadcrumb\",\"itemListElement\":[{\"@type\":\"ListItem\",\"position\":1,\"name\":\"Portada\",\"item\":\"https:\/\/blogs.udima.es\/administracion-y-direccion-de-empresas\/\"},{\"@type\":\"ListItem\",\"position\":2,\"name\":\"Libros\",\"item\":\"https:\/\/blogs.udima.es\/administracion-y-direccion-de-empresas\/libros\/\"},{\"@type\":\"ListItem\",\"position\":3,\"name\":\"Introducci\u00f3n a la Organizaci\u00f3n de Empresas\",\"item\":\"https:\/\/blogs.udima.es\/administracion-y-direccion-de-empresas\/libros\/introduccion-a-la-organizacion-de-empresas-2\/\"},{\"@type\":\"ListItem\",\"position\":4,\"name\":\"Unidad did\u00e1ctica 4. El sistema de financiaci\u00f3n de la empresa\"}]},{\"@type\":\"WebSite\",\"@id\":\"https:\/\/blogs.udima.es\/administracion-y-direccion-de-empresas\/#website\",\"url\":\"https:\/\/blogs.udima.es\/administracion-y-direccion-de-empresas\/\",\"name\":\"Blog de ADE - Universidad a Distancia de Madrid | UDIMA\",\"description\":\"\",\"potentialAction\":[{\"@type\":\"SearchAction\",\"target\":{\"@type\":\"EntryPoint\",\"urlTemplate\":\"https:\/\/blogs.udima.es\/administracion-y-direccion-de-empresas\/?s={search_term_string}\"},\"query-input\":\"required name=search_term_string\"}],\"inLanguage\":\"es\"}]}<\/script>\n<!-- \/ Yoast SEO plugin. -->","yoast_head_json":{"title":"Unidad did\u00e1ctica 4. El sistema de financiaci\u00f3n de la empresa - Blog de ADE","robots":{"index":"index","follow":"follow","max-snippet":"max-snippet:-1","max-image-preview":"max-image-preview:large","max-video-preview":"max-video-preview:-1"},"canonical":"https:\/\/blogs.udima.es\/administracion-y-direccion-de-empresas\/libros\/introduccion-a-la-organizacion-de-empresas-2\/unidad-didactica-4-el-sistema-de-financiacion-de-la-empresa\/","og_locale":"es_ES","og_type":"article","og_title":"Unidad did\u00e1ctica 4. El sistema de financiaci\u00f3n de la empresa - Blog de ADE","og_description":"SUMARIO DESARROLLO DE LA UNIDAD 1. Introducci\u00f3n 2. El sistema financiero: estructura y tipolog\u00eda de mercados financieros 3. Evoluci\u00f3n hist\u00f3rica de la funci\u00f3n financiera de las organizaciones 4. La funci\u00f3n financiera de las empresas en la actualidad 5. La organizaci\u00f3n del departamento financiero OBJETIVOS DE LA UNIDAD 4 CONCEPTOS B\u00c1SICOS A RETENER ACTIVIDADES DE AUTOCOMPROBACI\u00d3N [&hellip;]","og_url":"https:\/\/blogs.udima.es\/administracion-y-direccion-de-empresas\/libros\/introduccion-a-la-organizacion-de-empresas-2\/unidad-didactica-4-el-sistema-de-financiacion-de-la-empresa\/","og_site_name":"Blog de ADE - Universidad a Distancia de Madrid | UDIMA","article_modified_time":"2016-01-25T15:36:54+00:00","twitter_card":"summary_large_image","schema":{"@context":"https:\/\/schema.org","@graph":[{"@type":"WebPage","@id":"https:\/\/blogs.udima.es\/administracion-y-direccion-de-empresas\/libros\/introduccion-a-la-organizacion-de-empresas-2\/unidad-didactica-4-el-sistema-de-financiacion-de-la-empresa\/","url":"https:\/\/blogs.udima.es\/administracion-y-direccion-de-empresas\/libros\/introduccion-a-la-organizacion-de-empresas-2\/unidad-didactica-4-el-sistema-de-financiacion-de-la-empresa\/","name":"Unidad did\u00e1ctica 4. El sistema de financiaci\u00f3n de la empresa - Blog de ADE","isPartOf":{"@id":"https:\/\/blogs.udima.es\/administracion-y-direccion-de-empresas\/#website"},"datePublished":"2010-12-30T09:22:49+00:00","dateModified":"2016-01-25T15:36:54+00:00","breadcrumb":{"@id":"https:\/\/blogs.udima.es\/administracion-y-direccion-de-empresas\/libros\/introduccion-a-la-organizacion-de-empresas-2\/unidad-didactica-4-el-sistema-de-financiacion-de-la-empresa\/#breadcrumb"},"inLanguage":"es","potentialAction":[{"@type":"ReadAction","target":["https:\/\/blogs.udima.es\/administracion-y-direccion-de-empresas\/libros\/introduccion-a-la-organizacion-de-empresas-2\/unidad-didactica-4-el-sistema-de-financiacion-de-la-empresa\/"]}]},{"@type":"BreadcrumbList","@id":"https:\/\/blogs.udima.es\/administracion-y-direccion-de-empresas\/libros\/introduccion-a-la-organizacion-de-empresas-2\/unidad-didactica-4-el-sistema-de-financiacion-de-la-empresa\/#breadcrumb","itemListElement":[{"@type":"ListItem","position":1,"name":"Portada","item":"https:\/\/blogs.udima.es\/administracion-y-direccion-de-empresas\/"},{"@type":"ListItem","position":2,"name":"Libros","item":"https:\/\/blogs.udima.es\/administracion-y-direccion-de-empresas\/libros\/"},{"@type":"ListItem","position":3,"name":"Introducci\u00f3n a la Organizaci\u00f3n de Empresas","item":"https:\/\/blogs.udima.es\/administracion-y-direccion-de-empresas\/libros\/introduccion-a-la-organizacion-de-empresas-2\/"},{"@type":"ListItem","position":4,"name":"Unidad did\u00e1ctica 4. El sistema de financiaci\u00f3n de la empresa"}]},{"@type":"WebSite","@id":"https:\/\/blogs.udima.es\/administracion-y-direccion-de-empresas\/#website","url":"https:\/\/blogs.udima.es\/administracion-y-direccion-de-empresas\/","name":"Blog de ADE - Universidad a Distancia de Madrid | UDIMA","description":"","potentialAction":[{"@type":"SearchAction","target":{"@type":"EntryPoint","urlTemplate":"https:\/\/blogs.udima.es\/administracion-y-direccion-de-empresas\/?s={search_term_string}"},"query-input":"required name=search_term_string"}],"inLanguage":"es"}]}},"_links":{"self":[{"href":"https:\/\/blogs.udima.es\/administracion-y-direccion-de-empresas\/wp-json\/wp\/v2\/pages\/319"}],"collection":[{"href":"https:\/\/blogs.udima.es\/administracion-y-direccion-de-empresas\/wp-json\/wp\/v2\/pages"}],"about":[{"href":"https:\/\/blogs.udima.es\/administracion-y-direccion-de-empresas\/wp-json\/wp\/v2\/types\/page"}],"author":[{"embeddable":true,"href":"https:\/\/blogs.udima.es\/administracion-y-direccion-de-empresas\/wp-json\/wp\/v2\/users\/2"}],"replies":[{"embeddable":true,"href":"https:\/\/blogs.udima.es\/administracion-y-direccion-de-empresas\/wp-json\/wp\/v2\/comments?post=319"}],"version-history":[{"count":2,"href":"https:\/\/blogs.udima.es\/administracion-y-direccion-de-empresas\/wp-json\/wp\/v2\/pages\/319\/revisions"}],"predecessor-version":[{"id":1663,"href":"https:\/\/blogs.udima.es\/administracion-y-direccion-de-empresas\/wp-json\/wp\/v2\/pages\/319\/revisions\/1663"}],"up":[{"embeddable":true,"href":"https:\/\/blogs.udima.es\/administracion-y-direccion-de-empresas\/wp-json\/wp\/v2\/pages\/102"}],"wp:attachment":[{"href":"https:\/\/blogs.udima.es\/administracion-y-direccion-de-empresas\/wp-json\/wp\/v2\/media?parent=319"}],"curies":[{"name":"wp","href":"https:\/\/api.w.org\/{rel}","templated":true}]}}