{"id":308,"date":"2010-12-30T09:10:25","date_gmt":"2010-12-30T09:10:25","guid":{"rendered":"http:\/\/www.adeudima.com\/?page_id=308"},"modified":"2010-12-30T09:10:25","modified_gmt":"2010-12-30T09:10:25","slug":"actividades-de-repaso","status":"publish","type":"page","link":"https:\/\/blogs.udima.es\/administracion-y-direccion-de-empresas\/libros\/introduccion-a-la-organizacion-de-empresas-2\/unidad-didactica-3-analisis-economico-del-sistema-tecnico-de-la-empresa\/actividades-de-repaso\/","title":{"rendered":"ACTIVIDADES DE REPASO"},"content":{"rendered":"<ol>\n<li> \u00bfCu\u00e1les son las razones de la importancia dada  hasta la fecha al sistema t\u00e9cnico en la Econom\u00eda de la Empresa?<\/li>\n<li>\u00bfCree  que a la empresa le interesa reducir su \u00abperiodo medio de  maduraci\u00f3n\u00bb? \u00bfPodr\u00eda  sugerir algunos aceleradores en cualquiera de sus  periodos espec\u00edficos?<\/li>\n<li> \u00bfPodr\u00eda una empresa tener un fondo de maniobra  negativo? \u00bfPuede explicarlo con alg\u00fan ejemplo?<\/li>\n<li>\u00bfCu\u00e1les  cree que son las razones para rechazar el beneficio neto  peri\u00f3dico y aceptar el  flujo de caja en el an\u00e1lisis temporal de la  inversi\u00f3n?<\/li>\n<li> \u00bfCu\u00e1les son las razones de que las empresas  que realizan inversiones en el exterior suelan manejar el criterio del <em>pay  back<\/em>? \u00bfConoce situaciones concretas que lo justifiquen?<\/li>\n<li> \u00bfC\u00f3mo se podr\u00eda incluir la inflaci\u00f3n en el  criterio del valor  actual neto y en qu\u00e9 medida los tipos del mercado financiero  la  contemplan o no?<\/li>\n<li>\u00bfCu\u00e1les  son las posibles relaciones entre la   TIR y el coste de  capital de un proyecto de inversi\u00f3n?  \u00bfConoce alguna propuesta de  equilibrio para comparar alternativas?<\/li>\n<li> \u00bfCree que los impuestos son neutrales en los  proyectos de inversi\u00f3n? \u00bfPuede dar alg\u00fan ejemplo?<\/li>\n<\/ol>\n","protected":false},"excerpt":{"rendered":"<p>\u00bfCu\u00e1les son las razones de la importancia dada hasta la fecha al sistema t\u00e9cnico en la Econom\u00eda de la Empresa? \u00bfCree que a la empresa le interesa reducir su \u00abperiodo medio de maduraci\u00f3n\u00bb? \u00bfPodr\u00eda sugerir algunos aceleradores en cualquiera de sus periodos espec\u00edficos? \u00bfPodr\u00eda una empresa tener un fondo de maniobra negativo? \u00bfPuede explicarlo con [&hellip;]<\/p>\n","protected":false},"author":2,"featured_media":0,"parent":1071,"menu_order":9,"comment_status":"open","ping_status":"open","template":"","meta":{"footnotes":""},"yoast_head":"<!-- This site is optimized with the Yoast SEO plugin v22.9 - https:\/\/yoast.com\/wordpress\/plugins\/seo\/ -->\n<title>ACTIVIDADES DE REPASO - Blog de ADE<\/title>\n<meta name=\"robots\" content=\"index, follow, max-snippet:-1, max-image-preview:large, max-video-preview:-1\" \/>\n<link rel=\"canonical\" href=\"https:\/\/blogs.udima.es\/administracion-y-direccion-de-empresas\/libros\/introduccion-a-la-organizacion-de-empresas-2\/unidad-didactica-3-analisis-economico-del-sistema-tecnico-de-la-empresa\/actividades-de-repaso\/\" \/>\n<meta property=\"og:locale\" content=\"es_ES\" \/>\n<meta property=\"og:type\" content=\"article\" \/>\n<meta property=\"og:title\" content=\"ACTIVIDADES DE REPASO - Blog de ADE\" \/>\n<meta property=\"og:description\" content=\"\u00bfCu\u00e1les son las razones de la importancia dada hasta la fecha al sistema t\u00e9cnico en la Econom\u00eda de la Empresa? \u00bfCree que a la empresa le interesa reducir su \u00abperiodo medio de maduraci\u00f3n\u00bb? \u00bfPodr\u00eda sugerir algunos aceleradores en cualquiera de sus periodos espec\u00edficos? \u00bfPodr\u00eda una empresa tener un fondo de maniobra negativo? \u00bfPuede explicarlo con [&hellip;]\" \/>\n<meta property=\"og:url\" content=\"https:\/\/blogs.udima.es\/administracion-y-direccion-de-empresas\/libros\/introduccion-a-la-organizacion-de-empresas-2\/unidad-didactica-3-analisis-economico-del-sistema-tecnico-de-la-empresa\/actividades-de-repaso\/\" \/>\n<meta property=\"og:site_name\" content=\"Blog de ADE - Universidad a Distancia de Madrid | UDIMA\" \/>\n<meta name=\"twitter:card\" content=\"summary_large_image\" \/>\n<meta name=\"twitter:label1\" content=\"Tiempo de lectura\" \/>\n\t<meta name=\"twitter:data1\" content=\"1 minuto\" \/>\n<script type=\"application\/ld+json\" class=\"yoast-schema-graph\">{\"@context\":\"https:\/\/schema.org\",\"@graph\":[{\"@type\":\"WebPage\",\"@id\":\"https:\/\/blogs.udima.es\/administracion-y-direccion-de-empresas\/libros\/introduccion-a-la-organizacion-de-empresas-2\/unidad-didactica-3-analisis-economico-del-sistema-tecnico-de-la-empresa\/actividades-de-repaso\/\",\"url\":\"https:\/\/blogs.udima.es\/administracion-y-direccion-de-empresas\/libros\/introduccion-a-la-organizacion-de-empresas-2\/unidad-didactica-3-analisis-economico-del-sistema-tecnico-de-la-empresa\/actividades-de-repaso\/\",\"name\":\"ACTIVIDADES DE REPASO - Blog de ADE\",\"isPartOf\":{\"@id\":\"https:\/\/blogs.udima.es\/administracion-y-direccion-de-empresas\/#website\"},\"datePublished\":\"2010-12-30T09:10:25+00:00\",\"dateModified\":\"2010-12-30T09:10:25+00:00\",\"breadcrumb\":{\"@id\":\"https:\/\/blogs.udima.es\/administracion-y-direccion-de-empresas\/libros\/introduccion-a-la-organizacion-de-empresas-2\/unidad-didactica-3-analisis-economico-del-sistema-tecnico-de-la-empresa\/actividades-de-repaso\/#breadcrumb\"},\"inLanguage\":\"es\",\"potentialAction\":[{\"@type\":\"ReadAction\",\"target\":[\"https:\/\/blogs.udima.es\/administracion-y-direccion-de-empresas\/libros\/introduccion-a-la-organizacion-de-empresas-2\/unidad-didactica-3-analisis-economico-del-sistema-tecnico-de-la-empresa\/actividades-de-repaso\/\"]}]},{\"@type\":\"BreadcrumbList\",\"@id\":\"https:\/\/blogs.udima.es\/administracion-y-direccion-de-empresas\/libros\/introduccion-a-la-organizacion-de-empresas-2\/unidad-didactica-3-analisis-economico-del-sistema-tecnico-de-la-empresa\/actividades-de-repaso\/#breadcrumb\",\"itemListElement\":[{\"@type\":\"ListItem\",\"position\":1,\"name\":\"Portada\",\"item\":\"https:\/\/blogs.udima.es\/administracion-y-direccion-de-empresas\/\"},{\"@type\":\"ListItem\",\"position\":2,\"name\":\"Libros\",\"item\":\"https:\/\/blogs.udima.es\/administracion-y-direccion-de-empresas\/libros\/\"},{\"@type\":\"ListItem\",\"position\":3,\"name\":\"Introducci\u00f3n a la Organizaci\u00f3n de Empresas\",\"item\":\"https:\/\/blogs.udima.es\/administracion-y-direccion-de-empresas\/libros\/introduccion-a-la-organizacion-de-empresas-2\/\"},{\"@type\":\"ListItem\",\"position\":4,\"name\":\"Unidad did\u00e1ctica 3. An\u00e1lisis econ\u00f3mico del sistema t\u00e9cnico de la empresa\",\"item\":\"https:\/\/blogs.udima.es\/administracion-y-direccion-de-empresas\/libros\/introduccion-a-la-organizacion-de-empresas-2\/unidad-didactica-3-analisis-economico-del-sistema-tecnico-de-la-empresa\/\"},{\"@type\":\"ListItem\",\"position\":5,\"name\":\"ACTIVIDADES DE REPASO\"}]},{\"@type\":\"WebSite\",\"@id\":\"https:\/\/blogs.udima.es\/administracion-y-direccion-de-empresas\/#website\",\"url\":\"https:\/\/blogs.udima.es\/administracion-y-direccion-de-empresas\/\",\"name\":\"Blog de ADE - Universidad a Distancia de Madrid | UDIMA\",\"description\":\"\",\"potentialAction\":[{\"@type\":\"SearchAction\",\"target\":{\"@type\":\"EntryPoint\",\"urlTemplate\":\"https:\/\/blogs.udima.es\/administracion-y-direccion-de-empresas\/?s={search_term_string}\"},\"query-input\":\"required name=search_term_string\"}],\"inLanguage\":\"es\"}]}<\/script>\n<!-- \/ Yoast SEO plugin. -->","yoast_head_json":{"title":"ACTIVIDADES DE REPASO - Blog de ADE","robots":{"index":"index","follow":"follow","max-snippet":"max-snippet:-1","max-image-preview":"max-image-preview:large","max-video-preview":"max-video-preview:-1"},"canonical":"https:\/\/blogs.udima.es\/administracion-y-direccion-de-empresas\/libros\/introduccion-a-la-organizacion-de-empresas-2\/unidad-didactica-3-analisis-economico-del-sistema-tecnico-de-la-empresa\/actividades-de-repaso\/","og_locale":"es_ES","og_type":"article","og_title":"ACTIVIDADES DE REPASO - Blog de ADE","og_description":"\u00bfCu\u00e1les son las razones de la importancia dada hasta la fecha al sistema t\u00e9cnico en la Econom\u00eda de la Empresa? \u00bfCree que a la empresa le interesa reducir su \u00abperiodo medio de maduraci\u00f3n\u00bb? \u00bfPodr\u00eda sugerir algunos aceleradores en cualquiera de sus periodos espec\u00edficos? \u00bfPodr\u00eda una empresa tener un fondo de maniobra negativo? \u00bfPuede explicarlo con [&hellip;]","og_url":"https:\/\/blogs.udima.es\/administracion-y-direccion-de-empresas\/libros\/introduccion-a-la-organizacion-de-empresas-2\/unidad-didactica-3-analisis-economico-del-sistema-tecnico-de-la-empresa\/actividades-de-repaso\/","og_site_name":"Blog de ADE - Universidad a Distancia de Madrid | UDIMA","twitter_card":"summary_large_image","twitter_misc":{"Tiempo de lectura":"1 minuto"},"schema":{"@context":"https:\/\/schema.org","@graph":[{"@type":"WebPage","@id":"https:\/\/blogs.udima.es\/administracion-y-direccion-de-empresas\/libros\/introduccion-a-la-organizacion-de-empresas-2\/unidad-didactica-3-analisis-economico-del-sistema-tecnico-de-la-empresa\/actividades-de-repaso\/","url":"https:\/\/blogs.udima.es\/administracion-y-direccion-de-empresas\/libros\/introduccion-a-la-organizacion-de-empresas-2\/unidad-didactica-3-analisis-economico-del-sistema-tecnico-de-la-empresa\/actividades-de-repaso\/","name":"ACTIVIDADES DE REPASO - Blog de ADE","isPartOf":{"@id":"https:\/\/blogs.udima.es\/administracion-y-direccion-de-empresas\/#website"},"datePublished":"2010-12-30T09:10:25+00:00","dateModified":"2010-12-30T09:10:25+00:00","breadcrumb":{"@id":"https:\/\/blogs.udima.es\/administracion-y-direccion-de-empresas\/libros\/introduccion-a-la-organizacion-de-empresas-2\/unidad-didactica-3-analisis-economico-del-sistema-tecnico-de-la-empresa\/actividades-de-repaso\/#breadcrumb"},"inLanguage":"es","potentialAction":[{"@type":"ReadAction","target":["https:\/\/blogs.udima.es\/administracion-y-direccion-de-empresas\/libros\/introduccion-a-la-organizacion-de-empresas-2\/unidad-didactica-3-analisis-economico-del-sistema-tecnico-de-la-empresa\/actividades-de-repaso\/"]}]},{"@type":"BreadcrumbList","@id":"https:\/\/blogs.udima.es\/administracion-y-direccion-de-empresas\/libros\/introduccion-a-la-organizacion-de-empresas-2\/unidad-didactica-3-analisis-economico-del-sistema-tecnico-de-la-empresa\/actividades-de-repaso\/#breadcrumb","itemListElement":[{"@type":"ListItem","position":1,"name":"Portada","item":"https:\/\/blogs.udima.es\/administracion-y-direccion-de-empresas\/"},{"@type":"ListItem","position":2,"name":"Libros","item":"https:\/\/blogs.udima.es\/administracion-y-direccion-de-empresas\/libros\/"},{"@type":"ListItem","position":3,"name":"Introducci\u00f3n a la Organizaci\u00f3n de Empresas","item":"https:\/\/blogs.udima.es\/administracion-y-direccion-de-empresas\/libros\/introduccion-a-la-organizacion-de-empresas-2\/"},{"@type":"ListItem","position":4,"name":"Unidad did\u00e1ctica 3. An\u00e1lisis econ\u00f3mico del sistema t\u00e9cnico de la empresa","item":"https:\/\/blogs.udima.es\/administracion-y-direccion-de-empresas\/libros\/introduccion-a-la-organizacion-de-empresas-2\/unidad-didactica-3-analisis-economico-del-sistema-tecnico-de-la-empresa\/"},{"@type":"ListItem","position":5,"name":"ACTIVIDADES DE REPASO"}]},{"@type":"WebSite","@id":"https:\/\/blogs.udima.es\/administracion-y-direccion-de-empresas\/#website","url":"https:\/\/blogs.udima.es\/administracion-y-direccion-de-empresas\/","name":"Blog de ADE - Universidad a Distancia de Madrid | UDIMA","description":"","potentialAction":[{"@type":"SearchAction","target":{"@type":"EntryPoint","urlTemplate":"https:\/\/blogs.udima.es\/administracion-y-direccion-de-empresas\/?s={search_term_string}"},"query-input":"required name=search_term_string"}],"inLanguage":"es"}]}},"_links":{"self":[{"href":"https:\/\/blogs.udima.es\/administracion-y-direccion-de-empresas\/wp-json\/wp\/v2\/pages\/308"}],"collection":[{"href":"https:\/\/blogs.udima.es\/administracion-y-direccion-de-empresas\/wp-json\/wp\/v2\/pages"}],"about":[{"href":"https:\/\/blogs.udima.es\/administracion-y-direccion-de-empresas\/wp-json\/wp\/v2\/types\/page"}],"author":[{"embeddable":true,"href":"https:\/\/blogs.udima.es\/administracion-y-direccion-de-empresas\/wp-json\/wp\/v2\/users\/2"}],"replies":[{"embeddable":true,"href":"https:\/\/blogs.udima.es\/administracion-y-direccion-de-empresas\/wp-json\/wp\/v2\/comments?post=308"}],"version-history":[{"count":0,"href":"https:\/\/blogs.udima.es\/administracion-y-direccion-de-empresas\/wp-json\/wp\/v2\/pages\/308\/revisions"}],"up":[{"embeddable":true,"href":"https:\/\/blogs.udima.es\/administracion-y-direccion-de-empresas\/wp-json\/wp\/v2\/pages\/1071"}],"wp:attachment":[{"href":"https:\/\/blogs.udima.es\/administracion-y-direccion-de-empresas\/wp-json\/wp\/v2\/media?parent=308"}],"curies":[{"name":"wp","href":"https:\/\/api.w.org\/{rel}","templated":true}]}}