{"id":295,"date":"2010-12-30T08:57:17","date_gmt":"2010-12-30T08:57:17","guid":{"rendered":"http:\/\/www.adeudima.com\/?page_id=295"},"modified":"2010-12-30T08:57:17","modified_gmt":"2010-12-30T08:57:17","slug":"conceptos-basicos-a-retener","status":"publish","type":"page","link":"https:\/\/blogs.udima.es\/administracion-y-direccion-de-empresas\/libros\/introduccion-a-la-organizacion-de-empresas-2\/unidad-didactica-3-analisis-economico-del-sistema-tecnico-de-la-empresa\/conceptos-basicos-a-retener\/","title":{"rendered":"CONCEPTOS B\u00c1SICOS A RETENER"},"content":{"rendered":"<p>De esta Unidad did\u00e1ctica es imprescindible retener  los conceptos b\u00e1sicos siguientes:<\/p>\n<ul>\n<li><strong>Ciclo  de capital.<\/strong> Proceso, normalmente a largo  plazo, de captaci\u00f3n de recursos  financieros de los mercados que  integran el sistema financiero y aplicaci\u00f3n en  activos productivos  concretos que permitir\u00e1n remunerar a los inversores  financieros.<\/li>\n<\/ul>\n<ul>\n<li><strong>Ciclo  de explotaci\u00f3n.<\/strong> Conjunto de actividades o  fases que explican la  transformaci\u00f3n de valor en la empresa o el  proceso de creaci\u00f3n y venta de  bienes y servicios.<\/li>\n<\/ul>\n<ul>\n<li><strong>Cr\u00e9ditos  de provisi\u00f3n.<\/strong> Importe de las deudas por la adquisici\u00f3n de los factores  necesarios para la explotaci\u00f3n de la empresa (pasivo circulante).<\/li>\n<\/ul>\n<ul>\n<li><strong>Flujo  de fondos (flujo de caja).<\/strong> Saldo o diferencia entre las entradas de fondos  (cobros) y las salidas de fondos (pagos) correspondientes a un periodo (<em>cash  flow<\/em>).<\/li>\n<\/ul>\n<ul>\n<li><strong>Inversi\u00f3n.<\/strong> Factor que promueve el desarrollo  econ\u00f3mico o materializaci\u00f3n de recursos  financieros en activos  productivos, de consumo (activo circulante) o de  equipamiento a largo  plazo (activo fijo) con los que podr\u00e1 lograr un  rendimiento o renta.<\/li>\n<\/ul>\n<ul>\n<li><strong>Inversi\u00f3n  simple y no simple.<\/strong> La primera  representa una corriente de fondos con un  pago o desembolso inicial y  unos cobros netos posteriores (es decir, con esta  secuencia de signos: \u2013  + +\u2026 +), y la segunda en la que adem\u00e1s del desembolso  inicial se  pueden alternar flujos de caja de signo contrario (por ejemplo, \u2013 +  + \u2013  +).<\/li>\n<\/ul>\n<ul>\n<li><strong><em>Pay  back<\/em>.<\/strong> Tiempo que se tarda en recuperar el desembolso inicial de una  inversi\u00f3n por acumulaci\u00f3n de los flujos de caja sucesivos.<\/li>\n<\/ul>\n<ul>\n<li><strong>Periodo  medio de maduraci\u00f3n.<\/strong> Tiempo promedio que tarda la empresa en recuperar una  unidad monetaria invertida en su explotaci\u00f3n.<\/li>\n<\/ul>\n<ul>\n<li><strong>Productividad  global.<\/strong> Tambi\u00e9n conocida como  \u00abexcedente de productividad global\u00bb,  representa la variaci\u00f3n neta  obtenida en dos periodos consecutivos de las  cantidades de productos y  factores de la empresa, valoradas a los precios del  a\u00f1o anterior.<\/li>\n<\/ul>\n<ul>\n<li><strong>Riesgo  sistem\u00e1tico.<\/strong> Riesgo que no puede ser  eliminado por la diversificaci\u00f3n en  distintos activos o alternativas de  financiaci\u00f3n, ya que constituye el riesgo  normal del mercado  financiero.<\/li>\n<\/ul>\n<ul>\n<li><strong>ROA.<\/strong> Rentabilidad econ\u00f3mica del activo total neto. Ratio equivalente  al ROI (<em>return on assets<\/em>).<\/li>\n<\/ul>\n<ul>\n<li><strong>ROE.<\/strong> Rentabilidad  financiera o relaci\u00f3n entre el  beneficio neto de la empresa (despu\u00e9s de  intereses e impuestos) y los  fondos propios de la empresa (<em>return on equity<\/em>).<\/li>\n<\/ul>\n<ul>\n<li><strong>ROI.<\/strong> Rentabilidad econ\u00f3mica de la inversi\u00f3n o  relaci\u00f3n entre el beneficio neto de la  explotaci\u00f3n (antes de intereses e  impuestos) y la inversi\u00f3n total de la empresa  (<em>return on investment<\/em>).<\/li>\n<\/ul>\n<ul>\n<li><strong>ROS.<\/strong> Rentabilidad  econ\u00f3mica de las ventas  (margen de ventas o relaci\u00f3n entre el beneficio neto de  explotaci\u00f3n  antes de intereses e impuestos) y las ventas (<em>return on sales<\/em>).<\/li>\n<\/ul>\n<ul>\n<li> <strong>Sistema  t\u00e9cnico.<\/strong> conjunto de procesos, m\u00e9todos, tecnolog\u00edas e instrumentos que  permiten desarrollar la producci\u00f3n de bienes y servicios.<\/li>\n<\/ul>\n<ul>\n<li><strong>TIR.<\/strong> Representa  la tasa de retorno de la  inversi\u00f3n o su rendimiento interno. En consecuencia,  esta tasa no es  m\u00e1s que el tipo de descuento que har\u00eda igual a cero el VAN del   proyecto, suponiendo que dicha tasa r es superior al coste del capital  (k).<\/li>\n<\/ul>\n<ul>\n<li><strong>VAN.<\/strong> Representa  el valor del capital de la  inversi\u00f3n o valor en el momento actual de todos los  flujos de caja  descontados a  determinado tipo de inter\u00e9s.<\/li>\n<\/ul>\n","protected":false},"excerpt":{"rendered":"<p>De esta Unidad did\u00e1ctica es imprescindible retener los conceptos b\u00e1sicos siguientes: Ciclo de capital. Proceso, normalmente a largo plazo, de captaci\u00f3n de recursos financieros de los mercados que integran el sistema financiero y aplicaci\u00f3n en activos productivos concretos que permitir\u00e1n remunerar a los inversores financieros. Ciclo de explotaci\u00f3n. Conjunto de actividades o fases que explican [&hellip;]<\/p>\n","protected":false},"author":2,"featured_media":0,"parent":1071,"menu_order":7,"comment_status":"open","ping_status":"open","template":"","meta":{"footnotes":""},"yoast_head":"<!-- This site is optimized with the Yoast SEO plugin v22.9 - https:\/\/yoast.com\/wordpress\/plugins\/seo\/ -->\n<title>CONCEPTOS B\u00c1SICOS A RETENER - Blog de ADE<\/title>\n<meta name=\"robots\" content=\"index, follow, max-snippet:-1, max-image-preview:large, max-video-preview:-1\" \/>\n<link rel=\"canonical\" href=\"https:\/\/blogs.udima.es\/administracion-y-direccion-de-empresas\/libros\/introduccion-a-la-organizacion-de-empresas-2\/unidad-didactica-3-analisis-economico-del-sistema-tecnico-de-la-empresa\/conceptos-basicos-a-retener\/\" \/>\n<meta property=\"og:locale\" content=\"es_ES\" \/>\n<meta property=\"og:type\" content=\"article\" \/>\n<meta property=\"og:title\" content=\"CONCEPTOS B\u00c1SICOS A RETENER - Blog de ADE\" \/>\n<meta property=\"og:description\" content=\"De esta Unidad did\u00e1ctica es imprescindible retener los conceptos b\u00e1sicos siguientes: Ciclo de capital. Proceso, normalmente a largo plazo, de captaci\u00f3n de recursos financieros de los mercados que integran el sistema financiero y aplicaci\u00f3n en activos productivos concretos que permitir\u00e1n remunerar a los inversores financieros. Ciclo de explotaci\u00f3n. Conjunto de actividades o fases que explican [&hellip;]\" \/>\n<meta property=\"og:url\" content=\"https:\/\/blogs.udima.es\/administracion-y-direccion-de-empresas\/libros\/introduccion-a-la-organizacion-de-empresas-2\/unidad-didactica-3-analisis-economico-del-sistema-tecnico-de-la-empresa\/conceptos-basicos-a-retener\/\" \/>\n<meta property=\"og:site_name\" content=\"Blog de ADE - Universidad a Distancia de Madrid | UDIMA\" \/>\n<meta name=\"twitter:card\" content=\"summary_large_image\" \/>\n<meta name=\"twitter:label1\" content=\"Tiempo de lectura\" \/>\n\t<meta name=\"twitter:data1\" content=\"3 minutos\" \/>\n<script type=\"application\/ld+json\" class=\"yoast-schema-graph\">{\"@context\":\"https:\/\/schema.org\",\"@graph\":[{\"@type\":\"WebPage\",\"@id\":\"https:\/\/blogs.udima.es\/administracion-y-direccion-de-empresas\/libros\/introduccion-a-la-organizacion-de-empresas-2\/unidad-didactica-3-analisis-economico-del-sistema-tecnico-de-la-empresa\/conceptos-basicos-a-retener\/\",\"url\":\"https:\/\/blogs.udima.es\/administracion-y-direccion-de-empresas\/libros\/introduccion-a-la-organizacion-de-empresas-2\/unidad-didactica-3-analisis-economico-del-sistema-tecnico-de-la-empresa\/conceptos-basicos-a-retener\/\",\"name\":\"CONCEPTOS B\u00c1SICOS A RETENER - Blog de ADE\",\"isPartOf\":{\"@id\":\"https:\/\/blogs.udima.es\/administracion-y-direccion-de-empresas\/#website\"},\"datePublished\":\"2010-12-30T08:57:17+00:00\",\"dateModified\":\"2010-12-30T08:57:17+00:00\",\"breadcrumb\":{\"@id\":\"https:\/\/blogs.udima.es\/administracion-y-direccion-de-empresas\/libros\/introduccion-a-la-organizacion-de-empresas-2\/unidad-didactica-3-analisis-economico-del-sistema-tecnico-de-la-empresa\/conceptos-basicos-a-retener\/#breadcrumb\"},\"inLanguage\":\"es\",\"potentialAction\":[{\"@type\":\"ReadAction\",\"target\":[\"https:\/\/blogs.udima.es\/administracion-y-direccion-de-empresas\/libros\/introduccion-a-la-organizacion-de-empresas-2\/unidad-didactica-3-analisis-economico-del-sistema-tecnico-de-la-empresa\/conceptos-basicos-a-retener\/\"]}]},{\"@type\":\"BreadcrumbList\",\"@id\":\"https:\/\/blogs.udima.es\/administracion-y-direccion-de-empresas\/libros\/introduccion-a-la-organizacion-de-empresas-2\/unidad-didactica-3-analisis-economico-del-sistema-tecnico-de-la-empresa\/conceptos-basicos-a-retener\/#breadcrumb\",\"itemListElement\":[{\"@type\":\"ListItem\",\"position\":1,\"name\":\"Portada\",\"item\":\"https:\/\/blogs.udima.es\/administracion-y-direccion-de-empresas\/\"},{\"@type\":\"ListItem\",\"position\":2,\"name\":\"Libros\",\"item\":\"https:\/\/blogs.udima.es\/administracion-y-direccion-de-empresas\/libros\/\"},{\"@type\":\"ListItem\",\"position\":3,\"name\":\"Introducci\u00f3n a la Organizaci\u00f3n de Empresas\",\"item\":\"https:\/\/blogs.udima.es\/administracion-y-direccion-de-empresas\/libros\/introduccion-a-la-organizacion-de-empresas-2\/\"},{\"@type\":\"ListItem\",\"position\":4,\"name\":\"Unidad did\u00e1ctica 3. An\u00e1lisis econ\u00f3mico del sistema t\u00e9cnico de la empresa\",\"item\":\"https:\/\/blogs.udima.es\/administracion-y-direccion-de-empresas\/libros\/introduccion-a-la-organizacion-de-empresas-2\/unidad-didactica-3-analisis-economico-del-sistema-tecnico-de-la-empresa\/\"},{\"@type\":\"ListItem\",\"position\":5,\"name\":\"CONCEPTOS B\u00c1SICOS A RETENER\"}]},{\"@type\":\"WebSite\",\"@id\":\"https:\/\/blogs.udima.es\/administracion-y-direccion-de-empresas\/#website\",\"url\":\"https:\/\/blogs.udima.es\/administracion-y-direccion-de-empresas\/\",\"name\":\"Blog de ADE - Universidad a Distancia de Madrid | UDIMA\",\"description\":\"\",\"potentialAction\":[{\"@type\":\"SearchAction\",\"target\":{\"@type\":\"EntryPoint\",\"urlTemplate\":\"https:\/\/blogs.udima.es\/administracion-y-direccion-de-empresas\/?s={search_term_string}\"},\"query-input\":\"required name=search_term_string\"}],\"inLanguage\":\"es\"}]}<\/script>\n<!-- \/ Yoast SEO plugin. -->","yoast_head_json":{"title":"CONCEPTOS B\u00c1SICOS A RETENER - Blog de ADE","robots":{"index":"index","follow":"follow","max-snippet":"max-snippet:-1","max-image-preview":"max-image-preview:large","max-video-preview":"max-video-preview:-1"},"canonical":"https:\/\/blogs.udima.es\/administracion-y-direccion-de-empresas\/libros\/introduccion-a-la-organizacion-de-empresas-2\/unidad-didactica-3-analisis-economico-del-sistema-tecnico-de-la-empresa\/conceptos-basicos-a-retener\/","og_locale":"es_ES","og_type":"article","og_title":"CONCEPTOS B\u00c1SICOS A RETENER - Blog de ADE","og_description":"De esta Unidad did\u00e1ctica es imprescindible retener los conceptos b\u00e1sicos siguientes: Ciclo de capital. Proceso, normalmente a largo plazo, de captaci\u00f3n de recursos financieros de los mercados que integran el sistema financiero y aplicaci\u00f3n en activos productivos concretos que permitir\u00e1n remunerar a los inversores financieros. Ciclo de explotaci\u00f3n. Conjunto de actividades o fases que explican [&hellip;]","og_url":"https:\/\/blogs.udima.es\/administracion-y-direccion-de-empresas\/libros\/introduccion-a-la-organizacion-de-empresas-2\/unidad-didactica-3-analisis-economico-del-sistema-tecnico-de-la-empresa\/conceptos-basicos-a-retener\/","og_site_name":"Blog de ADE - Universidad a Distancia de Madrid | UDIMA","twitter_card":"summary_large_image","twitter_misc":{"Tiempo de lectura":"3 minutos"},"schema":{"@context":"https:\/\/schema.org","@graph":[{"@type":"WebPage","@id":"https:\/\/blogs.udima.es\/administracion-y-direccion-de-empresas\/libros\/introduccion-a-la-organizacion-de-empresas-2\/unidad-didactica-3-analisis-economico-del-sistema-tecnico-de-la-empresa\/conceptos-basicos-a-retener\/","url":"https:\/\/blogs.udima.es\/administracion-y-direccion-de-empresas\/libros\/introduccion-a-la-organizacion-de-empresas-2\/unidad-didactica-3-analisis-economico-del-sistema-tecnico-de-la-empresa\/conceptos-basicos-a-retener\/","name":"CONCEPTOS B\u00c1SICOS A RETENER - Blog de ADE","isPartOf":{"@id":"https:\/\/blogs.udima.es\/administracion-y-direccion-de-empresas\/#website"},"datePublished":"2010-12-30T08:57:17+00:00","dateModified":"2010-12-30T08:57:17+00:00","breadcrumb":{"@id":"https:\/\/blogs.udima.es\/administracion-y-direccion-de-empresas\/libros\/introduccion-a-la-organizacion-de-empresas-2\/unidad-didactica-3-analisis-economico-del-sistema-tecnico-de-la-empresa\/conceptos-basicos-a-retener\/#breadcrumb"},"inLanguage":"es","potentialAction":[{"@type":"ReadAction","target":["https:\/\/blogs.udima.es\/administracion-y-direccion-de-empresas\/libros\/introduccion-a-la-organizacion-de-empresas-2\/unidad-didactica-3-analisis-economico-del-sistema-tecnico-de-la-empresa\/conceptos-basicos-a-retener\/"]}]},{"@type":"BreadcrumbList","@id":"https:\/\/blogs.udima.es\/administracion-y-direccion-de-empresas\/libros\/introduccion-a-la-organizacion-de-empresas-2\/unidad-didactica-3-analisis-economico-del-sistema-tecnico-de-la-empresa\/conceptos-basicos-a-retener\/#breadcrumb","itemListElement":[{"@type":"ListItem","position":1,"name":"Portada","item":"https:\/\/blogs.udima.es\/administracion-y-direccion-de-empresas\/"},{"@type":"ListItem","position":2,"name":"Libros","item":"https:\/\/blogs.udima.es\/administracion-y-direccion-de-empresas\/libros\/"},{"@type":"ListItem","position":3,"name":"Introducci\u00f3n a la Organizaci\u00f3n de Empresas","item":"https:\/\/blogs.udima.es\/administracion-y-direccion-de-empresas\/libros\/introduccion-a-la-organizacion-de-empresas-2\/"},{"@type":"ListItem","position":4,"name":"Unidad did\u00e1ctica 3. An\u00e1lisis econ\u00f3mico del sistema t\u00e9cnico de la empresa","item":"https:\/\/blogs.udima.es\/administracion-y-direccion-de-empresas\/libros\/introduccion-a-la-organizacion-de-empresas-2\/unidad-didactica-3-analisis-economico-del-sistema-tecnico-de-la-empresa\/"},{"@type":"ListItem","position":5,"name":"CONCEPTOS B\u00c1SICOS A RETENER"}]},{"@type":"WebSite","@id":"https:\/\/blogs.udima.es\/administracion-y-direccion-de-empresas\/#website","url":"https:\/\/blogs.udima.es\/administracion-y-direccion-de-empresas\/","name":"Blog de ADE - Universidad a Distancia de Madrid | UDIMA","description":"","potentialAction":[{"@type":"SearchAction","target":{"@type":"EntryPoint","urlTemplate":"https:\/\/blogs.udima.es\/administracion-y-direccion-de-empresas\/?s={search_term_string}"},"query-input":"required name=search_term_string"}],"inLanguage":"es"}]}},"_links":{"self":[{"href":"https:\/\/blogs.udima.es\/administracion-y-direccion-de-empresas\/wp-json\/wp\/v2\/pages\/295"}],"collection":[{"href":"https:\/\/blogs.udima.es\/administracion-y-direccion-de-empresas\/wp-json\/wp\/v2\/pages"}],"about":[{"href":"https:\/\/blogs.udima.es\/administracion-y-direccion-de-empresas\/wp-json\/wp\/v2\/types\/page"}],"author":[{"embeddable":true,"href":"https:\/\/blogs.udima.es\/administracion-y-direccion-de-empresas\/wp-json\/wp\/v2\/users\/2"}],"replies":[{"embeddable":true,"href":"https:\/\/blogs.udima.es\/administracion-y-direccion-de-empresas\/wp-json\/wp\/v2\/comments?post=295"}],"version-history":[{"count":0,"href":"https:\/\/blogs.udima.es\/administracion-y-direccion-de-empresas\/wp-json\/wp\/v2\/pages\/295\/revisions"}],"up":[{"embeddable":true,"href":"https:\/\/blogs.udima.es\/administracion-y-direccion-de-empresas\/wp-json\/wp\/v2\/pages\/1071"}],"wp:attachment":[{"href":"https:\/\/blogs.udima.es\/administracion-y-direccion-de-empresas\/wp-json\/wp\/v2\/media?parent=295"}],"curies":[{"name":"wp","href":"https:\/\/api.w.org\/{rel}","templated":true}]}}